{"id":7307,"date":"2016-09-06T11:31:52","date_gmt":"2016-09-06T09:31:52","guid":{"rendered":"https:\/\/www.domainedependruc.com\/tourisme-finistere-sud\/"},"modified":"2020-12-17T11:22:32","modified_gmt":"2020-12-17T10:22:32","slug":"tourism-finistere-south","status":"publish","type":"page","link":"https:\/\/www.domainedependruc.com\/en\/tourism-finistere-south\/","title":{"rendered":"Le Finistere sud"},"content":{"rendered":"<section id=\"section-5fad1bd6d65e6\"\" class=\"section first-home bg-white p-b-0\" \/><div class=\"container extralarge\"><h1 class=\"element section-title center\">Vacations in South Finist\u00e8re<\/h1><\/div><\/section>\n\n<section id=\"section-5fad1bd6d6914\"\" class=\"section bg-white p-b-0\" \/><div class=\"container full\"><div class=\"colonnes-wrap valign-top stretch\"><div class=\"element colonne w-40 p-8 bg-color4 valign-middle\"><h2 class=\"element section-title left\">Discover South Finist\u00e8re<\/h2><div class=\"element bloc-text justify \">\n\t<p>Southern Finist\u00e8re, a territory with a <strong class=\"bold color1\">rich heritage<\/strong> allows you to alternate between relaxing on the beautiful sandy beaches of the Breton coast to the <strong class=\"bold color1\">cultural visit<\/strong> of the many cities!<\/p>\n<p>Start your walk by visiting the Gl\u00e9nan archipelago, a real jewel of Brittany, continue by the port of Tr\u00e9vignon along the rivers of the Aven.<\/p>\n<p>At 10 min from <a href=\"\/en\/\">camping Finist\u00e8re sud<\/a>, visit Pont-Aven the city of painters. Charming stage of your <strong class=\"bold color1\">stay in south Finist\u00e8re<\/strong>. Pont-Aven, known for its mills, its port and its warm welcome, will know how to seduce you as it seduced the great impressionist painters such as Gauguin. <\/p>\n<p>Pont-Aven can be visited on foot, by bike or by boat at your own pace and according to your desires. Wander through the picturesque streets, bridges and footbridges and stroll on the charming port of this <strong class=\"bold color1\">city of art<\/strong>. A discovery tour allows you to discover the city, its history and walk in the footsteps of the famous artist Paul Gauguin.<\/p>\n<p><strong class=\"bold color1\">To see not far from there<\/strong> : the chapels of Tr\u00e9mor and Sainte-Marguerite ; the art galleries and stores of craftsmen and painters ; the tide mill of H\u00e9nan ; the castle of H\u00e9nan ; the small ports of Kerdruc and Rosbraz ; the cove of Kerroched and Port-Manec&#8217;h and the thatched cottages of Kerasco\u00ebt. <\/p>\n<\/div><\/div><div class=\"element colonne w-60 p-0\"><div class=\"element images\"><div class=\"image\"><img decoding=\"async\" src=\"https:\/\/www.domainedependruc.com\/wp-content\/uploads\/2020\/11\/activites-finistere-sud-100x38.jpg\" data-src=\"https:\/\/www.domainedependruc.com\/wp-content\/uploads\/2020\/11\/activites-finistere-sud.jpg\" alt=\"activit\u00e9s Finist\u00e8re sud\" class=\"images_image\" \/><\/div><\/div><div class=\"element bloc-text center bg-color5 p-x-10 m-0 p-y-5\">\n\t<p>It is impossible to miss Quimper during your stay in Finist\u00e8re, the capital of Cornwall! This old medieval city can be visited on foot and does not lack interest or charm, with its cobbled streets lined with half-timbered houses, its Gothic cathedral and the walks along the Odet river.<\/p>\n<p>Ideal also for a <strong class=\"bold color1\">shopping moment<\/strong> &#8230; and why not with a souvenir of the earthenware factory HB Henriot or a sailor Armor Lux! All you need to make memories of your stay in Finist\u00e8re Sud Tourisme.<\/p>\n<p>Especially known for <strong class=\"bold color1\">its traditions<\/strong> (headdresses and costumes, Breton dances, songs, music, gastronomy&#8230;), the Pays Bigouden in South Finist\u00e8re is a must.<\/p>\n<p><strong class=\"bold color1\">To see<\/strong> : The pointe de Penmarc&#8217;h and the lighthouse of Eckm\u00fchl; the pointe de la Torche; the castle of the Barons of Pont-l&#8217;Abb\u00e9; the chapel of Trono\u00ebn in Saint-Jean-Trolimon.<\/p>\n<p>Going up towards Cap Sizun, the famous anointing of the Raz with its view of the Sein Island will offer you a great breath of fresh air!<\/p>\n<p>The <strong class=\"bold color1\">nature lovers<\/strong> will go hiking in South Finist\u00e8re during their stay.<\/p>\n<ul class=\"list-center\">\n<li>South Finist\u00e8re<\/li>\n<li>South Finistery tourism<\/li>\n<li>What to do Finist\u00e8re<\/li>\n<\/ul>\n<\/div><\/div><\/div><\/div><\/section>\n\n<section id=\"section-5fad1bd6d6c79\"\" class=\"section bg-white p-t-0 p-b-0\" \/><div class=\"container full\"><div class=\"colonnes-wrap valign-middle \"><div class=\"element colonne w-20 p-0\"><div class=\"element images\"><div class=\"image\"><img decoding=\"async\" src=\"https:\/\/www.domainedependruc.com\/wp-content\/uploads\/2020\/11\/phare-finistere-sud-80x100.jpg\" data-src=\"https:\/\/www.domainedependruc.com\/wp-content\/uploads\/2020\/11\/phare-finistere-sud.jpg\" alt=\"phare Finist\u00e8re sud\" class=\"images_image\" \/><\/div><\/div><\/div><div class=\"element colonne w-60 p-x-4\"><h2 class=\"element section-title center color1\">Where is South Finist\u00e8re located?<\/h2><div class=\"element bloc-text center \">\n\t<p>Finist\u00e8re corresponds to the part of the <strong class=\"bold color1\">westernmost part of Brittany<\/strong>, facing the immensity of the Atlantic Ocean. The territory borders the <strong class=\"bold color1\">Departments of Morbihan in the south<\/strong> and the <strong class=\"bold color1\">C\u00f4tes-d&#8217;Armor in the north<\/strong>. <\/p>\n<p>The south of the department includes towns such as Concarneau, B\u00e9nodet, Penmarc&#8217;h or N\u00e9vez &#8211; these destinations are the <strong class=\"bold color1\">southernmost towns of Finist\u00e8re<\/strong>. <\/p>\n<p>Closer to the center, you will find well-known cities such as Quimper, Douarnenez, but also Ch\u00e2teaulin, Crozon, Plogoff or Camaret-sur-Mer.<\/p>\n<\/div><\/div><div class=\"element colonne w-20 p-0\"><div class=\"element images\"><div class=\"image\"><img decoding=\"async\" src=\"https:\/\/www.domainedependruc.com\/wp-content\/uploads\/2020\/11\/visite-finistere-sud-80x100.jpg\" data-src=\"https:\/\/www.domainedependruc.com\/wp-content\/uploads\/2020\/11\/visite-finistere-sud.jpg\" alt=\"visite Finist\u00e8re sud\" class=\"images_image\" \/><\/div><\/div><\/div><\/div><\/div><\/section>\n\n<section id=\"section-5fad115c7e657\"\" class=\"section bg-white p-t-0 p-b-0\" \/><div class=\"container full\"><div class=\"colonnes-wrap valign-top stretch\"><div class=\"element colonne w-60 p-0\"><div class=\"element images\"><div class=\"image\"><img decoding=\"async\" src=\"https:\/\/www.domainedependruc.com\/wp-content\/uploads\/2020\/11\/visite-pointe-du-raz-finistere-100x42.jpg\" data-src=\"https:\/\/www.domainedependruc.com\/wp-content\/uploads\/2020\/11\/visite-pointe-du-raz-finistere.jpg\" alt=\"visite pointe du raz Finist\u00e8re\" class=\"images_image\" \/><\/div><\/div><div class=\"element bloc-text center bg-color5 p-x-10 m-0 p-y-5\">\n\t<h2>What to do in the south of Finist\u00e8re in Brittany?<\/h2>\n<p>Locronan, Douarnenez, Quimper, but also the Ile de Sein or the Pointe de la Torche are part of the <strong class=\"bold color1\">inescapable places<\/strong> in the south of Finist\u00e8re.<\/p>\n<ul class=\"list-center\">\n<li><strong class=\"bold color1\">Locronan, a &#8220;city of character&#8221;<\/strong> : Classified as a historical monument, the city seduces by the richness of its architectural heritage. Located five kilometers from the Breton coast on a mountain, Locronan is also a convenient starting point for hiking and biking.<\/li>\n<li><strong class=\"bold color1\">The Calvary and the Chapel of Notre-Dame-de-Trono\u00ebn<\/strong> : This is the oldest of the great Breton Calvaries still visible. The origins of the Calvary date back to the 15th century, as do those of the Notre-Dame-de-Trono\u00ebn Chapel. The religious building, recognizable by its rectangular architecture and its single nave, is a beautiful achievement of Gothic art.<\/li>\n<li><strong class=\"bold color1\">La pointe du Millier<\/strong> : Located between the Pays de Douarnenez and Cap-Sizun, the Pointe du Millier is the entrance to the Bay of Douarnenez. To access the Millier lighthouse and enjoy a peaceful beach of fine sand, visitors can take a hiking trail along the coast (the GR34).<\/li>\n<\/ul>\n<\/div><\/div><div class=\"element colonne w-40 p-8 bg-color4 valign-middle\"><div class=\"element bloc-text justify \">\n\t<ul>\n<li><strong class=\"bold color1\">La pointe du Raz<\/strong> : Hikers can choose from several trails and routes to explore the Pointe du Raz and the surrounding sites. The place also offers breathtaking views, on the lighthouse of the Vieille, but also on the Raz de Sein or the Ile de Sein.<\/li>\n<li><strong class=\"bold color1\">L&#8217;\u00eele de Sein<\/strong> : Located off the coast of South Finist\u00e8re, the Sein Island &#8220;stoically&#8221; absorbs the violence of the waves and storms of the Iroise Sea. The place is especially appreciated for its scenery could not be wilder.<\/li>\n<li><strong class=\"bold color1\">Quimper<\/strong> : The capital of Cornouaille is one of the best known and most visited cities in Finist\u00e8re. Labeled &#8220;city of art and history&#8221;, Quimper is known in particular for the richness of its architectural and cultural heritage. Among the places to visit are the Saint-Corentin Cathedral, the fortifications of Old Quimper, the Locmaria district, the earthenware factories, the museums&#8230; The visit is also an opportunity to discover the Odet river as well as the castles, manors and parks that border it.<\/li>\n<li><strong class=\"bold color1\">La pointe de la Torche<\/strong> : The visit of the Pointe de la Torche allows to admire the whole bay of Audierne. The site is also the happiness of surf and kitesurf lovers.<\/li>\n<li><strong class=\"bold color1\">Penmarc\u2019h<\/strong> : To discover the tip of Penmarc&#8217;h and the lighthouse of Eckm\u00fchl, it is necessary to go to the extreme southwest of the Pays Bigouden. It is also the occasion to discover the Sainte-Nonna church and its cathedral-like appearance, as well as the Notre-Dame-de-la-Joie chapel with its 16th century Calvary.<\/li>\n<li><strong class=\"bold color1\">The port of Le Guilvinec<\/strong> : Le Guilvinec is the first artisanal fishing port in France. Emblematic place of the Pays Bigouden and the south of Finist\u00e8re, the site can be visited in particular at the end of the afternoon, when the trawlers return under the gulls&#8217; cries. You just have to go a little further away from the port to appreciate the beautiful natural scenery made of fine sand beaches and rocky points. The stay can also be an opportunity to enjoy the warm atmosphere of the large traditional market of Guilvinec.<\/li>\n<\/ul>\n<\/div><\/div><\/div><\/div><\/section>\n\n<section id=\"section-toboggans\"\" class=\"section bg-white p-t-0 p-b-0\" \/><div class=\"container full\"><div class=\"colonnes-wrap valign-middle \"><div class=\"element colonne w-20 p-0\"><div class=\"element images\"><div class=\"image\"><img decoding=\"async\" src=\"https:\/\/www.domainedependruc.com\/wp-content\/uploads\/2020\/11\/visite-region-finistere-sud-90x100.jpg\" data-src=\"https:\/\/www.domainedependruc.com\/wp-content\/uploads\/2020\/11\/visite-region-finistere-sud.jpg\" alt=\"visite r\u00e9gion Finist\u00e8re sud\" class=\"images_image\" \/><\/div><\/div><\/div><div class=\"element colonne w-60 p-x-4\"><div class=\"element bloc-text center \">\n\t<ul>\n<li><strong class=\"bold color1\">Haliotika, &#8221; la cit\u00e9 de la p\u00eache &#8220;, at Guilvinec<\/strong> : Several activities await visitors in the Breton fishing city: guided tour of the coastal fish auction, boarding on trawlers, exhibitions, cooking workshops, fishing on foot, etc.<\/li>\n<li><strong class=\"bold color1\">Douarnenez<\/strong> : Located twenty kilometers from Quimper, Douarnenez is a city resolutely turned towards the sea, with four ports. Visitors here fall under the spell of its magnificent bay and its natural site of Plomarc&#8217;h, but also of the beauty of the landscapes of the Pays de Douarnenez as they leave the city.<\/li>\n<li><strong class=\"bold color1\">Concarneau<\/strong> : The third city of the department is particularly known for its Ville Close, a city protected by stone walls offering a breathtaking view of the fishing port, the marina and the bay of Concarneau. The visit of this city turned towards the sea is also an opportunity to enjoy the beaches and coastal paths of the Pays de Concarneau.<\/li>\n<li><strong class=\"bold color1\">Le Pays Fouesnantais<\/strong> : The Pays Fouesnantais is also worth the detour, especially for the richness of its natural heritage. The &#8220;Breton Riviera&#8221; offers hundreds of kilometers of trails and tens of kilometers of fine sandy beaches.<\/li>\n<\/ul>\n<\/div><\/div><div class=\"element colonne w-20 p-0\"><div class=\"element images\"><div class=\"image\"><img decoding=\"async\" src=\"https:\/\/www.domainedependruc.com\/wp-content\/uploads\/2020\/11\/region-finistere-sud-90x100.jpg\" data-src=\"https:\/\/www.domainedependruc.com\/wp-content\/uploads\/2020\/11\/region-finistere-sud.jpg\" alt=\"r\u00e9gion Finist\u00e8re sud\" class=\"images_image\" \/><\/div><\/div><\/div><\/div><\/div><\/section>\n\n<section id=\"section-5fad1bd6d725e\"\" class=\"section first-home bg-white\" \/><div class=\"container extralarge\"><div class=\"element section-title center\">The cities of South Finist\u00e8re<\/div><ul class=\"liste-de-page\"><li class=\"element call-to-action carre call-to-action--style-1 call-to-action--normal\"><a href=\"https:\/\/www.domainedependruc.com\/en\/tourism-finistere-south\/good-plans-south-finistere\/\"  class=\"call-to-action_link\" title=\"Learn more about our good plans\"><div class=\"call-to-action_image\"><img decoding=\"async\" src=\"https:\/\/www.domainedependruc.com\/wp-content\/uploads\/2020\/11\/bons-plans-finistere-sud-100x56.jpg\" data-src=\"https:\/\/www.domainedependruc.com\/wp-content\/uploads\/2020\/11\/bons-plans-finistere-sud.jpg\" alt=\"bons plans Finist\u00e8re sud\" class=\"normal\" \/><\/div><div class=\"call-to-action_contenu\"><div class=\"call-to-action_titre\">Our good plans<\/div><\/div><\/a><\/li><li class=\"element call-to-action carre call-to-action--style-1 call-to-action--normal call-to-action--style-1 call-to-action--normal\"><a href=\"https:\/\/www.domainedependruc.com\/en\/tourism-finistere-south\/nautical-activities-south-finisterre\/\"  class=\"call-to-action_link\" title=\"Learn more about activities in finist\u00e8re\"><div class=\"call-to-action_image\"><img decoding=\"async\" src=\"https:\/\/www.domainedependruc.com\/wp-content\/uploads\/2020\/11\/activites-finistere-sud-1-100x56.jpg\" data-src=\"https:\/\/www.domainedependruc.com\/wp-content\/uploads\/2020\/11\/activites-finistere-sud-1.jpg\" alt=\"\" class=\"normal\" \/><\/div><div class=\"call-to-action_contenu\"><div class=\"call-to-action_titre\">Activities in Finist\u00e8re<\/div><\/div><\/a><\/li><li class=\"element call-to-action carre call-to-action--style-1 call-to-action--normal call-to-action--style-1 call-to-action--normal call-to-action--style-1 call-to-action--normal\"><a href=\"https:\/\/www.domainedependruc.com\/en\/tourism-finistere-south\/tourism-concarneau\/\"  class=\"call-to-action_link\" title=\"Learn more about concarneau\"><div class=\"call-to-action_image\"><img decoding=\"async\" src=\"https:\/\/www.domainedependruc.com\/wp-content\/uploads\/2020\/12\/camping-concarneau-100x100.jpg\" data-src=\"https:\/\/www.domainedependruc.com\/wp-content\/uploads\/2020\/12\/camping-concarneau.jpg\" alt=\"camping concarneau\" class=\"normal\" \/><\/div><div class=\"call-to-action_contenu\"><div class=\"call-to-action_titre\">Concarneau<\/div><\/div><\/a><\/li><li class=\"element call-to-action carre call-to-action--style-1 call-to-action--normal call-to-action--style-1 call-to-action--normal call-to-action--style-1 call-to-action--normal call-to-action--style-1 call-to-action--normal\"><a href=\"https:\/\/www.domainedependruc.com\/en\/tourism-finistere-south\/glenan-islands\/\"  class=\"call-to-action_link\" title=\"Learn more about the gl\u00e9nan archipelago\"><div class=\"call-to-action_image\"><img decoding=\"async\" src=\"https:\/\/www.domainedependruc.com\/wp-content\/uploads\/2020\/12\/camping-glenan-100x100.jpg\" data-src=\"https:\/\/www.domainedependruc.com\/wp-content\/uploads\/2020\/12\/camping-glenan.jpg\" alt=\"camping glenan\" class=\"normal\" \/><\/div><div class=\"call-to-action_contenu\"><div class=\"call-to-action_titre\">The Gl\u00e9nan Archipelago<\/div><\/div><\/a><\/li><li class=\"element call-to-action carre call-to-action--style-1 call-to-action--normal call-to-action--style-1 call-to-action--normal call-to-action--style-1 call-to-action--normal call-to-action--style-1 call-to-action--normal call-to-action--style-1 call-to-action--normal\"><a href=\"https:\/\/www.domainedependruc.com\/en\/tourism-finistere-south\/hikes-south-finistere\/\"  class=\"call-to-action_link\" title=\"Learn more about hiking in south finist\u00e8re\"><div class=\"call-to-action_image\"><img decoding=\"async\" src=\"https:\/\/www.domainedependruc.com\/wp-content\/uploads\/2020\/11\/randonnee-tregunc-100x56.jpg\" data-src=\"https:\/\/www.domainedependruc.com\/wp-content\/uploads\/2020\/11\/randonnee-tregunc.jpg\" alt=\"randonn\u00e9e tregunc\" class=\"normal\" \/><\/div><div class=\"call-to-action_contenu\"><div class=\"call-to-action_titre\">Hiking in South Finist\u00e8re<\/div><\/div><\/a><\/li><li class=\"element call-to-action carre call-to-action--style-1 call-to-action--normal call-to-action--style-1 call-to-action--normal call-to-action--style-1 call-to-action--normal call-to-action--style-1 call-to-action--normal call-to-action--style-1 call-to-action--normal call-to-action--style-1 call-to-action--normal\"><a href=\"https:\/\/www.domainedependruc.com\/en\/tourism-finistere-south\/tourism-tregunc\/\"  class=\"call-to-action_link\" title=\"Learn more about tregunc\"><div class=\"call-to-action_image\"><img decoding=\"async\" src=\"https:\/\/www.domainedependruc.com\/wp-content\/uploads\/2020\/12\/tregunc-camping-100x100.jpg\" data-src=\"https:\/\/www.domainedependruc.com\/wp-content\/uploads\/2020\/12\/tregunc-camping.jpg\" alt=\"tregunc camping\" class=\"normal\" \/><\/div><div class=\"call-to-action_contenu\"><div class=\"call-to-action_titre\">TREGUNC<\/div><\/div><\/a><\/li><\/ul><\/div><\/section>","protected":false},"excerpt":{"rendered":"","protected":false},"author":1,"featured_media":6140,"parent":0,"menu_order":0,"comment_status":"closed","ping_status":"closed","template":"","meta":{"_acf_changed":false,"footnotes":""},"class_list":["post-7307","page","type-page","status-publish","has-post-thumbnail","hentry"],"acf":[],"yoast_head":"<!-- This site is optimized with the Yoast SEO plugin v25.3 - https:\/\/yoast.com\/wordpress\/plugins\/seo\/ -->\n<title>What to do and see during your holidays in South Finistere ?<\/title>\n<meta name=\"robots\" content=\"index, follow, max-snippet:-1, max-image-preview:large, max-video-preview:-1\" \/>\n<link rel=\"canonical\" href=\"https:\/\/www.domainedependruc.com\/en\/tourism-finistere-south\/\" \/>\n<meta property=\"og:locale\" content=\"en_US\" \/>\n<meta property=\"og:type\" content=\"article\" \/>\n<meta property=\"og:title\" content=\"What to do and see during your holidays in South Finistere ?\" \/>\n<meta property=\"og:url\" content=\"https:\/\/www.domainedependruc.com\/en\/tourism-finistere-south\/\" \/>\n<meta property=\"og:site_name\" content=\"Domaine de Pendruc\" \/>\n<meta property=\"article:modified_time\" content=\"2020-12-17T10:22:32+00:00\" \/>\n<meta property=\"og:image\" content=\"https:\/\/www.domainedependruc.com\/wp-content\/uploads\/2020\/11\/tourisme-finistere-sud.jpg\" \/>\n\t<meta property=\"og:image:width\" content=\"1903\" \/>\n\t<meta property=\"og:image:height\" content=\"500\" \/>\n\t<meta property=\"og:image:type\" content=\"image\/jpeg\" \/>\n<meta name=\"twitter:card\" content=\"summary_large_image\" \/>\n<script type=\"application\/ld+json\" class=\"yoast-schema-graph\">{\"@context\":\"https:\/\/schema.org\",\"@graph\":[{\"@type\":\"WebPage\",\"@id\":\"https:\/\/www.domainedependruc.com\/en\/tourism-finistere-south\/\",\"url\":\"https:\/\/www.domainedependruc.com\/en\/tourism-finistere-south\/\",\"name\":\"What to do and see during your holidays in South Finistere ?\",\"isPartOf\":{\"@id\":\"https:\/\/www.domainedependruc.com\/en\/#website\"},\"primaryImageOfPage\":{\"@id\":\"https:\/\/www.domainedependruc.com\/en\/tourism-finistere-south\/#primaryimage\"},\"image\":{\"@id\":\"https:\/\/www.domainedependruc.com\/en\/tourism-finistere-south\/#primaryimage\"},\"thumbnailUrl\":\"https:\/\/www.domainedependruc.com\/wp-content\/uploads\/2020\/11\/tourisme-finistere-sud.jpg\",\"datePublished\":\"2016-09-06T09:31:52+00:00\",\"dateModified\":\"2020-12-17T10:22:32+00:00\",\"breadcrumb\":{\"@id\":\"https:\/\/www.domainedependruc.com\/en\/tourism-finistere-south\/#breadcrumb\"},\"inLanguage\":\"en-US\",\"potentialAction\":[{\"@type\":\"ReadAction\",\"target\":[\"https:\/\/www.domainedependruc.com\/en\/tourism-finistere-south\/\"]}]},{\"@type\":\"ImageObject\",\"inLanguage\":\"en-US\",\"@id\":\"https:\/\/www.domainedependruc.com\/en\/tourism-finistere-south\/#primaryimage\",\"url\":\"https:\/\/www.domainedependruc.com\/wp-content\/uploads\/2020\/11\/tourisme-finistere-sud.jpg\",\"contentUrl\":\"https:\/\/www.domainedependruc.com\/wp-content\/uploads\/2020\/11\/tourisme-finistere-sud.jpg\",\"width\":1903,\"height\":500,\"caption\":\"tourisme Finist\u00e8re sud\"},{\"@type\":\"BreadcrumbList\",\"@id\":\"https:\/\/www.domainedependruc.com\/en\/tourism-finistere-south\/#breadcrumb\",\"itemListElement\":[{\"@type\":\"ListItem\",\"position\":1,\"name\":\"Campsite South Finistere\",\"item\":\"https:\/\/www.domainedependruc.com\/en\/\"},{\"@type\":\"ListItem\",\"position\":2,\"name\":\"Tourism Finist\u00e8re\"}]},{\"@type\":\"WebSite\",\"@id\":\"https:\/\/www.domainedependruc.com\/en\/#website\",\"url\":\"https:\/\/www.domainedependruc.com\/en\/\",\"name\":\"Domaine de Pendruc\",\"description\":\"\",\"potentialAction\":[{\"@type\":\"SearchAction\",\"target\":{\"@type\":\"EntryPoint\",\"urlTemplate\":\"https:\/\/www.domainedependruc.com\/en\/?s={search_term_string}\"},\"query-input\":{\"@type\":\"PropertyValueSpecification\",\"valueRequired\":true,\"valueName\":\"search_term_string\"}}],\"inLanguage\":\"en-US\"}]}<\/script>\n<!-- \/ Yoast SEO plugin. -->","yoast_head_json":{"title":"What to do and see during your holidays in South Finistere ?","robots":{"index":"index","follow":"follow","max-snippet":"max-snippet:-1","max-image-preview":"max-image-preview:large","max-video-preview":"max-video-preview:-1"},"canonical":"https:\/\/www.domainedependruc.com\/en\/tourism-finistere-south\/","og_locale":"en_US","og_type":"article","og_title":"What to do and see during your holidays in South Finistere ?","og_url":"https:\/\/www.domainedependruc.com\/en\/tourism-finistere-south\/","og_site_name":"Domaine de Pendruc","article_modified_time":"2020-12-17T10:22:32+00:00","og_image":[{"width":1903,"height":500,"url":"https:\/\/www.domainedependruc.com\/wp-content\/uploads\/2020\/11\/tourisme-finistere-sud.jpg","type":"image\/jpeg"}],"twitter_card":"summary_large_image","schema":{"@context":"https:\/\/schema.org","@graph":[{"@type":"WebPage","@id":"https:\/\/www.domainedependruc.com\/en\/tourism-finistere-south\/","url":"https:\/\/www.domainedependruc.com\/en\/tourism-finistere-south\/","name":"What to do and see during your holidays in South Finistere ?","isPartOf":{"@id":"https:\/\/www.domainedependruc.com\/en\/#website"},"primaryImageOfPage":{"@id":"https:\/\/www.domainedependruc.com\/en\/tourism-finistere-south\/#primaryimage"},"image":{"@id":"https:\/\/www.domainedependruc.com\/en\/tourism-finistere-south\/#primaryimage"},"thumbnailUrl":"https:\/\/www.domainedependruc.com\/wp-content\/uploads\/2020\/11\/tourisme-finistere-sud.jpg","datePublished":"2016-09-06T09:31:52+00:00","dateModified":"2020-12-17T10:22:32+00:00","breadcrumb":{"@id":"https:\/\/www.domainedependruc.com\/en\/tourism-finistere-south\/#breadcrumb"},"inLanguage":"en-US","potentialAction":[{"@type":"ReadAction","target":["https:\/\/www.domainedependruc.com\/en\/tourism-finistere-south\/"]}]},{"@type":"ImageObject","inLanguage":"en-US","@id":"https:\/\/www.domainedependruc.com\/en\/tourism-finistere-south\/#primaryimage","url":"https:\/\/www.domainedependruc.com\/wp-content\/uploads\/2020\/11\/tourisme-finistere-sud.jpg","contentUrl":"https:\/\/www.domainedependruc.com\/wp-content\/uploads\/2020\/11\/tourisme-finistere-sud.jpg","width":1903,"height":500,"caption":"tourisme Finist\u00e8re sud"},{"@type":"BreadcrumbList","@id":"https:\/\/www.domainedependruc.com\/en\/tourism-finistere-south\/#breadcrumb","itemListElement":[{"@type":"ListItem","position":1,"name":"Campsite South Finistere","item":"https:\/\/www.domainedependruc.com\/en\/"},{"@type":"ListItem","position":2,"name":"Tourism Finist\u00e8re"}]},{"@type":"WebSite","@id":"https:\/\/www.domainedependruc.com\/en\/#website","url":"https:\/\/www.domainedependruc.com\/en\/","name":"Domaine de Pendruc","description":"","potentialAction":[{"@type":"SearchAction","target":{"@type":"EntryPoint","urlTemplate":"https:\/\/www.domainedependruc.com\/en\/?s={search_term_string}"},"query-input":{"@type":"PropertyValueSpecification","valueRequired":true,"valueName":"search_term_string"}}],"inLanguage":"en-US"}]}},"_links":{"self":[{"href":"https:\/\/www.domainedependruc.com\/en\/wp-json\/wp\/v2\/pages\/7307"}],"collection":[{"href":"https:\/\/www.domainedependruc.com\/en\/wp-json\/wp\/v2\/pages"}],"about":[{"href":"https:\/\/www.domainedependruc.com\/en\/wp-json\/wp\/v2\/types\/page"}],"author":[{"embeddable":true,"href":"https:\/\/www.domainedependruc.com\/en\/wp-json\/wp\/v2\/users\/1"}],"replies":[{"embeddable":true,"href":"https:\/\/www.domainedependruc.com\/en\/wp-json\/wp\/v2\/comments?post=7307"}],"version-history":[{"count":4,"href":"https:\/\/www.domainedependruc.com\/en\/wp-json\/wp\/v2\/pages\/7307\/revisions"}],"predecessor-version":[{"id":7352,"href":"https:\/\/www.domainedependruc.com\/en\/wp-json\/wp\/v2\/pages\/7307\/revisions\/7352"}],"wp:featuredmedia":[{"embeddable":true,"href":"https:\/\/www.domainedependruc.com\/en\/wp-json\/wp\/v2\/media\/6140"}],"wp:attachment":[{"href":"https:\/\/www.domainedependruc.com\/en\/wp-json\/wp\/v2\/media?parent=7307"}],"curies":[{"name":"wp","href":"https:\/\/api.w.org\/{rel}","templated":true}]}}