{"id":7303,"date":"2016-09-06T11:25:55","date_gmt":"2016-09-06T09:25:55","guid":{"rendered":"https:\/\/www.domainedependruc.com\/camping-restaurant-finistere-sud\/"},"modified":"2024-10-09T14:33:14","modified_gmt":"2024-10-09T12:33:14","slug":"campsite-restaurant-south-finistere","status":"publish","type":"page","link":"https:\/\/www.domainedependruc.com\/en\/campsite-restaurant-south-finistere\/","title":{"rendered":"Camping : Bar \/ Restaurant"},"content":{"rendered":"<section id=\"section-5fad1bd6d65e6\"\" class=\"section first-home bg-white p-b-0\" \/><div class=\"container extralarge\"><h1 class=\"element section-title center\">Campsite with restaurant Tr\u00e9gunc<\/h1><\/div><\/section>\n\n<section id=\"section-5fad1bd6d6914\"\" class=\"section bg-white p-b-0\" \/><div class=\"container full\"><div class=\"colonnes-wrap valign-top stretch\"><div class=\"element colonne w-40 p-8 bg-color4 valign-middle\"><h2 class=\"element section-title left\">Restaurant services in South Finist\u00e8re<\/h2><div class=\"element bloc-text justify \">\n\t<p>During your stay at Domaine de Pendruc, <a href=\"\/en\/\">camping in South Finist\u00e8re<\/a>, you will enjoy the best services to spend <strong class=\"bold color1\">unforgettable moments<\/strong> with your children or friends. <\/p>\n<p>Don&#8217;t hesitate to take a seat in our bar restaurant and enjoy the warm atmosphere. <\/p>\n<p>During July &#038; August, our team will welcome you in the <strong class=\"bold color1\">good mood<\/strong> for your meals or just to have a drink.<\/p>\n<p>In April, May, June, &#038; September, pizzas, roasted chicken can be ordered, for lunch and diner.<\/p>\n<\/div><\/div><div class=\"element colonne w-60 p-0\"><div class=\"element images\"><div class=\"image\"><img decoding=\"async\" src=\"https:\/\/www.domainedependruc.com\/wp-content\/uploads\/2020\/11\/restaurant-burger-tregunc-100x42.jpg\" data-src=\"https:\/\/www.domainedependruc.com\/wp-content\/uploads\/2020\/11\/restaurant-burger-tregunc.jpg\" alt=\"restaurant burger tregunc\" class=\"images_image\" \/><\/div><\/div><div class=\"element bloc-text center bg-color5 p-x-10 m-0 p-y-5\">\n\t<p>In July &#038; August from 8am we offer you <strong class=\"bold color1\">fresh bread and viennoiseries<\/strong> without you need to place an order. <\/p>\n<p>Settle down, we can also prepare you <strong class=\"bold color1\">your breakfast<\/strong> !<\/p>\n<p>We also offer <strong class=\"bold color1\">warm bread<\/strong> for lunch and dinner.<\/p>\n<p>In April, May, June, &#038; September, the baguettes and viennoiseries have to be ordered the day before.<\/p>\n<\/div><\/div><\/div><\/div><\/section>\n\n<section id=\"section-5fad1bd6d6c79\"\" class=\"section bg-white p-t-0 p-b-0\" \/><div class=\"container full\"><div class=\"accordeon\"><div class=\"slide \"><div class=\"slide_image\"><img decoding=\"async\" src=\"https:\/\/www.domainedependruc.com\/wp-content\/uploads\/2024\/10\/image00024-100x75.jpeg\" data-src=\"https:\/\/www.domainedependruc.com\/wp-content\/uploads\/2024\/10\/image00024-scaled.jpeg\" alt=\"\" class=\"\" \/><\/div><\/div><div class=\"slide \"><div class=\"slide_image\"><img decoding=\"async\" src=\"https:\/\/www.domainedependruc.com\/wp-content\/uploads\/2022\/06\/A56I2405-100x67.jpg\" data-src=\"https:\/\/www.domainedependruc.com\/wp-content\/uploads\/2022\/06\/A56I2405.jpg\" alt=\"\" class=\"\" \/><\/div><\/div><div class=\"slide \"><div class=\"slide_image\"><img decoding=\"async\" src=\"https:\/\/www.domainedependruc.com\/wp-content\/uploads\/2020\/11\/plat-moule-tregunc-100x88.jpg\" data-src=\"https:\/\/www.domainedependruc.com\/wp-content\/uploads\/2020\/11\/plat-moule-tregunc.jpg\" alt=\"plat moule tregunc\" class=\"\" \/><\/div><\/div><div class=\"slide \"><div class=\"slide_image\"><img decoding=\"async\" src=\"https:\/\/www.domainedependruc.com\/wp-content\/uploads\/2022\/06\/IMGL1483-100x67.jpg\" data-src=\"https:\/\/www.domainedependruc.com\/wp-content\/uploads\/2022\/06\/IMGL1483.jpg\" alt=\"\" class=\"\" \/><\/div><\/div><\/div><\/div><\/section>\n\n<section id=\"section-5fad115c7e657\"\" class=\"section bg-white p-t-0 p-b-0\" \/><div class=\"container full\"><div class=\"colonnes-wrap valign-top stretch\"><div class=\"element colonne w-60 p-0\"><div class=\"element images\"><div class=\"image\"><img decoding=\"async\" src=\"https:\/\/www.domainedependruc.com\/wp-content\/uploads\/2020\/11\/restaurant-vienoisserie-tregunc-100x39.jpg\" data-src=\"https:\/\/www.domainedependruc.com\/wp-content\/uploads\/2020\/11\/restaurant-vienoisserie-tregunc.jpg\" alt=\"restaurant viennoiserie tregunc\" class=\"images_image\" \/><\/div><\/div><\/div><div class=\"element colonne w-40 p-8 bg-color4 valign-middle\"><h2 class=\"element section-title justify\">Discover the menu of our restaurant in Tr\u00e9gunc<\/h2><div class=\"element bloc-text justify \">\n\t<p><strong class=\"bold color1\">On the menu of our restaurant<\/strong>: meats, burgers, pizzas, pancakes and ice cream!<\/p>\n<p>You can eat on the spot or <strong class=\"bold color1\">take away<\/strong>. No more need to cook during your vacations in South Finist\u00e8re campsite, you can also <strong class=\"bold color1\">order a roast chicken<\/strong> for lunch or dinner !<\/p>\n<p>With its pergola facing the playground, the bar is the perfect place for a convivial moment with family or friends to have a drink or a game of pool or table soccer.<\/p>\n<\/div><\/div><\/div><\/div><\/section>\n\n<section id=\"section-5fad1bd6d725e\"\" class=\"section first-home bg-white\" \/><div class=\"container extralarge\"><div class=\"element section-title center\">Our services<\/div><ul class=\"liste-de-page\"><li class=\"element call-to-action carre call-to-action--style-1 call-to-action--normal\"><a href=\"https:\/\/www.domainedependruc.com\/en\/campsite-family-south-finistere\/\"  class=\"call-to-action_link\" title=\"Learn more about the animations\"><div class=\"call-to-action_image\"><img decoding=\"async\" src=\"https:\/\/www.domainedependruc.com\/wp-content\/uploads\/2020\/11\/animations-finistere-sud-100x56.jpg\" data-src=\"https:\/\/www.domainedependruc.com\/wp-content\/uploads\/2020\/11\/animations-finistere-sud.jpg\" alt=\"animations Finist\u00e8re-sud\" class=\"normal\" \/><\/div><div class=\"call-to-action_contenu\"><div class=\"call-to-action_titre\">The animations<\/div><\/div><\/a><\/li><li class=\"element call-to-action carre call-to-action--style-1 call-to-action--normal call-to-action--style-1 call-to-action--normal\"><a href=\"https:\/\/www.domainedependruc.com\/en\/campsite-flower-brittany\/\"  class=\"call-to-action_link\" title=\"Learn more about flower camping\"><div class=\"call-to-action_image\"><img decoding=\"async\" src=\"https:\/\/www.domainedependruc.com\/wp-content\/uploads\/2020\/11\/4-etoiles-bretagne-100x56.jpg\" data-src=\"https:\/\/www.domainedependruc.com\/wp-content\/uploads\/2020\/11\/4-etoiles-bretagne.jpg\" alt=\"4 Etoiles bretagne\" class=\"normal\" \/><\/div><div class=\"call-to-action_contenu\"><div class=\"call-to-action_titre\">Flower camping<\/div><\/div><\/a><\/li><li class=\"element call-to-action carre call-to-action--style-1 call-to-action--normal call-to-action--style-1 call-to-action--normal call-to-action--style-1 call-to-action--normal\"><a href=\"https:\/\/www.domainedependruc.com\/en\/campsite-swimming-pool-finistere-south\/\"  class=\"call-to-action_link\" title=\"Learn more about the swimming pool\"><div class=\"call-to-action_image\"><img decoding=\"async\" src=\"https:\/\/www.domainedependruc.com\/wp-content\/uploads\/2020\/11\/camping-piscine-finistere-sud-100x56.jpg\" data-src=\"https:\/\/www.domainedependruc.com\/wp-content\/uploads\/2020\/11\/camping-piscine-finistere-sud.jpg\" alt=\"camping piscine finistere sud\" class=\"normal\" \/><\/div><div class=\"call-to-action_contenu\"><div class=\"call-to-action_titre\">The Swimming Pool<\/div><\/div><\/a><\/li><\/ul><\/div><\/section>","protected":false},"excerpt":{"rendered":"","protected":false},"author":1,"featured_media":9606,"parent":0,"menu_order":0,"comment_status":"closed","ping_status":"closed","template":"","meta":{"_acf_changed":false,"footnotes":""},"class_list":["post-7303","page","type-page","status-publish","has-post-thumbnail","hentry"],"acf":[],"yoast_head":"<!-- This site is optimized with the Yoast SEO plugin v25.3 - https:\/\/yoast.com\/wordpress\/plugins\/seo\/ -->\n<title>Restaurant Tr\u00e9gunc | Discover our restaurant in Tr\u00e9gunc, Finist\u00e8re Sud<\/title>\n<meta name=\"description\" content=\"To know more about the restaurant of the campsite Domaine de Pendruc in Brittany in Southern Finist\u00e8re\" \/>\n<meta name=\"robots\" content=\"index, follow, max-snippet:-1, max-image-preview:large, max-video-preview:-1\" \/>\n<link rel=\"canonical\" href=\"https:\/\/www.domainedependruc.com\/en\/campsite-restaurant-south-finistere\/\" \/>\n<meta property=\"og:locale\" content=\"en_US\" \/>\n<meta property=\"og:type\" content=\"article\" \/>\n<meta property=\"og:title\" content=\"Restaurant Tr\u00e9gunc | Discover our restaurant in Tr\u00e9gunc, Finist\u00e8re Sud\" \/>\n<meta property=\"og:description\" content=\"To know more about the restaurant of the campsite Domaine de Pendruc in Brittany in Southern Finist\u00e8re\" \/>\n<meta property=\"og:url\" content=\"https:\/\/www.domainedependruc.com\/en\/campsite-restaurant-south-finistere\/\" \/>\n<meta property=\"og:site_name\" content=\"Domaine de Pendruc\" \/>\n<meta property=\"article:modified_time\" content=\"2024-10-09T12:33:14+00:00\" \/>\n<meta property=\"og:image\" content=\"https:\/\/www.domainedependruc.com\/wp-content\/uploads\/2022\/06\/A56I2613-RRR-1.jpg\" \/>\n\t<meta property=\"og:image:width\" content=\"1250\" \/>\n\t<meta property=\"og:image:height\" content=\"834\" \/>\n\t<meta property=\"og:image:type\" content=\"image\/jpeg\" \/>\n<meta name=\"twitter:card\" content=\"summary_large_image\" \/>\n<meta name=\"twitter:label1\" content=\"Est. reading time\" \/>\n\t<meta name=\"twitter:data1\" content=\"1 minute\" \/>\n<script type=\"application\/ld+json\" class=\"yoast-schema-graph\">{\"@context\":\"https:\/\/schema.org\",\"@graph\":[{\"@type\":\"WebPage\",\"@id\":\"https:\/\/www.domainedependruc.com\/en\/campsite-restaurant-south-finistere\/\",\"url\":\"https:\/\/www.domainedependruc.com\/en\/campsite-restaurant-south-finistere\/\",\"name\":\"Restaurant Tr\u00e9gunc | Discover our restaurant in Tr\u00e9gunc, Finist\u00e8re Sud\",\"isPartOf\":{\"@id\":\"https:\/\/www.domainedependruc.com\/en\/#website\"},\"primaryImageOfPage\":{\"@id\":\"https:\/\/www.domainedependruc.com\/en\/campsite-restaurant-south-finistere\/#primaryimage\"},\"image\":{\"@id\":\"https:\/\/www.domainedependruc.com\/en\/campsite-restaurant-south-finistere\/#primaryimage\"},\"thumbnailUrl\":\"https:\/\/www.domainedependruc.com\/wp-content\/uploads\/2022\/06\/A56I2613-RRR-1.jpg\",\"datePublished\":\"2016-09-06T09:25:55+00:00\",\"dateModified\":\"2024-10-09T12:33:14+00:00\",\"description\":\"To know more about the restaurant of the campsite Domaine de Pendruc in Brittany in Southern Finist\u00e8re\",\"breadcrumb\":{\"@id\":\"https:\/\/www.domainedependruc.com\/en\/campsite-restaurant-south-finistere\/#breadcrumb\"},\"inLanguage\":\"en-US\",\"potentialAction\":[{\"@type\":\"ReadAction\",\"target\":[\"https:\/\/www.domainedependruc.com\/en\/campsite-restaurant-south-finistere\/\"]}]},{\"@type\":\"ImageObject\",\"inLanguage\":\"en-US\",\"@id\":\"https:\/\/www.domainedependruc.com\/en\/campsite-restaurant-south-finistere\/#primaryimage\",\"url\":\"https:\/\/www.domainedependruc.com\/wp-content\/uploads\/2022\/06\/A56I2613-RRR-1.jpg\",\"contentUrl\":\"https:\/\/www.domainedependruc.com\/wp-content\/uploads\/2022\/06\/A56I2613-RRR-1.jpg\",\"width\":1250,\"height\":834},{\"@type\":\"BreadcrumbList\",\"@id\":\"https:\/\/www.domainedependruc.com\/en\/campsite-restaurant-south-finistere\/#breadcrumb\",\"itemListElement\":[{\"@type\":\"ListItem\",\"position\":1,\"name\":\"Campsite South Finistere\",\"item\":\"https:\/\/www.domainedependruc.com\/en\/\"},{\"@type\":\"ListItem\",\"position\":2,\"name\":\"Tregunc Restaurant\"}]},{\"@type\":\"WebSite\",\"@id\":\"https:\/\/www.domainedependruc.com\/en\/#website\",\"url\":\"https:\/\/www.domainedependruc.com\/en\/\",\"name\":\"Domaine de Pendruc\",\"description\":\"\",\"potentialAction\":[{\"@type\":\"SearchAction\",\"target\":{\"@type\":\"EntryPoint\",\"urlTemplate\":\"https:\/\/www.domainedependruc.com\/en\/?s={search_term_string}\"},\"query-input\":{\"@type\":\"PropertyValueSpecification\",\"valueRequired\":true,\"valueName\":\"search_term_string\"}}],\"inLanguage\":\"en-US\"}]}<\/script>\n<!-- \/ Yoast SEO plugin. -->","yoast_head_json":{"title":"Restaurant Tr\u00e9gunc | Discover our restaurant in Tr\u00e9gunc, Finist\u00e8re Sud","description":"To know more about the restaurant of the campsite Domaine de Pendruc in Brittany in Southern Finist\u00e8re","robots":{"index":"index","follow":"follow","max-snippet":"max-snippet:-1","max-image-preview":"max-image-preview:large","max-video-preview":"max-video-preview:-1"},"canonical":"https:\/\/www.domainedependruc.com\/en\/campsite-restaurant-south-finistere\/","og_locale":"en_US","og_type":"article","og_title":"Restaurant Tr\u00e9gunc | Discover our restaurant in Tr\u00e9gunc, Finist\u00e8re Sud","og_description":"To know more about the restaurant of the campsite Domaine de Pendruc in Brittany in Southern Finist\u00e8re","og_url":"https:\/\/www.domainedependruc.com\/en\/campsite-restaurant-south-finistere\/","og_site_name":"Domaine de Pendruc","article_modified_time":"2024-10-09T12:33:14+00:00","og_image":[{"width":1250,"height":834,"url":"https:\/\/www.domainedependruc.com\/wp-content\/uploads\/2022\/06\/A56I2613-RRR-1.jpg","type":"image\/jpeg"}],"twitter_card":"summary_large_image","twitter_misc":{"Est. reading time":"1 minute"},"schema":{"@context":"https:\/\/schema.org","@graph":[{"@type":"WebPage","@id":"https:\/\/www.domainedependruc.com\/en\/campsite-restaurant-south-finistere\/","url":"https:\/\/www.domainedependruc.com\/en\/campsite-restaurant-south-finistere\/","name":"Restaurant Tr\u00e9gunc | Discover our restaurant in Tr\u00e9gunc, Finist\u00e8re Sud","isPartOf":{"@id":"https:\/\/www.domainedependruc.com\/en\/#website"},"primaryImageOfPage":{"@id":"https:\/\/www.domainedependruc.com\/en\/campsite-restaurant-south-finistere\/#primaryimage"},"image":{"@id":"https:\/\/www.domainedependruc.com\/en\/campsite-restaurant-south-finistere\/#primaryimage"},"thumbnailUrl":"https:\/\/www.domainedependruc.com\/wp-content\/uploads\/2022\/06\/A56I2613-RRR-1.jpg","datePublished":"2016-09-06T09:25:55+00:00","dateModified":"2024-10-09T12:33:14+00:00","description":"To know more about the restaurant of the campsite Domaine de Pendruc in Brittany in Southern Finist\u00e8re","breadcrumb":{"@id":"https:\/\/www.domainedependruc.com\/en\/campsite-restaurant-south-finistere\/#breadcrumb"},"inLanguage":"en-US","potentialAction":[{"@type":"ReadAction","target":["https:\/\/www.domainedependruc.com\/en\/campsite-restaurant-south-finistere\/"]}]},{"@type":"ImageObject","inLanguage":"en-US","@id":"https:\/\/www.domainedependruc.com\/en\/campsite-restaurant-south-finistere\/#primaryimage","url":"https:\/\/www.domainedependruc.com\/wp-content\/uploads\/2022\/06\/A56I2613-RRR-1.jpg","contentUrl":"https:\/\/www.domainedependruc.com\/wp-content\/uploads\/2022\/06\/A56I2613-RRR-1.jpg","width":1250,"height":834},{"@type":"BreadcrumbList","@id":"https:\/\/www.domainedependruc.com\/en\/campsite-restaurant-south-finistere\/#breadcrumb","itemListElement":[{"@type":"ListItem","position":1,"name":"Campsite South Finistere","item":"https:\/\/www.domainedependruc.com\/en\/"},{"@type":"ListItem","position":2,"name":"Tregunc Restaurant"}]},{"@type":"WebSite","@id":"https:\/\/www.domainedependruc.com\/en\/#website","url":"https:\/\/www.domainedependruc.com\/en\/","name":"Domaine de Pendruc","description":"","potentialAction":[{"@type":"SearchAction","target":{"@type":"EntryPoint","urlTemplate":"https:\/\/www.domainedependruc.com\/en\/?s={search_term_string}"},"query-input":{"@type":"PropertyValueSpecification","valueRequired":true,"valueName":"search_term_string"}}],"inLanguage":"en-US"}]}},"_links":{"self":[{"href":"https:\/\/www.domainedependruc.com\/en\/wp-json\/wp\/v2\/pages\/7303"}],"collection":[{"href":"https:\/\/www.domainedependruc.com\/en\/wp-json\/wp\/v2\/pages"}],"about":[{"href":"https:\/\/www.domainedependruc.com\/en\/wp-json\/wp\/v2\/types\/page"}],"author":[{"embeddable":true,"href":"https:\/\/www.domainedependruc.com\/en\/wp-json\/wp\/v2\/users\/1"}],"replies":[{"embeddable":true,"href":"https:\/\/www.domainedependruc.com\/en\/wp-json\/wp\/v2\/comments?post=7303"}],"version-history":[{"count":9,"href":"https:\/\/www.domainedependruc.com\/en\/wp-json\/wp\/v2\/pages\/7303\/revisions"}],"predecessor-version":[{"id":12331,"href":"https:\/\/www.domainedependruc.com\/en\/wp-json\/wp\/v2\/pages\/7303\/revisions\/12331"}],"wp:featuredmedia":[{"embeddable":true,"href":"https:\/\/www.domainedependruc.com\/en\/wp-json\/wp\/v2\/media\/9606"}],"wp:attachment":[{"href":"https:\/\/www.domainedependruc.com\/en\/wp-json\/wp\/v2\/media?parent=7303"}],"curies":[{"name":"wp","href":"https:\/\/api.w.org\/{rel}","templated":true}]}}