{"id":7299,"date":"2020-10-22T14:20:55","date_gmt":"2020-10-22T12:20:55","guid":{"rendered":"https:\/\/www.domainedependruc.com\/accueil\/"},"modified":"2025-11-20T09:30:03","modified_gmt":"2025-11-20T08:30:03","slug":"accueil","status":"publish","type":"page","link":"https:\/\/www.domainedependruc.com\/en\/","title":{"rendered":"Accueil"},"content":{"rendered":"<section id=\"section-5fa139e968978\"\" class=\"section first-home bg-white p-b-0\" \/><div class=\"container extralarge\"><div class=\"colonnes-wrap valign-top bg-color5\"><div class=\"element colonne valign-middle p-10\"><h1 class=\"element section-title left\">Campsite <br\/>Concarneau <br\/>Finist\u00e8re Sud<\/h1><\/div><div class=\"element colonne \"><div class=\"element bloc-text justify \">\n\t<p>Do you dream of spending your vacations near Concarneau in Finist\u00e8re? Want to escape to the Brittany coast? <\/p>\n<p>Just a stone&#8217;s throw from the ocean and 1km from the beach, our 4-star Brittany campsite welcomes you. Close to Concarneau, N\u00e9vez and Pont-Aven, you will be ideally located to enjoy the nautical and seaside pleasures.<\/p>\n<p>Nestled in a privileged setting, from the <strong class=\"bold color1\">closed town of Concarneau<\/strong>, the Gl\u00e9nan archipelago and the port of Concarneau, you will appreciate the calm and comfort of this Flower campsite in Brittany for your vacations. The beach at only <strong class=\"bold color1\">1km by foot<\/strong> and the bay of Pouldohan are just a short walk away. You can enjoy various water sports, go fishing on foot or simply sunbathe on the fine sands.<\/p>\n<\/div><\/div><\/div><div class=\"element bloc-text justify \">\n\t<iframe width=\"100%\" height=\"600\" src=\"https:\/\/www.youtube.com\/embed\/6SW4irbNt_A?controls=0\" title=\"YouTube video player\" frameborder=\"0\" allow=\"accelerometer; autoplay; clipboard-write; encrypted-media; gyroscope; picture-in-picture\" allowfullscreen><\/iframe><\/div><\/div><\/section>\n\n<section id=\"section-5fa139e968c41\"\" class=\"section second-home bg-white p-t-0\" \/><div class=\"container full\"><div class=\"colonnes-wrap valign-middle \"><div class=\"element colonne w-33\"><div class=\"element call-to-action  call-to-action--style-1 call-to-action--big\"><a href=\"https:\/\/www.domainedependruc.com\/en\/4-star-camping\/\"  class=\"call-to-action_link\" title=\"Learn more about 4 star services\"><div class=\"call-to-action_image\"><img decoding=\"async\" src=\"https:\/\/www.domainedependruc.com\/wp-content\/uploads\/2021\/02\/service-100x26.jpg\" data-src=\"https:\/\/www.domainedependruc.com\/wp-content\/uploads\/2021\/02\/service.jpg\" alt=\"\" class=\"big\" \/><\/div><div class=\"call-to-action_contenu\"><div class=\"call-to-action_titre\">4 star services<\/div><\/div><\/a><\/div><\/div><div class=\"element colonne w-33\"><div class=\"element call-to-action  call-to-action--style-1 call-to-action--big\"><a href=\"https:\/\/www.domainedependruc.com\/en\/campsite-restaurant-south-finistere\/\"  class=\"call-to-action_link\" title=\"Learn more about restaurant\"><div class=\"call-to-action_image\"><img decoding=\"async\" src=\"https:\/\/www.domainedependruc.com\/wp-content\/uploads\/2022\/06\/A56I2613-RRR-100x67.jpg\" data-src=\"https:\/\/www.domainedependruc.com\/wp-content\/uploads\/2022\/06\/A56I2613-RRR.jpg\" alt=\"\" class=\"big\" \/><\/div><div class=\"call-to-action_contenu\"><div class=\"call-to-action_titre\">Restaurant<\/div><\/div><\/a><\/div><\/div><div class=\"element colonne w-33\"><div class=\"element call-to-action  call-to-action--style-1 call-to-action--big\"><a href=\"https:\/\/www.domainedependruc.com\/en\/campsite-family-south-finistere\/\"  class=\"call-to-action_link\" title=\"Learn more about animations\"><div class=\"call-to-action_image\"><img decoding=\"async\" src=\"https:\/\/www.domainedependruc.com\/wp-content\/uploads\/2020\/11\/camping-animations-finistere-sud-100x26.jpg\" data-src=\"https:\/\/www.domainedependruc.com\/wp-content\/uploads\/2020\/11\/camping-animations-finistere-sud.jpg\" alt=\"camping animations Finist\u00e8re-sud\" class=\"big\" \/><\/div><div class=\"call-to-action_contenu\"><div class=\"call-to-action_titre\">Animations<\/div><\/div><\/a><\/div><\/div><\/div><\/div><\/section>\n\n<section id=\"section-5fa139e968f2e\"\" class=\"section third-home bg-white\" \/><div class=\"container full\"><div class=\"colonnes-wrap valign-middle stretch\"><div class=\"element colonne w-40 p-8 bg-color4 valign-middle\"><h2 class=\"element section-title left pendruc-piscine\">Discover the aquatic area<\/h2><div class=\"element bloc-text justify \">\n\t<p>During your <strong class=\"bold color1\">holidays in mobile-home rental<\/strong> or on a pitch at the Concarneau campsite, you will naturally have free access to its heated aquatic area. The whole family will be able to vary the aquatic pleasures by taking advantage of the indoor and outdoor swimming pool of the campsite with swimming pool in South Finist\u00e8re.<\/p>\n<p>The indoor swimming pool in Concarneau will be ideal for <strong class=\"bold color1\">pleasant bathing<\/strong> even in covered weather. A balneotherapy area invites you to relax and unwind. The benefits of the bubbles will give you a moment of pure well-being to start or end the day.<\/p>\n<p>The outdoor pool of the <strong class=\"bold color1\">camping Finist\u00e8re sud<\/strong> and its pentaglide and looped water slides will delight swimmers and lovers of sensations. This <strong class=\"bold color1\">heated swimming pool<\/strong> (in July and August) will be exquisite for nice swims under the sun. Aquagym animations and water polo games are regularly organized there. Deckchairs arranged near the pools will allow you to sunbathe in complete tranquility if you are lazy enough to go to the beach of Concarneau.<\/p>\n<\/div><\/div><div class=\"element colonne w-60 m-y-8 p-0\"><div class=\"element call-to-action  call-to-action--style-1 call-to-action--big\"><a href=\"https:\/\/www.domainedependruc.com\/en\/campsite-swimming-pool-finistere-south\/\"  class=\"call-to-action_link\" title=\"Learn more about the swimming pool\"><div class=\"call-to-action_image\"><img decoding=\"async\" src=\"https:\/\/www.domainedependruc.com\/wp-content\/uploads\/2020\/12\/piscine-finistere-sud-100x56.jpg\" data-src=\"https:\/\/www.domainedependruc.com\/wp-content\/uploads\/2020\/12\/piscine-finistere-sud.jpg\" alt=\"piscine Finist\u00e8re sud\" class=\"big\" \/><\/div><div class=\"call-to-action_contenu\"><div class=\"call-to-action_titre\">The Swimming Pool<\/div><\/div><\/a><\/div><\/div><\/div><\/div><\/section>\n\n<section id=\"section-5fa139e969236\"\" class=\"section fourth-home bg-white p-b-0\" \/><div class=\"container full\"><div class=\"colonnes-wrap valign-bottom stretch\"><div class=\"element colonne w-60 m-t-6 p-0 pendruc-vagues\"><div class=\"element call-to-action  call-to-action--style-1 call-to-action--big\"><a href=\"\/en\/rental-mobile-home-south-finistere\/\"  class=\"call-to-action_link\" title=\"Learn more about our accommodations\"><div class=\"call-to-action_image\"><img decoding=\"async\" src=\"https:\/\/www.domainedependruc.com\/wp-content\/uploads\/2020\/12\/mobil-home-concarneau-100x56.jpg\" data-src=\"https:\/\/www.domainedependruc.com\/wp-content\/uploads\/2020\/12\/mobil-home-concarneau.jpg\" alt=\"mobil-home bretagne\" class=\"big\" \/><\/div><div class=\"call-to-action_contenu\"><div class=\"call-to-action_titre\">Our accommodations<\/div><\/div><\/a><\/div><\/div><div class=\"element colonne w-40 bg-color4 valign-middle p-6 p-r-10\"><h2 class=\"element section-title left pendruc-mobilhome\">Mobile home stay in Concarneau<\/h2><div class=\"element bloc-text justify \">\n\t<p>The campsite in South Finistere in Concarneau (10mn) also offers the rental of mobile homes Finistere-South for <strong class=\"bold color1\">comfortable vacations in family<\/strong>, in groups or in duo by the sea. Mobile homes of 1, 2, 3 and 4 bedrooms are available for rent.<\/p>\n<p>The mobile homes can accommodate up to 8 people at the south Finist\u00e8re campsite; they are all equipped with television, equipped kitchen, and up to two bathrooms with shower and independent WC. The Comfort and Premium accommodations have a covered terrace with garden furniture. <\/p>\n<p>In this campsite near N\u00e9vez, you can rent a mobile home Taos <strong class=\"bold color1\">Premium with private SPA<\/strong> on a large plot not overlooked.<\/p>\n<p>You will also find mobil-homes adapted PMR at the campsite in Concarneau, Tr\u00e9gunc and the Gl\u00e9nan islands in Finistere. Having 2 bedrooms, these <strong class=\"bold color1\">mobile homes are perfectly equipped<\/strong> and with a covered terrace. For vacations in South Finistere by the sea, the mobile homes  with a covered terrace will be ideal.<\/p>\n<\/div><\/div><\/div><\/div><\/section>\n\n<section id=\"section-5fa139e9694af\"\" class=\"section fifth-home bg-white p-t-0\" \/><div class=\"container full\"><div class=\"colonnes-wrap valign-top \"><div class=\"element colonne w-40 bg-color4 valign-middle p-6 p-l-10\"><h2 class=\"element section-title left pendruc-tente\">Comfortable camping pitches<\/h2><div class=\"element bloc-text justify \">\n\t<p>The campsite in Concarneau offers to the purists of the campsite the <strong class=\"bold color1\">camping pleasure<\/strong> on the seaside in South Finist\u00e8re, in Tr\u00e9gunc. It offers in particular camping and caravanning pitches for these campers. Fitted out on a grassy ground and delimited by hedges, they are <strong class=\"bold color1\">spacious and discreet<\/strong>. Some are more shady than others.<\/p>\n<p>For the vacations in Concarneau, the campers in canvas tent in <strong class=\"bold color1\">camping-car and in caravan<\/strong> will be close to the water points; to the nursery area, the laundry and the sanitary facilities. The electrical connection is possible. A service area is also proposed on site for <strong class=\"bold color1\">camping-car<\/strong> during vacations in South Finist\u00e8re.<\/p>\n<\/div><\/div><div class=\"element colonne p-0 p-b-8 w-60\"><div class=\"element call-to-action  call-to-action--style-1 call-to-action--big\"><a href=\"https:\/\/www.domainedependruc.com\/en\/rental-pitches-south-finistere\/\"  class=\"call-to-action_link\" title=\"Learn more about the pitches\"><div class=\"call-to-action_image\"><img decoding=\"async\" src=\"https:\/\/www.domainedependruc.com\/wp-content\/uploads\/2020\/12\/emplacement-finistere-100x56.jpg\" data-src=\"https:\/\/www.domainedependruc.com\/wp-content\/uploads\/2020\/12\/emplacement-finistere.jpg\" alt=\"emplacement Finist\u00e8re\" class=\"big\" \/><\/div><div class=\"call-to-action_contenu\"><div class=\"call-to-action_titre\">The pitches<\/div><\/div><\/a><\/div><\/div><\/div><\/div><\/section>\n\n<section id=\"section-5fa139e9696de\"\" class=\"section sixth-home bg-white\" \/><div class=\"container\"><h2 class=\"element section-title center pendruc-tarifs w-65\">Our prices at the best value for money in Brittany<\/h2><div class=\"element bloc-text center \">\n\t<p>Have you fallen under the spell of Brittany? You wish to stay there for a weekend, in July and August? The Domaine de Pendruc offers you special offers but also preferential rates all year round.<\/p>\n<p>You will also find all our special offers and rates in South Finist\u00e8re for a stay at the best price and adapted to your budget.<\/p>\n<\/div><a href=\"\/en\/cheap-campsite-south-finistere\/\" title=\"Price list\" class=\"element bouton center\" ><span>Price list<\/span><\/a><\/div><\/section>","protected":false},"excerpt":{"rendered":"","protected":false},"author":1,"featured_media":0,"parent":0,"menu_order":0,"comment_status":"closed","ping_status":"closed","template":"","meta":{"_acf_changed":false,"footnotes":""},"class_list":["post-7299","page","type-page","status-publish","hentry"],"acf":[],"yoast_head":"<!-- This site is optimized with the Yoast SEO plugin v25.3 - https:\/\/yoast.com\/wordpress\/plugins\/seo\/ -->\n<title>Campsite Finist\u00e8re-Sud | Campsite located in Tr\u00e9gunc in South Finist\u00e8re<\/title>\n<meta name=\"robots\" content=\"index, follow, max-snippet:-1, max-image-preview:large, max-video-preview:-1\" \/>\n<link rel=\"canonical\" href=\"https:\/\/www.domainedependruc.com\/en\/\" \/>\n<meta property=\"og:locale\" content=\"en_US\" \/>\n<meta property=\"og:type\" content=\"article\" \/>\n<meta property=\"og:title\" content=\"Campsite Finist\u00e8re-Sud | Campsite located in Tr\u00e9gunc in South Finist\u00e8re\" \/>\n<meta property=\"og:url\" content=\"https:\/\/www.domainedependruc.com\/en\/\" \/>\n<meta property=\"og:site_name\" content=\"Domaine de Pendruc\" \/>\n<meta property=\"article:modified_time\" content=\"2025-11-20T08:30:03+00:00\" \/>\n<meta name=\"twitter:card\" content=\"summary_large_image\" \/>\n<script type=\"application\/ld+json\" class=\"yoast-schema-graph\">{\"@context\":\"https:\/\/schema.org\",\"@graph\":[{\"@type\":\"WebPage\",\"@id\":\"https:\/\/www.domainedependruc.com\/en\/\",\"url\":\"https:\/\/www.domainedependruc.com\/en\/\",\"name\":\"Campsite Finist\u00e8re-Sud | Campsite located in Tr\u00e9gunc in South Finist\u00e8re\",\"isPartOf\":{\"@id\":\"https:\/\/www.domainedependruc.com\/en\/#website\"},\"datePublished\":\"2020-10-22T12:20:55+00:00\",\"dateModified\":\"2025-11-20T08:30:03+00:00\",\"breadcrumb\":{\"@id\":\"https:\/\/www.domainedependruc.com\/en\/#breadcrumb\"},\"inLanguage\":\"en-US\",\"potentialAction\":[{\"@type\":\"ReadAction\",\"target\":[\"https:\/\/www.domainedependruc.com\/en\/\"]}]},{\"@type\":\"BreadcrumbList\",\"@id\":\"https:\/\/www.domainedependruc.com\/en\/#breadcrumb\",\"itemListElement\":[{\"@type\":\"ListItem\",\"position\":1,\"name\":\"Campsite South Finistere\",\"item\":\"https:\/\/www.domainedependruc.com\/en\/\"},{\"@type\":\"ListItem\",\"position\":2,\"name\":\"Accueil\"}]},{\"@type\":\"WebSite\",\"@id\":\"https:\/\/www.domainedependruc.com\/en\/#website\",\"url\":\"https:\/\/www.domainedependruc.com\/en\/\",\"name\":\"Domaine de Pendruc\",\"description\":\"\",\"potentialAction\":[{\"@type\":\"SearchAction\",\"target\":{\"@type\":\"EntryPoint\",\"urlTemplate\":\"https:\/\/www.domainedependruc.com\/en\/?s={search_term_string}\"},\"query-input\":{\"@type\":\"PropertyValueSpecification\",\"valueRequired\":true,\"valueName\":\"search_term_string\"}}],\"inLanguage\":\"en-US\"}]}<\/script>\n<!-- \/ Yoast SEO plugin. -->","yoast_head_json":{"title":"Campsite Finist\u00e8re-Sud | Campsite located in Tr\u00e9gunc in South Finist\u00e8re","robots":{"index":"index","follow":"follow","max-snippet":"max-snippet:-1","max-image-preview":"max-image-preview:large","max-video-preview":"max-video-preview:-1"},"canonical":"https:\/\/www.domainedependruc.com\/en\/","og_locale":"en_US","og_type":"article","og_title":"Campsite Finist\u00e8re-Sud | Campsite located in Tr\u00e9gunc in South Finist\u00e8re","og_url":"https:\/\/www.domainedependruc.com\/en\/","og_site_name":"Domaine de Pendruc","article_modified_time":"2025-11-20T08:30:03+00:00","twitter_card":"summary_large_image","schema":{"@context":"https:\/\/schema.org","@graph":[{"@type":"WebPage","@id":"https:\/\/www.domainedependruc.com\/en\/","url":"https:\/\/www.domainedependruc.com\/en\/","name":"Campsite Finist\u00e8re-Sud | Campsite located in Tr\u00e9gunc in South Finist\u00e8re","isPartOf":{"@id":"https:\/\/www.domainedependruc.com\/en\/#website"},"datePublished":"2020-10-22T12:20:55+00:00","dateModified":"2025-11-20T08:30:03+00:00","breadcrumb":{"@id":"https:\/\/www.domainedependruc.com\/en\/#breadcrumb"},"inLanguage":"en-US","potentialAction":[{"@type":"ReadAction","target":["https:\/\/www.domainedependruc.com\/en\/"]}]},{"@type":"BreadcrumbList","@id":"https:\/\/www.domainedependruc.com\/en\/#breadcrumb","itemListElement":[{"@type":"ListItem","position":1,"name":"Campsite South Finistere","item":"https:\/\/www.domainedependruc.com\/en\/"},{"@type":"ListItem","position":2,"name":"Accueil"}]},{"@type":"WebSite","@id":"https:\/\/www.domainedependruc.com\/en\/#website","url":"https:\/\/www.domainedependruc.com\/en\/","name":"Domaine de Pendruc","description":"","potentialAction":[{"@type":"SearchAction","target":{"@type":"EntryPoint","urlTemplate":"https:\/\/www.domainedependruc.com\/en\/?s={search_term_string}"},"query-input":{"@type":"PropertyValueSpecification","valueRequired":true,"valueName":"search_term_string"}}],"inLanguage":"en-US"}]}},"_links":{"self":[{"href":"https:\/\/www.domainedependruc.com\/en\/wp-json\/wp\/v2\/pages\/7299"}],"collection":[{"href":"https:\/\/www.domainedependruc.com\/en\/wp-json\/wp\/v2\/pages"}],"about":[{"href":"https:\/\/www.domainedependruc.com\/en\/wp-json\/wp\/v2\/types\/page"}],"author":[{"embeddable":true,"href":"https:\/\/www.domainedependruc.com\/en\/wp-json\/wp\/v2\/users\/1"}],"replies":[{"embeddable":true,"href":"https:\/\/www.domainedependruc.com\/en\/wp-json\/wp\/v2\/comments?post=7299"}],"version-history":[{"count":19,"href":"https:\/\/www.domainedependruc.com\/en\/wp-json\/wp\/v2\/pages\/7299\/revisions"}],"predecessor-version":[{"id":14248,"href":"https:\/\/www.domainedependruc.com\/en\/wp-json\/wp\/v2\/pages\/7299\/revisions\/14248"}],"wp:attachment":[{"href":"https:\/\/www.domainedependruc.com\/en\/wp-json\/wp\/v2\/media?parent=7299"}],"curies":[{"name":"wp","href":"https:\/\/api.w.org\/{rel}","templated":true}]}}