{"id":14406,"date":"2025-12-05T13:44:16","date_gmt":"2025-12-05T12:44:16","guid":{"rendered":"https:\/\/www.domainedependruc.com\/?page_id=14406"},"modified":"2025-12-05T13:47:24","modified_gmt":"2025-12-05T12:47:24","slug":"pitch-with-private-toilet","status":"publish","type":"page","link":"https:\/\/www.domainedependruc.com\/en\/rental-pitches-south-finistere\/pitch-with-private-toilet\/","title":{"rendered":"Emplacement avec sanitaire priv\u00e9"},"content":{"rendered":"<section id=\"section-602d268477830\"\" class=\"section first-home bg-white p-b-0\" \/><div class=\"container extralarge\"><h1 class=\"element section-title center\">Campsite with private bathroom facilities on pitches in Brittany<\/h1><\/div><\/section>\n\n<section id=\"section-602d26847792c\"\" class=\"section bg-white\" \/><div class=\"container\"><div class=\"element bloc-text  \">\n\t<div class=\"ctoutvert\"><script>\r\n    window.ctoutvert = {\r\n        id: 2876,\r\n        lang: 'fr',\r\n        url: 'https:\/\/bookingpremium.secureholiday.net\/widgets\/', \r\n    };\r\n    (function (w, d, s, ctv, r, js, fjs) {\r\n        r=new XMLHttpRequest();r.open('GET',w[ctv].url+'js\/src.json');\r\n        r.responseType='json';r.json=true;r.send();\r\n        r.onload=function(){w[ctv].src=r.responseType=='json'?r.response:JSON.parse(r.response);\r\n        js.src=w[ctv].src[0];fjs.parentNode.insertBefore(js, fjs);}\r\n        js=d.createElement(s),fjs=d.getElementsByTagName(s)[0];\r\n        js.id='ctvwidget';js.async=1;\r\n    }(window, document, 'script', 'ctoutvert'));\r\n<\/script><ctv-availability data-product-id='105983' data-month-year='05@2021' data-background-color='#FFFFFFFF' ><\/ctv-availability><\/div><\/div><\/div><\/section>\n\n<section id=\"section-602d268477b0e\"\" class=\"section bg-white p-t-0 p-b-0\" \/><div class=\"container full\"><div class=\"colonnes-wrap valign-top \"><div class=\"element colonne w-40\"><div class=\"element images\"><div class=\"image\"><img decoding=\"async\" src=\"https:\/\/www.domainedependruc.com\/wp-content\/uploads\/2021\/02\/visuel-freecamp-100x88.jpg\" data-src=\"https:\/\/www.domainedependruc.com\/wp-content\/uploads\/2021\/02\/visuel-freecamp.jpg\" alt=\"Campsite with private bathroom facilities on pitch\" class=\"images_image\" \/><\/div><\/div><\/div><div class=\"element colonne w-60 p-8 valign-middle\"><h2 class=\"element section-title center\">A campsite with private sanitary facilities: the advantages<\/h2><div class=\"element bloc-text justify \">\n\t<ul>\n<li><strong class=\"bold color1\">Privacy<\/strong>: a shower, toilet, and sink on your own plot, combining the personalized service of luxury hotels with the friendliness of a family campground.<\/li>\n<li><strong class=\"bold color1\">Hygiene<\/strong>: a <strong class=\"bold color1\">private space<\/strong> used only by you throughout your stay in Southern Brittany, a facility that helps prevent viral or bacterial infections, which are highly contagious in public areas.<\/li>\n<li>Comfort: well-designed bathrooms with optimized space, attractive design, and environmentally friendly wood construction.<\/li>\n<li><strong class=\"bold color1\">Proximity<\/strong>: The <strong class=\"bold color1\">shower and toilet are just a few feet from your tent<\/strong>, RV, or trailer, which is very convenient when it rains, when you wake up, or during the night.<\/li>\n<li><strong class=\"bold color1\">Safety<\/strong>: An important criterion for families visiting the Concarneau region and Finist\u00e8re with young children.<\/li>\n<\/ul>\n<\/div><\/div><\/div><\/div><\/section>\n\n<section id=\"section-602d268477d0a\"\" class=\"section bg-white p-t-0 p-b-0\" \/><div class=\"container full\"><div class=\"colonnes-wrap valign-top \"><div class=\"element colonne w-50 p-8 bg-color5 valign-middle\"><h2 class=\"element section-title justify\">All the comforts of a campsite with private bathroom facilities in Brittan<\/h2><div class=\"element bloc-text justify \">\n\t<p>You are so excited about spending your first night at the <a href=\"\/\">4-star Domaine de Pendruc campsite near Concarneau<\/a> in Brittany that you wake up before dawn. The <strong class=\"bold color1\">proximity of the toilets<\/strong> is a godsend at this early hour.<\/p>\n<p>Did you enjoy the theme night organized by the entertainment team? Before you go to sleep, enjoy the comfort of your private bathroom and the pleasure of a hot shower just a few steps from your tent, caravan, or motorhome.<\/p>\n<p>Have you had your fill of thrills during your surfing lessons on the beaches of Finist\u00e8re and in the heated pool? Quickly take a shower in your private bathroom before the barbecue or p\u00e9tanque tournament with your friends near their campsite in southern Finist\u00e8re.<\/p>\n<p>Are you planning a family vacation in southern Brittany? You&#8217;ll be delighted to send your children to the shower without having to accompany them to the bathroom, while you read your summer novel on your sun lounger in your private garden surrounded by natural hedges.<\/p>\n<\/div><\/div><div class=\"element colonne w-50\"><div class=\"element images\"><div class=\"image\"><img decoding=\"async\" src=\"https:\/\/www.domainedependruc.com\/wp-content\/uploads\/2020\/12\/emplacement-finistere-100x56.jpg\" data-src=\"https:\/\/www.domainedependruc.com\/wp-content\/uploads\/2020\/12\/emplacement-finistere.jpg\" alt=\"site with private toilet facilities\" class=\"images_image\" \/><\/div><\/div><\/div><\/div><\/div><\/section>\n\n<section id=\"section-602d268477edf\"\" class=\"section bg-white p-t-0 p-b-0\" \/><div class=\"container full\"><div class=\"colonnes-wrap valign-top \"><div class=\"element colonne w-40\"><div class=\"element images\"><div class=\"image\"><img decoding=\"async\" src=\"https:\/\/www.domainedependruc.com\/wp-content\/uploads\/2021\/02\/freecamp2021-100x88.jpg\" data-src=\"https:\/\/www.domainedependruc.com\/wp-content\/uploads\/2021\/02\/freecamp2021.jpg\" alt=\"Private sanitary campsite\" class=\"images_image\" \/><\/div><\/div><\/div><div class=\"element colonne w-60 p-8 valign-middle\"><h2 class=\"element section-title center\">Cheap campsites with private sanitary facilitie<\/h2><div class=\"element bloc-text center \">\n\t<p>Resembling wooden cabins, <strong class=\"bold color1\">the private bathrooms at the Domaine de Pendruc**** campsite<\/strong> are eco-friendly facilities that blend in perfectly with the environment. Spacious and well-equipped, they are ideal for couples, families, and groups of friends who want a high level of comfort and privacy at a low cost during their stay in Finist\u00e8re.<\/p>\n<p>They offer the perfect balance between the excellence of private facilities and the simplicity and authenticity of traditional campsites.<\/p>\n<p>Does this sound appealing? Reserve your <strong class=\"bold color1\">campsite with private bathroom facilities<\/strong> from \u20ac70 per weekend at Domaine de Pendruc. You will enjoy the luxury and privacy of a private bathroom by the sea, and have free access to all the campsite&#8217;s facilities: heated indoor pool, playground, multi-sports field, and more.<\/p>\n<p>Check out our availability and special offers in high and low season, and treat yourself to a luxury getaway at the best price in a premium outdoor hotel in Brittany.<\/p>\n<\/div><\/div><\/div><\/div><\/section>","protected":false},"excerpt":{"rendered":"","protected":false},"author":1,"featured_media":6055,"parent":7306,"menu_order":0,"comment_status":"closed","ping_status":"closed","template":"","meta":{"_acf_changed":false,"footnotes":""},"class_list":["post-14406","page","type-page","status-publish","has-post-thumbnail","hentry"],"acf":[],"yoast_head":"<!-- This site is optimized with the Yoast SEO plugin v25.3 - https:\/\/yoast.com\/wordpress\/plugins\/seo\/ -->\n<title>Emplacement avec sanitaire priv\u00e9 - Domaine de Pendruc<\/title>\n<meta name=\"robots\" content=\"index, follow, max-snippet:-1, max-image-preview:large, max-video-preview:-1\" \/>\n<link rel=\"canonical\" href=\"https:\/\/www.domainedependruc.com\/en\/rental-pitches-south-finistere\/pitch-with-private-toilet\/\" \/>\n<meta property=\"og:locale\" content=\"en_US\" \/>\n<meta property=\"og:type\" content=\"article\" \/>\n<meta property=\"og:title\" content=\"Emplacement avec sanitaire priv\u00e9 - Domaine de Pendruc\" \/>\n<meta property=\"og:url\" content=\"https:\/\/www.domainedependruc.com\/en\/rental-pitches-south-finistere\/pitch-with-private-toilet\/\" \/>\n<meta property=\"og:site_name\" content=\"Domaine de Pendruc\" \/>\n<meta property=\"article:modified_time\" content=\"2025-12-05T12:47:24+00:00\" \/>\n<meta property=\"og:image\" content=\"https:\/\/www.domainedependruc.com\/wp-content\/uploads\/2020\/11\/emplacement-finistere-sud.jpg\" \/>\n\t<meta property=\"og:image:width\" content=\"1903\" \/>\n\t<meta property=\"og:image:height\" content=\"500\" \/>\n\t<meta property=\"og:image:type\" content=\"image\/jpeg\" \/>\n<meta name=\"twitter:card\" content=\"summary_large_image\" \/>\n<meta name=\"twitter:label1\" content=\"Est. reading time\" \/>\n\t<meta name=\"twitter:data1\" content=\"1 minute\" \/>\n<script type=\"application\/ld+json\" class=\"yoast-schema-graph\">{\"@context\":\"https:\/\/schema.org\",\"@graph\":[{\"@type\":\"WebPage\",\"@id\":\"https:\/\/www.domainedependruc.com\/en\/rental-pitches-south-finistere\/pitch-with-private-toilet\/\",\"url\":\"https:\/\/www.domainedependruc.com\/en\/rental-pitches-south-finistere\/pitch-with-private-toilet\/\",\"name\":\"Emplacement avec sanitaire priv\u00e9 - Domaine de Pendruc\",\"isPartOf\":{\"@id\":\"https:\/\/www.domainedependruc.com\/en\/#website\"},\"primaryImageOfPage\":{\"@id\":\"https:\/\/www.domainedependruc.com\/en\/rental-pitches-south-finistere\/pitch-with-private-toilet\/#primaryimage\"},\"image\":{\"@id\":\"https:\/\/www.domainedependruc.com\/en\/rental-pitches-south-finistere\/pitch-with-private-toilet\/#primaryimage\"},\"thumbnailUrl\":\"https:\/\/www.domainedependruc.com\/wp-content\/uploads\/2020\/11\/emplacement-finistere-sud.jpg\",\"datePublished\":\"2025-12-05T12:44:16+00:00\",\"dateModified\":\"2025-12-05T12:47:24+00:00\",\"breadcrumb\":{\"@id\":\"https:\/\/www.domainedependruc.com\/en\/rental-pitches-south-finistere\/pitch-with-private-toilet\/#breadcrumb\"},\"inLanguage\":\"en-US\",\"potentialAction\":[{\"@type\":\"ReadAction\",\"target\":[\"https:\/\/www.domainedependruc.com\/en\/rental-pitches-south-finistere\/pitch-with-private-toilet\/\"]}]},{\"@type\":\"ImageObject\",\"inLanguage\":\"en-US\",\"@id\":\"https:\/\/www.domainedependruc.com\/en\/rental-pitches-south-finistere\/pitch-with-private-toilet\/#primaryimage\",\"url\":\"https:\/\/www.domainedependruc.com\/wp-content\/uploads\/2020\/11\/emplacement-finistere-sud.jpg\",\"contentUrl\":\"https:\/\/www.domainedependruc.com\/wp-content\/uploads\/2020\/11\/emplacement-finistere-sud.jpg\",\"width\":1903,\"height\":500,\"caption\":\"emplacement-finistere-sud\"},{\"@type\":\"BreadcrumbList\",\"@id\":\"https:\/\/www.domainedependruc.com\/en\/rental-pitches-south-finistere\/pitch-with-private-toilet\/#breadcrumb\",\"itemListElement\":[{\"@type\":\"ListItem\",\"position\":1,\"name\":\"Campsite South Finistere\",\"item\":\"https:\/\/www.domainedependruc.com\/en\/\"},{\"@type\":\"ListItem\",\"position\":2,\"name\":\"Caravanning South Finist\u00e8re\",\"item\":\"https:\/\/www.domainedependruc.com\/en\/rental-pitches-south-finistere\/\"},{\"@type\":\"ListItem\",\"position\":3,\"name\":\"Emplacement avec sanitaire priv\u00e9\"}]},{\"@type\":\"WebSite\",\"@id\":\"https:\/\/www.domainedependruc.com\/en\/#website\",\"url\":\"https:\/\/www.domainedependruc.com\/en\/\",\"name\":\"Domaine de Pendruc\",\"description\":\"\",\"potentialAction\":[{\"@type\":\"SearchAction\",\"target\":{\"@type\":\"EntryPoint\",\"urlTemplate\":\"https:\/\/www.domainedependruc.com\/en\/?s={search_term_string}\"},\"query-input\":{\"@type\":\"PropertyValueSpecification\",\"valueRequired\":true,\"valueName\":\"search_term_string\"}}],\"inLanguage\":\"en-US\"}]}<\/script>\n<!-- \/ Yoast SEO plugin. -->","yoast_head_json":{"title":"Emplacement avec sanitaire priv\u00e9 - Domaine de Pendruc","robots":{"index":"index","follow":"follow","max-snippet":"max-snippet:-1","max-image-preview":"max-image-preview:large","max-video-preview":"max-video-preview:-1"},"canonical":"https:\/\/www.domainedependruc.com\/en\/rental-pitches-south-finistere\/pitch-with-private-toilet\/","og_locale":"en_US","og_type":"article","og_title":"Emplacement avec sanitaire priv\u00e9 - Domaine de Pendruc","og_url":"https:\/\/www.domainedependruc.com\/en\/rental-pitches-south-finistere\/pitch-with-private-toilet\/","og_site_name":"Domaine de Pendruc","article_modified_time":"2025-12-05T12:47:24+00:00","og_image":[{"width":1903,"height":500,"url":"https:\/\/www.domainedependruc.com\/wp-content\/uploads\/2020\/11\/emplacement-finistere-sud.jpg","type":"image\/jpeg"}],"twitter_card":"summary_large_image","twitter_misc":{"Est. reading time":"1 minute"},"schema":{"@context":"https:\/\/schema.org","@graph":[{"@type":"WebPage","@id":"https:\/\/www.domainedependruc.com\/en\/rental-pitches-south-finistere\/pitch-with-private-toilet\/","url":"https:\/\/www.domainedependruc.com\/en\/rental-pitches-south-finistere\/pitch-with-private-toilet\/","name":"Emplacement avec sanitaire priv\u00e9 - Domaine de Pendruc","isPartOf":{"@id":"https:\/\/www.domainedependruc.com\/en\/#website"},"primaryImageOfPage":{"@id":"https:\/\/www.domainedependruc.com\/en\/rental-pitches-south-finistere\/pitch-with-private-toilet\/#primaryimage"},"image":{"@id":"https:\/\/www.domainedependruc.com\/en\/rental-pitches-south-finistere\/pitch-with-private-toilet\/#primaryimage"},"thumbnailUrl":"https:\/\/www.domainedependruc.com\/wp-content\/uploads\/2020\/11\/emplacement-finistere-sud.jpg","datePublished":"2025-12-05T12:44:16+00:00","dateModified":"2025-12-05T12:47:24+00:00","breadcrumb":{"@id":"https:\/\/www.domainedependruc.com\/en\/rental-pitches-south-finistere\/pitch-with-private-toilet\/#breadcrumb"},"inLanguage":"en-US","potentialAction":[{"@type":"ReadAction","target":["https:\/\/www.domainedependruc.com\/en\/rental-pitches-south-finistere\/pitch-with-private-toilet\/"]}]},{"@type":"ImageObject","inLanguage":"en-US","@id":"https:\/\/www.domainedependruc.com\/en\/rental-pitches-south-finistere\/pitch-with-private-toilet\/#primaryimage","url":"https:\/\/www.domainedependruc.com\/wp-content\/uploads\/2020\/11\/emplacement-finistere-sud.jpg","contentUrl":"https:\/\/www.domainedependruc.com\/wp-content\/uploads\/2020\/11\/emplacement-finistere-sud.jpg","width":1903,"height":500,"caption":"emplacement-finistere-sud"},{"@type":"BreadcrumbList","@id":"https:\/\/www.domainedependruc.com\/en\/rental-pitches-south-finistere\/pitch-with-private-toilet\/#breadcrumb","itemListElement":[{"@type":"ListItem","position":1,"name":"Campsite South Finistere","item":"https:\/\/www.domainedependruc.com\/en\/"},{"@type":"ListItem","position":2,"name":"Caravanning South Finist\u00e8re","item":"https:\/\/www.domainedependruc.com\/en\/rental-pitches-south-finistere\/"},{"@type":"ListItem","position":3,"name":"Emplacement avec sanitaire priv\u00e9"}]},{"@type":"WebSite","@id":"https:\/\/www.domainedependruc.com\/en\/#website","url":"https:\/\/www.domainedependruc.com\/en\/","name":"Domaine de Pendruc","description":"","potentialAction":[{"@type":"SearchAction","target":{"@type":"EntryPoint","urlTemplate":"https:\/\/www.domainedependruc.com\/en\/?s={search_term_string}"},"query-input":{"@type":"PropertyValueSpecification","valueRequired":true,"valueName":"search_term_string"}}],"inLanguage":"en-US"}]}},"_links":{"self":[{"href":"https:\/\/www.domainedependruc.com\/en\/wp-json\/wp\/v2\/pages\/14406"}],"collection":[{"href":"https:\/\/www.domainedependruc.com\/en\/wp-json\/wp\/v2\/pages"}],"about":[{"href":"https:\/\/www.domainedependruc.com\/en\/wp-json\/wp\/v2\/types\/page"}],"author":[{"embeddable":true,"href":"https:\/\/www.domainedependruc.com\/en\/wp-json\/wp\/v2\/users\/1"}],"replies":[{"embeddable":true,"href":"https:\/\/www.domainedependruc.com\/en\/wp-json\/wp\/v2\/comments?post=14406"}],"version-history":[{"count":1,"href":"https:\/\/www.domainedependruc.com\/en\/wp-json\/wp\/v2\/pages\/14406\/revisions"}],"predecessor-version":[{"id":14407,"href":"https:\/\/www.domainedependruc.com\/en\/wp-json\/wp\/v2\/pages\/14406\/revisions\/14407"}],"up":[{"embeddable":true,"href":"https:\/\/www.domainedependruc.com\/en\/wp-json\/wp\/v2\/pages\/7306"}],"wp:featuredmedia":[{"embeddable":true,"href":"https:\/\/www.domainedependruc.com\/en\/wp-json\/wp\/v2\/media\/6055"}],"wp:attachment":[{"href":"https:\/\/www.domainedependruc.com\/en\/wp-json\/wp\/v2\/media?parent=14406"}],"curies":[{"name":"wp","href":"https:\/\/api.w.org\/{rel}","templated":true}]}}