{"id":14679,"date":"2026-03-18T08:59:27","date_gmt":"2026-03-18T07:59:27","guid":{"rendered":"https:\/\/www.domainedependruc.com\/?page_id=14679"},"modified":"2026-03-18T08:59:29","modified_gmt":"2026-03-18T07:59:29","slug":"ungewohnliche-vermietung-concarneau","status":"publish","type":"page","link":"https:\/\/www.domainedependruc.com\/de\/ungewohnliche-vermietung-concarneau\/","title":{"rendered":"Ihre ungew\u00f6hnliche Unterkunft in der N\u00e4he von Concarneau"},"content":{"rendered":"<section id=\"section-5fa139e968978\"\" class=\"section first-home bg-white p-b-0\" \/><div class=\"container extralarge\"><div class=\"colonnes-wrap valign-middle bg-color5\"><div class=\"element colonne valign-middle p-10\"><h1 class=\"element section-title left\">Ihre ungew\u00f6hnliche Unterkunft in der N\u00e4he von Concarneau<\/h1><\/div><div class=\"element colonne \"><div class=\"element bloc-text justify \">\n\t<p>M\u00f6chten Sie mobilheim mieten concarneau und gleichzeitig <strong>einen besonderen Urlaub im s\u00fcdlichen Finist\u00e8re<\/strong> verbringen? Dann entdecken Sie unseren <a href=\"https:\/\/www.domainedependruc.com\/de\/\">Campingplatz Concarneau<\/a>. Hier erwartet Sie eine au\u00dfergew\u00f6hnliche Umgebung sowie eine <strong>Traumunterkunft nur 1 km vom Strand entfernt<\/strong>, ganz in der N\u00e4he von <strong>Buchten<\/strong>, <strong>Wanderwegen auf dem GR34<\/strong>, <strong>Concarneau<\/strong> und <strong>dem Gl\u00e9nan-Archipel<\/strong>! Damit dieses Gef\u00fchl des Tapetenwechsels vollkommen wird, bieten wir Ihnen auch die M\u00f6glichkeit, in einer <strong>ungew\u00f6hnlichen vermietung concarneau<\/strong> zu \u00fcbernachten. Jungle-Zelt mit 2 Zimmern, Jungle-Zelt mit 3 Zimmern oder Wood-Zelt \u2013 Sie m\u00fcssen nur noch Ihre bevorzugte <strong>Ferienwohnung auf unserem Campingplatz Concarneau 4 Sterne in der Bretagne<\/strong> ausw\u00e4hlen.<\/p>\n<\/div><\/div><\/div><\/div><\/section>\n\n<section id=\"section-6372244fcec07\"\" class=\"section bg-white\" \/><div class=\"container extralarge\"><div class=\"filtres\"><div class=\"button-group\" data-filter-group=\".anzahl-der-zimmer\"><div class=\"button-group-title\">Anzahl der Zimmer<\/div><button data-filter=\"\" class=\"button active group-all\">Alle<\/button><button data-filter=\".anzahl-der-zimmer-2\" class=\"button anzahl-der-zimmer-2\">2 Zimmer<\/button><button data-filter=\".anzahl-der-zimmer-3\" class=\"button anzahl-der-zimmer-3\">3 Zimmer<\/button><\/div><div class=\"button-group\" data-filter-group=\".anzahl-personen\"><div class=\"button-group-title\">Anzahl Personen<\/div><button data-filter=\"\" class=\"button active group-all\">Alle<\/button><button data-filter=\".anzahl-personen-4\" class=\"button anzahl-personen-4\">4 Personen<\/button><button data-filter=\".anzahl-personen-6\" class=\"button anzahl-personen-6\">6 Personen<\/button><\/div><div class=\"button-group\" data-filter-group=\".typ\"><div class=\"button-group-title\">Typ<\/div><button data-filter=\"\" class=\"button active group-all\">Alle<\/button><button data-filter=\".typ-zelt-mit-sanitranlagen\" class=\"button typ-zelt-mit-sanitranlagen\">Zelt mit Sanit\u00e4ranlagen<\/button><button data-filter=\".typ-zelt-ohne-sanitranlagen\" class=\"button typ-zelt-ohne-sanitranlagen\">Zelt ohne Sanit\u00e4ranlagen<\/button><\/div><\/div><ul class=\"liste-de-page hebergements\"><div class=\"row\"><li class=\"hebergement hebergement--init hebergement--style-1 anzahl-der-zimmer-3 anzahl-personen-6 typ-zelt-mit-sanitranlagen\"><div class=\"hebergement_link\" id=\"116998\"><div class=\"hebergement_image\"><img decoding=\"async\" src=\"https:\/\/www.domainedependruc.com\/wp-content\/uploads\/2022\/11\/Jungle-3-ch-exterieur.jpg\" data-src=\"https:\/\/www.domainedependruc.com\/wp-content\/uploads\/2022\/11\/Jungle-3-ch-exterieur.jpg\" alt=\"\" class=\"\" \/><\/div><div class=\"hebergement_content\"><div class=\"hebergement_titre hebergement_titre decoration\">Zelt Jungle mit 3 Schlafzimmer<\/div><div class=\"hebergement-attributs\"><span class=\"attribut anzahl-der-zimmer\">3 Zimmer<\/span><span class=\"attribut anzahl-personen\">6 Personen<\/span><span class=\"attribut typ\">Zelt mit Sanit\u00e4ranlagen<\/span><\/div><\/div><\/div><\/li><li class=\"hebergement hebergement--init hebergement--style-1 anzahl-der-zimmer-2 anzahl-personen-4 typ-zelt-mit-sanitranlagen\"><div class=\"hebergement_link\" id=\"116996\"><div class=\"hebergement_image\"><img decoding=\"async\" src=\"https:\/\/www.domainedependruc.com\/wp-content\/uploads\/2022\/11\/0099_A56I1196-1.jpg\" data-src=\"https:\/\/www.domainedependruc.com\/wp-content\/uploads\/2022\/11\/0099_A56I1196-1.jpg\" alt=\"\" class=\"\" \/><\/div><div class=\"hebergement_content\"><div class=\"hebergement_titre hebergement_titre decoration\">Zelt Jungle mit 2 Schlafzimmern<\/div><div class=\"hebergement-attributs\"><span class=\"attribut anzahl-der-zimmer\">2 Zimmer<\/span><span class=\"attribut anzahl-personen\">4 Personen<\/span><span class=\"attribut typ\">Zelt mit Sanit\u00e4ranlagen<\/span><\/div><\/div><\/div><\/li><li class=\"hebergement hebergement--init hebergement--style-1 anzahl-der-zimmer-2 anzahl-personen-4 typ-zelt-ohne-sanitranlagen\"><div class=\"hebergement_link\" id=\"116997\"><div class=\"hebergement_image\"><img decoding=\"async\" src=\"https:\/\/www.domainedependruc.com\/wp-content\/uploads\/2022\/11\/facade-mini-wood.jpg\" data-src=\"https:\/\/www.domainedependruc.com\/wp-content\/uploads\/2022\/11\/facade-mini-wood.jpg\" alt=\"\" class=\"\" \/><\/div><div class=\"hebergement_content\"><div class=\"hebergement_titre hebergement_titre decoration\">Zelt Wood ohne Sanit\u00e4ranlagen<\/div><div class=\"hebergement-attributs\"><span class=\"attribut anzahl-der-zimmer\">2 Zimmer<\/span><span class=\"attribut anzahl-personen\">4 Personen<\/span><span class=\"attribut typ\">Zelt ohne Sanit\u00e4ranlagen<\/span><\/div><\/div><\/div><\/li><\/div><\/ul><\/div><\/section>\n\n<section id=\"section-691b3778b3f40\"\" class=\"section third-home reverse bg-white\" \/><div class=\"container full\"><div class=\"colonnes-wrap valign-middle stretch\"><div class=\"element colonne w-60 p-0\"><div class=\"element images\"><div class=\"image\"><img decoding=\"async\" src=\"https:\/\/www.domainedependruc.com\/wp-content\/uploads\/2022\/11\/Jungle-2-ch-exterieur-e1667985554777-100x96.jpeg\" data-src=\"https:\/\/www.domainedependruc.com\/wp-content\/uploads\/2022\/11\/Jungle-2-ch-exterieur-e1667985554777.jpeg\" alt=\"Jungle 2 ch ext\u00e9rieur\" class=\"images_image\" \/><\/div><\/div><\/div><div class=\"element colonne w-40 p-8 bg-color4 valign-middle\"><h2 class=\"element section-title left pendruc-plage\">Jungle-Zelt 2 Zimmer \u2013 4 Personen<\/h2><div class=\"element bloc-text justify has-readmore\">\n\t<p>M\u00f6chten Sie einen <strong>Aufenthalt in einer ungew\u00f6hnlichen Vermietung Concarneau<\/strong> in einer \u201eSafari\u201c-Atmosph\u00e4re erleben? Genau dieses Erlebnis bietet Ihnen unser <strong>Jungle-Zelt mit 2 Zimmern<\/strong>! Kleine Familien und kleine Gruppen werden hier eine besondere Umgebung sowie alles finden, was man f\u00fcr einen Urlaub braucht, der sowohl originell als auch komfortabel ist. In diesen <strong>gut aufgeteilten 26 m\u00b2<\/strong> erwarten Sie <strong>zwei getrennte Zimmer<\/strong> mit jeweils <strong>Einzelbetten und einem Doppelbett<\/strong>. Au\u00dferdem steht Ihnen alles zur Verf\u00fcgung, um leckere Mahlzeiten zuzubereiten: eine <strong>voll ausgestattete K\u00fcche<\/strong> mit Kochplatten, K\u00fchlschrank, Mikrowelle und Kaffeemaschine. F\u00fcr zus\u00e4tzlichen Komfort ist <strong>eine Dusche und ein WC in dieser ungew\u00f6hnlichen Unterkunft enthalten<\/strong>. <strong>Im Au\u00dfenbereich<\/strong> wurde ebenfalls alles so gestaltet, dass Sie sich unter besten Bedingungen entspannen k\u00f6nnen. Sie werden es genie\u00dfen, sich auf der <strong>\u00fcberdachten Au\u00dfenterrasse<\/strong> unseres <a href=\"https:\/\/www.domainedependruc.com\/de\/camping-finistere\/\">campingplatz Finistere<\/a> zu erholen, die mit Gartenm\u00f6beln, Gartentisch und St\u00fchlen ausgestattet ist \u2013 sogar mit einem Grill!<\/p>\n<\/div><\/div><\/div><\/div><\/section>\n\n<section id=\"section-5fa139e968f2e\"\" class=\"section third-home bg-white\" \/><div class=\"container full\"><div class=\"colonnes-wrap valign-middle stretch\"><div class=\"element colonne w-40 p-8 bg-color4 valign-middle\"><h2 class=\"element section-title left pendruc-piscine\">Jungle-Zelt 3 Zimmer \u2013 6 Personen<\/h2><div class=\"element bloc-text justify has-readmore\">\n\t<p><strong>Mehr Platz und eine Kapazit\u00e4t f\u00fcr 6 Personen<\/strong>, das ist der Unterschied dieser <strong>ungew\u00f6hnlichen vermietung concarneau<\/strong> zur vorherigen Unterkunft! <strong>Gro\u00dfe Familien<\/strong> werden den zus\u00e4tzlichen Raum und die gr\u00f6\u00dfere Anzahl an Zimmern besonders sch\u00e4tzen. In dieser <a href=\"https:\/\/www.domainedependruc.com\/de\/mobilheim-sudlichen-finistere\/\">mobilheimvermietung im sudlichen finistere<\/a> stehen Ihnen <strong>34 m2<\/strong> sowie <strong>3 Zimmer<\/strong> zur Verf\u00fcgung. Die ganze Familie wird es genie\u00dfen, sich in einem Bereich zu treffen, der sowohl gemeinsame Momente erm\u00f6glicht als auch einen <strong>eigenen R\u00fcckzugsraum<\/strong> auf unserem campingplatz sud finistere bietet. Wie zuvor ist hier alles darauf ausgelegt, Ihnen <strong>maximalen Komfort<\/strong> zu bieten und gleichzeitig eine <strong>besondere Umgebung<\/strong> zu genie\u00dfen \u2013 mit einer <strong>ausgestatteten K\u00fcche, einer \u00fcberdachten Terrasse<\/strong>, einem Badezimmer mit WC und sogar einem Grill. Was k\u00f6nnte man sich mehr w\u00fcnschen?<\/p>\n<\/div><\/div><div class=\"element colonne w-60 p-0 slider-piscine-home\"><div class=\"element images\"><div class=\"image\"><img decoding=\"async\" src=\"https:\/\/www.domainedependruc.com\/wp-content\/uploads\/2022\/11\/Jungle-3-ch-exterieur-100x67.jpeg\" data-src=\"https:\/\/www.domainedependruc.com\/wp-content\/uploads\/2022\/11\/Jungle-3-ch-exterieur.jpeg\" alt=\"\" class=\"images_image\" \/><\/div><\/div><\/div><\/div><\/div><\/section>\n\n<section id=\"section-5fa139e969236\"\" class=\"section fourth-home bg-white p-b-0\" \/><div class=\"container full\"><div class=\"colonnes-wrap valign-bottom stretch\"><div class=\"element colonne w-60 m-t-6 p-0 pendruc-vagues slider-hebergement-home\"><div class=\"element images\"><div class=\"image\"><img decoding=\"async\" src=\"https:\/\/www.domainedependruc.com\/wp-content\/uploads\/2022\/11\/facade-mini-wood-100x62.jpg\" data-src=\"https:\/\/www.domainedependruc.com\/wp-content\/uploads\/2022\/11\/facade-mini-wood.jpg\" alt=\"\" class=\"images_image\" \/><\/div><\/div><\/div><div class=\"element colonne w-40 bg-color4 valign-middle p-6 p-r-10\"><h2 class=\"element section-title left pendruc-mobilhome\">Wood-Zelt ohne Sanit\u00e4ranlagen \u2013 4 Personen<\/h2><div class=\"element bloc-text justify has-readmore\">\n\t<p>Bevorzugen Sie eine <strong>ungew\u00f6hnliche vermietung concarneau<\/strong> mit etwas einfacherem <strong>Komfort<\/strong>, aber in einem <strong>ebenso bezaubernden Umfeld<\/strong>? Dann entscheiden Sie sich f\u00fcr das <strong>Lodge-Zelt<\/strong> auf unserem Campingplatz Concarneau 4 Sterne! Die Unterkunft ist optimal eingerichtet und bietet alles Wesentliche: zwei separate <strong>Zimmer<\/strong>, einen vollst\u00e4ndig ausgestatteten K\u00fcchenbereich sowie einen gem\u00fctlichen Gartenbereich zum Entspannen. <strong>Sanit\u00e4ranlagen sind nicht inbegriffen<\/strong>, aber keine Sorge \u2013 Sie finden diese in unmittelbarer N\u00e4he unseres <a href=\"https:\/\/www.domainedependruc.com\/de\/camping-am-meer-concarneau\/\">camping am meer concarneau<\/a>. Ideal, um einen unvergesslichen Familienurlaub in der <strong>Bretagne<\/strong> zu verbringen und das Wesentliche des Campings in der N\u00e4he des <strong>Meeres<\/strong> zu genie\u00dfen!<\/p>\n<p>&nbsp;<\/p>\n<p><strong>Jungle-Zelt oder Wood-Zelt<\/strong> \u2013 Sie m\u00fcssen nur noch Ihre Wahl treffen, um einen unvergesslichen Familienurlaub in Ihrer <strong>ungew\u00f6hnlichen vermietung concarneau<\/strong> zu verbringen! Unser <a href=\"https:\/\/www.domainedependruc.com\/de\/campingplatz-schwimmbad-finistere-sud\/\">campingplatz mit schwimmbad concarneau<\/a> ganz in der N\u00e4he von Concarneau wartet bereits auf Sie!<\/p>\n<\/div><\/div><\/div><\/div><\/section>\n\n<section id=\"section-696f79d85aacb\"\" class=\"section bg-white\" \/><div class=\"container\"><div class=\"element bloc-text justify \">\n\t<h2>FAQ \u2013 Ihre Fragen zu unserem Angebot an ungew\u00f6hnlichen Mobilheimvermietungen in der N\u00e4he von Concarneau<\/h2>\n<h3>Welche Art von ungew\u00f6hnlichem Mobilheim kann man auf unserem Campingplatz bei Concarneau buchen?<\/h3>\n<p>Unser <strong>Campingplatz<\/strong> bietet <strong>ungew\u00f6hnliche Unterk\u00fcnfte<\/strong>, die vom Mobilheim inspiriert sind, wie Jungle- oder Wood-Zelte. Diese <strong>Unterk\u00fcnfte<\/strong> verf\u00fcgen \u00fcber getrennte <strong>Zimmer<\/strong>, einen K\u00fcchenbereich und h\u00e4ufig eine <strong>Terrasse<\/strong>, damit Sie eine <strong>besondere Ferienwohnung in der Bretagne<\/strong>, nahe Concarneau und dem <strong>Meer<\/strong>, genie\u00dfen k\u00f6nnen.<\/p>\n<h3>Wie viele Personen k\u00f6nnen in einem ungew\u00f6hnlichen Mobilheim \u00fcbernachten?<\/h3>\n<p>Je nach gew\u00e4hltem Modell k\u00f6nnen diese <strong>Mobilheime<\/strong> <strong>4 bis 6 Personen<\/strong> aufnehmen. Familien oder Freundesgruppen finden hier eine <strong>ger\u00e4umige Unterkunft<\/strong> mit mehreren <strong>Zimmern<\/strong>, ideal f\u00fcr einen Urlaub auf einem <strong>Campingplatz Finistere<\/strong>.<\/p>\n<h3>Welche Dienstleistungen des Campingplatzes sind mit einer Mobilheimreservierung zug\u00e4nglich?<\/h3>\n<p>Die <strong>Reservierung eines Mobilheims oder einer ungew\u00f6hnlichen Unterkunft<\/strong> erm\u00f6glicht den Zugang zu den Services des Campingplatzes: <strong>Schwimmbad, Familienaktivit\u00e4ten, saisonale Animationen und gemeinsame Einrichtungen<\/strong>. So genie\u00dfen Sie einen Aufenthalt mit <strong>Komfort<\/strong>, Freizeitangeboten sowie der N\u00e4he zum <strong>Strand<\/strong> und zum <strong>Meer<\/strong>.<\/p>\n<h3>Verf\u00fcgen die Mobilheime \u00fcber einen Au\u00dfenbereich, um den Aufenthalt zu genie\u00dfen?<\/h3>\n<p>Ja. Die <strong>Mobilheime<\/strong> und Lodge-Zelte verf\u00fcgen in der Regel \u00fcber eine <strong>Terrasse mit Gartenm\u00f6beln<\/strong>. Dieser Au\u00dfenbereich erm\u00f6glicht es Ihnen, die Meeresluft des <strong>Finist\u00e8re<\/strong> zu genie\u00dfen, gemeinsam zu essen oder sich nach einem <strong>Tag am Strand<\/strong> zu entspannen.<\/p>\n<h3>Welche Aktivit\u00e4ten kann man von seinem Mobilheim in der N\u00e4he von Concarneau aus unternehmen?<\/h3>\n<p>Von Ihrem <strong>Mobilheim<\/strong> aus k\u00f6nnen Sie leicht den <strong>Strand erreichen<\/strong>, <strong>Buchten entlang der K\u00fcste entdecken<\/strong>, <strong>den Wanderwegen des GR34 folgen oder Concarneau erkunden<\/strong>. Die <strong>Landschaften des Finist\u00e8re<\/strong> bieten zahlreiche Outdoor-Aktivit\u00e4ten w\u00e4hrend Ihres Urlaubs in der <strong>Bretagne<\/strong>.<\/p>\n<h3>Welche Reiseziele kann man von seinem Mobilheim in der s\u00fcdlichen Bretagne aus besuchen?<\/h3>\n<p>Von Ihrer <strong>Ferienwohnung<\/strong> aus k\u00f6nnen Sie <strong>Concarneau, die Ville Close, den Fischereihafen oder das Gl\u00e9nan-Archipel besuchen<\/strong>. Ein Aufenthalt auf unserem <strong>ideal gelegenen Campingplatz im s\u00fcdlichen Finist\u00e8re<\/strong> erm\u00f6glicht es Ihnen auch, die Str\u00e4nde, K\u00fcstend\u00f6rfer und maritimen Landschaften der <strong>Bretagne<\/strong> zu entdecken.<\/p>\n<\/div><\/div><\/section>","protected":false},"excerpt":{"rendered":"","protected":false},"author":15,"featured_media":0,"parent":0,"menu_order":0,"comment_status":"closed","ping_status":"closed","template":"","meta":{"_acf_changed":false,"footnotes":""},"class_list":["post-14679","page","type-page","status-publish","hentry"],"acf":[],"yoast_head":"<!-- This site is optimized with the Yoast SEO plugin v25.3 - https:\/\/yoast.com\/wordpress\/plugins\/seo\/ -->\n<title>Ungew\u00f6hnliche Vermietung Concarneau: Natururlaub nahe Meer<\/title>\n<meta name=\"description\" content=\"Erleben Sie Glamping in der Bretagne: Zeltlodges, Natur und Komfort nahe Strand und GR34. Entdecken Sie eine ungew\u00f6hnliche Vermietung in Concarneau !\" \/>\n<meta name=\"robots\" content=\"index, follow, max-snippet:-1, max-image-preview:large, max-video-preview:-1\" \/>\n<link rel=\"canonical\" href=\"https:\/\/www.domainedependruc.com\/de\/ungewohnliche-vermietung-concarneau\/\" \/>\n<meta property=\"og:locale\" content=\"de_DE\" \/>\n<meta property=\"og:type\" content=\"article\" \/>\n<meta property=\"og:title\" content=\"Ungew\u00f6hnliche Vermietung Concarneau: Natururlaub nahe Meer\" \/>\n<meta property=\"og:description\" content=\"Erleben Sie Glamping in der Bretagne: Zeltlodges, Natur und Komfort nahe Strand und GR34. Entdecken Sie eine ungew\u00f6hnliche Vermietung in Concarneau !\" \/>\n<meta property=\"og:url\" content=\"https:\/\/www.domainedependruc.com\/de\/ungewohnliche-vermietung-concarneau\/\" \/>\n<meta property=\"og:site_name\" content=\"Domaine de Pendruc\" \/>\n<meta property=\"article:modified_time\" content=\"2026-03-18T07:59:29+00:00\" \/>\n<meta name=\"twitter:card\" content=\"summary_large_image\" \/>\n<script type=\"application\/ld+json\" class=\"yoast-schema-graph\">{\"@context\":\"https:\/\/schema.org\",\"@graph\":[{\"@type\":\"WebPage\",\"@id\":\"https:\/\/www.domainedependruc.com\/de\/ungewohnliche-vermietung-concarneau\/\",\"url\":\"https:\/\/www.domainedependruc.com\/de\/ungewohnliche-vermietung-concarneau\/\",\"name\":\"Ungew\u00f6hnliche Vermietung Concarneau: Natururlaub nahe Meer\",\"isPartOf\":{\"@id\":\"https:\/\/www.domainedependruc.com\/de\/#website\"},\"datePublished\":\"2026-03-18T07:59:27+00:00\",\"dateModified\":\"2026-03-18T07:59:29+00:00\",\"description\":\"Erleben Sie Glamping in der Bretagne: Zeltlodges, Natur und Komfort nahe Strand und GR34. Entdecken Sie eine ungew\u00f6hnliche Vermietung in Concarneau !\",\"breadcrumb\":{\"@id\":\"https:\/\/www.domainedependruc.com\/de\/ungewohnliche-vermietung-concarneau\/#breadcrumb\"},\"inLanguage\":\"de\",\"potentialAction\":[{\"@type\":\"ReadAction\",\"target\":[\"https:\/\/www.domainedependruc.com\/de\/ungewohnliche-vermietung-concarneau\/\"]}]},{\"@type\":\"BreadcrumbList\",\"@id\":\"https:\/\/www.domainedependruc.com\/de\/ungewohnliche-vermietung-concarneau\/#breadcrumb\",\"itemListElement\":[{\"@type\":\"ListItem\",\"position\":1,\"name\":\"Campingplatz Concarneau \u2013 S\u00fcdliches Finist\u00e8re\",\"item\":\"https:\/\/www.domainedependruc.com\/de\/\"},{\"@type\":\"ListItem\",\"position\":2,\"name\":\"Glamping Unterk\u00fcnfte nahe Concarneau\"}]},{\"@type\":\"WebSite\",\"@id\":\"https:\/\/www.domainedependruc.com\/de\/#website\",\"url\":\"https:\/\/www.domainedependruc.com\/de\/\",\"name\":\"Domaine de Pendruc\",\"description\":\"\",\"potentialAction\":[{\"@type\":\"SearchAction\",\"target\":{\"@type\":\"EntryPoint\",\"urlTemplate\":\"https:\/\/www.domainedependruc.com\/de\/?s={search_term_string}\"},\"query-input\":{\"@type\":\"PropertyValueSpecification\",\"valueRequired\":true,\"valueName\":\"search_term_string\"}}],\"inLanguage\":\"de\"}]}<\/script>\n<!-- \/ Yoast SEO plugin. -->","yoast_head_json":{"title":"Ungew\u00f6hnliche Vermietung Concarneau: Natururlaub nahe Meer","description":"Erleben Sie Glamping in der Bretagne: Zeltlodges, Natur und Komfort nahe Strand und GR34. Entdecken Sie eine ungew\u00f6hnliche Vermietung in Concarneau !","robots":{"index":"index","follow":"follow","max-snippet":"max-snippet:-1","max-image-preview":"max-image-preview:large","max-video-preview":"max-video-preview:-1"},"canonical":"https:\/\/www.domainedependruc.com\/de\/ungewohnliche-vermietung-concarneau\/","og_locale":"de_DE","og_type":"article","og_title":"Ungew\u00f6hnliche Vermietung Concarneau: Natururlaub nahe Meer","og_description":"Erleben Sie Glamping in der Bretagne: Zeltlodges, Natur und Komfort nahe Strand und GR34. Entdecken Sie eine ungew\u00f6hnliche Vermietung in Concarneau !","og_url":"https:\/\/www.domainedependruc.com\/de\/ungewohnliche-vermietung-concarneau\/","og_site_name":"Domaine de Pendruc","article_modified_time":"2026-03-18T07:59:29+00:00","twitter_card":"summary_large_image","schema":{"@context":"https:\/\/schema.org","@graph":[{"@type":"WebPage","@id":"https:\/\/www.domainedependruc.com\/de\/ungewohnliche-vermietung-concarneau\/","url":"https:\/\/www.domainedependruc.com\/de\/ungewohnliche-vermietung-concarneau\/","name":"Ungew\u00f6hnliche Vermietung Concarneau: Natururlaub nahe Meer","isPartOf":{"@id":"https:\/\/www.domainedependruc.com\/de\/#website"},"datePublished":"2026-03-18T07:59:27+00:00","dateModified":"2026-03-18T07:59:29+00:00","description":"Erleben Sie Glamping in der Bretagne: Zeltlodges, Natur und Komfort nahe Strand und GR34. Entdecken Sie eine ungew\u00f6hnliche Vermietung in Concarneau !","breadcrumb":{"@id":"https:\/\/www.domainedependruc.com\/de\/ungewohnliche-vermietung-concarneau\/#breadcrumb"},"inLanguage":"de","potentialAction":[{"@type":"ReadAction","target":["https:\/\/www.domainedependruc.com\/de\/ungewohnliche-vermietung-concarneau\/"]}]},{"@type":"BreadcrumbList","@id":"https:\/\/www.domainedependruc.com\/de\/ungewohnliche-vermietung-concarneau\/#breadcrumb","itemListElement":[{"@type":"ListItem","position":1,"name":"Campingplatz Concarneau \u2013 S\u00fcdliches Finist\u00e8re","item":"https:\/\/www.domainedependruc.com\/de\/"},{"@type":"ListItem","position":2,"name":"Glamping Unterk\u00fcnfte nahe Concarneau"}]},{"@type":"WebSite","@id":"https:\/\/www.domainedependruc.com\/de\/#website","url":"https:\/\/www.domainedependruc.com\/de\/","name":"Domaine de Pendruc","description":"","potentialAction":[{"@type":"SearchAction","target":{"@type":"EntryPoint","urlTemplate":"https:\/\/www.domainedependruc.com\/de\/?s={search_term_string}"},"query-input":{"@type":"PropertyValueSpecification","valueRequired":true,"valueName":"search_term_string"}}],"inLanguage":"de"}]}},"_links":{"self":[{"href":"https:\/\/www.domainedependruc.com\/de\/wp-json\/wp\/v2\/pages\/14679"}],"collection":[{"href":"https:\/\/www.domainedependruc.com\/de\/wp-json\/wp\/v2\/pages"}],"about":[{"href":"https:\/\/www.domainedependruc.com\/de\/wp-json\/wp\/v2\/types\/page"}],"author":[{"embeddable":true,"href":"https:\/\/www.domainedependruc.com\/de\/wp-json\/wp\/v2\/users\/15"}],"replies":[{"embeddable":true,"href":"https:\/\/www.domainedependruc.com\/de\/wp-json\/wp\/v2\/comments?post=14679"}],"version-history":[{"count":10,"href":"https:\/\/www.domainedependruc.com\/de\/wp-json\/wp\/v2\/pages\/14679\/revisions"}],"predecessor-version":[{"id":14689,"href":"https:\/\/www.domainedependruc.com\/de\/wp-json\/wp\/v2\/pages\/14679\/revisions\/14689"}],"wp:attachment":[{"href":"https:\/\/www.domainedependruc.com\/de\/wp-json\/wp\/v2\/media?parent=14679"}],"curies":[{"name":"wp","href":"https:\/\/api.w.org\/{rel}","templated":true}]}}