{"id":14535,"date":"2026-02-10T13:14:13","date_gmt":"2026-02-10T12:14:13","guid":{"rendered":"https:\/\/www.domainedependruc.com\/?page_id=14535"},"modified":"2026-02-16T10:35:41","modified_gmt":"2026-02-16T09:35:41","slug":"camping-finistere","status":"publish","type":"page","link":"https:\/\/www.domainedependruc.com\/de\/camping-finistere\/","title":{"rendered":"Camping im s\u00fcdlichen Finist\u00e8re"},"content":{"rendered":"<section id=\"section-698b318b4abe5\"\" class=\"section bg-white p-b-0\" \/><div class=\"container extralarge\"><div class=\"colonnes-wrap valign-middle bg-color5 first-home \"><\/div><h1 class=\"element section-title center element section-title center in-view animated slideInUp\">Camping im s\u00fcdlichen Finist\u00e8re<\/h1><div class=\"element bloc-text justify \">\n\t<p>Tr\u00e4umen Sie davon, Ihren Urlaub auf einem\u00a0<strong>Campingplatz Sud Finist\u00e8re<\/strong>\u00a0zu verbringen? Unser\u00a0<a href=\"https:\/\/www.domainedependruc.com\/de\/\">Campingplatz Concarneau<\/a> 4 Sterne\u00a0in der Bretagne hei\u00dft Sie f\u00fcr entspannte Momente nur wenige Schritte vom Strand entfernt willkommen. Genie\u00dfen Sie eine au\u00dfergew\u00f6hnliche Umgebung zwischen Ozean und unber\u00fchrter Natur f\u00fcr einen\u00a0<strong>unvergesslichen Aufenthalt in Frankreich<\/strong>. Nur einen Kilometer von der wundersch\u00f6nen Bucht von\u00a0<strong>Pouldohan<\/strong>\u00a0entfernt, bietet Ihnen unser\u00a0<strong>Campingplatz Finist\u00e8re<\/strong>\u00a0einen einfachen Zugang zum Meer f\u00fcr vielf\u00e4ltige Wassersportaktivit\u00e4ten und erholsame Augenblicke im feinen Sand. In der\u00a0<strong>Bretagne<\/strong>\u00a0genie\u00dfen Sie einen\u00a0<strong>Familienurlaub<\/strong>\u00a0auf einem\u00a0<strong>Camping am Meer in Concarneau<\/strong>, der sowohl f\u00fcr Kinder als auch f\u00fcr Erwachsene konzipiert wurde und eine gro\u00dfe Auswahl an Aktivit\u00e4ten und Einrichtungen bietet, die den Bed\u00fcrfnissen aller gerecht werden.<\/p>\n<\/div><\/div><\/section>\n\n<section id=\"section-698b15f0316c8\"\" class=\"section bg-color5 p-b-0\" \/><div class=\"container full\"><div class=\"colonnes-wrap valign-top stretch\"><div class=\"element colonne w-40 p-8 bg-color4 valign-middle\"><div class=\"element bloc-text justify \">\n\t<h2>Ein Campingaufenthalt 1 km vom Strand entfernt<\/h2>\n<p>F\u00fcr\u00a0<strong>gelungene Familienferien<\/strong>\u00a0im\u00a0<strong>s\u00fcdlichen Finist\u00e8re<\/strong>\u00a0profitiert unser\u00a0<a href=\"https:\/\/www.domainedependruc.com\/de\/\"><strong>Campingplatz Concarneau 4 Sterne<\/strong><\/a>\u00a0von einer privilegierten Lage, nur\u00a0<strong>1 km vom Meer<\/strong>\u00a0entfernt. Dieser schnelle Zugang zu den Str\u00e4nden begeistert sowohl Eltern als auch Kinder: In wenigen Minuten erreichen Sie die K\u00fcste und genie\u00dfen die\u00a0<strong>einfachen Freuden der Bretagne<\/strong>\u00a0in vollen Z\u00fcgen.<\/p>\n<p>Am\u00a0<strong>Morgen<\/strong>\u00a0k\u00f6nnen Sie die\u00a0<strong>bretonischen Str\u00e4nde<\/strong>\u00a0entdecken, im Sand spielen,\u00a0<strong>Muscheln suchen<\/strong>\u00a0oder das\u00a0<strong>erste Bad des Tages<\/strong>\u00a0genie\u00dfen. Besonders die J\u00fcngsten lieben diese N\u00e4he zum Meer, und die leicht zug\u00e4nglichen Wege erm\u00f6glichen es, den Strand problemlos zu Fu\u00df oder mit dem Fahrrad zu erreichen. Die Eltern wiederum sch\u00e4tzen diese\u00a0<strong>ruhige nat\u00fcrliche Umgebung<\/strong>, in der sich jeder ganz entspannt bewegen kann.<\/p>\n<\/div><\/div><div class=\"element colonne w-60 p-0\"><div class=\"element images\"><div class=\"image\"><img decoding=\"async\" src=\"https:\/\/www.domainedependruc.com\/wp-content\/uploads\/2024\/09\/sept-2025-100x75.jpg\" data-src=\"https:\/\/www.domainedependruc.com\/wp-content\/uploads\/2024\/09\/sept-2025-scaled.jpg\" alt=\"camping finestre sud \" class=\"images_image\" \/><\/div><\/div><div class=\"element bloc-text center \">\n\t<h2 class=\"element section-title justify in-view animated slideInUp\">Ein au\u00dfergew\u00f6hnlicher Wasserbereich f\u00fcr Ihren Campingurlaub<\/h2>\n<div class=\"element bloc-text justify  in-view animated fadeIn\">\n<p>F\u00fcr Ihren\u00a0<strong>Campingurlaub im s\u00fcdlichen Finist\u00e8re<\/strong>\u00a0bietet Ihnen unser\u00a0<strong>Wasserpark<\/strong>\u00a0einzigartige Momente. Dieser Bereich befindet sich auf unserem\u00a0<a href=\"https:\/\/www.domainedependruc.com\/de\/camping-am-meer-concarneau\/\"><strong>Camping am Meer Concarneau<\/strong><\/a>\u00a0und ist mit beheizten Pools ein gro\u00dfer Pluspunkt. Bereits ab\u00a0<strong>April<\/strong>\u00a0k\u00f6nnen Sie in das beheizte Hallenbad eintauchen \u2013 ideal zum Baden bei jedem Wetter, selbst wenn der bretonische Himmel einmal bew\u00f6lkt ist.<\/p>\n<p>Rund um den\u00a0<strong>Pool laden Liegest\u00fchle<\/strong>\u00a0zum entspannten Sonnenbaden ein. Kinder und Erwachsene genie\u00dfen gleicherma\u00dfen die\u00a0<strong>Wasserrutschen<\/strong>, die f\u00fcr Spa\u00df und Action auf unserem\u00a0<strong>Campingplatz in der Bretagne<\/strong>\u00a0sorgen. Im\u00a0<strong>Juli und August<\/strong>\u00a0ist unser beheiztes Au\u00dfenbecken perfekt f\u00fcr\u00a0<strong>sonnige Badezeiten<\/strong>\u00a0unter dem Himmel der Bretagne.<\/p>\n<p>Ein\u00a0<strong>Balneotherapie-Bereich<\/strong>\u00a0l\u00e4dt zu einem\u00a0<strong>echten Moment der Entspannung<\/strong>\u00a0und Erholung ein. Lassen Sie sich von den wohltuenden Blasen unseres\u00a0<a href=\"https:\/\/www.domainedependruc.com\/de\/campingplatz-schwimmbad-finistere-sud\/\"><strong>Campingplatz mit Schwimmbad Concarneau<\/strong><\/a>\u00a0umh\u00fcllen und genie\u00dfen Sie eine ideale Wellnesspause \u2013 ob zu Beginn oder am Ende eines erlebnisreichen Tages entlang der\u00a0<strong>bretonischen K\u00fcsten<\/strong>\u00a0oder bei den zahlreichen Urlaubsaktivit\u00e4ten, die ein Aufenthalt auf einem\u00a0<strong>Campingplatz Finist\u00e8re<\/strong>\u00a0bereith\u00e4lt.<\/p>\n<\/div>\n<\/div><\/div><\/div><\/div><\/section>\n\n<section id=\"section-698b15f0317e0\"\" class=\"section bg-white p-t-0 p-b-0\" \/><div class=\"container full\"><div class=\"colonnes-wrap valign-middle \"><div class=\"element colonne w-20 p-0\"><div class=\"element images\"><div class=\"image\"><img decoding=\"async\" src=\"https:\/\/www.domainedependruc.com\/wp-content\/uploads\/2020\/11\/chambre-mobil-home-premium-finistere-100x62.jpg\" data-src=\"https:\/\/www.domainedependruc.com\/wp-content\/uploads\/2020\/11\/chambre-mobil-home-premium-finistere.jpg\" alt=\"chambre confort finestre sud\" class=\"images_image\" \/><\/div><\/div><\/div><div class=\"element colonne w-60 p-x-4\"><h2 class=\"element section-title justify\">Premium-Fu\u00dfg\u00e4ngerbereich und Zimmer im s\u00fcdlichen Finist\u00e8re f\u00fcr jeden Geschmack<\/h2><div class=\"element bloc-text justify \">\n\t<h2 class=\"element section-title justify in-view animated slideInUp\"><\/h2>\n<div class=\"element bloc-text justify  in-view animated fadeIn\">\n<p>Auf unserem\u00a0<strong>Campingplatz Sud Finist\u00e8re<\/strong>\u00a0finden Sie eine gro\u00dfe Auswahl an\u00a0<a href=\"https:\/\/www.domainedependruc.com\/de\/mobilheim-concarneau\/\"><strong>Mobilheim mieten Concarneau<\/strong><\/a>\u00a0sowie an ungew\u00f6hnliche Vermietung Concarneau und au\u00dferdem Zimmer, die ganz auf Ihre W\u00fcnsche abgestimmt sind. F\u00fcr einen Urlaub mit der Familie oder mit Freunden bietet unser\u00a0<strong>Campingplatz Sud Finist\u00e8re<\/strong>\u00a0komfortable und gut ausgestattete Zimmer. Alle unsere Unterk\u00fcnfte verf\u00fcgen \u00fcber einen Fernseher, eine ausgestattete K\u00fcche und bis zu zwei Badezimmer, um Ihren Komfort zu gew\u00e4hrleisten. Mit ein bis vier Schlafzimmern bieten unsere Mobilheime Platz f\u00fcr zwei bis acht Personen.<\/p>\n<p>Unser\u00a0<strong>Premium-Fu\u00dfg\u00e4ngerbereich<\/strong>\u00a0ist ideal f\u00fcr Familien mit Kindern. Dank des direkten Zugangs zum Spielplatz sch\u00e4tzen Eltern diese Sicherheit sowie die Freiheit der Kinder, sich unbeschwert zu bewegen. Eingebettet in eine gr\u00fcne Umgebung l\u00e4dt dieser sch\u00f6ne Bereich zum Entspannen ein.<\/p>\n<p>Die\u00a0<strong>Unterk\u00fcnfte Komfort und Premium<\/strong>\u00a0verf\u00fcgen \u00fcber eine\u00a0<strong>\u00fcberdachte, ausgestattete Terrasse<\/strong>\u00a0mit Gartenm\u00f6beln. Unser\u00a0<strong>Campingplatz Sud Finist\u00e8re<\/strong>\u00a0bietet au\u00dferdem die Vermietung von\u00a0<strong>Mobilheimen mit privatem SPA<\/strong>, wie dem Taos Premium, das auf einem gro\u00dfz\u00fcgigen, vor Blicken gesch\u00fctzten Grundst\u00fcck installiert ist. Eine wahre Oase des Komforts f\u00fcr einen au\u00dfergew\u00f6hnlichen Aufenthalt. Sie finden auf unserem\u00a0<strong>Campingplatz Finist\u00e8re<\/strong>\u00a0gegen\u00fcber den Gl\u00e9nan-Inseln ebenfalls einen Teil unserer\u00a0<a href=\"https:\/\/www.domainedependruc.com\/de\/mobilheim-sudlichen-finistere\/\"><strong>Mobilheimvermietung im s\u00fcdlichen Finist\u00e8re<\/strong><\/a>, der f\u00fcr Personen mit eingeschr\u00e4nkter Mobilit\u00e4t (PMR) geeignet ist, f\u00fcr einen Aufenthalt im Finist\u00e8re, der allen zug\u00e4nglich ist.<\/p>\n<\/div>\n<\/div><\/div><div class=\"element colonne w-20 p-0\"><div class=\"element images\"><div class=\"image\"><img decoding=\"async\" src=\"https:\/\/www.domainedependruc.com\/wp-content\/uploads\/2025\/01\/camping-concarneau-bretagne-avec-restaurant-100x78.webp\" data-src=\"https:\/\/www.domainedependruc.com\/wp-content\/uploads\/2025\/01\/camping-concarneau-bretagne-avec-restaurant.webp\" alt=\"Terrase confortable camping fin\u00e8stre sud\" class=\"images_image\" \/><\/div><\/div><\/div><\/div><\/div><\/section>\n\n<section id=\"section-698b318b4af87\"\" class=\"section bg-white\" \/><div class=\"container full\"><div class=\"colonnes-wrap valign-middle stretch\"><div class=\"element colonne w-60 p-0\"><div class=\"element call-to-action  call-to-action--style-1 call-to-action--big\"><a href=\"\"  class=\"call-to-action_link\" title=\"Mehr erfahren \u00fcber buiten vakantie\"><div class=\"call-to-action_image\"><img decoding=\"async\" src=\"https:\/\/www.domainedependruc.com\/wp-content\/uploads\/2023\/11\/ext-mh-marin-pendruc-100x67.jpg\" data-src=\"https:\/\/www.domainedependruc.com\/wp-content\/uploads\/2023\/11\/ext-mh-marin-pendruc.jpg\" alt=\"mh-marin-pendruc-fin\u00e8stre sud\" class=\"big\" \/><\/div><div class=\"call-to-action_contenu\"><div class=\"call-to-action_titre\">buiten vakantie<\/div><\/div><\/a><\/div><\/div><div class=\"element colonne w-40 p-8 bg-color4 valign-middle\"><h2 class=\"element section-title justify\">Gro\u00dfz\u00fcgige Stellpl\u00e4tze f\u00fcr einen Urlaub im Freien<\/h2><div class=\"element bloc-text justify \">\n\t<h2><\/h2>\n<p><span style=\"font-weight: 400;\">F\u00fcr alle, die das <\/span><b>traditionelle Camping<\/b><span style=\"font-weight: 400;\"> bevorzugen, bietet unser <\/span><b>camping am meer concarneau<\/b> <b>gro\u00dfz\u00fcgige Stellpl\u00e4tze<\/b><span style=\"font-weight: 400;\">, die ideal sind, um <\/span><b>Camping am Meer<\/b><span style=\"font-weight: 400;\"> zu genie\u00dfen. Campen Sie auf begr\u00fcnten, von Hecken umgebenen Parzellen und profitieren Sie vom Komfort unseres campingplatz finistere mit direktem Zugang zu den wichtigsten Einrichtungen: Sanit\u00e4ranlagen, Bereiche f\u00fcr Kinder und Wasserstellen. Ein Servicebereich steht zudem f\u00fcr Wohnmobilreisende zur Verf\u00fcgung und sorgt f\u00fcr <\/span><b>praktische Ferien in der Bretagne<\/b><span style=\"font-weight: 400;\">.<\/span><\/p>\n<\/div><\/div><\/div><\/div><\/section>\n\n<section id=\"section-698b15f031901\"\" class=\"section bg-white\" \/><div class=\"container full\"><div class=\"colonnes-wrap valign-bottom \"><div class=\"element colonne w-40 bg-color4 valign-middle p-6 p-l-10\"><h2 class=\"element section-title left pendruc-tente\">Angebote und Preise f\u00fcr Ihren Urlaub in der Bretagne<\/h2><div class=\"element bloc-text justify \">\n\t<p>Profitieren Sie von Sonderangeboten f\u00fcr Ihren Aufenthalt auf einem <strong>Campingplatz Sud Finist\u00e8re<\/strong>. Mit auf jede Saison abgestimmten Aktionen bietet Ihnen unser <strong>Campingplatz Sud Finist\u00e8re<\/strong> Urlaub in der Bretagne zum besten Preis. Ob f\u00fcr ein Wochenende oder mehrere Wochen \u2013 unser Vier-Sterne-Campingplatz garantiert unvergessliche Aufenthalte, um die Region zu entdecken und die Freuden des Strandes zu genie\u00dfen. F\u00fcr gelungene Ferien in Frankreich entscheiden Sie sich f\u00fcr den Komfort und die Geselligkeit unseres Hauses.<\/p>\n<h2>Besuchen Sie das Finist\u00e8re vom Campingplatz aus<\/h2>\n<ul>\n<li>Der Gl\u00e9nan-Archipel<\/li>\n<li>S\u00fcdliches Finist\u00e8re<\/li>\n<li>Tregunc<\/li>\n<li>Concarneau<\/li>\n<li>Brest<\/li>\n<li>B\u00e9nodet<\/li>\n<li>Douarnenez<\/li>\n<li>Fouesnant<\/li>\n<\/ul>\n<\/div><\/div><div class=\"element colonne p-0 p-b-8 w-60\"><div class=\"element call-to-action  call-to-action--style-1 call-to-action--big\"><a href=\"\"  class=\"call-to-action_link\" title=\"Mehr erfahren \u00fcber \"><div class=\"call-to-action_image\"><img decoding=\"async\" src=\"https:\/\/www.domainedependruc.com\/wp-content\/uploads\/2025\/11\/camping-a-1kms-de-la-plage-en-bretagne-100x67.jpg\" data-src=\"https:\/\/www.domainedependruc.com\/wp-content\/uploads\/2025\/11\/camping-a-1kms-de-la-plage-en-bretagne.jpg\" alt=\"camping-\u00e0 1kms-de-la-plage-en-fin\u00e8stre sud\" class=\"big\" \/><\/div><div class=\"call-to-action_contenu\"><div class=\"call-to-action_titre\"><\/div><\/div><\/a><\/div><\/div><\/div><\/div><\/section>\n\n<section id=\"section-5fa139e9696de\"\" class=\"section sixth-home bg-white\" \/><div class=\"container\"><h2 class=\"element section-title center pendruc-tarifs w-65\">Entdeckung der Stadt Concarneau und Aktivit\u00e4ten rund um den Campingplat<\/h2><div class=\"element bloc-text center \">\n\t<p>Entdecken Sie die Stadt Concarneau und ihre Umgebung von unserem <strong>Campingplatz Sud Finist\u00e8re<\/strong> aus. Zwischen der Ville Close von Concarneau, dem Fischereihafen und dem Gl\u00e9nan-Archipel bietet diese Stadt zahlreiche Sch\u00e4tze, die es mit der Familie oder mit Freunden zu entdecken gilt. Direkt am Meer gelegen, ist diese K\u00fcstenstadt ideal, um Wassersportaktivit\u00e4ten wie Kajak, Stand-up-Paddling, Segeln oder Tauchen zu genie\u00dfen. Neben ihrem kulturellen Reichtum bietet die Bretagne eine gro\u00dfz\u00fcgige Natur und einzigartige Landschaften, die es zu erkunden gilt.<\/p>\n<h2>Aktivit\u00e4ten und Animationen f\u00fcr alle auf unserem Campingplatz<\/h2>\n<p>Unser <strong>Campingplatz Sud Finist\u00e8re<\/strong> bietet Aktivit\u00e4ten f\u00fcr die ganze Familie und garantiert abwechslungsreiche und unterhaltsame Ferien. Auf dem Campingplatz finden Sie einen Kinderclub, Spiele sowie Animationen f\u00fcr jedes Alter. Ob Spazierg\u00e4nge am Meer, Sportturniere oder Themenabende \u2013 unser <strong>Campingplatz Sud Finist\u00e8re<\/strong> verspricht unvergessliche Momente. Dank unserer idealen Lage in der Bretagne k\u00f6nnen Sie au\u00dferdem einen aktiven Urlaub genie\u00dfen und die nat\u00fcrliche Sch\u00f6nheit der Region entdecken.<\/p>\n<p>Ob als Paar, mit Freunden oder mit der Familie \u2013 unser <strong>Campingplatz Sud Finist\u00e8re<\/strong> bietet Ihnen eine au\u00dfergew\u00f6hnliche Umgebung f\u00fcr Ihren Urlaub in Frankreich. Genie\u00dfen Sie die Bretagne, ihre Str\u00e4nde und vielf\u00e4ltigen Aktivit\u00e4ten, und kommen Sie, um unseren <strong>Campingplatz Sud Finist\u00e8re<\/strong> zu entdecken, f\u00fcr einen unvergesslichen Aufenthalt an einem einzigartigen Ort, an dem jedes Familienmitglied, von den Kleinsten bis zu den Gr\u00f6\u00dften, sch\u00f6ne Momente im Herzen der Bretagne erleben kann.<\/p>\n<\/div><a href=\"https:\/\/www.domainedependruc.com\/de\/gunstige-angebote\/\" title=\"Die Preise\" class=\"element bouton center\" ><span>Die Preise<\/span><\/a><\/div><\/section>","protected":false},"excerpt":{"rendered":"","protected":false},"author":15,"featured_media":14627,"parent":0,"menu_order":0,"comment_status":"closed","ping_status":"closed","template":"","meta":{"_acf_changed":false,"footnotes":""},"class_list":["post-14535","page","type-page","status-publish","has-post-thumbnail","hentry"],"acf":[],"yoast_head":"<!-- This site is optimized with the Yoast SEO plugin v25.3 - https:\/\/yoast.com\/wordpress\/plugins\/seo\/ -->\n<title>Camping im s\u00fcdlichen Finist\u00e8re: 4-Sterne-Camping am Meer<\/title>\n<meta name=\"description\" content=\"Erleben Sie entspannten Familienurlaub nahe Concarneau: beheizter Wasserpark, Strand in 1 km, Mobilheime. Jetzt Campingurlaub im Finist\u00e8re buchen jetzt\" \/>\n<meta name=\"robots\" content=\"index, follow, max-snippet:-1, max-image-preview:large, max-video-preview:-1\" \/>\n<link rel=\"canonical\" href=\"https:\/\/www.domainedependruc.com\/de\/camping-finistere\/\" \/>\n<meta property=\"og:locale\" content=\"de_DE\" \/>\n<meta property=\"og:type\" content=\"article\" \/>\n<meta property=\"og:title\" content=\"Camping im s\u00fcdlichen Finist\u00e8re: 4-Sterne-Camping am Meer\" \/>\n<meta property=\"og:description\" content=\"Erleben Sie entspannten Familienurlaub nahe Concarneau: beheizter Wasserpark, Strand in 1 km, Mobilheime. Jetzt Campingurlaub im Finist\u00e8re buchen jetzt\" \/>\n<meta property=\"og:url\" content=\"https:\/\/www.domainedependruc.com\/de\/camping-finistere\/\" \/>\n<meta property=\"og:site_name\" content=\"Domaine de Pendruc\" \/>\n<meta property=\"article:modified_time\" content=\"2026-02-16T09:35:41+00:00\" \/>\n<meta property=\"og:image\" content=\"https:\/\/www.domainedependruc.com\/wp-content\/uploads\/2026\/02\/Camping-finestre-Sud.jpg\" \/>\n\t<meta property=\"og:image:width\" content=\"2560\" \/>\n\t<meta property=\"og:image:height\" content=\"1920\" \/>\n\t<meta property=\"og:image:type\" content=\"image\/jpeg\" \/>\n<meta name=\"twitter:card\" content=\"summary_large_image\" \/>\n<meta name=\"twitter:label1\" content=\"Gesch\u00e4tzte Lesezeit\" \/>\n\t<meta name=\"twitter:data1\" content=\"1\u00a0Minute\" \/>\n<script type=\"application\/ld+json\" class=\"yoast-schema-graph\">{\"@context\":\"https:\/\/schema.org\",\"@graph\":[{\"@type\":\"WebPage\",\"@id\":\"https:\/\/www.domainedependruc.com\/de\/camping-finistere\/\",\"url\":\"https:\/\/www.domainedependruc.com\/de\/camping-finistere\/\",\"name\":\"Camping im s\u00fcdlichen Finist\u00e8re: 4-Sterne-Camping am Meer\",\"isPartOf\":{\"@id\":\"https:\/\/www.domainedependruc.com\/de\/#website\"},\"primaryImageOfPage\":{\"@id\":\"https:\/\/www.domainedependruc.com\/de\/camping-finistere\/#primaryimage\"},\"image\":{\"@id\":\"https:\/\/www.domainedependruc.com\/de\/camping-finistere\/#primaryimage\"},\"thumbnailUrl\":\"https:\/\/www.domainedependruc.com\/wp-content\/uploads\/2026\/02\/Camping-finestre-Sud.jpg\",\"datePublished\":\"2026-02-10T12:14:13+00:00\",\"dateModified\":\"2026-02-16T09:35:41+00:00\",\"description\":\"Erleben Sie entspannten Familienurlaub nahe Concarneau: beheizter Wasserpark, Strand in 1 km, Mobilheime. Jetzt Campingurlaub im Finist\u00e8re buchen jetzt\",\"breadcrumb\":{\"@id\":\"https:\/\/www.domainedependruc.com\/de\/camping-finistere\/#breadcrumb\"},\"inLanguage\":\"de\",\"potentialAction\":[{\"@type\":\"ReadAction\",\"target\":[\"https:\/\/www.domainedependruc.com\/de\/camping-finistere\/\"]}]},{\"@type\":\"ImageObject\",\"inLanguage\":\"de\",\"@id\":\"https:\/\/www.domainedependruc.com\/de\/camping-finistere\/#primaryimage\",\"url\":\"https:\/\/www.domainedependruc.com\/wp-content\/uploads\/2026\/02\/Camping-finestre-Sud.jpg\",\"contentUrl\":\"https:\/\/www.domainedependruc.com\/wp-content\/uploads\/2026\/02\/Camping-finestre-Sud.jpg\",\"width\":2560,\"height\":1920,\"caption\":\"Camping fin\u00e8stre Sud\"},{\"@type\":\"BreadcrumbList\",\"@id\":\"https:\/\/www.domainedependruc.com\/de\/camping-finistere\/#breadcrumb\",\"itemListElement\":[{\"@type\":\"ListItem\",\"position\":1,\"name\":\"Campingplatz Concarneau \u2013 S\u00fcdliches Finist\u00e8re\",\"item\":\"https:\/\/www.domainedependruc.com\/de\/\"},{\"@type\":\"ListItem\",\"position\":2,\"name\":\"Camping Finistere am meer\"}]},{\"@type\":\"WebSite\",\"@id\":\"https:\/\/www.domainedependruc.com\/de\/#website\",\"url\":\"https:\/\/www.domainedependruc.com\/de\/\",\"name\":\"Domaine de Pendruc\",\"description\":\"\",\"potentialAction\":[{\"@type\":\"SearchAction\",\"target\":{\"@type\":\"EntryPoint\",\"urlTemplate\":\"https:\/\/www.domainedependruc.com\/de\/?s={search_term_string}\"},\"query-input\":{\"@type\":\"PropertyValueSpecification\",\"valueRequired\":true,\"valueName\":\"search_term_string\"}}],\"inLanguage\":\"de\"}]}<\/script>\n<!-- \/ Yoast SEO plugin. -->","yoast_head_json":{"title":"Camping im s\u00fcdlichen Finist\u00e8re: 4-Sterne-Camping am Meer","description":"Erleben Sie entspannten Familienurlaub nahe Concarneau: beheizter Wasserpark, Strand in 1 km, Mobilheime. Jetzt Campingurlaub im Finist\u00e8re buchen jetzt","robots":{"index":"index","follow":"follow","max-snippet":"max-snippet:-1","max-image-preview":"max-image-preview:large","max-video-preview":"max-video-preview:-1"},"canonical":"https:\/\/www.domainedependruc.com\/de\/camping-finistere\/","og_locale":"de_DE","og_type":"article","og_title":"Camping im s\u00fcdlichen Finist\u00e8re: 4-Sterne-Camping am Meer","og_description":"Erleben Sie entspannten Familienurlaub nahe Concarneau: beheizter Wasserpark, Strand in 1 km, Mobilheime. Jetzt Campingurlaub im Finist\u00e8re buchen jetzt","og_url":"https:\/\/www.domainedependruc.com\/de\/camping-finistere\/","og_site_name":"Domaine de Pendruc","article_modified_time":"2026-02-16T09:35:41+00:00","og_image":[{"width":2560,"height":1920,"url":"https:\/\/www.domainedependruc.com\/wp-content\/uploads\/2026\/02\/Camping-finestre-Sud.jpg","type":"image\/jpeg"}],"twitter_card":"summary_large_image","twitter_misc":{"Gesch\u00e4tzte Lesezeit":"1\u00a0Minute"},"schema":{"@context":"https:\/\/schema.org","@graph":[{"@type":"WebPage","@id":"https:\/\/www.domainedependruc.com\/de\/camping-finistere\/","url":"https:\/\/www.domainedependruc.com\/de\/camping-finistere\/","name":"Camping im s\u00fcdlichen Finist\u00e8re: 4-Sterne-Camping am Meer","isPartOf":{"@id":"https:\/\/www.domainedependruc.com\/de\/#website"},"primaryImageOfPage":{"@id":"https:\/\/www.domainedependruc.com\/de\/camping-finistere\/#primaryimage"},"image":{"@id":"https:\/\/www.domainedependruc.com\/de\/camping-finistere\/#primaryimage"},"thumbnailUrl":"https:\/\/www.domainedependruc.com\/wp-content\/uploads\/2026\/02\/Camping-finestre-Sud.jpg","datePublished":"2026-02-10T12:14:13+00:00","dateModified":"2026-02-16T09:35:41+00:00","description":"Erleben Sie entspannten Familienurlaub nahe Concarneau: beheizter Wasserpark, Strand in 1 km, Mobilheime. Jetzt Campingurlaub im Finist\u00e8re buchen jetzt","breadcrumb":{"@id":"https:\/\/www.domainedependruc.com\/de\/camping-finistere\/#breadcrumb"},"inLanguage":"de","potentialAction":[{"@type":"ReadAction","target":["https:\/\/www.domainedependruc.com\/de\/camping-finistere\/"]}]},{"@type":"ImageObject","inLanguage":"de","@id":"https:\/\/www.domainedependruc.com\/de\/camping-finistere\/#primaryimage","url":"https:\/\/www.domainedependruc.com\/wp-content\/uploads\/2026\/02\/Camping-finestre-Sud.jpg","contentUrl":"https:\/\/www.domainedependruc.com\/wp-content\/uploads\/2026\/02\/Camping-finestre-Sud.jpg","width":2560,"height":1920,"caption":"Camping fin\u00e8stre Sud"},{"@type":"BreadcrumbList","@id":"https:\/\/www.domainedependruc.com\/de\/camping-finistere\/#breadcrumb","itemListElement":[{"@type":"ListItem","position":1,"name":"Campingplatz Concarneau \u2013 S\u00fcdliches Finist\u00e8re","item":"https:\/\/www.domainedependruc.com\/de\/"},{"@type":"ListItem","position":2,"name":"Camping Finistere am meer"}]},{"@type":"WebSite","@id":"https:\/\/www.domainedependruc.com\/de\/#website","url":"https:\/\/www.domainedependruc.com\/de\/","name":"Domaine de Pendruc","description":"","potentialAction":[{"@type":"SearchAction","target":{"@type":"EntryPoint","urlTemplate":"https:\/\/www.domainedependruc.com\/de\/?s={search_term_string}"},"query-input":{"@type":"PropertyValueSpecification","valueRequired":true,"valueName":"search_term_string"}}],"inLanguage":"de"}]}},"_links":{"self":[{"href":"https:\/\/www.domainedependruc.com\/de\/wp-json\/wp\/v2\/pages\/14535"}],"collection":[{"href":"https:\/\/www.domainedependruc.com\/de\/wp-json\/wp\/v2\/pages"}],"about":[{"href":"https:\/\/www.domainedependruc.com\/de\/wp-json\/wp\/v2\/types\/page"}],"author":[{"embeddable":true,"href":"https:\/\/www.domainedependruc.com\/de\/wp-json\/wp\/v2\/users\/15"}],"replies":[{"embeddable":true,"href":"https:\/\/www.domainedependruc.com\/de\/wp-json\/wp\/v2\/comments?post=14535"}],"version-history":[{"count":77,"href":"https:\/\/www.domainedependruc.com\/de\/wp-json\/wp\/v2\/pages\/14535\/revisions"}],"predecessor-version":[{"id":14634,"href":"https:\/\/www.domainedependruc.com\/de\/wp-json\/wp\/v2\/pages\/14535\/revisions\/14634"}],"wp:featuredmedia":[{"embeddable":true,"href":"https:\/\/www.domainedependruc.com\/de\/wp-json\/wp\/v2\/media\/14627"}],"wp:attachment":[{"href":"https:\/\/www.domainedependruc.com\/de\/wp-json\/wp\/v2\/media?parent=14535"}],"curies":[{"name":"wp","href":"https:\/\/api.w.org\/{rel}","templated":true}]}}