{"id":14430,"date":"2025-12-05T14:26:24","date_gmt":"2025-12-05T13:26:24","guid":{"rendered":"https:\/\/www.domainedependruc.com\/?page_id=14430"},"modified":"2025-12-05T14:26:37","modified_gmt":"2025-12-05T13:26:37","slug":"tourismus-tregunc","status":"publish","type":"page","link":"https:\/\/www.domainedependruc.com\/de\/tourismus-sudliches-finistere\/tourismus-tregunc\/","title":{"rendered":"Tourisme : Tregunc"},"content":{"rendered":"<section id=\"section-5fad1bd6d65e6\"\" class=\"section first-home bg-white p-b-0\" \/><div class=\"container extralarge\"><h1 class=\"element section-title center\">Urlaub in Tregunc<\/h1><\/div><\/section>\n\n<section id=\"section-5fad1bd6d6914\"\" class=\"section bg-white p-b-0\" \/><div class=\"container full\"><div class=\"colonnes-wrap valign-top stretch\"><div class=\"element colonne w-40 p-8 bg-color4 valign-middle\"><h2 class=\"element section-title left\">IHR CAMPINGPLATZ TREGUN<\/h2><div class=\"element bloc-text justify \">\n\t<p>Planen Sie einen Urlaub in der S\u00fcdbretagne auf einem Campingplatz am Meer? Die Domaine de Pendruc, ein Campingplatz in Tregunc in der N\u00e4he von Concarneau, bietet Ihnen ein vielf\u00e4ltiges Angebot an Unterk\u00fcnften und Ferienwohnungen f\u00fcr Ihren Aufenthalt im s\u00fcdlichen Finist\u00e8re im Badeort Tr\u00e9gunc in der Cornouaille.<\/p>\n<p>Auf einem sch\u00f6nen, <strong class=\"bold color1\">mit B\u00e4umen bewachsenen Campingplatz<\/strong> k\u00f6nnen Sie Ihr Zelt auf einem der freien Stellpl\u00e4tze aufschlagen, die auch f\u00fcr Wohnwagen und Wohnmobile geeignet sind, oder f\u00fcr mehr Komfort ein <strong class=\"bold color1\">Mobilheim mieten<\/strong>.<\/p>\n<p>Die Mobilheime von Pendruc Tregunc bieten Platz f\u00fcr 2 bis 8 Personen und erm\u00f6glichen Ihnen einen Aufenthalt mit der Familie, Freunden oder zu zweit in der <strong class=\"bold color1\">charmanten Gemeinde Tregunc<\/strong>.<\/p>\n<p>Verbringen Sie Ihren n\u00e4chsten Familienurlaub auf einem Campingplatz in der Domaine de Pendruc und freuen Sie sich auf einen gelungenen Campingurlaub in der Bretagne. Die verschiedenen Unterk\u00fcnfte liegen nur wenige Schritte vom Wasserpark mit seinem beheizten Hallenbad sowie vom feinen Sandstrand des Atlantiks in der S\u00fcdbretagne entfernt, wo Sie verschiedenen Wassersportarten nachgehen k\u00f6nnen.<\/p>\n<\/div><\/div><div class=\"element colonne w-60 p-0\"><div class=\"element images\"><div class=\"image\"><img decoding=\"async\" src=\"https:\/\/www.domainedependruc.com\/wp-content\/uploads\/2020\/11\/caravane-camping-100x39.jpg\" data-src=\"https:\/\/www.domainedependruc.com\/wp-content\/uploads\/2020\/11\/caravane-camping.jpg\" alt=\"Urlaub in Tregunc\" class=\"images_image\" \/><\/div><\/div><div class=\"element bloc-text center p-0 m-0\">\n\t<p class=\"m-0\"><iframe src=\"https:\/\/www.youtube.com\/embed\/mmg70ADbeiM\" frameborder=\"0\" allow=\"accelerometer; autoplay; clipboard-write; encrypted-media; gyroscope; picture-in-picture\" allowfullscreen><\/iframe><\/p>\n<\/div><\/div><\/div><\/div><\/section>\n\n<section id=\"section-5fad1bd6d6c79\"\" class=\"section bg-white p-t-0 p-b-0\" \/><div class=\"container full\"><div class=\"accordeon\"><div class=\"slide \"><div class=\"slide_image\"><img decoding=\"async\" src=\"https:\/\/www.domainedependruc.com\/wp-content\/uploads\/2020\/11\/visite-tregunc-100x88.jpg\" data-src=\"https:\/\/www.domainedependruc.com\/wp-content\/uploads\/2020\/11\/visite-tregunc.jpg\" alt=\"visite tregunc\" class=\"\" \/><\/div><\/div><div class=\"slide \"><div class=\"slide_image\"><img decoding=\"async\" src=\"https:\/\/www.domainedependruc.com\/wp-content\/uploads\/2020\/11\/vacances-plage-tregun-100x88.jpg\" data-src=\"https:\/\/www.domainedependruc.com\/wp-content\/uploads\/2020\/11\/vacances-plage-tregun.jpg\" alt=\"vacances plage tregun\" class=\"\" \/><\/div><\/div><div class=\"slide \"><div class=\"slide_image\"><img decoding=\"async\" src=\"https:\/\/www.domainedependruc.com\/wp-content\/uploads\/2020\/11\/randonnee-tregunc-1-100x88.jpg\" data-src=\"https:\/\/www.domainedependruc.com\/wp-content\/uploads\/2020\/11\/randonnee-tregunc-1.jpg\" alt=\"randonn\u00e9e tregunc\" class=\"\" \/><\/div><\/div><div class=\"slide \"><div class=\"slide_image\"><img decoding=\"async\" src=\"https:\/\/www.domainedependruc.com\/wp-content\/uploads\/2020\/11\/patrimoine-tregunc-100x88.jpg\" data-src=\"https:\/\/www.domainedependruc.com\/wp-content\/uploads\/2020\/11\/patrimoine-tregunc.jpg\" alt=\"patrimoine tregunc\" class=\"\" \/><\/div><\/div><\/div><\/div><\/section>\n\n<section id=\"section-5fad115c7e657\"\" class=\"section bg-white p-t-0 p-b-0\" \/><div class=\"container full\"><div class=\"colonnes-wrap valign-top stretch\"><div class=\"element colonne w-60 p-0\"><div class=\"element images\"><div class=\"image\"><img decoding=\"async\" src=\"https:\/\/www.domainedependruc.com\/wp-content\/uploads\/2020\/11\/vacances-tregunc-100x35.jpg\" data-src=\"https:\/\/www.domainedependruc.com\/wp-content\/uploads\/2020\/11\/vacances-tregunc.jpg\" alt=\"Urlaub in Tregun\" class=\"images_image\" \/><\/div><\/div><div class=\"element bloc-text justify bg-color5 p-x-10 m-0 p-y-5\">\n\t<h2>TOURISMUS IN TREGUNC<\/h2>\n<p>Auf halbem Weg zwischen <strong class=\"bold color1\">Concarneau<\/strong> und <a href=\"\/actualites-camping-finistere\/visiter-pont-aven\/\"><strong class=\"bold color1\">Pont Aven<\/strong><\/a> in der Bretagne liegt <a href=\"https:\/\/www.deconcarneauapontaven.com\/explorer\/vacances-de-concarneau-a-pont-aven\/vacances-visites-a-tregunc\/\" rel=\"noopener\">Tr\u00e9gunc<\/a> gegen\u00fcber dem Archipel Gl\u00e9nan, das man von der K\u00fcste aus sehen kann. Die Gemeinde bietet eine gro\u00dfe Vielfalt an Landschaften: wei\u00dfe Sandstr\u00e4nde, Felsen, Buchten, D\u00fcnen und S\u00fcmpfe, nur einen Katzensprung von Trejunc entfernt. Begeben Sie sich auf die verschiedenen K\u00fcstenwege f\u00fcr Spazierg\u00e4nge mit Meerblick, bei denen Sie verschiedene feine Sandstr\u00e4nde und Buchten entdecken k\u00f6nnen.<\/p>\n<p>Mit einer <strong class=\"bold color1\">bemerkenswerten Flora und Fauna<\/strong>, insbesondere V\u00f6geln, D\u00fcnen und einer Reihe von Teichen, umfassen die Tr\u00e9vignon-Teiche eine Fl\u00e4che von 300 Hektar, die als Natura-2000-Gebiet ausgewiesen ist. Zum Kulturerbe der <a href=\"http:\/\/www.tregunc.fr\/\" rel=\"noopener\">Stadt Tr\u00e9gunc<\/a> geh\u00f6ren auch ihre Steins\u00e4ulen, \u201emein zao\u201d auf Bretonisch, eine in Frankreich einzigartige <strong class=\"bold color1\">architektonische Besonderheit<\/strong> aus dem 17. und 19. Jahrhundert.<\/p>\n<\/div><\/div><div class=\"element colonne w-40 p-8 bg-color4 valign-middle\"><div class=\"element bloc-text justify \">\n\t<p>In Tr\u00e9gunc k\u00f6nnen Sie viele dieser <strong class=\"bold color1\">alten Bauwerke<\/strong> sehen, H\u00e4user, Mauern oder Z\u00e4une, die aus diesen Granitbl\u00f6cken errichtet wurden. Auch legend\u00e4re Steine spielen eine wichtige Rolle, darunter 9 Meter hohe Menhire und Felsen in Form von versteinerten Tieren&#8230;<\/p>\n<p>In der Hochsaison werden vom Fremdenverkehrsamt <strong class=\"bold color1\">Naturf\u00fchrungen<\/strong> und <strong class=\"bold color1\">Kulturerbef\u00fchrungen<\/strong> angeboten. Das Maison de la Mer und das Maison du Littoral in Trejunc pr\u00e4sentieren das ganze Jahr \u00fcber Ausstellungen. Jeden Mittwoch im Sommer werden an verschiedenen <strong class=\"bold color1\">bemerkenswerten Orten<\/strong> der Gemeinde im <a href=\"\/tourisme-finistere-sud\/\">s\u00fcdlichen Finist\u00e8re<\/a> festliche Veranstaltungen angeboten. Dazu geh\u00f6ren Abendkonzerte, insbesondere die <strong class=\"bold color1\">\u201eMercredis de Tr\u00e9gunc\u201d<\/strong>, Tagesveranstaltungen wie Strandgymnastik in Kersidan oder Pouldohan und bretonische Tanzkurse.<\/p>\n<p><strong class=\"bold color1\">Was die Aktivit\u00e4ten angeht<\/strong>, k\u00f6nnen Sie Wassersport betreiben und <a href=\"\/actualites-camping-finistere\/location-de-bateau-a-tregunc\/\">in Tr\u00e9gunc ein Boot mieten<\/a>.<\/p>\n<\/div><\/div><\/div><\/div><\/section>\n\n<section id=\"section-5fad1bd6d725e\"\" class=\"section first-home bg-white\" \/><div class=\"container extralarge\"><div class=\"element section-title center\">Die Umgebung von Tregunc<\/div><ul class=\"liste-de-page\"><li class=\"element call-to-action carre call-to-action--style-1 call-to-action--normal\"><a href=\"https:\/\/www.domainedependruc.com\/de\/tourismus-sudliches-finistere\/unsere-tipps-im-finistere\/\"  class=\"call-to-action_link\" title=\"Mehr erfahren \u00fcber nos bons plans dans le finist\u00e8re\"><div class=\"call-to-action_image\"><img decoding=\"async\" src=\"https:\/\/www.domainedependruc.com\/wp-content\/uploads\/2020\/11\/bons-plans-finistere-100x26.jpg\" data-src=\"https:\/\/www.domainedependruc.com\/wp-content\/uploads\/2020\/11\/bons-plans-finistere.jpg\" alt=\"\" class=\"normal\" \/><\/div><div class=\"call-to-action_contenu\"><div class=\"call-to-action_titre\">Nos bons plans dans le Finist\u00e8re<\/div><\/div><\/a><\/li><li class=\"element call-to-action carre call-to-action--style-1 call-to-action--normal call-to-action--style-1 call-to-action--normal\"><a href=\"https:\/\/www.domainedependruc.com\/de\/tourismus-sudliches-finistere\/tourismus-aktivitaten-im-sudlichen-finistere\/\"  class=\"call-to-action_link\" title=\"Mehr erfahren \u00fcber tourisme : activit\u00e9 en finist\u00e8re sud\"><div class=\"call-to-action_image\"><img decoding=\"async\" src=\"https:\/\/www.domainedependruc.com\/wp-content\/uploads\/2020\/11\/activites-finistere-100x26.jpg\" data-src=\"https:\/\/www.domainedependruc.com\/wp-content\/uploads\/2020\/11\/activites-finistere.jpg\" alt=\"\" class=\"normal\" \/><\/div><div class=\"call-to-action_contenu\"><div class=\"call-to-action_titre\">Tourisme : Activit\u00e9 en Finist\u00e8re sud<\/div><\/div><\/a><\/li><li class=\"element call-to-action carre call-to-action--style-1 call-to-action--normal call-to-action--style-1 call-to-action--normal call-to-action--style-1 call-to-action--normal\"><a href=\"https:\/\/www.domainedependruc.com\/de\/tourismus-sudliches-finistere\/tourism-concarneau\/\"  class=\"call-to-action_link\" title=\"Mehr erfahren \u00fcber tourisme : concarneau\"><div class=\"call-to-action_image\"><img decoding=\"async\" src=\"https:\/\/www.domainedependruc.com\/wp-content\/uploads\/2020\/11\/concarneau-visite-1-100x26.jpg\" data-src=\"https:\/\/www.domainedependruc.com\/wp-content\/uploads\/2020\/11\/concarneau-visite-1.jpg\" alt=\"\" class=\"normal\" \/><\/div><div class=\"call-to-action_contenu\"><div class=\"call-to-action_titre\">Tourisme : Concarneau<\/div><\/div><\/a><\/li><li class=\"element call-to-action carre call-to-action--style-1 call-to-action--normal call-to-action--style-1 call-to-action--normal call-to-action--style-1 call-to-action--normal call-to-action--style-1 call-to-action--normal\"><a href=\"https:\/\/www.domainedependruc.com\/de\/tourismus-sudliches-finistere\/tourismus-archipel-der-glenan-im-finistere\/\"  class=\"call-to-action_link\" title=\"Mehr erfahren \u00fcber tourisme : l&#8217;archipel des gl\u00e9nan dans le finist\u00e8re\"><div class=\"call-to-action_image\"><img decoding=\"async\" src=\"https:\/\/www.domainedependruc.com\/wp-content\/uploads\/2020\/11\/visite-archipel-glenan-100x26.jpg\" data-src=\"https:\/\/www.domainedependruc.com\/wp-content\/uploads\/2020\/11\/visite-archipel-glenan.jpg\" alt=\"\" class=\"normal\" \/><\/div><div class=\"call-to-action_contenu\"><div class=\"call-to-action_titre\">Tourisme : L&#8217;archipel des Gl\u00e9nan dans le Finist\u00e8re<\/div><\/div><\/a><\/li><li class=\"element call-to-action carre call-to-action--style-1 call-to-action--normal call-to-action--style-1 call-to-action--normal call-to-action--style-1 call-to-action--normal call-to-action--style-1 call-to-action--normal call-to-action--style-1 call-to-action--normal\"><a href=\"https:\/\/www.domainedependruc.com\/de\/tourismus-sudliches-finistere\/tourismus-wanderungen-sudliches-finistere\/\"  class=\"call-to-action_link\" title=\"Mehr erfahren \u00fcber tourisme : randonn\u00e9es finist\u00e8re sud\"><div class=\"call-to-action_image\"><img decoding=\"async\" src=\"https:\/\/www.domainedependruc.com\/wp-content\/uploads\/2020\/11\/randonnee-finistere-sud-100x26.jpg\" data-src=\"https:\/\/www.domainedependruc.com\/wp-content\/uploads\/2020\/11\/randonnee-finistere-sud.jpg\" alt=\"\" class=\"normal\" \/><\/div><div class=\"call-to-action_contenu\"><div class=\"call-to-action_titre\">Tourisme : Randonn\u00e9es Finist\u00e8re Sud<\/div><\/div><\/a><\/li><\/ul><\/div><\/section>","protected":false},"excerpt":{"rendered":"","protected":false},"author":1,"featured_media":13501,"parent":14166,"menu_order":0,"comment_status":"closed","ping_status":"closed","template":"","meta":{"_acf_changed":false,"footnotes":""},"class_list":["post-14430","page","type-page","status-publish","has-post-thumbnail","hentry"],"acf":[],"yoast_head":"<!-- This site is optimized with the Yoast SEO plugin v25.3 - https:\/\/yoast.com\/wordpress\/plugins\/seo\/ -->\n<title>Tourisme : Tregunc - Domaine de Pendruc<\/title>\n<meta name=\"robots\" content=\"index, follow, max-snippet:-1, max-image-preview:large, max-video-preview:-1\" \/>\n<link rel=\"canonical\" href=\"https:\/\/www.domainedependruc.com\/de\/tourismus-sudliches-finistere\/tourismus-tregunc\/\" \/>\n<meta property=\"og:locale\" content=\"de_DE\" \/>\n<meta property=\"og:type\" content=\"article\" \/>\n<meta property=\"og:title\" content=\"Tourisme : Tregunc - Domaine de Pendruc\" \/>\n<meta property=\"og:url\" content=\"https:\/\/www.domainedependruc.com\/de\/tourismus-sudliches-finistere\/tourismus-tregunc\/\" \/>\n<meta property=\"og:site_name\" content=\"Domaine de Pendruc\" \/>\n<meta property=\"article:modified_time\" content=\"2025-12-05T13:26:37+00:00\" \/>\n<meta property=\"og:image\" content=\"https:\/\/www.domainedependruc.com\/wp-content\/uploads\/2021\/06\/vacances-camping-tregunc.jpg\" \/>\n\t<meta property=\"og:image:width\" content=\"1900\" \/>\n\t<meta property=\"og:image:height\" content=\"500\" \/>\n\t<meta property=\"og:image:type\" content=\"image\/jpeg\" \/>\n<meta name=\"twitter:card\" content=\"summary_large_image\" \/>\n<script type=\"application\/ld+json\" class=\"yoast-schema-graph\">{\"@context\":\"https:\/\/schema.org\",\"@graph\":[{\"@type\":\"WebPage\",\"@id\":\"https:\/\/www.domainedependruc.com\/de\/tourismus-sudliches-finistere\/tourismus-tregunc\/\",\"url\":\"https:\/\/www.domainedependruc.com\/de\/tourismus-sudliches-finistere\/tourismus-tregunc\/\",\"name\":\"Tourisme : Tregunc - Domaine de Pendruc\",\"isPartOf\":{\"@id\":\"https:\/\/www.domainedependruc.com\/de\/#website\"},\"primaryImageOfPage\":{\"@id\":\"https:\/\/www.domainedependruc.com\/de\/tourismus-sudliches-finistere\/tourismus-tregunc\/#primaryimage\"},\"image\":{\"@id\":\"https:\/\/www.domainedependruc.com\/de\/tourismus-sudliches-finistere\/tourismus-tregunc\/#primaryimage\"},\"thumbnailUrl\":\"https:\/\/www.domainedependruc.com\/wp-content\/uploads\/2021\/06\/vacances-camping-tregunc.jpg\",\"datePublished\":\"2025-12-05T13:26:24+00:00\",\"dateModified\":\"2025-12-05T13:26:37+00:00\",\"breadcrumb\":{\"@id\":\"https:\/\/www.domainedependruc.com\/de\/tourismus-sudliches-finistere\/tourismus-tregunc\/#breadcrumb\"},\"inLanguage\":\"de\",\"potentialAction\":[{\"@type\":\"ReadAction\",\"target\":[\"https:\/\/www.domainedependruc.com\/de\/tourismus-sudliches-finistere\/tourismus-tregunc\/\"]}]},{\"@type\":\"ImageObject\",\"inLanguage\":\"de\",\"@id\":\"https:\/\/www.domainedependruc.com\/de\/tourismus-sudliches-finistere\/tourismus-tregunc\/#primaryimage\",\"url\":\"https:\/\/www.domainedependruc.com\/wp-content\/uploads\/2021\/06\/vacances-camping-tregunc.jpg\",\"contentUrl\":\"https:\/\/www.domainedependruc.com\/wp-content\/uploads\/2021\/06\/vacances-camping-tregunc.jpg\",\"width\":1900,\"height\":500},{\"@type\":\"BreadcrumbList\",\"@id\":\"https:\/\/www.domainedependruc.com\/de\/tourismus-sudliches-finistere\/tourismus-tregunc\/#breadcrumb\",\"itemListElement\":[{\"@type\":\"ListItem\",\"position\":1,\"name\":\"Campingplatz Concarneau \u2013 S\u00fcdliches Finist\u00e8re\",\"item\":\"https:\/\/www.domainedependruc.com\/de\/\"},{\"@type\":\"ListItem\",\"position\":2,\"name\":\"Tourismus im Finist\u00e8re\",\"item\":\"https:\/\/www.domainedependruc.com\/de\/tourismus-sudliches-finistere\/\"},{\"@type\":\"ListItem\",\"position\":3,\"name\":\"Tourisme : Tregunc\"}]},{\"@type\":\"WebSite\",\"@id\":\"https:\/\/www.domainedependruc.com\/de\/#website\",\"url\":\"https:\/\/www.domainedependruc.com\/de\/\",\"name\":\"Domaine de Pendruc\",\"description\":\"\",\"potentialAction\":[{\"@type\":\"SearchAction\",\"target\":{\"@type\":\"EntryPoint\",\"urlTemplate\":\"https:\/\/www.domainedependruc.com\/de\/?s={search_term_string}\"},\"query-input\":{\"@type\":\"PropertyValueSpecification\",\"valueRequired\":true,\"valueName\":\"search_term_string\"}}],\"inLanguage\":\"de\"}]}<\/script>\n<!-- \/ Yoast SEO plugin. -->","yoast_head_json":{"title":"Tourisme : Tregunc - Domaine de Pendruc","robots":{"index":"index","follow":"follow","max-snippet":"max-snippet:-1","max-image-preview":"max-image-preview:large","max-video-preview":"max-video-preview:-1"},"canonical":"https:\/\/www.domainedependruc.com\/de\/tourismus-sudliches-finistere\/tourismus-tregunc\/","og_locale":"de_DE","og_type":"article","og_title":"Tourisme : Tregunc - Domaine de Pendruc","og_url":"https:\/\/www.domainedependruc.com\/de\/tourismus-sudliches-finistere\/tourismus-tregunc\/","og_site_name":"Domaine de Pendruc","article_modified_time":"2025-12-05T13:26:37+00:00","og_image":[{"width":1900,"height":500,"url":"https:\/\/www.domainedependruc.com\/wp-content\/uploads\/2021\/06\/vacances-camping-tregunc.jpg","type":"image\/jpeg"}],"twitter_card":"summary_large_image","schema":{"@context":"https:\/\/schema.org","@graph":[{"@type":"WebPage","@id":"https:\/\/www.domainedependruc.com\/de\/tourismus-sudliches-finistere\/tourismus-tregunc\/","url":"https:\/\/www.domainedependruc.com\/de\/tourismus-sudliches-finistere\/tourismus-tregunc\/","name":"Tourisme : Tregunc - Domaine de Pendruc","isPartOf":{"@id":"https:\/\/www.domainedependruc.com\/de\/#website"},"primaryImageOfPage":{"@id":"https:\/\/www.domainedependruc.com\/de\/tourismus-sudliches-finistere\/tourismus-tregunc\/#primaryimage"},"image":{"@id":"https:\/\/www.domainedependruc.com\/de\/tourismus-sudliches-finistere\/tourismus-tregunc\/#primaryimage"},"thumbnailUrl":"https:\/\/www.domainedependruc.com\/wp-content\/uploads\/2021\/06\/vacances-camping-tregunc.jpg","datePublished":"2025-12-05T13:26:24+00:00","dateModified":"2025-12-05T13:26:37+00:00","breadcrumb":{"@id":"https:\/\/www.domainedependruc.com\/de\/tourismus-sudliches-finistere\/tourismus-tregunc\/#breadcrumb"},"inLanguage":"de","potentialAction":[{"@type":"ReadAction","target":["https:\/\/www.domainedependruc.com\/de\/tourismus-sudliches-finistere\/tourismus-tregunc\/"]}]},{"@type":"ImageObject","inLanguage":"de","@id":"https:\/\/www.domainedependruc.com\/de\/tourismus-sudliches-finistere\/tourismus-tregunc\/#primaryimage","url":"https:\/\/www.domainedependruc.com\/wp-content\/uploads\/2021\/06\/vacances-camping-tregunc.jpg","contentUrl":"https:\/\/www.domainedependruc.com\/wp-content\/uploads\/2021\/06\/vacances-camping-tregunc.jpg","width":1900,"height":500},{"@type":"BreadcrumbList","@id":"https:\/\/www.domainedependruc.com\/de\/tourismus-sudliches-finistere\/tourismus-tregunc\/#breadcrumb","itemListElement":[{"@type":"ListItem","position":1,"name":"Campingplatz Concarneau \u2013 S\u00fcdliches Finist\u00e8re","item":"https:\/\/www.domainedependruc.com\/de\/"},{"@type":"ListItem","position":2,"name":"Tourismus im Finist\u00e8re","item":"https:\/\/www.domainedependruc.com\/de\/tourismus-sudliches-finistere\/"},{"@type":"ListItem","position":3,"name":"Tourisme : Tregunc"}]},{"@type":"WebSite","@id":"https:\/\/www.domainedependruc.com\/de\/#website","url":"https:\/\/www.domainedependruc.com\/de\/","name":"Domaine de Pendruc","description":"","potentialAction":[{"@type":"SearchAction","target":{"@type":"EntryPoint","urlTemplate":"https:\/\/www.domainedependruc.com\/de\/?s={search_term_string}"},"query-input":{"@type":"PropertyValueSpecification","valueRequired":true,"valueName":"search_term_string"}}],"inLanguage":"de"}]}},"_links":{"self":[{"href":"https:\/\/www.domainedependruc.com\/de\/wp-json\/wp\/v2\/pages\/14430"}],"collection":[{"href":"https:\/\/www.domainedependruc.com\/de\/wp-json\/wp\/v2\/pages"}],"about":[{"href":"https:\/\/www.domainedependruc.com\/de\/wp-json\/wp\/v2\/types\/page"}],"author":[{"embeddable":true,"href":"https:\/\/www.domainedependruc.com\/de\/wp-json\/wp\/v2\/users\/1"}],"replies":[{"embeddable":true,"href":"https:\/\/www.domainedependruc.com\/de\/wp-json\/wp\/v2\/comments?post=14430"}],"version-history":[{"count":1,"href":"https:\/\/www.domainedependruc.com\/de\/wp-json\/wp\/v2\/pages\/14430\/revisions"}],"predecessor-version":[{"id":14431,"href":"https:\/\/www.domainedependruc.com\/de\/wp-json\/wp\/v2\/pages\/14430\/revisions\/14431"}],"up":[{"embeddable":true,"href":"https:\/\/www.domainedependruc.com\/de\/wp-json\/wp\/v2\/pages\/14166"}],"wp:featuredmedia":[{"embeddable":true,"href":"https:\/\/www.domainedependruc.com\/de\/wp-json\/wp\/v2\/media\/13501"}],"wp:attachment":[{"href":"https:\/\/www.domainedependruc.com\/de\/wp-json\/wp\/v2\/media?parent=14430"}],"curies":[{"name":"wp","href":"https:\/\/api.w.org\/{rel}","templated":true}]}}