{"id":14428,"date":"2025-12-05T14:22:33","date_gmt":"2025-12-05T13:22:33","guid":{"rendered":"https:\/\/www.domainedependruc.com\/?page_id=14428"},"modified":"2025-12-05T15:45:51","modified_gmt":"2025-12-05T14:45:51","slug":"tourismus-wanderungen-sudliches-finistere","status":"publish","type":"page","link":"https:\/\/www.domainedependruc.com\/de\/tourismus-sudliches-finistere\/tourismus-wanderungen-sudliches-finistere\/","title":{"rendered":"Tourisme : Randonn\u00e9es Finist\u00e8re Sud"},"content":{"rendered":"<section id=\"section-5fad1bd6d65e6\"\" class=\"section first-home bg-white p-b-0\" \/><div class=\"container extralarge\"><h1 class=\"element section-title center\">Wanderungen im s\u00fcdlichen Finist\u00e8re<\/h1><\/div><\/section>\n\n<section id=\"section-5fad1bd6d6914\"\" class=\"section bg-white p-b-0\" \/><div class=\"container full\"><div class=\"colonnes-wrap valign-top stretch\"><div class=\"element colonne w-40 p-8 bg-color4 valign-middle\"><h2 class=\"element section-title left\">Wandern im s\u00fcdlichen Finist\u00e8re: 100 km Wanderweg<\/h2><div class=\"element bloc-text justify \">\n\t<p>Wie w\u00e4re es mit einer <strong class=\"bold color1\">Wanderung im Finist\u00e8re<\/strong> w\u00e4hrend Ihres Aufenthalts in Tr\u00e9gunc in der N\u00e4he unseres <a href=\"\/\">Campingplatzes im s\u00fcdlichen Finist\u00e8re bei Concarneau<\/a>?<\/p>\n<p>G\u00f6nnen Sie sich einen Urlaub im Einklang mit der Natur, bei dem Sie bei sch\u00f6nen Spazierg\u00e4ngen auf verschiedenen Wanderwegen die frische Luft genie\u00dfen k\u00f6nnen.<\/p>\n<p>Unter den verschiedenen markierten Wanderwegen, die vom Dorf Tr\u00e9gunc aus angeboten werden, k\u00f6nnen Sie die <strong class=\"bold color1\">Route<\/strong> w\u00e4hlen, die Ihnen am besten gef\u00e4llt:<\/p>\n<ul>\n<li>Wanderung von Saint-Philibert (7 km)<\/li>\n<li>Wanderung von Tr\u00e9vignon (7 km)<\/li>\n<li>Spaziergang von Penanroz (3 km)<\/li>\n<li>Spaziergang von Don (2,5 km)<\/li>\n<li>Spaziergang von Kersidan (4 km)<\/li>\n<\/ul>\n<p>Auf diesen Wanderwegen entdecken Sie eine perfekt gesch\u00fctzte <strong class=\"bold color1\">Fauna und Flora<\/strong> sowie <strong class=\"bold color1\">au\u00dfergew\u00f6hnliche Naturlandschaften<\/strong>. Auf den Wanderungen und Spazierg\u00e4ngen vorbei an der <a href=\"\/actualites-camping-finistere\/decouverte-de-la-pointe-du-raz\/\">Pointe du Raz<\/a>, den <a href=\"https:\/\/www.domainedependruc.com\/actualites-camping-finistere\/les-monts-darree\/\">Monts d&#8217;Arr\u00e9e<\/a>, einem regionalen Naturpark, der <a href=\"\/actualites-camping-finistere\/la-presquile-de-crozon-et-ses-pointes\/\">Halbinsel Crozon<\/a>, zahlreichen D\u00f6rfern und Klippen genie\u00dfen Sie atemberaubende Ausblicke auf die Pays Bigoudin. Der franz\u00f6sische Wanderverein der Region ist in dieser Gegend besonders aktiv. Die zahlreichen ein- bis mehrt\u00e4gigen Wanderungen inmitten der Natur entlang der K\u00fcste bieten alles, was das Wanderherz begehrt. Weitere Informationen zu den einzelnen Wanderwegen erhalten Sie bei der Touristeninformation. Erfahrene Wanderer k\u00f6nnen sich auf dem <strong class=\"bold color1\">GR34<\/strong> auf markierte Wanderwege mit H\u00f6henunterschieden begeben.<\/p>\n<\/div><\/div><div class=\"element colonne w-60 p-0\"><div class=\"element images\"><div class=\"image\"><img decoding=\"async\" src=\"https:\/\/www.domainedependruc.com\/wp-content\/uploads\/2020\/11\/sentier-gr34-finistere-100x50.jpg\" data-src=\"https:\/\/www.domainedependruc.com\/wp-content\/uploads\/2020\/11\/sentier-gr34-finistere.jpg\" alt=\"sentier gr34 finistere\" class=\"images_image\" \/><\/div><\/div><div class=\"element bloc-text center bg-color5 p-x-10 m-0 p-y-5\">\n\t<p>F\u00fcr Radsportbegeisterte, die gerne Touren unternehmen, gibt es im Finist\u00e8re ebenfalls zahlreiche Radwege.<\/p>\n<p>Verpassen Sie nicht den ber\u00fchmten K\u00fcstenweg zwischen Tr\u00e9gunc und Concarneau, der auch \u201eSentier des Douaniers\u201c (Z\u00f6llnerpfad) genannt wird. Mit der Familie oder mit Freunden erwarten Sie zahlreiche Spazierg\u00e4nge und Wanderungen, um die Region Finist\u00e8re optimal zu entdecken.<\/p>\n<p>Wanderer und Liebhaber von langen Wanderungen, f\u00fcr einen gelungenen Urlaub im Herzen der Bretagne z\u00f6gern Sie nicht, Ihre Unterkunft auf unserem 4-Sterne-Campingplatz zu buchen und die au\u00dfergew\u00f6hnliche Naturlandschaft auf den verschiedenen Wanderwegen zu genie\u00dfen.<\/p>\n<p>&nbsp;<\/p>\n<\/div><\/div><\/div><\/div><\/section>\n\n<section id=\"section-5fad1bd6d6c79\"\" class=\"section bg-white p-t-0 p-b-0\" \/><div class=\"container full\"><div class=\"accordeon\"><div class=\"slide \"><div class=\"slide_image\"><img decoding=\"async\" src=\"https:\/\/www.domainedependruc.com\/wp-content\/uploads\/2020\/11\/sentier-randonnee-finistere-sud-100x88.jpg\" data-src=\"https:\/\/www.domainedependruc.com\/wp-content\/uploads\/2020\/11\/sentier-randonnee-finistere-sud.jpg\" alt=\"sentier randonn\u00e9e finistere-sud\" class=\"\" \/><\/div><\/div><div class=\"slide \"><div class=\"slide_image\"><img decoding=\"async\" src=\"https:\/\/www.domainedependruc.com\/wp-content\/uploads\/2020\/11\/sentier-finistere-sud-100x88.jpg\" data-src=\"https:\/\/www.domainedependruc.com\/wp-content\/uploads\/2020\/11\/sentier-finistere-sud.jpg\" alt=\"sentier finistere-sud\" class=\"\" \/><\/div><\/div><div class=\"slide \"><div class=\"slide_image\"><img decoding=\"async\" src=\"https:\/\/www.domainedependruc.com\/wp-content\/uploads\/2020\/11\/randonnee-camping-100x88.jpg\" data-src=\"https:\/\/www.domainedependruc.com\/wp-content\/uploads\/2020\/11\/randonnee-camping.jpg\" alt=\"randonn\u00e9e camping\" class=\"\" \/><\/div><\/div><div class=\"slide \"><div class=\"slide_image\"><img decoding=\"async\" src=\"https:\/\/www.domainedependruc.com\/wp-content\/uploads\/2020\/11\/randonnee-depart-tregunc-100x88.jpg\" data-src=\"https:\/\/www.domainedependruc.com\/wp-content\/uploads\/2020\/11\/randonnee-depart-tregunc.jpg\" alt=\"randonn\u00e9e d\u00e9part tregunc\" class=\"\" \/><\/div><\/div><\/div><\/div><\/section>\n\n<section id=\"section-5fad115c7e657\"\" class=\"section bg-white p-t-0 p-b-0\" \/><div class=\"container full\"><div class=\"colonnes-wrap valign-top stretch\"><div class=\"element colonne w-60 p-0\"><div class=\"element images\"><div class=\"image\"><img decoding=\"async\" src=\"https:\/\/www.domainedependruc.com\/wp-content\/uploads\/2020\/11\/top-randonnee-finistere-sud-100x31.jpg\" data-src=\"https:\/\/www.domainedependruc.com\/wp-content\/uploads\/2020\/11\/top-randonnee-finistere-sud.jpg\" alt=\"Top-Wanderung im s\u00fcdlichen Finist\u00e8re\" class=\"images_image\" \/><\/div><\/div><div class=\"element bloc-text center bg-color5 p-x-10 m-0 p-y-5\">\n\t<h2>Die sch\u00f6nsten Wanderungen im s\u00fcdlichen Finist\u00e8re<\/h2>\n<p>F\u00fcr Ihre Wanderungen oder Radtouren bietet Ihnen die Stadt Tr\u00e9gunc etwa zehn verschiedene Routen: Wanderwege von 2,5 bis 7 km L\u00e4nge, eine 7 km lange Mountainbike-Strecke und Radwege mit einer L\u00e4nge von bis zu 21,5 km.<\/p>\n<p>Sie k\u00f6nnen nat\u00fcrlich den Schwierigkeitsgrad Ihrer Wanderung w\u00e4hlen, indem Sie sich an der Rezeption der Domaine de Pendruc oder im Fremdenverkehrsamt von Tr\u00e9gunc sowie in den Wanderf\u00fchrern informieren.<\/p>\n<p>&nbsp;<\/p>\n<\/div><\/div><div class=\"element colonne w-40 p-8 bg-color4 valign-middle\"><div class=\"element bloc-text justify \">\n\t<p>Eine vom Fremdenverkehrsamt organisierte 2,5-st\u00fcndige Wanderung erz\u00e4hlt die Legenden der Menhire, und weitere gef\u00fchrte Wanderungen sind geplant, um die lokalen Sch\u00e4tze auf andere Weise zu entdecken (von April bis September).<\/p>\n<p>Wandern Sie nicht mehr alleine, der Campingplatz im s\u00fcdlichen Finist\u00e8re bietet Ihnen jeden Dienstagvormittag eine Gruppenwanderung an.<\/p>\n<p>Entdecken Sie zu Fu\u00df vom Campingplatz aus oder mit Fahrgemeinschaften unsere sch\u00f6ne Region und das s\u00fcdliche Finist\u00e8re bei einer etwa zweist\u00fcndigen Wanderung.<\/p>\n<p>&nbsp;<\/p>\n<\/div><\/div><\/div><\/div><\/section>\n\n<section id=\"section-5fad1bd6d725e\"\" class=\"section first-home bg-white\" \/><div class=\"container extralarge\"><div class=\"element section-title center\">Entdecken Sie das s\u00fcdliche Finist\u00e8re<\/div><ul class=\"liste-de-page\"><li class=\"element call-to-action carre call-to-action--style-1 call-to-action--normal\"><a href=\"https:\/\/www.domainedependruc.com\/de\/tourismus-sudliches-finistere\/tourismus-tregunc\/\"  class=\"call-to-action_link\" title=\"Mehr erfahren \u00fcber tourisme : tregunc\"><div class=\"call-to-action_image\"><img decoding=\"async\" src=\"https:\/\/www.domainedependruc.com\/wp-content\/uploads\/2021\/06\/vacances-camping-tregunc-100x26.jpg\" data-src=\"https:\/\/www.domainedependruc.com\/wp-content\/uploads\/2021\/06\/vacances-camping-tregunc.jpg\" alt=\"\" class=\"normal\" \/><\/div><div class=\"call-to-action_contenu\"><div class=\"call-to-action_titre\">Tourisme : Tregunc<\/div><\/div><\/a><\/li><\/ul><\/div><\/section>","protected":false},"excerpt":{"rendered":"","protected":false},"author":1,"featured_media":13102,"parent":14166,"menu_order":0,"comment_status":"closed","ping_status":"closed","template":"","meta":{"_acf_changed":false,"footnotes":""},"class_list":["post-14428","page","type-page","status-publish","has-post-thumbnail","hentry"],"acf":[],"yoast_head":"<!-- This site is optimized with the Yoast SEO plugin v25.3 - https:\/\/yoast.com\/wordpress\/plugins\/seo\/ -->\n<title>Wanderungen im s\u00fcdlichen Finist\u00e8re | Die besten Routen<\/title>\n<meta name=\"description\" content=\"Entdecken Sie die sch\u00f6nsten Wanderungen im s\u00fcdlichen Finist\u00e8re w\u00e4hrend Ihres n\u00e4chsten Aufenthalts auf dem 4-Sterne-Campingplatz Domaine de Pendruc in Tr\u00e9gunc!\" \/>\n<meta name=\"robots\" content=\"index, follow, max-snippet:-1, max-image-preview:large, max-video-preview:-1\" \/>\n<link rel=\"canonical\" href=\"https:\/\/www.domainedependruc.com\/de\/tourismus-sudliches-finistere\/tourismus-wanderungen-sudliches-finistere\/\" \/>\n<meta property=\"og:locale\" content=\"de_DE\" \/>\n<meta property=\"og:type\" content=\"article\" \/>\n<meta property=\"og:title\" content=\"Wanderungen im s\u00fcdlichen Finist\u00e8re | Die besten Routen\" \/>\n<meta property=\"og:description\" content=\"Entdecken Sie die sch\u00f6nsten Wanderungen im s\u00fcdlichen Finist\u00e8re w\u00e4hrend Ihres n\u00e4chsten Aufenthalts auf dem 4-Sterne-Campingplatz Domaine de Pendruc in Tr\u00e9gunc!\" \/>\n<meta property=\"og:url\" content=\"https:\/\/www.domainedependruc.com\/de\/tourismus-sudliches-finistere\/tourismus-wanderungen-sudliches-finistere\/\" \/>\n<meta property=\"og:site_name\" content=\"Domaine de Pendruc\" \/>\n<meta property=\"article:modified_time\" content=\"2025-12-05T14:45:51+00:00\" \/>\n<meta property=\"og:image\" content=\"https:\/\/www.domainedependruc.com\/wp-content\/uploads\/2020\/11\/randonnee-finistere-sud.jpg\" \/>\n\t<meta property=\"og:image:width\" content=\"1903\" \/>\n\t<meta property=\"og:image:height\" content=\"501\" \/>\n\t<meta property=\"og:image:type\" content=\"image\/jpeg\" \/>\n<meta name=\"twitter:card\" content=\"summary_large_image\" \/>\n<meta name=\"twitter:label1\" content=\"Gesch\u00e4tzte Lesezeit\" \/>\n\t<meta name=\"twitter:data1\" content=\"1\u00a0Minute\" \/>\n<script type=\"application\/ld+json\" class=\"yoast-schema-graph\">{\"@context\":\"https:\/\/schema.org\",\"@graph\":[{\"@type\":\"WebPage\",\"@id\":\"https:\/\/www.domainedependruc.com\/de\/tourismus-sudliches-finistere\/tourismus-wanderungen-sudliches-finistere\/\",\"url\":\"https:\/\/www.domainedependruc.com\/de\/tourismus-sudliches-finistere\/tourismus-wanderungen-sudliches-finistere\/\",\"name\":\"Wanderungen im s\u00fcdlichen Finist\u00e8re | Die besten Routen\",\"isPartOf\":{\"@id\":\"https:\/\/www.domainedependruc.com\/de\/#website\"},\"primaryImageOfPage\":{\"@id\":\"https:\/\/www.domainedependruc.com\/de\/tourismus-sudliches-finistere\/tourismus-wanderungen-sudliches-finistere\/#primaryimage\"},\"image\":{\"@id\":\"https:\/\/www.domainedependruc.com\/de\/tourismus-sudliches-finistere\/tourismus-wanderungen-sudliches-finistere\/#primaryimage\"},\"thumbnailUrl\":\"https:\/\/www.domainedependruc.com\/wp-content\/uploads\/2020\/11\/randonnee-finistere-sud.jpg\",\"datePublished\":\"2025-12-05T13:22:33+00:00\",\"dateModified\":\"2025-12-05T14:45:51+00:00\",\"description\":\"Entdecken Sie die sch\u00f6nsten Wanderungen im s\u00fcdlichen Finist\u00e8re w\u00e4hrend Ihres n\u00e4chsten Aufenthalts auf dem 4-Sterne-Campingplatz Domaine de Pendruc in Tr\u00e9gunc!\",\"breadcrumb\":{\"@id\":\"https:\/\/www.domainedependruc.com\/de\/tourismus-sudliches-finistere\/tourismus-wanderungen-sudliches-finistere\/#breadcrumb\"},\"inLanguage\":\"de\",\"potentialAction\":[{\"@type\":\"ReadAction\",\"target\":[\"https:\/\/www.domainedependruc.com\/de\/tourismus-sudliches-finistere\/tourismus-wanderungen-sudliches-finistere\/\"]}]},{\"@type\":\"ImageObject\",\"inLanguage\":\"de\",\"@id\":\"https:\/\/www.domainedependruc.com\/de\/tourismus-sudliches-finistere\/tourismus-wanderungen-sudliches-finistere\/#primaryimage\",\"url\":\"https:\/\/www.domainedependruc.com\/wp-content\/uploads\/2020\/11\/randonnee-finistere-sud.jpg\",\"contentUrl\":\"https:\/\/www.domainedependruc.com\/wp-content\/uploads\/2020\/11\/randonnee-finistere-sud.jpg\",\"width\":1903,\"height\":501},{\"@type\":\"BreadcrumbList\",\"@id\":\"https:\/\/www.domainedependruc.com\/de\/tourismus-sudliches-finistere\/tourismus-wanderungen-sudliches-finistere\/#breadcrumb\",\"itemListElement\":[{\"@type\":\"ListItem\",\"position\":1,\"name\":\"Campingplatz Concarneau \u2013 S\u00fcdliches Finist\u00e8re\",\"item\":\"https:\/\/www.domainedependruc.com\/de\/\"},{\"@type\":\"ListItem\",\"position\":2,\"name\":\"Tourismus im Finist\u00e8re\",\"item\":\"https:\/\/www.domainedependruc.com\/de\/tourismus-sudliches-finistere\/\"},{\"@type\":\"ListItem\",\"position\":3,\"name\":\"Wanderungen im s\u00fcdlichen Finist\u00e8re\"}]},{\"@type\":\"WebSite\",\"@id\":\"https:\/\/www.domainedependruc.com\/de\/#website\",\"url\":\"https:\/\/www.domainedependruc.com\/de\/\",\"name\":\"Domaine de Pendruc\",\"description\":\"\",\"potentialAction\":[{\"@type\":\"SearchAction\",\"target\":{\"@type\":\"EntryPoint\",\"urlTemplate\":\"https:\/\/www.domainedependruc.com\/de\/?s={search_term_string}\"},\"query-input\":{\"@type\":\"PropertyValueSpecification\",\"valueRequired\":true,\"valueName\":\"search_term_string\"}}],\"inLanguage\":\"de\"}]}<\/script>\n<!-- \/ Yoast SEO plugin. -->","yoast_head_json":{"title":"Wanderungen im s\u00fcdlichen Finist\u00e8re | Die besten Routen","description":"Entdecken Sie die sch\u00f6nsten Wanderungen im s\u00fcdlichen Finist\u00e8re w\u00e4hrend Ihres n\u00e4chsten Aufenthalts auf dem 4-Sterne-Campingplatz Domaine de Pendruc in Tr\u00e9gunc!","robots":{"index":"index","follow":"follow","max-snippet":"max-snippet:-1","max-image-preview":"max-image-preview:large","max-video-preview":"max-video-preview:-1"},"canonical":"https:\/\/www.domainedependruc.com\/de\/tourismus-sudliches-finistere\/tourismus-wanderungen-sudliches-finistere\/","og_locale":"de_DE","og_type":"article","og_title":"Wanderungen im s\u00fcdlichen Finist\u00e8re | Die besten Routen","og_description":"Entdecken Sie die sch\u00f6nsten Wanderungen im s\u00fcdlichen Finist\u00e8re w\u00e4hrend Ihres n\u00e4chsten Aufenthalts auf dem 4-Sterne-Campingplatz Domaine de Pendruc in Tr\u00e9gunc!","og_url":"https:\/\/www.domainedependruc.com\/de\/tourismus-sudliches-finistere\/tourismus-wanderungen-sudliches-finistere\/","og_site_name":"Domaine de Pendruc","article_modified_time":"2025-12-05T14:45:51+00:00","og_image":[{"width":1903,"height":501,"url":"https:\/\/www.domainedependruc.com\/wp-content\/uploads\/2020\/11\/randonnee-finistere-sud.jpg","type":"image\/jpeg"}],"twitter_card":"summary_large_image","twitter_misc":{"Gesch\u00e4tzte Lesezeit":"1\u00a0Minute"},"schema":{"@context":"https:\/\/schema.org","@graph":[{"@type":"WebPage","@id":"https:\/\/www.domainedependruc.com\/de\/tourismus-sudliches-finistere\/tourismus-wanderungen-sudliches-finistere\/","url":"https:\/\/www.domainedependruc.com\/de\/tourismus-sudliches-finistere\/tourismus-wanderungen-sudliches-finistere\/","name":"Wanderungen im s\u00fcdlichen Finist\u00e8re | Die besten Routen","isPartOf":{"@id":"https:\/\/www.domainedependruc.com\/de\/#website"},"primaryImageOfPage":{"@id":"https:\/\/www.domainedependruc.com\/de\/tourismus-sudliches-finistere\/tourismus-wanderungen-sudliches-finistere\/#primaryimage"},"image":{"@id":"https:\/\/www.domainedependruc.com\/de\/tourismus-sudliches-finistere\/tourismus-wanderungen-sudliches-finistere\/#primaryimage"},"thumbnailUrl":"https:\/\/www.domainedependruc.com\/wp-content\/uploads\/2020\/11\/randonnee-finistere-sud.jpg","datePublished":"2025-12-05T13:22:33+00:00","dateModified":"2025-12-05T14:45:51+00:00","description":"Entdecken Sie die sch\u00f6nsten Wanderungen im s\u00fcdlichen Finist\u00e8re w\u00e4hrend Ihres n\u00e4chsten Aufenthalts auf dem 4-Sterne-Campingplatz Domaine de Pendruc in Tr\u00e9gunc!","breadcrumb":{"@id":"https:\/\/www.domainedependruc.com\/de\/tourismus-sudliches-finistere\/tourismus-wanderungen-sudliches-finistere\/#breadcrumb"},"inLanguage":"de","potentialAction":[{"@type":"ReadAction","target":["https:\/\/www.domainedependruc.com\/de\/tourismus-sudliches-finistere\/tourismus-wanderungen-sudliches-finistere\/"]}]},{"@type":"ImageObject","inLanguage":"de","@id":"https:\/\/www.domainedependruc.com\/de\/tourismus-sudliches-finistere\/tourismus-wanderungen-sudliches-finistere\/#primaryimage","url":"https:\/\/www.domainedependruc.com\/wp-content\/uploads\/2020\/11\/randonnee-finistere-sud.jpg","contentUrl":"https:\/\/www.domainedependruc.com\/wp-content\/uploads\/2020\/11\/randonnee-finistere-sud.jpg","width":1903,"height":501},{"@type":"BreadcrumbList","@id":"https:\/\/www.domainedependruc.com\/de\/tourismus-sudliches-finistere\/tourismus-wanderungen-sudliches-finistere\/#breadcrumb","itemListElement":[{"@type":"ListItem","position":1,"name":"Campingplatz Concarneau \u2013 S\u00fcdliches Finist\u00e8re","item":"https:\/\/www.domainedependruc.com\/de\/"},{"@type":"ListItem","position":2,"name":"Tourismus im Finist\u00e8re","item":"https:\/\/www.domainedependruc.com\/de\/tourismus-sudliches-finistere\/"},{"@type":"ListItem","position":3,"name":"Wanderungen im s\u00fcdlichen Finist\u00e8re"}]},{"@type":"WebSite","@id":"https:\/\/www.domainedependruc.com\/de\/#website","url":"https:\/\/www.domainedependruc.com\/de\/","name":"Domaine de Pendruc","description":"","potentialAction":[{"@type":"SearchAction","target":{"@type":"EntryPoint","urlTemplate":"https:\/\/www.domainedependruc.com\/de\/?s={search_term_string}"},"query-input":{"@type":"PropertyValueSpecification","valueRequired":true,"valueName":"search_term_string"}}],"inLanguage":"de"}]}},"_links":{"self":[{"href":"https:\/\/www.domainedependruc.com\/de\/wp-json\/wp\/v2\/pages\/14428"}],"collection":[{"href":"https:\/\/www.domainedependruc.com\/de\/wp-json\/wp\/v2\/pages"}],"about":[{"href":"https:\/\/www.domainedependruc.com\/de\/wp-json\/wp\/v2\/types\/page"}],"author":[{"embeddable":true,"href":"https:\/\/www.domainedependruc.com\/de\/wp-json\/wp\/v2\/users\/1"}],"replies":[{"embeddable":true,"href":"https:\/\/www.domainedependruc.com\/de\/wp-json\/wp\/v2\/comments?post=14428"}],"version-history":[{"count":1,"href":"https:\/\/www.domainedependruc.com\/de\/wp-json\/wp\/v2\/pages\/14428\/revisions"}],"predecessor-version":[{"id":14429,"href":"https:\/\/www.domainedependruc.com\/de\/wp-json\/wp\/v2\/pages\/14428\/revisions\/14429"}],"up":[{"embeddable":true,"href":"https:\/\/www.domainedependruc.com\/de\/wp-json\/wp\/v2\/pages\/14166"}],"wp:featuredmedia":[{"embeddable":true,"href":"https:\/\/www.domainedependruc.com\/de\/wp-json\/wp\/v2\/media\/13102"}],"wp:attachment":[{"href":"https:\/\/www.domainedependruc.com\/de\/wp-json\/wp\/v2\/media?parent=14428"}],"curies":[{"name":"wp","href":"https:\/\/api.w.org\/{rel}","templated":true}]}}