{"id":14426,"date":"2025-12-05T14:18:03","date_gmt":"2025-12-05T13:18:03","guid":{"rendered":"https:\/\/www.domainedependruc.com\/?page_id=14426"},"modified":"2025-12-05T15:43:07","modified_gmt":"2025-12-05T14:43:07","slug":"tourismus-archipel-der-glenan-im-finistere","status":"publish","type":"page","link":"https:\/\/www.domainedependruc.com\/de\/tourismus-sudliches-finistere\/tourismus-archipel-der-glenan-im-finistere\/","title":{"rendered":"Tourisme : L&#8217;archipel des Gl\u00e9nan dans le Finist\u00e8re"},"content":{"rendered":"<section id=\"section-5fad1bd6d65e6\"\" class=\"section first-home bg-white p-b-0\" \/><div class=\"container extralarge\"><h1 class=\"element section-title center\">DIE GL\u00c9NAN-INSELN IM DEPARTEMENT FINIST\u00c8RE<\/h1><\/div><\/section>\n\n<section id=\"section-5fad1bd6d6914\"\" class=\"section bg-white p-b-0\" \/><div class=\"container full\"><div class=\"colonnes-wrap valign-top stretch\"><div class=\"element colonne w-40 p-8 bg-color4 valign-middle\"><h2 class=\"element section-title left\">WO LIEGT DER GL\u00c9NAN-ARCHIPEL<\/h2><div class=\"element bloc-text justify \">\n\t<p>Der Archipel Les Gl\u00e9nan ist wundersch\u00f6n und mit seinem kristallklaren Wasser und seinen herrlichen bretonischen Sandstr\u00e4nden mit t\u00fcrkisfarbenem Wasser, an denen man zahlreiche Wassersportarten aus\u00fcben kann, der ganze Stolz der Bretagne. Er ist w\u00e4hrend Ihres Campingurlaubs in der Bretagne, genauer gesagt in der S\u00fcdbretagne im Departement Finist\u00e8re, unbedingt einen Besuch wert. Diese <strong class=\"bold color1\">unumg\u00e4ngliche Inselkette<\/strong> befindet sich ebenso wie die <a href=\"https:\/\/www.domainedependruc.com\/actualites-camping-finistere\/archipel-de-brehat\/\">Inselgruppe von Br\u00e9hat<\/a> 10 Seemeilen s\u00fcdlich der Gemeinde Fouesnant im Departement Finist\u00e8re in der S\u00fcdbretagne, nur eine Stunde vom Festland und der Domaine de Pendruc, <a href=\"\/\">Campingplatz in Concarneau<\/a>. Sie k\u00f6nnen den Archipel auch mit dem Boot von St\u00e4dten wie Fouesnant les Gl\u00e9nan, <a href=\"\/camping-bretagne\/camping-benodet\/\">B\u00e9nodet<\/a> am Odet, <a href=\"\/actualites-camping-finistere\/decouvrir-beg-meil\/\">Beg Meil<\/a> oder Pont Aven mit seinem ber\u00fchmten bretonischen Yachthafen aus erreichen.<\/p>\n<p>Die malerischen Inseln, aus denen sich der Archipel Gl\u00e9nan zusammensetzt, liegen verstreut auf einem ruhigen, azurblauen Meer und bieten einen paradiesischen Ort f\u00fcr einen Aufenthalt voller Entdeckungen und Emotionen. Genie\u00dfen Sie Ihren Urlaub in der Bretagne in einer Ferienunterkunft wie einem Mobilheim, um Spazierg\u00e4nge in den verschiedenen Buchten der Inseln zu unternehmen oder \u00fcber die Felsen zu klettern.<\/p>\n<\/div><h2 class=\"element section-title left\">DIE HAUPTINSELN DES ARCHIPEL<\/h2><div class=\"element bloc-text justify \">\n\t<p>Die begehrte <a href=\"https:\/\/www.glenan.fr\/\" rel=\"noopener\">Inselgruppe Les Gl\u00e9nan<\/a> umfasst neun Hauptinseln und zahlreiche kleine Inselchen. Sie bietet ein weitl\u00e4ufiges Gebiet zum Spazierengehen, Schwimmen, Tauchen und Entdecken mit einer <strong class=\"bold color1\">beeindruckenden Flora und Fauna<\/strong>. Urlauber verlieben sich unweigerlich in <strong class=\"bold color1\">den Charme des Archipels Gl\u00e9nan<\/strong>.<\/p>\n<p>Es ist auch ein wahres Paradies f\u00fcr Angler. Hier sind die meistbesuchten Inseln des <a href=\"\/actualites-camping-finistere\/larchipel-des-glenan-les-caraibes-bretonnes\/\">Archipels Gl\u00e9nan<\/a> und ihre wichtigsten Sehensw\u00fcrdigkeiten. Entdecken Sie <strong class=\"bold color1\">die Cornouaille<\/strong> mit ihren Wanderwegen und wei\u00dfen Sandstr\u00e4nden am Atlantik im <a href=\"\/tourisme-finistere-sud\/\">s\u00fcdlichen Finist\u00e8re<\/a>.<\/p>\n<\/div><\/div><div class=\"element colonne w-60 p-0\"><div class=\"element bloc-text justify m-0\">\n\t<p class=\"m-0\"><iframe src=\"https:\/\/www.google.com\/maps\/embed?pb=!1m28!1m12!1m3!1d144273.67307687525!2d-4.037582651282907!3d47.78530225687939!2m3!1f0!2f0!3f0!3m2!1i1024!2i768!4f13.1!4m13!3e0!4m5!1s0x4810c4a3e8db4877%3A0xedf6ce473960f417!2sFlower%20Camping%20Domaine%20de%20Pendruc%20-%20Camping%20Tregunc%20%2F%20Concarneau%20-%20Finistere%20sud%2C%20Hameau%20de%20Penanguer%2C%20Tr%C3%A9gunc!3m2!1d47.8409094!2d-3.8807150999999998!4m5!1s0x4810c84a137df857%3A0x454ccf82b295b5f6!2zw45sZXMgZGUgR2zDqW5hbg!3m2!1d47.7153304!2d-3.9866081999999996!5e0!3m2!1sfr!2sfr!4v1606382718327!5m2!1sfr!2sfr\" frameborder=\"0\" style=\"border:0;\" allowfullscreen=\"\" aria-hidden=\"false\" tabindex=\"0\"><\/iframe><\/p>\n<\/div><div class=\"element bloc-text center bg-color5 p-x-10 m-0 p-y-5\">\n\t<h3>Die Insel Cigogne<\/h3>\n<p>Die Insel Cigogne, die sich im Zentrum des Archipels Les Gl\u00e9nan befindet, ist mit ihrer 1756 erbauten Festung, auf deren Spitze ein Leuchtturm zur Orientierung der Korsaren errichtet wurde, leicht zu erkennen. Ein Turm dient als Basis f\u00fcr die Geschwindigkeitsmessung von Milit\u00e4rflugzeugen. Diese <strong class=\"bold color1\">Glenan-Insel<\/strong>, die dem Staat geh\u00f6rt, beherbergt eine weltber\u00fchmte Segelschule. Sie verf\u00fcgt \u00fcber einen langen <strong class=\"bold color1\">Wanderweg<\/strong>, der Naturliebhabern gefallen wird, um diesen Badeort an der bretonischen Riviera zu entdecken.<\/p>\n<h3 class=\"m-t-4\">Die Insel Saint Nicolas<\/h3>\n<p>Die Insel Saint Nicolas Bretagne, auf der es keine Geb\u00e4ude gibt, ist aufgrund ihrer Konzentration an Meereswundern und ihrer besonders reichen Flora als \u201emalerischer Naturort\u201d klassifiziert. Auf dieser Insel kann man in ihrer nat\u00fcrlichen Umgebung die Gl\u00e9nan-Narzisse beobachten, eine in Frankreich endemische Pflanze. Ihr nat\u00fcrlicher Charakter ist gut erhalten geblieben, sodass Besucher eine <strong class=\"bold color1\">einfache und wilde Umgebung<\/strong> vorfinden, die immer seltener wird. Saint Nicolas ist die Hauptstadt des Archipels und beherbergt das Internationale Tauchzentrum der Gl\u00e9nan.<\/p>\n<\/div><\/div><\/div><\/div><\/section>\n\n<section id=\"section-5fad1bd6d6c79\"\" class=\"section bg-white p-t-0 p-b-0\" \/><div class=\"container full\"><div class=\"colonnes-wrap valign-middle \"><div class=\"element colonne w-20 p-0\"><div class=\"element images\"><div class=\"image\"><img decoding=\"async\" src=\"https:\/\/www.domainedependruc.com\/wp-content\/uploads\/2020\/11\/faune-ile-glenan-79x100.jpg\" data-src=\"https:\/\/www.domainedependruc.com\/wp-content\/uploads\/2020\/11\/faune-ile-glenan.jpg\" alt=\"faune ile glenan\" class=\"images_image\" \/><\/div><\/div><\/div><div class=\"element colonne w-60 p-x-4\"><h3 class=\"element section-title center color1\">Segelschule Les Gl\u00e9nan<\/h3><div class=\"element bloc-text center \">\n\t<p>Diese kleine <strong class=\"bold color1\">Insel mit ruhigem Wasser im Pays Bigouden<\/strong> ist durch einen langen Sandstreifen, einen sogenannten Tombolo, mit Saint Nicolas verbunden, der bei Ebbe sichtbar wird. Sie geh\u00f6rt <strong class=\"bold color1\">der Segelschule Les Gl\u00e9nan<\/strong>, die dort das einzige gr\u00f6\u00dfere Geb\u00e4ude errichtet hat. Es ist der perfekte Ort f\u00fcr einen Spaziergang an der frischen Seeluft und ein idealer Zwischenstopp f\u00fcr Segelboote.<\/p>\n<\/div><h3 class=\"element section-title center color1 m-t-4\">Die Insel Quign\u00e9ne<\/h3><div class=\"element bloc-text center \">\n\t<p>Diese <strong class=\"bold color1\">Insel westlich von Quign\u00e9nec<\/strong> besteht aus drei sehr nahe beieinander liegenden Inselchen, die fr\u00fcher einen einzigen Block bildeten. Sie zeichnet sich durch <strong class=\"bold color1\">Ruinen alter Geb\u00e4ude<\/strong> und einen <strong class=\"bold color1\">kleinen verfallenen Bauernhof<\/strong> aus, die Ruhe ausstrahlen und ideal f\u00fcr diejenigen sind, die Ruhe und Frieden suchen.<\/p>\n<\/div><\/div><div class=\"element colonne w-20 p-0\"><div class=\"element images\"><div class=\"image\"><img decoding=\"async\" src=\"https:\/\/www.domainedependruc.com\/wp-content\/uploads\/2020\/11\/ile-glenan-finistere-79x100.jpg\" data-src=\"https:\/\/www.domainedependruc.com\/wp-content\/uploads\/2020\/11\/ile-glenan-finistere.jpg\" alt=\"mit Glenan Finistere\" class=\"images_image\" \/><\/div><\/div><\/div><\/div><\/div><\/section>\n\n<section id=\"section-5fad115c7e657\"\" class=\"section bg-white p-t-0 p-b-0\" \/><div class=\"container full\"><div class=\"colonnes-wrap valign-top stretch\"><div class=\"element colonne w-60 p-0\"><div class=\"element images\"><div class=\"image\"><img decoding=\"async\" src=\"https:\/\/www.domainedependruc.com\/wp-content\/uploads\/2020\/11\/vacances-ile-de-glenan-100x35.jpg\" data-src=\"https:\/\/www.domainedependruc.com\/wp-content\/uploads\/2020\/11\/vacances-ile-de-glenan.jpg\" alt=\"Urlaub auf der Insel Gl\u00e9nan\" class=\"images_image\" \/><\/div><\/div><div class=\"element bloc-text center bg-color5 p-x-10 m-0 p-y-5\">\n\t<h3>Die Insel Penfret<\/h3>\n<p>Diese Insel, die \u00f6stlichste des Archipels, beherbergt auch einen alten Leuchtturm sowie das <strong class=\"bold color1\">Semaphor der Gl\u00e9nan<\/strong> mit einer H\u00f6he von 26 m und einem Durchmesser von 8 m. Im 19. Jahrhundert wurde dort eine <strong class=\"bold color1\">Festung mit drei Kanonen<\/strong> und <strong class=\"bold color1\">zwei M\u00f6rsern<\/strong> errichtet, aber nach der Entwaffnung sind nur noch Ruinen \u00fcbrig. Diese Insel ist die geschichtstr\u00e4chtigste und erz\u00e4hlt von den <strong class=\"bold color1\">Aktivit\u00e4ten der wissenschaftlichen Armee<\/strong> w\u00e4hrend des Ersten Weltkriegs. Seit 1984 wird die Stromversorgung auf dieser Insel durch eine Windkraftanlage sichergestellt.<\/p>\n<ul class=\"list-center\">\n<li>Gl\u00e9nan-Archipel<\/li>\n<li>Archipel von Gl\u00e9nans<\/li>\n<li>Glenan-Inseln<\/li>\n<li>Mit Glenan<\/li>\n<\/ul>\n<\/div><\/div><div class=\"element colonne w-40 p-8 bg-color4 valign-middle\"><h3 class=\"element section-title justify\">Die Insel Loc<\/h3><div class=\"element bloc-text justify \">\n\t<p>Es handelt sich um die fl\u00e4chenm\u00e4\u00dfig gr\u00f6\u00dfte der <strong class=\"bold color1\">Glenan-Inseln<\/strong>. Sie beherbergt eine beeindruckende gemischte Kolonie von Silber- und Braunm\u00f6wen, die hier ihre Lieblingspflanzen finden.<\/p>\n<p>Man sieht dort einen alten Bauernhof mit einem Brackwasserteich, der zu einem erfolgreichen modernen Fischzuchtzentrum umgebaut wurde. Fr\u00fcher gab es dort eine Sodafabrik, die jedoch aufgegeben wurde, um die Sch\u00f6nheit der <strong class=\"bold color1\">Glenan-Inseln<\/strong> zu bewahren.<\/p>\n<\/div><\/div><\/div><\/div><\/section>\n\n<section id=\"section-5fad1bd6d725e\"\" class=\"section first-home bg-white\" \/><div class=\"container extralarge\"><div class=\"element section-title center\">Entdecken Sie die Region Gl\u00e9nan<\/div><ul class=\"liste-de-page\"><li class=\"element call-to-action carre call-to-action--style-1 call-to-action--normal\"><a href=\"https:\/\/www.domainedependruc.com\/de\/tourismus-sudliches-finistere\/unsere-tipps-im-finistere\/\"  class=\"call-to-action_link\" title=\"Mehr erfahren \u00fcber nos bons plans dans le finist\u00e8re\"><div class=\"call-to-action_image\"><img decoding=\"async\" src=\"https:\/\/www.domainedependruc.com\/wp-content\/uploads\/2020\/11\/bons-plans-finistere-100x26.jpg\" data-src=\"https:\/\/www.domainedependruc.com\/wp-content\/uploads\/2020\/11\/bons-plans-finistere.jpg\" alt=\"\" class=\"normal\" \/><\/div><div class=\"call-to-action_contenu\"><div class=\"call-to-action_titre\">Nos bons plans dans le Finist\u00e8re<\/div><\/div><\/a><\/li><li class=\"element call-to-action carre call-to-action--style-1 call-to-action--normal call-to-action--style-1 call-to-action--normal\"><a href=\"https:\/\/www.domainedependruc.com\/de\/tourismus-sudliches-finistere\/tourismus-aktivitaten-im-sudlichen-finistere\/\"  class=\"call-to-action_link\" title=\"Mehr erfahren \u00fcber tourisme : activit\u00e9 en finist\u00e8re sud\"><div class=\"call-to-action_image\"><img decoding=\"async\" src=\"https:\/\/www.domainedependruc.com\/wp-content\/uploads\/2020\/11\/activites-finistere-100x26.jpg\" data-src=\"https:\/\/www.domainedependruc.com\/wp-content\/uploads\/2020\/11\/activites-finistere.jpg\" alt=\"\" class=\"normal\" \/><\/div><div class=\"call-to-action_contenu\"><div class=\"call-to-action_titre\">Tourisme : Activit\u00e9 en Finist\u00e8re sud<\/div><\/div><\/a><\/li><li class=\"element call-to-action carre call-to-action--style-1 call-to-action--normal call-to-action--style-1 call-to-action--normal call-to-action--style-1 call-to-action--normal\"><a href=\"https:\/\/www.domainedependruc.com\/de\/tourismus-sudliches-finistere\/tourism-concarneau\/\"  class=\"call-to-action_link\" title=\"Mehr erfahren \u00fcber tourisme : concarneau\"><div class=\"call-to-action_image\"><img decoding=\"async\" src=\"https:\/\/www.domainedependruc.com\/wp-content\/uploads\/2020\/11\/concarneau-visite-1-100x26.jpg\" data-src=\"https:\/\/www.domainedependruc.com\/wp-content\/uploads\/2020\/11\/concarneau-visite-1.jpg\" alt=\"\" class=\"normal\" \/><\/div><div class=\"call-to-action_contenu\"><div class=\"call-to-action_titre\">Tourisme : Concarneau<\/div><\/div><\/a><\/li><li class=\"element call-to-action carre call-to-action--style-1 call-to-action--normal call-to-action--style-1 call-to-action--normal call-to-action--style-1 call-to-action--normal call-to-action--style-1 call-to-action--normal\"><a href=\"https:\/\/www.domainedependruc.com\/de\/tourismus-sudliches-finistere\/tourismus-wanderungen-sudliches-finistere\/\"  class=\"call-to-action_link\" title=\"Mehr erfahren \u00fcber tourisme : randonn\u00e9es finist\u00e8re sud\"><div class=\"call-to-action_image\"><img decoding=\"async\" src=\"https:\/\/www.domainedependruc.com\/wp-content\/uploads\/2020\/11\/randonnee-finistere-sud-100x26.jpg\" data-src=\"https:\/\/www.domainedependruc.com\/wp-content\/uploads\/2020\/11\/randonnee-finistere-sud.jpg\" alt=\"\" class=\"normal\" \/><\/div><div class=\"call-to-action_contenu\"><div class=\"call-to-action_titre\">Tourisme : Randonn\u00e9es Finist\u00e8re Sud<\/div><\/div><\/a><\/li><li class=\"element call-to-action carre call-to-action--style-1 call-to-action--normal call-to-action--style-1 call-to-action--normal call-to-action--style-1 call-to-action--normal call-to-action--style-1 call-to-action--normal call-to-action--style-1 call-to-action--normal\"><a href=\"https:\/\/www.domainedependruc.com\/de\/tourismus-sudliches-finistere\/tourismus-tregunc\/\"  class=\"call-to-action_link\" title=\"Mehr erfahren \u00fcber tourisme : tregunc\"><div class=\"call-to-action_image\"><img decoding=\"async\" src=\"https:\/\/www.domainedependruc.com\/wp-content\/uploads\/2021\/06\/vacances-camping-tregunc-100x26.jpg\" data-src=\"https:\/\/www.domainedependruc.com\/wp-content\/uploads\/2021\/06\/vacances-camping-tregunc.jpg\" alt=\"\" class=\"normal\" \/><\/div><div class=\"call-to-action_contenu\"><div class=\"call-to-action_titre\">Tourisme : Tregunc<\/div><\/div><\/a><\/li><\/ul><\/div><\/section>","protected":false},"excerpt":{"rendered":"","protected":false},"author":1,"featured_media":13193,"parent":14166,"menu_order":0,"comment_status":"closed","ping_status":"closed","template":"","meta":{"_acf_changed":false,"footnotes":""},"class_list":["post-14426","page","type-page","status-publish","has-post-thumbnail","hentry"],"acf":[],"yoast_head":"<!-- This site is optimized with the Yoast SEO plugin v25.3 - https:\/\/yoast.com\/wordpress\/plugins\/seo\/ -->\n<title>Entdecken Sie den Archipel Les Gl\u00e9nan: die 6 Inseln Les Gl\u00e9nan im Departement Finist\u00e8re<\/title>\n<meta name=\"robots\" content=\"index, follow, max-snippet:-1, max-image-preview:large, max-video-preview:-1\" \/>\n<link rel=\"canonical\" href=\"https:\/\/www.domainedependruc.com\/de\/tourismus-sudliches-finistere\/tourismus-archipel-der-glenan-im-finistere\/\" \/>\n<meta property=\"og:locale\" content=\"de_DE\" \/>\n<meta property=\"og:type\" content=\"article\" \/>\n<meta property=\"og:title\" content=\"Entdecken Sie den Archipel Les Gl\u00e9nan: die 6 Inseln Les Gl\u00e9nan im Departement Finist\u00e8re\" \/>\n<meta property=\"og:url\" content=\"https:\/\/www.domainedependruc.com\/de\/tourismus-sudliches-finistere\/tourismus-archipel-der-glenan-im-finistere\/\" \/>\n<meta property=\"og:site_name\" content=\"Domaine de Pendruc\" \/>\n<meta property=\"article:modified_time\" content=\"2025-12-05T14:43:07+00:00\" \/>\n<meta property=\"og:image\" content=\"https:\/\/www.domainedependruc.com\/wp-content\/uploads\/2020\/11\/visite-archipel-glenan.jpg\" \/>\n\t<meta property=\"og:image:width\" content=\"1903\" \/>\n\t<meta property=\"og:image:height\" content=\"500\" \/>\n\t<meta property=\"og:image:type\" content=\"image\/jpeg\" \/>\n<meta name=\"twitter:card\" content=\"summary_large_image\" \/>\n<meta name=\"twitter:label1\" content=\"Gesch\u00e4tzte Lesezeit\" \/>\n\t<meta name=\"twitter:data1\" content=\"1\u00a0Minute\" \/>\n<script type=\"application\/ld+json\" class=\"yoast-schema-graph\">{\"@context\":\"https:\/\/schema.org\",\"@graph\":[{\"@type\":\"WebPage\",\"@id\":\"https:\/\/www.domainedependruc.com\/de\/tourismus-sudliches-finistere\/tourismus-archipel-der-glenan-im-finistere\/\",\"url\":\"https:\/\/www.domainedependruc.com\/de\/tourismus-sudliches-finistere\/tourismus-archipel-der-glenan-im-finistere\/\",\"name\":\"Entdecken Sie den Archipel Les Gl\u00e9nan: die 6 Inseln Les Gl\u00e9nan im Departement Finist\u00e8re\",\"isPartOf\":{\"@id\":\"https:\/\/www.domainedependruc.com\/de\/#website\"},\"primaryImageOfPage\":{\"@id\":\"https:\/\/www.domainedependruc.com\/de\/tourismus-sudliches-finistere\/tourismus-archipel-der-glenan-im-finistere\/#primaryimage\"},\"image\":{\"@id\":\"https:\/\/www.domainedependruc.com\/de\/tourismus-sudliches-finistere\/tourismus-archipel-der-glenan-im-finistere\/#primaryimage\"},\"thumbnailUrl\":\"https:\/\/www.domainedependruc.com\/wp-content\/uploads\/2020\/11\/visite-archipel-glenan.jpg\",\"datePublished\":\"2025-12-05T13:18:03+00:00\",\"dateModified\":\"2025-12-05T14:43:07+00:00\",\"breadcrumb\":{\"@id\":\"https:\/\/www.domainedependruc.com\/de\/tourismus-sudliches-finistere\/tourismus-archipel-der-glenan-im-finistere\/#breadcrumb\"},\"inLanguage\":\"de\",\"potentialAction\":[{\"@type\":\"ReadAction\",\"target\":[\"https:\/\/www.domainedependruc.com\/de\/tourismus-sudliches-finistere\/tourismus-archipel-der-glenan-im-finistere\/\"]}]},{\"@type\":\"ImageObject\",\"inLanguage\":\"de\",\"@id\":\"https:\/\/www.domainedependruc.com\/de\/tourismus-sudliches-finistere\/tourismus-archipel-der-glenan-im-finistere\/#primaryimage\",\"url\":\"https:\/\/www.domainedependruc.com\/wp-content\/uploads\/2020\/11\/visite-archipel-glenan.jpg\",\"contentUrl\":\"https:\/\/www.domainedependruc.com\/wp-content\/uploads\/2020\/11\/visite-archipel-glenan.jpg\",\"width\":1903,\"height\":500},{\"@type\":\"BreadcrumbList\",\"@id\":\"https:\/\/www.domainedependruc.com\/de\/tourismus-sudliches-finistere\/tourismus-archipel-der-glenan-im-finistere\/#breadcrumb\",\"itemListElement\":[{\"@type\":\"ListItem\",\"position\":1,\"name\":\"Campingplatz Concarneau \u2013 S\u00fcdliches Finist\u00e8re\",\"item\":\"https:\/\/www.domainedependruc.com\/de\/\"},{\"@type\":\"ListItem\",\"position\":2,\"name\":\"Tourismus im Finist\u00e8re\",\"item\":\"https:\/\/www.domainedependruc.com\/de\/tourismus-sudliches-finistere\/\"},{\"@type\":\"ListItem\",\"position\":3,\"name\":\"Die Gl\u00e9nan-Inseln\"}]},{\"@type\":\"WebSite\",\"@id\":\"https:\/\/www.domainedependruc.com\/de\/#website\",\"url\":\"https:\/\/www.domainedependruc.com\/de\/\",\"name\":\"Domaine de Pendruc\",\"description\":\"\",\"potentialAction\":[{\"@type\":\"SearchAction\",\"target\":{\"@type\":\"EntryPoint\",\"urlTemplate\":\"https:\/\/www.domainedependruc.com\/de\/?s={search_term_string}\"},\"query-input\":{\"@type\":\"PropertyValueSpecification\",\"valueRequired\":true,\"valueName\":\"search_term_string\"}}],\"inLanguage\":\"de\"}]}<\/script>\n<!-- \/ Yoast SEO plugin. -->","yoast_head_json":{"title":"Entdecken Sie den Archipel Les Gl\u00e9nan: die 6 Inseln Les Gl\u00e9nan im Departement Finist\u00e8re","robots":{"index":"index","follow":"follow","max-snippet":"max-snippet:-1","max-image-preview":"max-image-preview:large","max-video-preview":"max-video-preview:-1"},"canonical":"https:\/\/www.domainedependruc.com\/de\/tourismus-sudliches-finistere\/tourismus-archipel-der-glenan-im-finistere\/","og_locale":"de_DE","og_type":"article","og_title":"Entdecken Sie den Archipel Les Gl\u00e9nan: die 6 Inseln Les Gl\u00e9nan im Departement Finist\u00e8re","og_url":"https:\/\/www.domainedependruc.com\/de\/tourismus-sudliches-finistere\/tourismus-archipel-der-glenan-im-finistere\/","og_site_name":"Domaine de Pendruc","article_modified_time":"2025-12-05T14:43:07+00:00","og_image":[{"width":1903,"height":500,"url":"https:\/\/www.domainedependruc.com\/wp-content\/uploads\/2020\/11\/visite-archipel-glenan.jpg","type":"image\/jpeg"}],"twitter_card":"summary_large_image","twitter_misc":{"Gesch\u00e4tzte Lesezeit":"1\u00a0Minute"},"schema":{"@context":"https:\/\/schema.org","@graph":[{"@type":"WebPage","@id":"https:\/\/www.domainedependruc.com\/de\/tourismus-sudliches-finistere\/tourismus-archipel-der-glenan-im-finistere\/","url":"https:\/\/www.domainedependruc.com\/de\/tourismus-sudliches-finistere\/tourismus-archipel-der-glenan-im-finistere\/","name":"Entdecken Sie den Archipel Les Gl\u00e9nan: die 6 Inseln Les Gl\u00e9nan im Departement Finist\u00e8re","isPartOf":{"@id":"https:\/\/www.domainedependruc.com\/de\/#website"},"primaryImageOfPage":{"@id":"https:\/\/www.domainedependruc.com\/de\/tourismus-sudliches-finistere\/tourismus-archipel-der-glenan-im-finistere\/#primaryimage"},"image":{"@id":"https:\/\/www.domainedependruc.com\/de\/tourismus-sudliches-finistere\/tourismus-archipel-der-glenan-im-finistere\/#primaryimage"},"thumbnailUrl":"https:\/\/www.domainedependruc.com\/wp-content\/uploads\/2020\/11\/visite-archipel-glenan.jpg","datePublished":"2025-12-05T13:18:03+00:00","dateModified":"2025-12-05T14:43:07+00:00","breadcrumb":{"@id":"https:\/\/www.domainedependruc.com\/de\/tourismus-sudliches-finistere\/tourismus-archipel-der-glenan-im-finistere\/#breadcrumb"},"inLanguage":"de","potentialAction":[{"@type":"ReadAction","target":["https:\/\/www.domainedependruc.com\/de\/tourismus-sudliches-finistere\/tourismus-archipel-der-glenan-im-finistere\/"]}]},{"@type":"ImageObject","inLanguage":"de","@id":"https:\/\/www.domainedependruc.com\/de\/tourismus-sudliches-finistere\/tourismus-archipel-der-glenan-im-finistere\/#primaryimage","url":"https:\/\/www.domainedependruc.com\/wp-content\/uploads\/2020\/11\/visite-archipel-glenan.jpg","contentUrl":"https:\/\/www.domainedependruc.com\/wp-content\/uploads\/2020\/11\/visite-archipel-glenan.jpg","width":1903,"height":500},{"@type":"BreadcrumbList","@id":"https:\/\/www.domainedependruc.com\/de\/tourismus-sudliches-finistere\/tourismus-archipel-der-glenan-im-finistere\/#breadcrumb","itemListElement":[{"@type":"ListItem","position":1,"name":"Campingplatz Concarneau \u2013 S\u00fcdliches Finist\u00e8re","item":"https:\/\/www.domainedependruc.com\/de\/"},{"@type":"ListItem","position":2,"name":"Tourismus im Finist\u00e8re","item":"https:\/\/www.domainedependruc.com\/de\/tourismus-sudliches-finistere\/"},{"@type":"ListItem","position":3,"name":"Die Gl\u00e9nan-Inseln"}]},{"@type":"WebSite","@id":"https:\/\/www.domainedependruc.com\/de\/#website","url":"https:\/\/www.domainedependruc.com\/de\/","name":"Domaine de Pendruc","description":"","potentialAction":[{"@type":"SearchAction","target":{"@type":"EntryPoint","urlTemplate":"https:\/\/www.domainedependruc.com\/de\/?s={search_term_string}"},"query-input":{"@type":"PropertyValueSpecification","valueRequired":true,"valueName":"search_term_string"}}],"inLanguage":"de"}]}},"_links":{"self":[{"href":"https:\/\/www.domainedependruc.com\/de\/wp-json\/wp\/v2\/pages\/14426"}],"collection":[{"href":"https:\/\/www.domainedependruc.com\/de\/wp-json\/wp\/v2\/pages"}],"about":[{"href":"https:\/\/www.domainedependruc.com\/de\/wp-json\/wp\/v2\/types\/page"}],"author":[{"embeddable":true,"href":"https:\/\/www.domainedependruc.com\/de\/wp-json\/wp\/v2\/users\/1"}],"replies":[{"embeddable":true,"href":"https:\/\/www.domainedependruc.com\/de\/wp-json\/wp\/v2\/comments?post=14426"}],"version-history":[{"count":1,"href":"https:\/\/www.domainedependruc.com\/de\/wp-json\/wp\/v2\/pages\/14426\/revisions"}],"predecessor-version":[{"id":14427,"href":"https:\/\/www.domainedependruc.com\/de\/wp-json\/wp\/v2\/pages\/14426\/revisions\/14427"}],"up":[{"embeddable":true,"href":"https:\/\/www.domainedependruc.com\/de\/wp-json\/wp\/v2\/pages\/14166"}],"wp:featuredmedia":[{"embeddable":true,"href":"https:\/\/www.domainedependruc.com\/de\/wp-json\/wp\/v2\/media\/13193"}],"wp:attachment":[{"href":"https:\/\/www.domainedependruc.com\/de\/wp-json\/wp\/v2\/media?parent=14426"}],"curies":[{"name":"wp","href":"https:\/\/api.w.org\/{rel}","templated":true}]}}