{"id":14417,"date":"2025-12-05T14:00:56","date_gmt":"2025-12-05T13:00:56","guid":{"rendered":"https:\/\/www.domainedependruc.com\/?page_id=14417"},"modified":"2025-12-05T15:41:53","modified_gmt":"2025-12-05T14:41:53","slug":"tourismus-aktivitaten-im-sudlichen-finistere","status":"publish","type":"page","link":"https:\/\/www.domainedependruc.com\/de\/tourismus-sudliches-finistere\/tourismus-aktivitaten-im-sudlichen-finistere\/","title":{"rendered":"Tourisme : Activit\u00e9 en Finist\u00e8re sud"},"content":{"rendered":"<section id=\"section-5fad1bd6d65e6\"\" class=\"section first-home bg-white p-b-0\" \/><div class=\"container extralarge\"><h1 class=\"element section-title center\">AKTIVIT\u00c4TEN IM S\u00dcDLICHEN FINIST\u00c8RE<\/h1><\/div><\/section>\n\n<section id=\"section-5fad1bd6d6914\"\" class=\"section bg-white p-b-0\" \/><div class=\"container full\"><div class=\"colonnes-wrap valign-top stretch\"><div class=\"element colonne w-40 p-8 bg-color4 valign-middle\"><h2 class=\"element section-title left\">Aktivit\u00e4ten und Freizeit im Finist\u00e8r<\/h2><div class=\"element bloc-text justify \">\n\t<p>Wenn Sie mit Ihrer Familie Urlaub auf unserem <a href=\"\/\">Campingplatz in Concarneau im s\u00fcdlichen Finist\u00e8re<\/a> auf dem Anwesen Pendruc en machen, haben Sie die M\u00f6glichkeit, an <strong class=\"bold color1\">zahlreichen Aktivit\u00e4ten<\/strong> entlang der K\u00fcste, in den Buchten und an der bretonischen Riviera teilzunehmen.<\/p>\n<p>Mit Ihren Kindern oder Freunden haben Sie die M\u00f6glichkeit, im Pays Bigouden Wassersportaktivit\u00e4ten und -sportarten auszu\u00fcben, die jedem gefallen werden:<\/p>\n<ul>\n<li><strong class=\"bold color1\">Wassersportaktivit\u00e4ten<\/strong>: Windsurfen, Kajakfahren, Tauchen, Bootfahren, Angeln, <a href=\"\/actualites-camping-finistere\/cours-et-stages-de-surf-a-tregunc\/\">Surfen in Tregunc<\/a><\/li>\n<li><strong class=\"bold color1\">Wanderungen<\/strong>: verschiedene <a href=\"\/tourisme-finistere-sud\/randonnees-finistere-sud\/\">Wanderwege im Finist\u00e8re<\/a><\/li>\n<li><strong class=\"bold color1\">Radwege<\/strong>: markierte Routen entlang der K\u00fcste<\/li>\n<\/ul>\n<\/div><\/div><div class=\"element colonne w-60 p-0\"><div class=\"element images\"><div class=\"image\"><img decoding=\"async\" src=\"https:\/\/www.domainedependruc.com\/wp-content\/uploads\/2020\/11\/balade-pedestre-finistere-100x35.jpg\" data-src=\"https:\/\/www.domainedependruc.com\/wp-content\/uploads\/2020\/11\/balade-pedestre-finistere.jpg\" alt=\"Wanderung im Departement Finist\u00e8r\" class=\"images_image\" \/><\/div><\/div><div class=\"element bloc-text center bg-color5 p-x-10 m-0 p-y-5\">\n\t<p>Wenn Sie mit der ganzen Familie auf unserem Campingplatz in Concarneau Urlaub machen, ist Ihr Mobilheim in der N\u00e4he des Hallenbads ideal gelegen, um die verschiedenen Wassersportaktivit\u00e4ten entlang der bretonischen K\u00fcste zu genie\u00dfen.<\/p>\n<p>Nur wenige Kilometer von Concarneau entfernt, in der N\u00e4he der feinen Sandstr\u00e4nde der Bretagne, haben Sie die M\u00f6glichkeit, an verschiedenen Aktivit\u00e4ten teilzunehmen, die keine W\u00fcnsche offen lassen.<\/p>\n<p>Um die Bretagne aus einer neuen Perspektive zu entdecken, nehmen Sie an diesen verschiedenen Aktivit\u00e4ten teil und verbringen Sie unvergessliche Momente mit Ihren Kindern oder Freunden. Nutzen Sie Ihren Aufenthalt, um die Bretagne und St\u00e4dte wie Fouesnant zu entdecken, wo Sie k\u00f6stliche bretonische Cr\u00eapes probieren k\u00f6nnen, Pont Aven mit seinem Yachthafen oder B\u00e9nodet in der Cornouaille, wo der Odet flie\u00dft, oder Orte wie die Pointe de la Torche, die Pointe du Raz oder die Bucht von Quiberon. Dies ist auch eine gute Gelegenheit, den sch\u00f6nen Sandstrand am Atlantik zu genie\u00dfen.<\/p>\n<\/div><\/div><\/div><\/div><\/section>\n\n<section id=\"section-5fad1bd6d6c79\"\" class=\"section bg-white p-t-0 p-b-0\" \/><div class=\"container full\"><div class=\"accordeon\"><div class=\"slide \"><div class=\"slide_image\"><img decoding=\"async\" src=\"https:\/\/www.domainedependruc.com\/wp-content\/uploads\/2020\/11\/kayak-finistere-100x88.jpg\" data-src=\"https:\/\/www.domainedependruc.com\/wp-content\/uploads\/2020\/11\/kayak-finistere.jpg\" alt=\"kayak finistere\" class=\"\" \/><\/div><\/div><div class=\"slide \"><div class=\"slide_image\"><img decoding=\"async\" src=\"https:\/\/www.domainedependruc.com\/wp-content\/uploads\/2020\/11\/plongee-finistere-100x88.jpg\" data-src=\"https:\/\/www.domainedependruc.com\/wp-content\/uploads\/2020\/11\/plongee-finistere.jpg\" alt=\"plong\u00e9e Finist\u00e8re\" class=\"\" \/><\/div><\/div><div class=\"slide \"><div class=\"slide_image\"><img decoding=\"async\" src=\"https:\/\/www.domainedependruc.com\/wp-content\/uploads\/2020\/11\/surf-bretagne-100x88.jpg\" data-src=\"https:\/\/www.domainedependruc.com\/wp-content\/uploads\/2020\/11\/surf-bretagne.jpg\" alt=\"surf bretagne\" class=\"\" \/><\/div><\/div><div class=\"slide \"><div class=\"slide_image\"><img decoding=\"async\" src=\"https:\/\/www.domainedependruc.com\/wp-content\/uploads\/2020\/11\/surf-finistere-100x88.jpg\" data-src=\"https:\/\/www.domainedependruc.com\/wp-content\/uploads\/2020\/11\/surf-finistere.jpg\" alt=\"surf finistere\" class=\"\" \/><\/div><\/div><\/div><\/div><\/section>\n\n<section id=\"section-5fad115c7e657\"\" class=\"section bg-white p-t-0 p-b-0\" \/><div class=\"container full\"><div class=\"colonnes-wrap valign-top stretch\"><div class=\"element colonne w-60 p-0\"><div class=\"element images\"><div class=\"image\"><img decoding=\"async\" src=\"https:\/\/www.domainedependruc.com\/wp-content\/uploads\/2020\/11\/location-bateau-moteur-finistere-100x35.jpg\" data-src=\"https:\/\/www.domainedependruc.com\/wp-content\/uploads\/2020\/11\/location-bateau-moteur-finistere.jpg\" alt=\"Motorbootverleih Finist\u00e8re\" class=\"images_image\" \/><\/div><\/div><div class=\"element bloc-text justify m-0\">\n\t<p class=\"m-0\"><iframe src=\"https:\/\/www.youtube.com\/embed\/ki8vTz68eBA\" frameborder=\"0\" allow=\"accelerometer; autoplay; clipboard-write; encrypted-media; gyroscope; picture-in-picture\" allowfullscreen><\/iframe><\/p>\n<\/div><\/div><div class=\"element colonne w-40 p-8 bg-color4 valign-middle\"><h2 class=\"element section-title justify\">WASSERSPORTIM S\u00dcDEN DES FINIST\u00c8R<\/h2><div class=\"element bloc-text justify \">\n\t<p>Im s\u00fcdlichen Finist\u00e8re erwarten Sie zahlreiche Wassersportaktivit\u00e4ten f\u00fcr Ihren Urlaub in der S\u00fcdbretagne, vom Windsurfen \u00fcber das Tauchen bis hin zum Strandfischen.<\/p>\n<p>Nachfolgend finden Sie eine nicht vollst\u00e4ndige Liste aller <strong class=\"bold color1\">Aktivit\u00e4ten<\/strong>:<\/p>\n<ul>\n<li><strong class=\"bold color1\">Segelt\u00f6rns<\/strong> mit einem Lehrer, mit der Familie oder mit Freunden<\/li>\n<li><strong class=\"bold color1\">Verleih von Kajaks und Motorbooten<\/strong> ohne F\u00fchrerschein im Wassersportzentrum \u201eCardinale Sud\u201d in Pouldohan, 1 km vom Campingplatz Finistere entfernt.<\/li>\n<li><a href=\"\/actualites-camping-finistere\/ou-plonger-dans-le-finistere-sud\/\"><strong class=\"bold color1\">Tauchen<\/strong><\/a> im Zentrum \u201eBreizh Plong\u00e9es\u201d in Concarneau (ab 8 Jahren)<\/li>\n<li>M\u00f6glichkeit, Ihr Boot an der <strong class=\"bold color1\">Slipanlage von Pouldohan<\/strong> zu Wasser zu lassen.<\/li>\n<\/ul>\n<\/div><\/div><\/div><\/div><\/section>\n\n<section id=\"section-5fad1bd6d725e\"\" class=\"section first-home bg-white\" \/><div class=\"container extralarge\"><div class=\"element section-title center\">Entdecken Sie weitere Aktivit\u00e4ten im s\u00fcdlichen Finist\u00e8re<\/div><ul class=\"liste-de-page\"><li class=\"element call-to-action carre call-to-action--style-1 call-to-action--normal\"><a href=\"https:\/\/www.domainedependruc.com\/de\/tourismus-sudliches-finistere\/tourismus-archipel-der-glenan-im-finistere\/\"  class=\"call-to-action_link\" title=\"Mehr erfahren \u00fcber tourisme : l&#8217;archipel des gl\u00e9nan dans le finist\u00e8re\"><div class=\"call-to-action_image\"><img decoding=\"async\" src=\"https:\/\/www.domainedependruc.com\/wp-content\/uploads\/2020\/11\/visite-archipel-glenan-100x26.jpg\" data-src=\"https:\/\/www.domainedependruc.com\/wp-content\/uploads\/2020\/11\/visite-archipel-glenan.jpg\" alt=\"\" class=\"normal\" \/><\/div><div class=\"call-to-action_contenu\"><div class=\"call-to-action_titre\">Tourisme : L&#8217;archipel des Gl\u00e9nan dans le Finist\u00e8re<\/div><\/div><\/a><\/li><li class=\"element call-to-action carre call-to-action--style-1 call-to-action--normal call-to-action--style-1 call-to-action--normal\"><a href=\"https:\/\/www.domainedependruc.com\/de\/tourismus-sudliches-finistere\/tourismus-wanderungen-sudliches-finistere\/\"  class=\"call-to-action_link\" title=\"Mehr erfahren \u00fcber tourisme : randonn\u00e9es finist\u00e8re sud\"><div class=\"call-to-action_image\"><img decoding=\"async\" src=\"https:\/\/www.domainedependruc.com\/wp-content\/uploads\/2020\/11\/randonnee-finistere-sud-100x26.jpg\" data-src=\"https:\/\/www.domainedependruc.com\/wp-content\/uploads\/2020\/11\/randonnee-finistere-sud.jpg\" alt=\"\" class=\"normal\" \/><\/div><div class=\"call-to-action_contenu\"><div class=\"call-to-action_titre\">Tourisme : Randonn\u00e9es Finist\u00e8re Sud<\/div><\/div><\/a><\/li><\/ul><\/div><\/section>","protected":false},"excerpt":{"rendered":"","protected":false},"author":1,"featured_media":13180,"parent":14166,"menu_order":0,"comment_status":"closed","ping_status":"closed","template":"","meta":{"_acf_changed":false,"footnotes":""},"class_list":["post-14417","page","type-page","status-publish","has-post-thumbnail","hentry"],"acf":[],"yoast_head":"<!-- This site is optimized with the Yoast SEO plugin v25.3 - https:\/\/yoast.com\/wordpress\/plugins\/seo\/ -->\n<title>Aktivit\u00e4ten im s\u00fcdlichen Finist\u00e8re | Freizeitaktivit\u00e4ten im Freien im s\u00fcdlichen Finist\u00e8re (29)<\/title>\n<meta name=\"description\" content=\"Alles Wissenswerte \u00fcber Wassersportaktivit\u00e4ten rund um Concarneau in der Bretagne im s\u00fcdlichen Finist\u00e8re\" \/>\n<meta name=\"robots\" content=\"index, follow, max-snippet:-1, max-image-preview:large, max-video-preview:-1\" \/>\n<link rel=\"canonical\" href=\"https:\/\/www.domainedependruc.com\/de\/tourismus-sudliches-finistere\/tourismus-aktivitaten-im-sudlichen-finistere\/\" \/>\n<meta property=\"og:locale\" content=\"de_DE\" \/>\n<meta property=\"og:type\" content=\"article\" \/>\n<meta property=\"og:title\" content=\"Aktivit\u00e4ten im s\u00fcdlichen Finist\u00e8re | Freizeitaktivit\u00e4ten im Freien im s\u00fcdlichen Finist\u00e8re (29)\" \/>\n<meta property=\"og:description\" content=\"Alles Wissenswerte \u00fcber Wassersportaktivit\u00e4ten rund um Concarneau in der Bretagne im s\u00fcdlichen Finist\u00e8re\" \/>\n<meta property=\"og:url\" content=\"https:\/\/www.domainedependruc.com\/de\/tourismus-sudliches-finistere\/tourismus-aktivitaten-im-sudlichen-finistere\/\" \/>\n<meta property=\"og:site_name\" content=\"Domaine de Pendruc\" \/>\n<meta property=\"article:modified_time\" content=\"2025-12-05T14:41:53+00:00\" \/>\n<meta property=\"og:image\" content=\"https:\/\/www.domainedependruc.com\/wp-content\/uploads\/2020\/11\/activites-finistere.jpg\" \/>\n\t<meta property=\"og:image:width\" content=\"1903\" \/>\n\t<meta property=\"og:image:height\" content=\"500\" \/>\n\t<meta property=\"og:image:type\" content=\"image\/jpeg\" \/>\n<meta name=\"twitter:card\" content=\"summary_large_image\" \/>\n<script type=\"application\/ld+json\" class=\"yoast-schema-graph\">{\"@context\":\"https:\/\/schema.org\",\"@graph\":[{\"@type\":\"WebPage\",\"@id\":\"https:\/\/www.domainedependruc.com\/de\/tourismus-sudliches-finistere\/tourismus-aktivitaten-im-sudlichen-finistere\/\",\"url\":\"https:\/\/www.domainedependruc.com\/de\/tourismus-sudliches-finistere\/tourismus-aktivitaten-im-sudlichen-finistere\/\",\"name\":\"Aktivit\u00e4ten im s\u00fcdlichen Finist\u00e8re | Freizeitaktivit\u00e4ten im Freien im s\u00fcdlichen Finist\u00e8re (29)\",\"isPartOf\":{\"@id\":\"https:\/\/www.domainedependruc.com\/de\/#website\"},\"primaryImageOfPage\":{\"@id\":\"https:\/\/www.domainedependruc.com\/de\/tourismus-sudliches-finistere\/tourismus-aktivitaten-im-sudlichen-finistere\/#primaryimage\"},\"image\":{\"@id\":\"https:\/\/www.domainedependruc.com\/de\/tourismus-sudliches-finistere\/tourismus-aktivitaten-im-sudlichen-finistere\/#primaryimage\"},\"thumbnailUrl\":\"https:\/\/www.domainedependruc.com\/wp-content\/uploads\/2020\/11\/activites-finistere.jpg\",\"datePublished\":\"2025-12-05T13:00:56+00:00\",\"dateModified\":\"2025-12-05T14:41:53+00:00\",\"description\":\"Alles Wissenswerte \u00fcber Wassersportaktivit\u00e4ten rund um Concarneau in der Bretagne im s\u00fcdlichen Finist\u00e8re\",\"breadcrumb\":{\"@id\":\"https:\/\/www.domainedependruc.com\/de\/tourismus-sudliches-finistere\/tourismus-aktivitaten-im-sudlichen-finistere\/#breadcrumb\"},\"inLanguage\":\"de\",\"potentialAction\":[{\"@type\":\"ReadAction\",\"target\":[\"https:\/\/www.domainedependruc.com\/de\/tourismus-sudliches-finistere\/tourismus-aktivitaten-im-sudlichen-finistere\/\"]}]},{\"@type\":\"ImageObject\",\"inLanguage\":\"de\",\"@id\":\"https:\/\/www.domainedependruc.com\/de\/tourismus-sudliches-finistere\/tourismus-aktivitaten-im-sudlichen-finistere\/#primaryimage\",\"url\":\"https:\/\/www.domainedependruc.com\/wp-content\/uploads\/2020\/11\/activites-finistere.jpg\",\"contentUrl\":\"https:\/\/www.domainedependruc.com\/wp-content\/uploads\/2020\/11\/activites-finistere.jpg\",\"width\":1903,\"height\":500},{\"@type\":\"BreadcrumbList\",\"@id\":\"https:\/\/www.domainedependruc.com\/de\/tourismus-sudliches-finistere\/tourismus-aktivitaten-im-sudlichen-finistere\/#breadcrumb\",\"itemListElement\":[{\"@type\":\"ListItem\",\"position\":1,\"name\":\"Campingplatz Concarneau \u2013 S\u00fcdliches Finist\u00e8re\",\"item\":\"https:\/\/www.domainedependruc.com\/de\/\"},{\"@type\":\"ListItem\",\"position\":2,\"name\":\"Tourismus im Finist\u00e8re\",\"item\":\"https:\/\/www.domainedependruc.com\/de\/tourismus-sudliches-finistere\/\"},{\"@type\":\"ListItem\",\"position\":3,\"name\":\"Aktivit\u00e4t S\u00fcdliches Finist\u00e8re\"}]},{\"@type\":\"WebSite\",\"@id\":\"https:\/\/www.domainedependruc.com\/de\/#website\",\"url\":\"https:\/\/www.domainedependruc.com\/de\/\",\"name\":\"Domaine de Pendruc\",\"description\":\"\",\"potentialAction\":[{\"@type\":\"SearchAction\",\"target\":{\"@type\":\"EntryPoint\",\"urlTemplate\":\"https:\/\/www.domainedependruc.com\/de\/?s={search_term_string}\"},\"query-input\":{\"@type\":\"PropertyValueSpecification\",\"valueRequired\":true,\"valueName\":\"search_term_string\"}}],\"inLanguage\":\"de\"}]}<\/script>\n<!-- \/ Yoast SEO plugin. -->","yoast_head_json":{"title":"Aktivit\u00e4ten im s\u00fcdlichen Finist\u00e8re | Freizeitaktivit\u00e4ten im Freien im s\u00fcdlichen Finist\u00e8re (29)","description":"Alles Wissenswerte \u00fcber Wassersportaktivit\u00e4ten rund um Concarneau in der Bretagne im s\u00fcdlichen Finist\u00e8re","robots":{"index":"index","follow":"follow","max-snippet":"max-snippet:-1","max-image-preview":"max-image-preview:large","max-video-preview":"max-video-preview:-1"},"canonical":"https:\/\/www.domainedependruc.com\/de\/tourismus-sudliches-finistere\/tourismus-aktivitaten-im-sudlichen-finistere\/","og_locale":"de_DE","og_type":"article","og_title":"Aktivit\u00e4ten im s\u00fcdlichen Finist\u00e8re | Freizeitaktivit\u00e4ten im Freien im s\u00fcdlichen Finist\u00e8re (29)","og_description":"Alles Wissenswerte \u00fcber Wassersportaktivit\u00e4ten rund um Concarneau in der Bretagne im s\u00fcdlichen Finist\u00e8re","og_url":"https:\/\/www.domainedependruc.com\/de\/tourismus-sudliches-finistere\/tourismus-aktivitaten-im-sudlichen-finistere\/","og_site_name":"Domaine de Pendruc","article_modified_time":"2025-12-05T14:41:53+00:00","og_image":[{"width":1903,"height":500,"url":"https:\/\/www.domainedependruc.com\/wp-content\/uploads\/2020\/11\/activites-finistere.jpg","type":"image\/jpeg"}],"twitter_card":"summary_large_image","schema":{"@context":"https:\/\/schema.org","@graph":[{"@type":"WebPage","@id":"https:\/\/www.domainedependruc.com\/de\/tourismus-sudliches-finistere\/tourismus-aktivitaten-im-sudlichen-finistere\/","url":"https:\/\/www.domainedependruc.com\/de\/tourismus-sudliches-finistere\/tourismus-aktivitaten-im-sudlichen-finistere\/","name":"Aktivit\u00e4ten im s\u00fcdlichen Finist\u00e8re | Freizeitaktivit\u00e4ten im Freien im s\u00fcdlichen Finist\u00e8re (29)","isPartOf":{"@id":"https:\/\/www.domainedependruc.com\/de\/#website"},"primaryImageOfPage":{"@id":"https:\/\/www.domainedependruc.com\/de\/tourismus-sudliches-finistere\/tourismus-aktivitaten-im-sudlichen-finistere\/#primaryimage"},"image":{"@id":"https:\/\/www.domainedependruc.com\/de\/tourismus-sudliches-finistere\/tourismus-aktivitaten-im-sudlichen-finistere\/#primaryimage"},"thumbnailUrl":"https:\/\/www.domainedependruc.com\/wp-content\/uploads\/2020\/11\/activites-finistere.jpg","datePublished":"2025-12-05T13:00:56+00:00","dateModified":"2025-12-05T14:41:53+00:00","description":"Alles Wissenswerte \u00fcber Wassersportaktivit\u00e4ten rund um Concarneau in der Bretagne im s\u00fcdlichen Finist\u00e8re","breadcrumb":{"@id":"https:\/\/www.domainedependruc.com\/de\/tourismus-sudliches-finistere\/tourismus-aktivitaten-im-sudlichen-finistere\/#breadcrumb"},"inLanguage":"de","potentialAction":[{"@type":"ReadAction","target":["https:\/\/www.domainedependruc.com\/de\/tourismus-sudliches-finistere\/tourismus-aktivitaten-im-sudlichen-finistere\/"]}]},{"@type":"ImageObject","inLanguage":"de","@id":"https:\/\/www.domainedependruc.com\/de\/tourismus-sudliches-finistere\/tourismus-aktivitaten-im-sudlichen-finistere\/#primaryimage","url":"https:\/\/www.domainedependruc.com\/wp-content\/uploads\/2020\/11\/activites-finistere.jpg","contentUrl":"https:\/\/www.domainedependruc.com\/wp-content\/uploads\/2020\/11\/activites-finistere.jpg","width":1903,"height":500},{"@type":"BreadcrumbList","@id":"https:\/\/www.domainedependruc.com\/de\/tourismus-sudliches-finistere\/tourismus-aktivitaten-im-sudlichen-finistere\/#breadcrumb","itemListElement":[{"@type":"ListItem","position":1,"name":"Campingplatz Concarneau \u2013 S\u00fcdliches Finist\u00e8re","item":"https:\/\/www.domainedependruc.com\/de\/"},{"@type":"ListItem","position":2,"name":"Tourismus im Finist\u00e8re","item":"https:\/\/www.domainedependruc.com\/de\/tourismus-sudliches-finistere\/"},{"@type":"ListItem","position":3,"name":"Aktivit\u00e4t S\u00fcdliches Finist\u00e8re"}]},{"@type":"WebSite","@id":"https:\/\/www.domainedependruc.com\/de\/#website","url":"https:\/\/www.domainedependruc.com\/de\/","name":"Domaine de Pendruc","description":"","potentialAction":[{"@type":"SearchAction","target":{"@type":"EntryPoint","urlTemplate":"https:\/\/www.domainedependruc.com\/de\/?s={search_term_string}"},"query-input":{"@type":"PropertyValueSpecification","valueRequired":true,"valueName":"search_term_string"}}],"inLanguage":"de"}]}},"_links":{"self":[{"href":"https:\/\/www.domainedependruc.com\/de\/wp-json\/wp\/v2\/pages\/14417"}],"collection":[{"href":"https:\/\/www.domainedependruc.com\/de\/wp-json\/wp\/v2\/pages"}],"about":[{"href":"https:\/\/www.domainedependruc.com\/de\/wp-json\/wp\/v2\/types\/page"}],"author":[{"embeddable":true,"href":"https:\/\/www.domainedependruc.com\/de\/wp-json\/wp\/v2\/users\/1"}],"replies":[{"embeddable":true,"href":"https:\/\/www.domainedependruc.com\/de\/wp-json\/wp\/v2\/comments?post=14417"}],"version-history":[{"count":2,"href":"https:\/\/www.domainedependruc.com\/de\/wp-json\/wp\/v2\/pages\/14417\/revisions"}],"predecessor-version":[{"id":14420,"href":"https:\/\/www.domainedependruc.com\/de\/wp-json\/wp\/v2\/pages\/14417\/revisions\/14420"}],"up":[{"embeddable":true,"href":"https:\/\/www.domainedependruc.com\/de\/wp-json\/wp\/v2\/pages\/14166"}],"wp:featuredmedia":[{"embeddable":true,"href":"https:\/\/www.domainedependruc.com\/de\/wp-json\/wp\/v2\/media\/13180"}],"wp:attachment":[{"href":"https:\/\/www.domainedependruc.com\/de\/wp-json\/wp\/v2\/media?parent=14417"}],"curies":[{"name":"wp","href":"https:\/\/api.w.org\/{rel}","templated":true}]}}