{"id":14411,"date":"2025-12-05T13:56:46","date_gmt":"2025-12-05T12:56:46","guid":{"rendered":"https:\/\/www.domainedependruc.com\/?page_id=14411"},"modified":"2025-12-05T15:41:02","modified_gmt":"2025-12-05T14:41:02","slug":"unsere-tipps-im-finistere","status":"publish","type":"page","link":"https:\/\/www.domainedependruc.com\/de\/tourismus-sudliches-finistere\/unsere-tipps-im-finistere\/","title":{"rendered":"Nos bons plans dans le Finist\u00e8re"},"content":{"rendered":"<section id=\"section-5fad1bd6d65e6\"\" class=\"section first-home bg-white p-b-0\" \/><div class=\"container extralarge\"><h1 class=\"element section-title center\">UNSERE TIPPS F\u00dcR DEN S\u00dcDLICHEN FINIST\u00c8R<\/h1><div class=\"element bloc-text center \">\n\t<p>Entdecken Sie die <strong class=\"bold color1\">besten Adressen<\/strong> rund um unseren <a href=\"\/\">Campingplatz in Tr\u00e9gunc<\/a>.<\/p>\n<\/div><\/div><\/section>\n\n<section id=\"section-5fad1bd6d6914\"\" class=\"section bg-white p-b-0\" \/><div class=\"container full\"><div class=\"colonnes-wrap valign-top stretch\"><div class=\"element colonne w-40 p-8 bg-color4 valign-middle\"><h2 class=\"element section-title left\">4 RESTAURANTS IN TR\u00c9GUN<\/h2><div class=\"element bloc-text justify \">\n\t<ul>\n<li><strong class=\"bold color1\">Le Casier<\/strong>: Diese Brasserie mit Meerblick liegt ideal an der Pointe de Tr\u00e9vignon im <a href=\"\/tourisme-finistere-sud\/\">s\u00fcdlichen Finist\u00e8re<\/a> und bietet Ihnen eine reichhaltige Speisekarte mit hausgemachten Gerichten aus frischen Produkten, manchmal mit einem s\u00fcdamerikanischen Touch. Le Casier wird Sie begeistern, sei es f\u00fcr ein raffiniertes Mittagessen, einen Aperitif mit Freunden oder eine Pause nach einem Spaziergang an der K\u00fcste \u2013 die Auswahl ist gro\u00df. Als Brasserie, Eisdiele, Bar und Cr\u00eaperie ist dieses Restaurant ein geselliger Ort. Ideal, um w\u00e4hrend Ihres Urlaubs eine sch\u00f6ne Zeit mit Blick auf den Ozean zu verbringen. Das Restaurant ist vom 1. April bis Allerheiligen ge\u00f6ffnet. Von Juni bis September ist es t\u00e4glich ge\u00f6ffnet. Aktuelle Informationen finden Sie auf <a href=\"https:\/\/www.instagram.com\/le_casier_trevignon\/\">Instagram<\/a>\n<p>Le Casier \u2013 35 Rue du Port, 29910 Tr\u00e9gunc \u2013 02 98 50 01 68 \u2013 <a href=\"https:\/\/www.lecasier-trevignon.fr\/\" rel=\"noopener\">Website<\/a><\/li>\n<li><strong class=\"bold color1\">Cr\u00eaperie La Timbale<\/strong>: Mitten im Dorf Tr\u00e9gunc, nur wenige Minuten vom Campingplatz entfernt, k\u00f6nnen Sie in der Cr\u00eaperie La Timbale lokale Produkte entdecken. Am Kamin oder im Garten k\u00f6nnen Sie k\u00f6stliche bretonische Cr\u00eapes genie\u00dfen. Lassen Sie sich von den innovativen Kombinationen auf der Speisekarte verf\u00fchren oder stellen Sie sich Ihre eigenen Kombinationen zusammen. Cr\u00eapes (Weizen) oder Galettes (Buchweizen) \u2013 es ist f\u00fcr jeden Geschmack etwas dabei. La Timbale empf\u00e4ngt Sie den ganzen Tag \u00fcber zu einem Kaffee, einer Mahlzeit oder einem Snack. Das Lokal ist von Februar bis November ge\u00f6ffnet. Aktuelle Informationen finden Sie auf <a href=\"https:\/\/www.instagram.com\/latimbale_tregunc\/\">Instagram<\/a>\n<p>Cr\u00eaperie La Timbale \u2013 2 rue de Concarneau &#8211; 29910 Tr\u00e9gunc\u2013 02 98 91 35 89 \u2013 <a href=\"https:\/\/latimbaletregunc.fr\/\" rel=\"noopener\">Website<\/a><\/li>\n<\/ul>\n<\/div><\/div><div class=\"element colonne w-60 p-0\"><div class=\"element images\"><div class=\"image\"><img decoding=\"async\" src=\"https:\/\/www.domainedependruc.com\/wp-content\/uploads\/2020\/11\/creperie-finistere-100x38.jpg\" data-src=\"https:\/\/www.domainedependruc.com\/wp-content\/uploads\/2020\/11\/creperie-finistere.jpg\" alt=\"Cr\u00eaperie Finist\u00e8r\" class=\"images_image\" \/><\/div><\/div><div class=\"element bloc-text center bg-color5 p-x-10 m-0 p-y-5\">\n\t<ul>\n<li style=\"text-align: left;\"><strong class=\"bold color1\">Le Pass Port<\/strong>: Diese Brasserie in au\u00dfergew\u00f6hnlicher Lage ist ganzj\u00e4hrig ge\u00f6ffnet und verf\u00fcgt \u00fcber eine sch\u00f6ne Terrasse mit Blick auf den Ozean, die \u00fcber den K\u00fcstenweg erreichbar ist. Im Men\u00fc oder \u00e0 la carte k\u00f6nnen Sie Meeresfr\u00fcchte, Fleisch und Fisch nach franz\u00f6sischer Art oder auch traditionelles \u201eFish and Chips\u201d oder Muscheln mit Pommes frites genie\u00dfen. Das Lokal ist auch eine Bar, Eisdiele und Cr\u00eaperie: Sie k\u00f6nnen also einfach nachmittags auf der Terrasse etwas trinken oder hier ein Eis oder eine s\u00fc\u00dfe Cr\u00eape genie\u00dfen und dabei den 180\u00b0-Blick auf das Meer bewundern. Durch die Panoramafenster k\u00f6nnen Sie den Blick auf das Meer und den Hafen auch vom Inneren des Restaurants aus genie\u00dfen.\n<p>Le Pass Port \u2013 Route de Pointe de Trevignon, 29910 Tr\u00e9gunc \u2013 09 82 21 81 90 \u2013 <a href=\"https:\/\/restaurant-lepassport.fr\/\" rel=\"noopener\">Website<\/a><\/li>\n<li style=\"text-align: left;\"><strong class=\"bold color1\">Le Poisson Nageur<\/strong>: Nur wenige Schritte von der Kapelle Saint Philibert entfernt erwartet Sie das Restaurant Le Poisson Nageur. Das Restaurant (und Grillrestaurant) legt Wert auf lokale und frische Produkte. Im Poisson Nageur k\u00f6nnen Sie Meeresfr\u00fcchte aus den benachbarten Gemeinden oder den Cidre aus Tr\u00e9vignon entdecken. Die Speisekarte besteht haupts\u00e4chlich aus frischen, biologischen und saisonalen Produkten aus der Region. Sie k\u00f6nnen eine gro\u00dfe, gr\u00f6\u00dftenteils \u00fcberdachte Terrasse nutzen, auf der Sie im Schatten oder in der Sonne im Freien essen k\u00f6nnen. Das Poisson Nageur ist ganzj\u00e4hrig ge\u00f6ffnet. Die Speisekarte finden Sie auf <a href=\"https:\/\/www.facebook.com\/LePoissonNageur\/\">Facebook<\/a>\n<p>Le Poisson Nageur\u2013 6 Hent an Aod, 29910 Tr\u00e9gunc \u2013 02 98 50 06 14 \u2013 <a href=\"https:\/\/www.lepoissonnageur.fr\/\" rel=\"noopener\">Website<\/a><\/li>\n<\/ul>\n<\/div><\/div><\/div><\/div><\/section>\n\n<section id=\"section-5fad1bd6d6c79\"\" class=\"section bg-white p-t-0 p-b-0\" \/><div class=\"container full\"><div class=\"accordeon\"><div class=\"slide \"><div class=\"slide_image\"><img decoding=\"async\" src=\"https:\/\/www.domainedependruc.com\/wp-content\/uploads\/2020\/11\/restaurant-finistere-sud-1-100x88.jpg\" data-src=\"https:\/\/www.domainedependruc.com\/wp-content\/uploads\/2020\/11\/restaurant-finistere-sud-1.jpg\" alt=\"restaurant Finist\u00e8re-sud\" class=\"\" \/><\/div><\/div><div class=\"slide \"><div class=\"slide_image\"><img decoding=\"async\" src=\"https:\/\/www.domainedependruc.com\/wp-content\/uploads\/2020\/11\/restaurant-finistere-100x88.jpg\" data-src=\"https:\/\/www.domainedependruc.com\/wp-content\/uploads\/2020\/11\/restaurant-finistere.jpg\" alt=\"restaurant finistere\" class=\"\" \/><\/div><\/div><div class=\"slide \"><div class=\"slide_image\"><img decoding=\"async\" src=\"https:\/\/www.domainedependruc.com\/wp-content\/uploads\/2020\/11\/restaurant-bretagne-100x88.jpg\" data-src=\"https:\/\/www.domainedependruc.com\/wp-content\/uploads\/2020\/11\/restaurant-bretagne.jpg\" alt=\"restaurant bretagne\" class=\"\" \/><\/div><\/div><div class=\"slide \"><div class=\"slide_image\"><img decoding=\"async\" src=\"https:\/\/www.domainedependruc.com\/wp-content\/uploads\/2020\/11\/plat-bretons-100x88.jpg\" data-src=\"https:\/\/www.domainedependruc.com\/wp-content\/uploads\/2020\/11\/plat-bretons.jpg\" alt=\"plat bretons\" class=\"\" \/><\/div><\/div><\/div><\/div><\/section>\n\n<section id=\"section-5fad115c7e657\"\" class=\"section bg-white p-t-0 p-b-0\" \/><div class=\"container full\"><div class=\"colonnes-wrap valign-top stretch\"><div class=\"element colonne w-60 p-0\"><div class=\"element images\"><div class=\"image\"><img decoding=\"async\" src=\"https:\/\/www.domainedependruc.com\/wp-content\/uploads\/2020\/11\/concarneau-visite-100x33.jpg\" data-src=\"https:\/\/www.domainedependruc.com\/wp-content\/uploads\/2020\/11\/concarneau-visite.jpg\" alt=\"Campingplatz mit Planschbecken im s\u00fcdlichen Finist\u00e8r\" class=\"images_image\" \/><\/div><\/div><div class=\"element bloc-text center bg-color5 p-x-10 m-0 p-y-5\">\n\t<h2>4 BELIEBTE AKTIVIT\u00c4TEN IM FINIST\u00c8RE IN DER N\u00c4HE VON TR\u00c9GUNC<\/h2>\n<ul>\n<li><a href=\"\/actualites-camping-finistere\/ville-close-de-concarneau\/\">Die ummauerte Stadt Concarneau<\/a>: Nur 8 km von Ihrem Campingplatz entfernt liegt die Stadt Concarneau, eine ehemalige Festung am Meer, deren au\u00dfergew\u00f6hnliche Befestigungsanlagen erhalten geblieben sind. Ihr reiches architektonisches Erbe ist hinter den Stadtmauern, den neun Wacht\u00fcrmen und den drei Festungstoren unversehrt geblieben: Sie m\u00fcssen nur die Zugbr\u00fccke \u00fcberqueren, um die Gesch\u00e4fte mit ihren geschnitzten T\u00fcrst\u00fcrzen, die mittelalterlichen Granith\u00e4user und die alten Kapellen zu entdecken. In der Altstadt beleben zahlreiche Kunst-, Handwerks- und Lokaltourismus-Gesch\u00e4fte die gepflasterten Gassen. Rund um die ummauerte Stadt sind auch der Fischereihafen und der Yachthafen angenehme Orte f\u00fcr Spazierg\u00e4nge. Die Geschichte und der Ruf von Concarneau sind durch die Seefahrt gepr\u00e4gt. Ein Besuch der Fischauktion ist ein Muss!Ville close \u2013 Rue Th\u00e9ophile Louarn, 29900 Concarneau \u2013 02 98 97 01 44 \u2013 <a href=\"https:\/\/www.concarneau.fr\/ville\/\" rel=\"noopener\">Website<\/a><\/li>\n<li><a href=\"\/actualites-camping-finistere\/musee-de-peche-visite-de-navire-a-concarneau\/\">Das Fischereimuseum<\/a>: Am Eingang der ummauerten Stadt l\u00e4dt das Fischereimuseum die Besucher des Finist\u00e8re ein, die historische T\u00e4tigkeit von Concarneau zu entdecken. Dieser in Frankreich einzigartige Ort verf\u00fcgt \u00fcber eine au\u00dfergew\u00f6hnliche Sammlung von Alltagsgegenst\u00e4nden der Seeleute, Fischereiger\u00e4ten, Dokumenten, Booten und Modellen. Es werden zahlreiche Veranstaltungen f\u00fcr Erwachsene und Kinder organisiert: F\u00fchrungen, Workshops und Vortr\u00e4ge \u00fcber die Welt der Fischerei, aber auch Begegnungen und M\u00e4rchenabende. Mus\u00e9e de la p\u00eache de Concarneau (Fischereimuseum von Concarneau) \u2013 3 Rue Vauban, 29900 Concarneau \u2013 02 98 97 10 20 \u2013 <a href=\"https:\/\/www.musee-peche.fr\/\" rel=\"noopener\">Website<\/a><\/li>\n<\/ul>\n<\/div><\/div><div class=\"element colonne w-40 p-8 bg-color4 valign-middle\"><div class=\"element bloc-text justify \">\n\t<ul>\n<li><strong class=\"bold color1\">Das Schloss Keriolet<\/strong>: Dieses Herrenhaus aus dem 13. Jahrhundert wurde im 19. Jahrhundert unter der Leitung von Z\u00e9na\u00efde Narischkine architektonisch und dekorativ komplett neu gestaltet. Das Schloss verdankt dieser russischen Prinzessin, die als Tante von Zar Nikolaus II. bekannt ist, insbesondere sein bemerkenswertes neugotisches Erscheinungsbild. Bei einer F\u00fchrung durch das Schloss Keriolet erfahren Sie viele historische Anekdoten. Der Ort besticht durch seinen atypischen Charakter und die Sch\u00f6nheit seiner Ausstattung. Der gro\u00dfe Park mit seinen B\u00e4umen ist nach der Besichtigung ein angenehmer Ort f\u00fcr einen Spaziergang.Schloss K\u00e9riolet \u2013 Rue de Keriolet, 29900 Concarneau \u2013 02 98 97 36 50 \u2013 <a href=\"https:\/\/www.chateaudekeriolet.com\/\" rel=\"noopener\">Website<\/a><\/li>\n<li><strong class=\"bold color1\">Die Kunstgalerien von Pont-Aven<\/strong>: Pont-Aven, heute als \u201eStadt der Maler\u201d bekannt, zieht seit dem 19. Jahrhundert K\u00fcnstler an. Die kleine bretonische Stadt, die insbesondere Paul Gauguin beherbergte und inspirierte, verf\u00fcgt heute \u00fcber rund sechzig Kunstgalerien und empf\u00e4ngt jedes Jahr zahlreiche K\u00fcnstler in Residenz. Die Stadt verf\u00fcgt auch \u00fcber ein Kunstmuseum, in dem Werke von Malern der Schule von Pont-Aven wie Gauguin oder S\u00e9rusier ausgestellt sind. Wechselnde Ausstellungen zeitgen\u00f6ssischer Kunst erg\u00e4nzen die reichhaltige Sammlung des Museums.Fremdenverkehrsamt Pont-Aven \u2013 3 rue des Meuni\u00e8res \u2013 29930 Pont-Aven \u2013 02 98 06 04 70 \u2013 <a href=\"https:\/\/www.deconcarneauapontaven.com\/\" rel=\"noopener\"> Website<\/a><\/li>\n<\/ul>\n<\/div><\/div><\/div><\/div><\/section>\n\n<section id=\"section-toboggans\"\" class=\"section bg-white p-t-0 p-b-0\" \/><div class=\"container full\"><div class=\"accordeon\"><div class=\"slide \"><div class=\"slide_image\"><img decoding=\"async\" src=\"https:\/\/www.domainedependruc.com\/wp-content\/uploads\/2020\/11\/tourisme-concarneau-100x88.jpg\" data-src=\"https:\/\/www.domainedependruc.com\/wp-content\/uploads\/2020\/11\/tourisme-concarneau.jpg\" alt=\"tourisme concarneau\" class=\"\" \/><\/div><\/div><div class=\"slide \"><div class=\"slide_image\"><img decoding=\"async\" src=\"https:\/\/www.domainedependruc.com\/wp-content\/uploads\/2020\/11\/port-concarneau-100x88.jpg\" data-src=\"https:\/\/www.domainedependruc.com\/wp-content\/uploads\/2020\/11\/port-concarneau.jpg\" alt=\"port concarneau\" class=\"\" \/><\/div><\/div><div class=\"slide \"><div class=\"slide_image\"><img decoding=\"async\" src=\"https:\/\/www.domainedependruc.com\/wp-content\/uploads\/2020\/11\/vacances-concarneau-100x88.jpg\" data-src=\"https:\/\/www.domainedependruc.com\/wp-content\/uploads\/2020\/11\/vacances-concarneau.jpg\" alt=\"vacances concarneau\" class=\"\" \/><\/div><\/div><div class=\"slide \"><div class=\"slide_image\"><img decoding=\"async\" src=\"https:\/\/www.domainedependruc.com\/wp-content\/uploads\/2020\/11\/cite-concarneau-100x88.jpg\" data-src=\"https:\/\/www.domainedependruc.com\/wp-content\/uploads\/2020\/11\/cite-concarneau.jpg\" alt=\"cite concarneau\" class=\"\" \/><\/div><\/div><\/div><\/div><\/section>","protected":false},"excerpt":{"rendered":"","protected":false},"author":1,"featured_media":13162,"parent":14166,"menu_order":0,"comment_status":"closed","ping_status":"closed","template":"","meta":{"_acf_changed":false,"footnotes":""},"class_list":["post-14411","page","type-page","status-publish","has-post-thumbnail","hentry"],"acf":[],"yoast_head":"<!-- This site is optimized with the Yoast SEO plugin v25.3 - https:\/\/yoast.com\/wordpress\/plugins\/seo\/ -->\n<title>Unsere Tipps f\u00fcr Restaurants, Aktivit\u00e4ten und Unterk\u00fcnfte im Departement Finist\u00e8re<\/title>\n<meta name=\"robots\" content=\"index, follow, max-snippet:-1, max-image-preview:large, max-video-preview:-1\" \/>\n<link rel=\"canonical\" href=\"https:\/\/www.domainedependruc.com\/de\/tourismus-sudliches-finistere\/unsere-tipps-im-finistere\/\" \/>\n<meta property=\"og:locale\" content=\"de_DE\" \/>\n<meta property=\"og:type\" content=\"article\" \/>\n<meta property=\"og:title\" content=\"Unsere Tipps f\u00fcr Restaurants, Aktivit\u00e4ten und Unterk\u00fcnfte im Departement Finist\u00e8re\" \/>\n<meta property=\"og:url\" content=\"https:\/\/www.domainedependruc.com\/de\/tourismus-sudliches-finistere\/unsere-tipps-im-finistere\/\" \/>\n<meta property=\"og:site_name\" content=\"Domaine de Pendruc\" \/>\n<meta property=\"article:modified_time\" content=\"2025-12-05T14:41:02+00:00\" \/>\n<meta property=\"og:image\" content=\"https:\/\/www.domainedependruc.com\/wp-content\/uploads\/2020\/11\/bons-plans-finistere.jpg\" \/>\n\t<meta property=\"og:image:width\" content=\"1903\" \/>\n\t<meta property=\"og:image:height\" content=\"501\" \/>\n\t<meta property=\"og:image:type\" content=\"image\/jpeg\" \/>\n<meta name=\"twitter:card\" content=\"summary_large_image\" \/>\n<script type=\"application\/ld+json\" class=\"yoast-schema-graph\">{\"@context\":\"https:\/\/schema.org\",\"@graph\":[{\"@type\":\"WebPage\",\"@id\":\"https:\/\/www.domainedependruc.com\/de\/tourismus-sudliches-finistere\/unsere-tipps-im-finistere\/\",\"url\":\"https:\/\/www.domainedependruc.com\/de\/tourismus-sudliches-finistere\/unsere-tipps-im-finistere\/\",\"name\":\"Unsere Tipps f\u00fcr Restaurants, Aktivit\u00e4ten und Unterk\u00fcnfte im Departement Finist\u00e8re\",\"isPartOf\":{\"@id\":\"https:\/\/www.domainedependruc.com\/de\/#website\"},\"primaryImageOfPage\":{\"@id\":\"https:\/\/www.domainedependruc.com\/de\/tourismus-sudliches-finistere\/unsere-tipps-im-finistere\/#primaryimage\"},\"image\":{\"@id\":\"https:\/\/www.domainedependruc.com\/de\/tourismus-sudliches-finistere\/unsere-tipps-im-finistere\/#primaryimage\"},\"thumbnailUrl\":\"https:\/\/www.domainedependruc.com\/wp-content\/uploads\/2020\/11\/bons-plans-finistere.jpg\",\"datePublished\":\"2025-12-05T12:56:46+00:00\",\"dateModified\":\"2025-12-05T14:41:02+00:00\",\"breadcrumb\":{\"@id\":\"https:\/\/www.domainedependruc.com\/de\/tourismus-sudliches-finistere\/unsere-tipps-im-finistere\/#breadcrumb\"},\"inLanguage\":\"de\",\"potentialAction\":[{\"@type\":\"ReadAction\",\"target\":[\"https:\/\/www.domainedependruc.com\/de\/tourismus-sudliches-finistere\/unsere-tipps-im-finistere\/\"]}]},{\"@type\":\"ImageObject\",\"inLanguage\":\"de\",\"@id\":\"https:\/\/www.domainedependruc.com\/de\/tourismus-sudliches-finistere\/unsere-tipps-im-finistere\/#primaryimage\",\"url\":\"https:\/\/www.domainedependruc.com\/wp-content\/uploads\/2020\/11\/bons-plans-finistere.jpg\",\"contentUrl\":\"https:\/\/www.domainedependruc.com\/wp-content\/uploads\/2020\/11\/bons-plans-finistere.jpg\",\"width\":1903,\"height\":501},{\"@type\":\"BreadcrumbList\",\"@id\":\"https:\/\/www.domainedependruc.com\/de\/tourismus-sudliches-finistere\/unsere-tipps-im-finistere\/#breadcrumb\",\"itemListElement\":[{\"@type\":\"ListItem\",\"position\":1,\"name\":\"Campingplatz Concarneau \u2013 S\u00fcdliches Finist\u00e8re\",\"item\":\"https:\/\/www.domainedependruc.com\/de\/\"},{\"@type\":\"ListItem\",\"position\":2,\"name\":\"Tourismus im Finist\u00e8re\",\"item\":\"https:\/\/www.domainedependruc.com\/de\/tourismus-sudliches-finistere\/\"},{\"@type\":\"ListItem\",\"position\":3,\"name\":\"Nos bons plans dans le Finist\u00e8re\"}]},{\"@type\":\"WebSite\",\"@id\":\"https:\/\/www.domainedependruc.com\/de\/#website\",\"url\":\"https:\/\/www.domainedependruc.com\/de\/\",\"name\":\"Domaine de Pendruc\",\"description\":\"\",\"potentialAction\":[{\"@type\":\"SearchAction\",\"target\":{\"@type\":\"EntryPoint\",\"urlTemplate\":\"https:\/\/www.domainedependruc.com\/de\/?s={search_term_string}\"},\"query-input\":{\"@type\":\"PropertyValueSpecification\",\"valueRequired\":true,\"valueName\":\"search_term_string\"}}],\"inLanguage\":\"de\"}]}<\/script>\n<!-- \/ Yoast SEO plugin. -->","yoast_head_json":{"title":"Unsere Tipps f\u00fcr Restaurants, Aktivit\u00e4ten und Unterk\u00fcnfte im Departement Finist\u00e8re","robots":{"index":"index","follow":"follow","max-snippet":"max-snippet:-1","max-image-preview":"max-image-preview:large","max-video-preview":"max-video-preview:-1"},"canonical":"https:\/\/www.domainedependruc.com\/de\/tourismus-sudliches-finistere\/unsere-tipps-im-finistere\/","og_locale":"de_DE","og_type":"article","og_title":"Unsere Tipps f\u00fcr Restaurants, Aktivit\u00e4ten und Unterk\u00fcnfte im Departement Finist\u00e8re","og_url":"https:\/\/www.domainedependruc.com\/de\/tourismus-sudliches-finistere\/unsere-tipps-im-finistere\/","og_site_name":"Domaine de Pendruc","article_modified_time":"2025-12-05T14:41:02+00:00","og_image":[{"width":1903,"height":501,"url":"https:\/\/www.domainedependruc.com\/wp-content\/uploads\/2020\/11\/bons-plans-finistere.jpg","type":"image\/jpeg"}],"twitter_card":"summary_large_image","schema":{"@context":"https:\/\/schema.org","@graph":[{"@type":"WebPage","@id":"https:\/\/www.domainedependruc.com\/de\/tourismus-sudliches-finistere\/unsere-tipps-im-finistere\/","url":"https:\/\/www.domainedependruc.com\/de\/tourismus-sudliches-finistere\/unsere-tipps-im-finistere\/","name":"Unsere Tipps f\u00fcr Restaurants, Aktivit\u00e4ten und Unterk\u00fcnfte im Departement Finist\u00e8re","isPartOf":{"@id":"https:\/\/www.domainedependruc.com\/de\/#website"},"primaryImageOfPage":{"@id":"https:\/\/www.domainedependruc.com\/de\/tourismus-sudliches-finistere\/unsere-tipps-im-finistere\/#primaryimage"},"image":{"@id":"https:\/\/www.domainedependruc.com\/de\/tourismus-sudliches-finistere\/unsere-tipps-im-finistere\/#primaryimage"},"thumbnailUrl":"https:\/\/www.domainedependruc.com\/wp-content\/uploads\/2020\/11\/bons-plans-finistere.jpg","datePublished":"2025-12-05T12:56:46+00:00","dateModified":"2025-12-05T14:41:02+00:00","breadcrumb":{"@id":"https:\/\/www.domainedependruc.com\/de\/tourismus-sudliches-finistere\/unsere-tipps-im-finistere\/#breadcrumb"},"inLanguage":"de","potentialAction":[{"@type":"ReadAction","target":["https:\/\/www.domainedependruc.com\/de\/tourismus-sudliches-finistere\/unsere-tipps-im-finistere\/"]}]},{"@type":"ImageObject","inLanguage":"de","@id":"https:\/\/www.domainedependruc.com\/de\/tourismus-sudliches-finistere\/unsere-tipps-im-finistere\/#primaryimage","url":"https:\/\/www.domainedependruc.com\/wp-content\/uploads\/2020\/11\/bons-plans-finistere.jpg","contentUrl":"https:\/\/www.domainedependruc.com\/wp-content\/uploads\/2020\/11\/bons-plans-finistere.jpg","width":1903,"height":501},{"@type":"BreadcrumbList","@id":"https:\/\/www.domainedependruc.com\/de\/tourismus-sudliches-finistere\/unsere-tipps-im-finistere\/#breadcrumb","itemListElement":[{"@type":"ListItem","position":1,"name":"Campingplatz Concarneau \u2013 S\u00fcdliches Finist\u00e8re","item":"https:\/\/www.domainedependruc.com\/de\/"},{"@type":"ListItem","position":2,"name":"Tourismus im Finist\u00e8re","item":"https:\/\/www.domainedependruc.com\/de\/tourismus-sudliches-finistere\/"},{"@type":"ListItem","position":3,"name":"Nos bons plans dans le Finist\u00e8re"}]},{"@type":"WebSite","@id":"https:\/\/www.domainedependruc.com\/de\/#website","url":"https:\/\/www.domainedependruc.com\/de\/","name":"Domaine de Pendruc","description":"","potentialAction":[{"@type":"SearchAction","target":{"@type":"EntryPoint","urlTemplate":"https:\/\/www.domainedependruc.com\/de\/?s={search_term_string}"},"query-input":{"@type":"PropertyValueSpecification","valueRequired":true,"valueName":"search_term_string"}}],"inLanguage":"de"}]}},"_links":{"self":[{"href":"https:\/\/www.domainedependruc.com\/de\/wp-json\/wp\/v2\/pages\/14411"}],"collection":[{"href":"https:\/\/www.domainedependruc.com\/de\/wp-json\/wp\/v2\/pages"}],"about":[{"href":"https:\/\/www.domainedependruc.com\/de\/wp-json\/wp\/v2\/types\/page"}],"author":[{"embeddable":true,"href":"https:\/\/www.domainedependruc.com\/de\/wp-json\/wp\/v2\/users\/1"}],"replies":[{"embeddable":true,"href":"https:\/\/www.domainedependruc.com\/de\/wp-json\/wp\/v2\/comments?post=14411"}],"version-history":[{"count":3,"href":"https:\/\/www.domainedependruc.com\/de\/wp-json\/wp\/v2\/pages\/14411\/revisions"}],"predecessor-version":[{"id":14416,"href":"https:\/\/www.domainedependruc.com\/de\/wp-json\/wp\/v2\/pages\/14411\/revisions\/14416"}],"up":[{"embeddable":true,"href":"https:\/\/www.domainedependruc.com\/de\/wp-json\/wp\/v2\/pages\/14166"}],"wp:featuredmedia":[{"embeddable":true,"href":"https:\/\/www.domainedependruc.com\/de\/wp-json\/wp\/v2\/media\/13162"}],"wp:attachment":[{"href":"https:\/\/www.domainedependruc.com\/de\/wp-json\/wp\/v2\/media?parent=14411"}],"curies":[{"name":"wp","href":"https:\/\/api.w.org\/{rel}","templated":true}]}}