{"id":14409,"date":"2025-12-05T13:50:22","date_gmt":"2025-12-05T12:50:22","guid":{"rendered":"https:\/\/www.domainedependruc.com\/?page_id=14409"},"modified":"2025-12-05T13:50:24","modified_gmt":"2025-12-05T12:50:24","slug":"stellplatz-mit-eigenem-sanitarbereich","status":"publish","type":"page","link":"https:\/\/www.domainedependruc.com\/de\/vermietung-standort-finistere-sud\/stellplatz-mit-eigenem-sanitarbereich\/","title":{"rendered":"Emplacement avec sanitaire priv\u00e9"},"content":{"rendered":"<section id=\"section-602d268477830\"\" class=\"section first-home bg-white p-b-0\" \/><div class=\"container extralarge\"><h1 class=\"element section-title center\">Campingplatz mit privaten Sanit\u00e4ranlagen auf Stellpl\u00e4tzen in der Bretagne<\/h1><\/div><\/section>\n\n<section id=\"section-602d26847792c\"\" class=\"section bg-white\" \/><div class=\"container\"><div class=\"element bloc-text  \">\n\t<div class=\"ctoutvert\"><script>\r\n    window.ctoutvert = {\r\n        id: 2876,\r\n        lang: 'fr',\r\n        url: 'https:\/\/bookingpremium.secureholiday.net\/widgets\/', \r\n    };\r\n    (function (w, d, s, ctv, r, js, fjs) {\r\n        r=new XMLHttpRequest();r.open('GET',w[ctv].url+'js\/src.json');\r\n        r.responseType='json';r.json=true;r.send();\r\n        r.onload=function(){w[ctv].src=r.responseType=='json'?r.response:JSON.parse(r.response);\r\n        js.src=w[ctv].src[0];fjs.parentNode.insertBefore(js, fjs);}\r\n        js=d.createElement(s),fjs=d.getElementsByTagName(s)[0];\r\n        js.id='ctvwidget';js.async=1;\r\n    }(window, document, 'script', 'ctoutvert'));\r\n<\/script><ctv-availability data-product-id='105983' data-month-year='05@2021' data-background-color='#FFFFFFFF' ><\/ctv-availability><\/div><\/div><\/div><\/section>\n\n<section id=\"section-602d268477b0e\"\" class=\"section bg-white p-t-0 p-b-0\" \/><div class=\"container full\"><div class=\"colonnes-wrap valign-top \"><div class=\"element colonne w-40\"><div class=\"element images\"><div class=\"image\"><img decoding=\"async\" src=\"https:\/\/www.domainedependruc.com\/wp-content\/uploads\/2021\/02\/visuel-freecamp-100x88.jpg\" data-src=\"https:\/\/www.domainedependruc.com\/wp-content\/uploads\/2021\/02\/visuel-freecamp.jpg\" alt=\"Campingplatz mit eigenem Bad auf dem Stellplatz\" class=\"images_image\" \/><\/div><\/div><\/div><div class=\"element colonne w-60 p-8 valign-middle\"><h2 class=\"element section-title center\">Ein Campingplatz mit privaten Sanit\u00e4ranlagen: die Vorteil<\/h2><div class=\"element bloc-text justify \">\n\t<ul>\n<li><strong class=\"bold color1\">Privacy<\/strong>: a shower, toilet, and sink on your own plot, combining the personalized service of luxury hotels with the friendliness of a family campground.<\/li>\n<li><strong class=\"bold color1\">Hygiene<\/strong>: a <strong class=\"bold color1\">private space<\/strong> used only by you throughout your stay in Southern Brittany, a facility that helps prevent viral or bacterial infections, which are highly contagious in public areas.<\/li>\n<li>Comfort: well-designed bathrooms with optimized space, attractive design, and environmentally friendly wood construction.<\/li>\n<li><strong class=\"bold color1\">Proximity<\/strong>: The <strong class=\"bold color1\">shower and toilet are just a few feet from your tent<\/strong>, RV, or trailer, which is very convenient when it rains, when you wake up, or during the night.<\/li>\n<li><strong class=\"bold color1\">Safety<\/strong>: An important criterion for families visiting the Concarneau region and Finist\u00e8re with young children.<\/li>\n<\/ul>\n<\/div><\/div><\/div><\/div><\/section>\n\n<section id=\"section-602d268477d0a\"\" class=\"section bg-white p-t-0 p-b-0\" \/><div class=\"container full\"><div class=\"colonnes-wrap valign-top \"><div class=\"element colonne w-50 p-8 bg-color5 valign-middle\"><h2 class=\"element section-title justify\">Alle Annehmlichkeiten eines Campingplatzes mit eigenem Bad in Britta<\/h2><div class=\"element bloc-text justify \">\n\t<p>Sie sind so aufgeregt, Ihre erste Nacht auf dem <a href=\"\/\">4-Sterne-Campingplatz Domaine de Pendruc in der N\u00e4he von Concarneau<\/a> in der Bretagne zu verbringen, dass Sie schon vor Sonnenaufgang aufwachen. Die <strong class=\"bold color1\">N\u00e4he der Toiletten<\/strong> ist zu dieser fr\u00fchen Stunde ein Geschenk des Himmels.<\/p>\n<p>Hat Ihnen der vom Animationsteam organisierte Themenabend gefallen? Bevor Sie schlafen gehen, genie\u00dfen Sie den Komfort Ihres privaten Badezimmers und das Vergn\u00fcgen einer hei\u00dfen Dusche, nur wenige Schritte von Ihrem Zelt, Wohnwagen oder Wohnmobil entfernt.<\/p>\n<p>Haben Sie sich bei Ihren Surfkursen an den Str\u00e4nden des Finist\u00e8re und im beheizten Pool ausreichend vergn\u00fcgt? Duschen Sie schnell in Ihrem privaten Badezimmer, bevor Sie mit Ihren Freunden in der N\u00e4he ihres Campingplatzes im s\u00fcdlichen Finist\u00e8re grillen oder eine Partie Boule spielen.<\/p>\n<p>Planen Sie einen Familienurlaub in der s\u00fcdlichen Bretagne? Sie werden begeistert sein, Ihre Kinder unter die Dusche zu schicken, ohne sie ins Badezimmer begleiten zu m\u00fcssen, w\u00e4hrend Sie Ihren Sommerroman auf Ihrer Sonnenliege in Ihrem privaten Garten lesen, der von nat\u00fcrlichen Hecken umgeben ist.<\/p>\n<\/div><\/div><div class=\"element colonne w-50\"><div class=\"element images\"><div class=\"image\"><img decoding=\"async\" src=\"https:\/\/www.domainedependruc.com\/wp-content\/uploads\/2020\/12\/emplacement-finistere-100x56.jpg\" data-src=\"https:\/\/www.domainedependruc.com\/wp-content\/uploads\/2020\/12\/emplacement-finistere.jpg\" alt=\"Standort mit privaten Toilettenanlagen\" class=\"images_image\" \/><\/div><\/div><\/div><\/div><\/div><\/section>\n\n<section id=\"section-602d268477edf\"\" class=\"section bg-white p-t-0 p-b-0\" \/><div class=\"container full\"><div class=\"colonnes-wrap valign-top \"><div class=\"element colonne w-40\"><div class=\"element images\"><div class=\"image\"><img decoding=\"async\" src=\"https:\/\/www.domainedependruc.com\/wp-content\/uploads\/2021\/02\/freecamp2021-100x88.jpg\" data-src=\"https:\/\/www.domainedependruc.com\/wp-content\/uploads\/2021\/02\/freecamp2021.jpg\" alt=\"Privater Campingplatz mit Sanit\u00e4ranlagen\" class=\"images_image\" \/><\/div><\/div><\/div><div class=\"element colonne w-60 p-8 valign-middle\"><h2 class=\"element section-title center\">G\u00fcnstige Campingpl\u00e4tze mit privaten Sanit\u00e4ranlage<\/h2><div class=\"element bloc-text center \">\n\t<p>Die privaten Badezimmer des Campingplatzes Domaine de Pendruc**** \u00e4hneln Holzh\u00fctten und sind umweltfreundliche Einrichtungen, die sich perfekt in die Umgebung einf\u00fcgen. Sie sind ger\u00e4umig und gut ausgestattet und eignen sich ideal f\u00fcr Paare, Familien und Gruppen von Freunden, die w\u00e4hrend ihres Aufenthalts im Finist\u00e8re ein hohes Ma\u00df an Komfort und Privatsph\u00e4re zu einem g\u00fcnstigen Preis w\u00fcnschen.<\/p>\n<p>Sie bieten die perfekte Balance zwischen der Exzellenz privater Einrichtungen und der Einfachheit und Authentizit\u00e4t traditioneller Campingpl\u00e4tze.<\/p>\n<p>Klingt das verlockend? Reservieren Sie Ihren <strong class=\"bold color1\">Campingplatz mit eigenem Bad<\/strong> ab 70 \u20ac pro Wochenende im Domaine de Pendruc. Sie genie\u00dfen den Luxus und die Privatsph\u00e4re eines eigenen Badezimmers am Meer und haben freien Zugang zu allen Einrichtungen des Campingplatzes: beheiztes Hallenbad, Spielplatz, Multisportplatz und vieles mehr.<\/p>\n<p>Informieren Sie sich \u00fcber unsere Verf\u00fcgbarkeit und Sonderangebote in der Hoch- und Nebensaison und g\u00f6nnen Sie sich einen Luxusurlaub zum besten Preis in einem Premium-Outdoor-Hotel in der Bretagne.<\/p>\n<\/div><\/div><\/div><\/div><\/section>","protected":false},"excerpt":{"rendered":"","protected":false},"author":1,"featured_media":13137,"parent":14153,"menu_order":0,"comment_status":"closed","ping_status":"closed","template":"","meta":{"_acf_changed":false,"footnotes":""},"class_list":["post-14409","page","type-page","status-publish","has-post-thumbnail","hentry"],"acf":[],"yoast_head":"<!-- This site is optimized with the Yoast SEO plugin v25.3 - https:\/\/yoast.com\/wordpress\/plugins\/seo\/ -->\n<title>Emplacement avec sanitaire priv\u00e9 - Domaine de Pendruc<\/title>\n<meta name=\"robots\" content=\"index, follow, max-snippet:-1, max-image-preview:large, max-video-preview:-1\" \/>\n<link rel=\"canonical\" href=\"https:\/\/www.domainedependruc.com\/de\/vermietung-standort-finistere-sud\/stellplatz-mit-eigenem-sanitarbereich\/\" \/>\n<meta property=\"og:locale\" content=\"de_DE\" \/>\n<meta property=\"og:type\" content=\"article\" \/>\n<meta property=\"og:title\" content=\"Emplacement avec sanitaire priv\u00e9 - Domaine de Pendruc\" \/>\n<meta property=\"og:url\" content=\"https:\/\/www.domainedependruc.com\/de\/vermietung-standort-finistere-sud\/stellplatz-mit-eigenem-sanitarbereich\/\" \/>\n<meta property=\"og:site_name\" content=\"Domaine de Pendruc\" \/>\n<meta property=\"article:modified_time\" content=\"2025-12-05T12:50:24+00:00\" \/>\n<meta property=\"og:image\" content=\"https:\/\/www.domainedependruc.com\/wp-content\/uploads\/2020\/11\/emplacement-finistere-sud.jpg\" \/>\n\t<meta property=\"og:image:width\" content=\"1903\" \/>\n\t<meta property=\"og:image:height\" content=\"500\" \/>\n\t<meta property=\"og:image:type\" content=\"image\/jpeg\" \/>\n<meta name=\"twitter:card\" content=\"summary_large_image\" \/>\n<script type=\"application\/ld+json\" class=\"yoast-schema-graph\">{\"@context\":\"https:\/\/schema.org\",\"@graph\":[{\"@type\":\"WebPage\",\"@id\":\"https:\/\/www.domainedependruc.com\/de\/vermietung-standort-finistere-sud\/stellplatz-mit-eigenem-sanitarbereich\/\",\"url\":\"https:\/\/www.domainedependruc.com\/de\/vermietung-standort-finistere-sud\/stellplatz-mit-eigenem-sanitarbereich\/\",\"name\":\"Emplacement avec sanitaire priv\u00e9 - Domaine de Pendruc\",\"isPartOf\":{\"@id\":\"https:\/\/www.domainedependruc.com\/de\/#website\"},\"primaryImageOfPage\":{\"@id\":\"https:\/\/www.domainedependruc.com\/de\/vermietung-standort-finistere-sud\/stellplatz-mit-eigenem-sanitarbereich\/#primaryimage\"},\"image\":{\"@id\":\"https:\/\/www.domainedependruc.com\/de\/vermietung-standort-finistere-sud\/stellplatz-mit-eigenem-sanitarbereich\/#primaryimage\"},\"thumbnailUrl\":\"https:\/\/www.domainedependruc.com\/wp-content\/uploads\/2020\/11\/emplacement-finistere-sud.jpg\",\"datePublished\":\"2025-12-05T12:50:22+00:00\",\"dateModified\":\"2025-12-05T12:50:24+00:00\",\"breadcrumb\":{\"@id\":\"https:\/\/www.domainedependruc.com\/de\/vermietung-standort-finistere-sud\/stellplatz-mit-eigenem-sanitarbereich\/#breadcrumb\"},\"inLanguage\":\"de\",\"potentialAction\":[{\"@type\":\"ReadAction\",\"target\":[\"https:\/\/www.domainedependruc.com\/de\/vermietung-standort-finistere-sud\/stellplatz-mit-eigenem-sanitarbereich\/\"]}]},{\"@type\":\"ImageObject\",\"inLanguage\":\"de\",\"@id\":\"https:\/\/www.domainedependruc.com\/de\/vermietung-standort-finistere-sud\/stellplatz-mit-eigenem-sanitarbereich\/#primaryimage\",\"url\":\"https:\/\/www.domainedependruc.com\/wp-content\/uploads\/2020\/11\/emplacement-finistere-sud.jpg\",\"contentUrl\":\"https:\/\/www.domainedependruc.com\/wp-content\/uploads\/2020\/11\/emplacement-finistere-sud.jpg\",\"width\":1903,\"height\":500},{\"@type\":\"BreadcrumbList\",\"@id\":\"https:\/\/www.domainedependruc.com\/de\/vermietung-standort-finistere-sud\/stellplatz-mit-eigenem-sanitarbereich\/#breadcrumb\",\"itemListElement\":[{\"@type\":\"ListItem\",\"position\":1,\"name\":\"Campingplatz Concarneau \u2013 S\u00fcdliches Finist\u00e8re\",\"item\":\"https:\/\/www.domainedependruc.com\/de\/\"},{\"@type\":\"ListItem\",\"position\":2,\"name\":\"Caravaning im s\u00fcdlichen Finist\u00e8re\",\"item\":\"https:\/\/www.domainedependruc.com\/de\/vermietung-standort-finistere-sud\/\"},{\"@type\":\"ListItem\",\"position\":3,\"name\":\"Emplacement avec sanitaire priv\u00e9\"}]},{\"@type\":\"WebSite\",\"@id\":\"https:\/\/www.domainedependruc.com\/de\/#website\",\"url\":\"https:\/\/www.domainedependruc.com\/de\/\",\"name\":\"Domaine de Pendruc\",\"description\":\"\",\"potentialAction\":[{\"@type\":\"SearchAction\",\"target\":{\"@type\":\"EntryPoint\",\"urlTemplate\":\"https:\/\/www.domainedependruc.com\/de\/?s={search_term_string}\"},\"query-input\":{\"@type\":\"PropertyValueSpecification\",\"valueRequired\":true,\"valueName\":\"search_term_string\"}}],\"inLanguage\":\"de\"}]}<\/script>\n<!-- \/ Yoast SEO plugin. -->","yoast_head_json":{"title":"Emplacement avec sanitaire priv\u00e9 - Domaine de Pendruc","robots":{"index":"index","follow":"follow","max-snippet":"max-snippet:-1","max-image-preview":"max-image-preview:large","max-video-preview":"max-video-preview:-1"},"canonical":"https:\/\/www.domainedependruc.com\/de\/vermietung-standort-finistere-sud\/stellplatz-mit-eigenem-sanitarbereich\/","og_locale":"de_DE","og_type":"article","og_title":"Emplacement avec sanitaire priv\u00e9 - Domaine de Pendruc","og_url":"https:\/\/www.domainedependruc.com\/de\/vermietung-standort-finistere-sud\/stellplatz-mit-eigenem-sanitarbereich\/","og_site_name":"Domaine de Pendruc","article_modified_time":"2025-12-05T12:50:24+00:00","og_image":[{"width":1903,"height":500,"url":"https:\/\/www.domainedependruc.com\/wp-content\/uploads\/2020\/11\/emplacement-finistere-sud.jpg","type":"image\/jpeg"}],"twitter_card":"summary_large_image","schema":{"@context":"https:\/\/schema.org","@graph":[{"@type":"WebPage","@id":"https:\/\/www.domainedependruc.com\/de\/vermietung-standort-finistere-sud\/stellplatz-mit-eigenem-sanitarbereich\/","url":"https:\/\/www.domainedependruc.com\/de\/vermietung-standort-finistere-sud\/stellplatz-mit-eigenem-sanitarbereich\/","name":"Emplacement avec sanitaire priv\u00e9 - Domaine de Pendruc","isPartOf":{"@id":"https:\/\/www.domainedependruc.com\/de\/#website"},"primaryImageOfPage":{"@id":"https:\/\/www.domainedependruc.com\/de\/vermietung-standort-finistere-sud\/stellplatz-mit-eigenem-sanitarbereich\/#primaryimage"},"image":{"@id":"https:\/\/www.domainedependruc.com\/de\/vermietung-standort-finistere-sud\/stellplatz-mit-eigenem-sanitarbereich\/#primaryimage"},"thumbnailUrl":"https:\/\/www.domainedependruc.com\/wp-content\/uploads\/2020\/11\/emplacement-finistere-sud.jpg","datePublished":"2025-12-05T12:50:22+00:00","dateModified":"2025-12-05T12:50:24+00:00","breadcrumb":{"@id":"https:\/\/www.domainedependruc.com\/de\/vermietung-standort-finistere-sud\/stellplatz-mit-eigenem-sanitarbereich\/#breadcrumb"},"inLanguage":"de","potentialAction":[{"@type":"ReadAction","target":["https:\/\/www.domainedependruc.com\/de\/vermietung-standort-finistere-sud\/stellplatz-mit-eigenem-sanitarbereich\/"]}]},{"@type":"ImageObject","inLanguage":"de","@id":"https:\/\/www.domainedependruc.com\/de\/vermietung-standort-finistere-sud\/stellplatz-mit-eigenem-sanitarbereich\/#primaryimage","url":"https:\/\/www.domainedependruc.com\/wp-content\/uploads\/2020\/11\/emplacement-finistere-sud.jpg","contentUrl":"https:\/\/www.domainedependruc.com\/wp-content\/uploads\/2020\/11\/emplacement-finistere-sud.jpg","width":1903,"height":500},{"@type":"BreadcrumbList","@id":"https:\/\/www.domainedependruc.com\/de\/vermietung-standort-finistere-sud\/stellplatz-mit-eigenem-sanitarbereich\/#breadcrumb","itemListElement":[{"@type":"ListItem","position":1,"name":"Campingplatz Concarneau \u2013 S\u00fcdliches Finist\u00e8re","item":"https:\/\/www.domainedependruc.com\/de\/"},{"@type":"ListItem","position":2,"name":"Caravaning im s\u00fcdlichen Finist\u00e8re","item":"https:\/\/www.domainedependruc.com\/de\/vermietung-standort-finistere-sud\/"},{"@type":"ListItem","position":3,"name":"Emplacement avec sanitaire priv\u00e9"}]},{"@type":"WebSite","@id":"https:\/\/www.domainedependruc.com\/de\/#website","url":"https:\/\/www.domainedependruc.com\/de\/","name":"Domaine de Pendruc","description":"","potentialAction":[{"@type":"SearchAction","target":{"@type":"EntryPoint","urlTemplate":"https:\/\/www.domainedependruc.com\/de\/?s={search_term_string}"},"query-input":{"@type":"PropertyValueSpecification","valueRequired":true,"valueName":"search_term_string"}}],"inLanguage":"de"}]}},"_links":{"self":[{"href":"https:\/\/www.domainedependruc.com\/de\/wp-json\/wp\/v2\/pages\/14409"}],"collection":[{"href":"https:\/\/www.domainedependruc.com\/de\/wp-json\/wp\/v2\/pages"}],"about":[{"href":"https:\/\/www.domainedependruc.com\/de\/wp-json\/wp\/v2\/types\/page"}],"author":[{"embeddable":true,"href":"https:\/\/www.domainedependruc.com\/de\/wp-json\/wp\/v2\/users\/1"}],"replies":[{"embeddable":true,"href":"https:\/\/www.domainedependruc.com\/de\/wp-json\/wp\/v2\/comments?post=14409"}],"version-history":[{"count":1,"href":"https:\/\/www.domainedependruc.com\/de\/wp-json\/wp\/v2\/pages\/14409\/revisions"}],"predecessor-version":[{"id":14410,"href":"https:\/\/www.domainedependruc.com\/de\/wp-json\/wp\/v2\/pages\/14409\/revisions\/14410"}],"up":[{"embeddable":true,"href":"https:\/\/www.domainedependruc.com\/de\/wp-json\/wp\/v2\/pages\/14153"}],"wp:featuredmedia":[{"embeddable":true,"href":"https:\/\/www.domainedependruc.com\/de\/wp-json\/wp\/v2\/media\/13137"}],"wp:attachment":[{"href":"https:\/\/www.domainedependruc.com\/de\/wp-json\/wp\/v2\/media?parent=14409"}],"curies":[{"name":"wp","href":"https:\/\/api.w.org\/{rel}","templated":true}]}}