{"id":14169,"date":"2020-11-12T11:17:18","date_gmt":"2020-11-12T10:17:18","guid":{"rendered":"https:\/\/www.domainedependruc.com\/mentions-legales\/"},"modified":"2025-11-19T16:36:17","modified_gmt":"2025-11-19T15:36:17","slug":"rechtliche-hinweise","status":"publish","type":"page","link":"https:\/\/www.domainedependruc.com\/de\/rechtliche-hinweise\/","title":{"rendered":"Mentions l\u00e9gales"},"content":{"rendered":"<section id=\"section-5fad0b58068a6\"\" class=\"section first-home bg-white p-b-0\" \/><div class=\"container extralarge\"><h1 class=\"element section-title center\">Rechtliche Hinweise<\/h1><\/div><\/section>\n\n<section id=\"section-5fad0b5851137\"\" class=\"section bg-white\" \/><div class=\"container extralarge\"><div class=\"element bloc-text center \">\n\t<h2 class=\"center\">HERAUSGEBER DER WEBSITE<\/h2>\n<p>LE DOMAINE DE PENDRUC, eingetragen im Handelsregister von Quimper unter der Nummer B 453 386 120<br \/>\nFirmensitz: Lieu Dit Roz Penanguer 29910 TREGUNC<br \/>\nSiret: 453 386 120 000 19<br \/>\nAPE: 5530Z<br \/>\nVerantwortlich f\u00fcr die Ver\u00f6ffentlichung: Frau Le Roux Patricia<br \/>\nTel.: 02 98 97 66 28<br \/>\nFax: 02 98 50 24 30<br \/>\nE-Mail: info@domainedependruc.com<\/p>\n<h2 class=\"center\">REALISIERUNG<\/h2>\n<p>GEEK TONIC<br \/>\nVertreten durch Herrn Yohan Darmayan in seiner Eigenschaft als Gesch\u00e4ftsf\u00fchrer<br \/>\nFirmensitz: 1 all\u00e9e Pierre Lat\u00e9co\u00e8re \u2013 64200 BIARRITZ<br \/>\nTel.: 05 32 74 11 52<br \/>\nE-Mail: support@geek-tonic.com<br \/>\nWebsite: <a href=\"https:\/\/www.geek-tonic.com\/\" rel=\"noopener\">www.geek-tonic.com<\/a><br \/>\nSIRET: 89746755100015<br \/>\nAPE: 6201Z<\/p>\n<h2 class=\"center\">URHEBERRECHT UND COPYRIGHT<\/h2>\n<p>Der gesamte Inhalt dieser Website unterliegt dem Urheberrecht und dem geistigen Eigentum der franz\u00f6sischen Gesetzgebung<br \/>\n. Jede Vervielf\u00e4ltigung (einschlie\u00dflich Fotos, Symbole und herunterladbare Dokumente) ist ohne vorherige Zustimmung von GEEK TONIC untersagt.<br \/>\nDie Vervielf\u00e4ltigung der gesamten Website oder von Teilen davon auf Papier oder in elektronischer Form ist untersagt.<br \/>\nGEEK TONIC lehnt jede Verantwortung f\u00fcr die Inhalte dieser Website ab.<br \/>\nGEEK TONIC lehnt ebenfalls jede Verantwortung f\u00fcr externe Links ab, die auf diese Website verweisen.<\/p>\n<h2 class=\"center\">PERSONENBEZOGENE DATEN UND NAMENSBEZOGENE INFORMATIONEN<\/h2>\n<p>Sie haben gem\u00e4\u00df Artikel 34 des franz\u00f6sischen Datenschutzgesetzes Nr. 78-17 vom 6. Januar 1978, ge\u00e4ndert am 6. August 2018, das Recht auf Zugang, \u00c4nderung, Berichtigung und L\u00f6schung Ihrer Daten.<br \/>\nUm dieses Recht auf Zugang auszu\u00fcben, k\u00f6nnen Sie sich einfach schriftlich an den Herausgeber der Website wenden.<\/p>\n<h2 class=\"center\">URHEBERRECHT UND COPYRIGHT FOTOS BRETAGNE<\/h2>\n<p>\u00a9 GUILLAUDEAU Donatienne<br \/>\n\u00a9 LE GAL Yannick<br \/>\n\u00a9 PIRIOU Jacqueline<br \/>\n\u00a9 BOURCIER Simon<br \/>\n\u00a9 JOB Nicolas<br \/>\n\u00a9 DUBOIS Xavier<br \/>\n\u00a9 GUILLIAMS Lauren<br \/>\n\u00a9 PICARD Amandine<br \/>\n\u00a9 BERTHIER Emmanuel<br \/>\n\u00a9 TORSET Pierre<br \/>\n\u00a9 GRATIEN Jean-Patrick<br \/>\n\u00a9 DIAPHANE-ELL PROD<br \/>\n\u00a9 ABLAIN Caroline<\/p>\n<h2 class=\"center\">GESETZGEBUNG<\/h2>\n<p>Gem\u00e4\u00df dem Gesetz vom 11. M\u00e4rz 1957 (Art. 41) und dem Gesetz \u00fcber geistiges Eigentum vom 1. Juli 1992 ist es verboten, Teile dieser Website ohne vorherige Genehmigung des Herausgebers ganz oder teilweise zu reproduzieren.<br \/>\nDie Logos, Bilder, Fotos, Videos, Grafikcharten und Texte sind Eigentum ihrer jeweiligen Inhaber.<br \/>\nDiese Website kann ohne ihr Wissen \u00fcber Hyperlinks mit anderen Websites verbunden sein. Der Herausgeber der Website lehnt jede Verantwortung f\u00fcr die auf diesen anderen Websites dargestellten Informationen ab.<br \/>\nDer Internetnutzer erkennt an, dass die Nutzung dieser Website dem franz\u00f6sischen Recht unterliegt.<\/p>\n<\/div><\/div><\/section>","protected":false},"excerpt":{"rendered":"","protected":false},"author":1,"featured_media":0,"parent":0,"menu_order":0,"comment_status":"closed","ping_status":"closed","template":"","meta":{"_acf_changed":false,"footnotes":""},"class_list":["post-14169","page","type-page","status-publish","hentry"],"acf":[],"yoast_head":"<!-- This site is optimized with the Yoast SEO plugin v25.3 - https:\/\/yoast.com\/wordpress\/plugins\/seo\/ -->\n<title>Rechtliche Hinweise<\/title>\n<meta name=\"description\" content=\"Rechtliche Hinweise zur Domaine de Pendruc: rechtliche Informationen, Hosting, geistiges Eigentum und Datenschutz (DSGVO) f\u00fcr unsere Campingplatz-Website.\" \/>\n<meta name=\"robots\" content=\"noindex, nofollow\" \/>\n<meta property=\"og:locale\" content=\"de_DE\" \/>\n<meta property=\"og:type\" content=\"article\" \/>\n<meta property=\"og:title\" content=\"Rechtliche Hinweise\" \/>\n<meta property=\"og:description\" content=\"Rechtliche Hinweise zur Domaine de Pendruc: rechtliche Informationen, Hosting, geistiges Eigentum und Datenschutz (DSGVO) f\u00fcr unsere Campingplatz-Website.\" \/>\n<meta property=\"og:url\" content=\"https:\/\/www.domainedependruc.com\/de\/rechtliche-hinweise\/\" \/>\n<meta property=\"og:site_name\" content=\"Domaine de Pendruc\" \/>\n<meta property=\"article:modified_time\" content=\"2025-11-19T15:36:17+00:00\" \/>\n<meta name=\"twitter:card\" content=\"summary_large_image\" \/>\n<script type=\"application\/ld+json\" class=\"yoast-schema-graph\">{\"@context\":\"https:\/\/schema.org\",\"@graph\":[{\"@type\":\"WebPage\",\"@id\":\"https:\/\/www.domainedependruc.com\/de\/rechtliche-hinweise\/\",\"url\":\"https:\/\/www.domainedependruc.com\/de\/rechtliche-hinweise\/\",\"name\":\"Rechtliche Hinweise\",\"isPartOf\":{\"@id\":\"https:\/\/www.domainedependruc.com\/de\/#website\"},\"datePublished\":\"2020-11-12T10:17:18+00:00\",\"dateModified\":\"2025-11-19T15:36:17+00:00\",\"description\":\"Rechtliche Hinweise zur Domaine de Pendruc: rechtliche Informationen, Hosting, geistiges Eigentum und Datenschutz (DSGVO) f\u00fcr unsere Campingplatz-Website.\",\"breadcrumb\":{\"@id\":\"https:\/\/www.domainedependruc.com\/de\/rechtliche-hinweise\/#breadcrumb\"},\"inLanguage\":\"de\",\"potentialAction\":[{\"@type\":\"ReadAction\",\"target\":[\"https:\/\/www.domainedependruc.com\/de\/rechtliche-hinweise\/\"]}]},{\"@type\":\"BreadcrumbList\",\"@id\":\"https:\/\/www.domainedependruc.com\/de\/rechtliche-hinweise\/#breadcrumb\",\"itemListElement\":[{\"@type\":\"ListItem\",\"position\":1,\"name\":\"Campingplatz Concarneau \u2013 S\u00fcdliches Finist\u00e8re\",\"item\":\"https:\/\/www.domainedependruc.com\/de\/\"},{\"@type\":\"ListItem\",\"position\":2,\"name\":\"Mentions l\u00e9gales\"}]},{\"@type\":\"WebSite\",\"@id\":\"https:\/\/www.domainedependruc.com\/de\/#website\",\"url\":\"https:\/\/www.domainedependruc.com\/de\/\",\"name\":\"Domaine de Pendruc\",\"description\":\"\",\"potentialAction\":[{\"@type\":\"SearchAction\",\"target\":{\"@type\":\"EntryPoint\",\"urlTemplate\":\"https:\/\/www.domainedependruc.com\/de\/?s={search_term_string}\"},\"query-input\":{\"@type\":\"PropertyValueSpecification\",\"valueRequired\":true,\"valueName\":\"search_term_string\"}}],\"inLanguage\":\"de\"}]}<\/script>\n<!-- \/ Yoast SEO plugin. -->","yoast_head_json":{"title":"Rechtliche Hinweise","description":"Rechtliche Hinweise zur Domaine de Pendruc: rechtliche Informationen, Hosting, geistiges Eigentum und Datenschutz (DSGVO) f\u00fcr unsere Campingplatz-Website.","robots":{"index":"noindex","follow":"nofollow"},"og_locale":"de_DE","og_type":"article","og_title":"Rechtliche Hinweise","og_description":"Rechtliche Hinweise zur Domaine de Pendruc: rechtliche Informationen, Hosting, geistiges Eigentum und Datenschutz (DSGVO) f\u00fcr unsere Campingplatz-Website.","og_url":"https:\/\/www.domainedependruc.com\/de\/rechtliche-hinweise\/","og_site_name":"Domaine de Pendruc","article_modified_time":"2025-11-19T15:36:17+00:00","twitter_card":"summary_large_image","schema":{"@context":"https:\/\/schema.org","@graph":[{"@type":"WebPage","@id":"https:\/\/www.domainedependruc.com\/de\/rechtliche-hinweise\/","url":"https:\/\/www.domainedependruc.com\/de\/rechtliche-hinweise\/","name":"Rechtliche Hinweise","isPartOf":{"@id":"https:\/\/www.domainedependruc.com\/de\/#website"},"datePublished":"2020-11-12T10:17:18+00:00","dateModified":"2025-11-19T15:36:17+00:00","description":"Rechtliche Hinweise zur Domaine de Pendruc: rechtliche Informationen, Hosting, geistiges Eigentum und Datenschutz (DSGVO) f\u00fcr unsere Campingplatz-Website.","breadcrumb":{"@id":"https:\/\/www.domainedependruc.com\/de\/rechtliche-hinweise\/#breadcrumb"},"inLanguage":"de","potentialAction":[{"@type":"ReadAction","target":["https:\/\/www.domainedependruc.com\/de\/rechtliche-hinweise\/"]}]},{"@type":"BreadcrumbList","@id":"https:\/\/www.domainedependruc.com\/de\/rechtliche-hinweise\/#breadcrumb","itemListElement":[{"@type":"ListItem","position":1,"name":"Campingplatz Concarneau \u2013 S\u00fcdliches Finist\u00e8re","item":"https:\/\/www.domainedependruc.com\/de\/"},{"@type":"ListItem","position":2,"name":"Mentions l\u00e9gales"}]},{"@type":"WebSite","@id":"https:\/\/www.domainedependruc.com\/de\/#website","url":"https:\/\/www.domainedependruc.com\/de\/","name":"Domaine de Pendruc","description":"","potentialAction":[{"@type":"SearchAction","target":{"@type":"EntryPoint","urlTemplate":"https:\/\/www.domainedependruc.com\/de\/?s={search_term_string}"},"query-input":{"@type":"PropertyValueSpecification","valueRequired":true,"valueName":"search_term_string"}}],"inLanguage":"de"}]}},"_links":{"self":[{"href":"https:\/\/www.domainedependruc.com\/de\/wp-json\/wp\/v2\/pages\/14169"}],"collection":[{"href":"https:\/\/www.domainedependruc.com\/de\/wp-json\/wp\/v2\/pages"}],"about":[{"href":"https:\/\/www.domainedependruc.com\/de\/wp-json\/wp\/v2\/types\/page"}],"author":[{"embeddable":true,"href":"https:\/\/www.domainedependruc.com\/de\/wp-json\/wp\/v2\/users\/1"}],"replies":[{"embeddable":true,"href":"https:\/\/www.domainedependruc.com\/de\/wp-json\/wp\/v2\/comments?post=14169"}],"version-history":[{"count":2,"href":"https:\/\/www.domainedependruc.com\/de\/wp-json\/wp\/v2\/pages\/14169\/revisions"}],"predecessor-version":[{"id":14226,"href":"https:\/\/www.domainedependruc.com\/de\/wp-json\/wp\/v2\/pages\/14169\/revisions\/14226"}],"wp:attachment":[{"href":"https:\/\/www.domainedependruc.com\/de\/wp-json\/wp\/v2\/media?parent=14169"}],"curies":[{"name":"wp","href":"https:\/\/api.w.org\/{rel}","templated":true}]}}