{"id":14147,"date":"2022-11-29T14:36:40","date_gmt":"2022-11-29T13:36:40","guid":{"rendered":"https:\/\/www.domainedependruc.com\/camping-bretagne\/"},"modified":"2025-12-05T11:58:30","modified_gmt":"2025-12-05T10:58:30","slug":"campingplatz-bretagne","status":"publish","type":"page","link":"https:\/\/www.domainedependruc.com\/de\/campingplatz-bretagne\/","title":{"rendered":"CAMPING BRETAGNE"},"content":{"rendered":"<section id=\"section-636539a3c3970\"\" class=\"section first-home bg-white p-b-0\" \/><div class=\"container extralarge\"><div class=\"colonnes-wrap valign-top bg-color5\"><div class=\"element colonne valign-middle p-10\"><h1 class=\"element section-title center\">4-STERNE-CAMPINGPLATZ IN DER BRETAGNE<\/h1><\/div><div class=\"element colonne \"><h2 class=\"element section-title left\">Entdecken Sie unseren 4-Sterne-Campingplatz<\/h2><div class=\"element bloc-text left \">\n\t<p>Willkommen auf dem 4-Sterne-Campingplatz Pendruc in der Bretagne! Nur 800 m von den Str\u00e4nden von Tr\u00e9gunc und 9 km von Concarneau entfernt, bietet Ihnen unser Campingplatz einen <strong class=\"bold color1\">Traumurlaub mit der Familie<\/strong>, mit Freunden oder zu zweit im S\u00fcden der Bretagne. Unser mit dem Label \u201eFlower\u201d ausgezeichnetes Freilufthotel verf\u00fcgt \u00fcber einen <strong class=\"bold color1\">Wasserpark<\/strong> und liegt in der N\u00e4he des Atlantiks. Entscheiden Sie sich f\u00fcr Ihren n\u00e4chsten Campingurlaub in der Bretagne f\u00fcr einen Aufenthalt auf einem Familiencampingplatz in der N\u00e4he der feinen Sandstr\u00e4nde des Badeortes Tr\u00e9gunc.<\/p>\n<\/div><\/div><\/div><div class=\"element bloc-text left \">\n\t<iframe width=\"100%\" height=\"600\" src=\"https:\/\/www.youtube.com\/embed\/5h0fR3mpnn8?controls=0\" title=\"YouTube video player\" frameborder=\"0\" allow=\"accelerometer; autoplay; clipboard-write; encrypted-media; gyroscope; picture-in-picture\" allowfullscreen><\/iframe><\/div><\/div><\/section>\n\n<section id=\"section-636539a3c3fa9\"\" class=\"section fourth-home bg-white p-t-0 p-b-0\" \/><div class=\"container full\"><div class=\"colonnes-wrap valign-middle stretch\"><div class=\"element colonne w-40 bg-color4 valign-middle p-6\"><h2 class=\"element section-title left pendruc-bulle-mobilhome\">Die Unterk\u00fcnfte des 4-STERNE-CAMPINGPLATZES in der Bretagn<\/h2><div class=\"element bloc-text left \">\n\t<p>Lust auf einen komfortablen Aufenthalt auf einem 4-Sterne-Campingplatz in der S\u00fcdbretagne? Buchen Sie ein hochmodernes, voll ausgestattetes Mobilheim f\u00fcr 2, 4, 6 oder 8 Personen. Wir verf\u00fcgen auch \u00fcber <strong class=\"bold color1\">ger\u00e4umige Campingstellpl\u00e4tze<\/strong> mit schattigen Bereichen f\u00fcr Zelte, Wohnwagen und Wohnmobile. Unser Team organisiert in der Nebensaison t\u00e4glich <strong class=\"bold color1\">Aktivit\u00e4ten (mit und ohne Wasser) und Animationen<\/strong> f\u00fcr die ganze Familie in einer herzlichen Atmosph\u00e4re. Stellen Sie Ihren Wohnwagen oder Ihr Wohnmobil auf einem unserer Stellpl\u00e4tze ab und entdecken Sie die Bretagne, beginnend mit der Halbinsel Crozon.<\/p>\n<p>Buchen Sie jetzt Ihren Traumurlaub auf dem <a href=\"https:\/\/www.domainedependruc.com\/de\/\">Campingplatz in Concarneau im s\u00fcdlichen Finist\u00e8re<\/a>.<\/p>\n<\/div><\/div><div class=\"element colonne w-60 m-t-0 p-0\"><div class=\"element call-to-action  call-to-action--style-1 call-to-action--big\"><a href=\"https:\/\/www.domainedependruc.com\/de\/standort-mobilheim-spa-finistere-sud\/\"  class=\"call-to-action_link\" title=\"Mehr erfahren \u00fcber mobilheime\"><div class=\"call-to-action_image\"><img decoding=\"async\" src=\"https:\/\/www.domainedependruc.com\/wp-content\/uploads\/2020\/12\/mobil-home-concarneau-100x56.jpg\" data-src=\"https:\/\/www.domainedependruc.com\/wp-content\/uploads\/2020\/12\/mobil-home-concarneau.jpg\" alt=\"mobil-home bretagne\" class=\"big\" \/><\/div><div class=\"call-to-action_contenu\"><div class=\"call-to-action_titre\">Mobilheime<\/div><\/div><\/a><\/div><\/div><\/div><div class=\"element bloc-text left  call-to-action--style-1 call-to-action--big\">\n\t<ctv-product-list ><\/ctv-product-list><\/div><\/div><\/section>\n\n<section id=\"section-636539a3c42cb\"\" class=\"section third-home bg-white p-t-0\" \/><div class=\"container full\"><div class=\"colonnes-wrap valign-middle stretch\"><div class=\"element colonne w-60 m-t-0 p-0\"><div class=\"element call-to-action  call-to-action--style-1 call-to-action--big\"><a href=\"https:\/\/www.domainedependruc.com\/de\/4-sterne-campingplatz\/\"  class=\"call-to-action_link\" title=\"Mehr erfahren \u00fcber die dienstleistungen\"><div class=\"call-to-action_image\"><img decoding=\"async\" src=\"https:\/\/www.domainedependruc.com\/wp-content\/uploads\/2020\/11\/camping-4-etoiles-piscine-bretagne-100x46.jpg\" data-src=\"https:\/\/www.domainedependruc.com\/wp-content\/uploads\/2020\/11\/camping-4-etoiles-piscine-bretagne.jpg\" alt=\"camping 4 \u00e9toiles piscine bretagne\" class=\"big\" \/><\/div><div class=\"call-to-action_contenu\"><div class=\"call-to-action_titre\">Die Dienstleistungen<\/div><\/div><\/a><\/div><\/div><div class=\"element colonne w-40 bg-color4 valign-middle p-6\"><h2 class=\"element section-title left\">DIE DIENSTLEISTUNGEN DES 4-STERNE-CAMPINGPLATZES IN DER BRETAGN<\/h2><div class=\"element bloc-text left \">\n\t<p>Unsere <strong class=\"bold color1\">hochwertige Anlage<\/strong> liegt in einem sch\u00f6nen, bewaldeten Park mitten in der Natur. Um den Bed\u00fcrfnissen aller Urlauber gerecht zu werden, bieten wir Ihnen <strong class=\"bold color1\">Sport- und Freizeiteinrichtungen<\/strong> f\u00fcr Erwachsene und Kinder: Wasserpark mit beheiztem Hallenbad, Rutschen, Planschbecken und Wellnessbereich, Multisportplatz, Kinderspielpl\u00e4tze, Fitnessbereich, Tischtennisplatten, Snackbar, Spielzimmer, Waschsalon&#8230;<\/p>\n<p>Das Team der Domaine de Pendruc, einem 4-Sterne-Campingplatz in der Bretagne, hei\u00dft Sie herzlich willkommen und steht Ihnen t\u00e4glich von 9 bis 12 Uhr und von 14 bis 19 Uhr f\u00fcr Ausk\u00fcnfte zur Verf\u00fcgung.<\/p>\n<details>\n<summary>Entdecken Sie die zahlreichen Einrichtungen des 4-Sterne-Campingplatzes in der Bretagne f\u00fcr einen Urlaub mit allem Komfort!<\/summary>\n<ul>\n<li><a href=\"https:\/\/www.domainedependruc.com\/de\/campingplatz-schwimmbad-finistere-sud\/\">Beheiztes Hallenbad<\/a><\/li>\n<li>Gastronomie: Bar\/Snackbar; Pizza; Eis<\/li>\n<li>Vor Ort gebackenes Brot und Geb\u00e4ck<\/li>\n<li>Post: Ein- und Auslieferung von Postsendungen; Verkauf von Briefmarken und Postkarten<\/li>\n<li>Touristische Informationen an der Rezeption<\/li>\n<li>Zeitungen<\/li>\n<li>Freizeitaktivit\u00e4ten im Haus: Fernsehraum, Billard, Tischfu\u00dfball;<\/li>\n<li>Ausstattung: Verleih von Babyausstattung: Bett, Hochstuhl, Badewanne, Babywippe; Verleih von B\u00fcgeleisen und Haartrockner<\/li>\n<li>Waschk\u00fcche mit Trockner und B\u00fcgelbrett<\/li>\n<li>Vermietung von Bettw\u00e4sche und Handt\u00fcchern<\/li>\n<li>Verleih von Fahrr\u00e4dern f\u00fcr Erwachsene und Kinder, Kindersitzen und Kinderanh\u00e4ngern (Verleih von Helmen und Fahrradschl\u00f6ssern)<\/li>\n<li>100 % WLAN-Abdeckung (kostenpflichtiger Service)<\/li>\n<\/ul>\n<\/details>\n<\/div><\/div><\/div><\/div><\/section>\n\n<section id=\"section-636539a3c48c5\"\" class=\"section fourth-home bg-white\" \/><div class=\"container extralarge\"><h2 class=\"element section-title center\">ENTDECKEN SIE DIE BRETAGNE VOM CAMPINGPLATZ AU<\/h2><div class=\"element bloc-text justify \">\n\t<p><strong>Die Bretagne<\/strong>: ihre Naturr\u00e4ume, ihre Geschichte, ihre Legenden, ihre Traditionen, ihre Talente, ihre Festivals&#8230; ein ganzes Programm! Entdecken Sie unsere Region w\u00e4hrend Ihres Urlaubs auf dem Campingplatz im s\u00fcdlichen Finist\u00e8re in der Bretagne! Zwischen Land und Meer, zwischen weiten unber\u00fchrten Fl\u00e4chen, bezaubernden Heidelandschaften und Meereslandschaften zeigt sich die Bretagne in all ihren Kontrasten. Als Region mit den meisten Naturschutzgebieten in Frankreich werden Sie diese zugleich kraftvolle und fragile Natur bewundern.<\/p>\n<\/div><div class=\"colonnes-wrap valign-top \"><div class=\"element colonne \"><div class=\"element images\"><div class=\"image\"><img decoding=\"async\" src=\"https:\/\/www.domainedependruc.com\/wp-content\/uploads\/2022\/11\/Ster-bretagne-100x56.jpg\" data-src=\"https:\/\/www.domainedependruc.com\/wp-content\/uploads\/2022\/11\/Ster-bretagne.jpg\" alt=\"Paysage Ster Bretagne\" class=\"images_image\" \/><\/div><\/div><div class=\"element bloc-text justify images_image\">\n\t<details>\n<h3 style=\"text-align: center;\">Das Land der Vorfahren<\/h3>\n<p>Die Bretagne, eine Halbinsel, die in den Ozean hineinragt, ist ein geschichtstr\u00e4chtiger Ort, an dem die Menhire \u00e4lter sind als die \u00e4gyptischen Pyramiden! Lassen Sie sich in diesem Land der Legenden von der Welt der Druiden, Korrigane und Ritter der Tafelrunde erz\u00e4hlen.<\/p>\n<\/details>\n<\/div><\/div><div class=\"element colonne \"><div class=\"element images\"><div class=\"image\"><img decoding=\"async\" src=\"https:\/\/www.domainedependruc.com\/wp-content\/uploads\/2020\/02\/visite-port-bretagne-100x56.jpg\" data-src=\"https:\/\/www.domainedependruc.com\/wp-content\/uploads\/2020\/02\/visite-port-bretagne.jpg\" alt=\"visite bretagne maritime\" class=\"images_image\" \/><\/div><\/div><div class=\"element bloc-text justify images_image\">\n\t<details open=\"open\">\n<h3 style=\"text-align: center;\">Der Reichtum des bretonischen Kulturerbes<\/h3>\n<p>Das Kulturerbe umfasst auch die K\u00fcste mit ihren malerischen H\u00e4fen, ihren Leuchtt\u00fcrmen, die man besichtigen kann, ihren Segelschiffen von gestern und heute und ihrer romantischen Architektur aus der Belle \u00c9poque, die das Auge erfreut. Die Allgegenwart der Religion in der Geschichte der Bretagne wird Ihnen nicht entgehen! Kapellen, Kalvarienberge, Kreuze &#8230; Die Bretagne ist mit dem Heiligen und mit Granit verbunden &#8230; beides geht oft Hand in Hand!<\/p>\n<p>&nbsp;<\/p>\n<\/details>\n<\/div><\/div><div class=\"element colonne \"><div class=\"element images\"><div class=\"image\"><img decoding=\"async\" src=\"https:\/\/www.domainedependruc.com\/wp-content\/uploads\/2018\/04\/fetes-brodeuse-bretagne-100x56.jpg\" data-src=\"https:\/\/www.domainedependruc.com\/wp-content\/uploads\/2018\/04\/fetes-brodeuse-bretagne.jpg\" alt=\"f\u00eates brodeuse bretagne\" class=\"images_image\" \/><\/div><\/div><div class=\"element bloc-text justify images_image\">\n\t<details>\n<h3 style=\"text-align: center;\">Ort der Kultur und Traditionen<\/h3>\n<p>Das ganze Jahr \u00fcber, vor allem aber im Sommer, zeugen Feste und Festivals von der unglaublichen Energie, die in der Bretagne herrscht: die ber\u00fchmten Festivals \u201eLes Vieilles Charrues\u201c, \u201e<a href=\"https:\/\/www.domainedependruc.com\/actualites-camping-finistere\/festival-interceltique-de-lorient\/\">Interceltique de Lorient<\/a>\u201c, \u201eF\u00eates de Cornouailles\u201c in Quimper oder \u201eLes Filets Bleus\u201c in Concarneau&#8230; Die Bretagne ist in ihrer Tradition eng mit der Kunst verbunden: Musik, Literatur, Kunst&#8230; Es gibt zahlreiche Museen, die Sie w\u00e4hrend Ihres Aufenthalts in der Bretagne und insbesondere im s\u00fcdlichen <a href=\"https:\/\/www.domainedependruc.com\/tourisme-finistere-sud\/\">Finist\u00e8re<\/a> besuchen k\u00f6nnen.<\/p>\n<\/details>\n<\/div><\/div><\/div><\/div><\/section>\n\n<section id=\"section-636539a3c4ed1\"\" class=\"section eighth-home bg-white\" \/><div class=\"container extralarge\"><h2 class=\"element section-title center pendruc-direction\">DECOUVRIR NOS CAMPINGS 4 ETOILES EN BRETAGNE<\/h2><ul class=\"liste-de-page\"><li class=\"element call-to-action carre call-to-action--style-1 call-to-action--normal\"><a href=\"https:\/\/www.domainedependruc.com\/de\/campingplatz-bretagne\/camping-benodet\/\"  class=\"call-to-action_link\" title=\"Mehr erfahren \u00fcber camping benodet\"><div class=\"call-to-action_image\"><img decoding=\"async\" src=\"https:\/\/www.domainedependruc.com\/wp-content\/uploads\/2020\/11\/camping-benodet-100x26.jpg\" data-src=\"https:\/\/www.domainedependruc.com\/wp-content\/uploads\/2020\/11\/camping-benodet.jpg\" alt=\"\" class=\"normal\" \/><\/div><div class=\"call-to-action_contenu\"><div class=\"call-to-action_titre\">CAMPING BENODET<\/div><\/div><\/a><\/li><li class=\"element call-to-action carre call-to-action--style-1 call-to-action--normal call-to-action--style-1 call-to-action--normal\"><a href=\"https:\/\/www.domainedependruc.com\/de\/campingplatz-bretagne\/camping-brest\/\"  class=\"call-to-action_link\" title=\"Mehr erfahren \u00fcber camping brest\"><div class=\"call-to-action_image\"><img decoding=\"async\" src=\"https:\/\/www.domainedependruc.com\/wp-content\/uploads\/2020\/11\/vacances-brest-100x26.jpg\" data-src=\"https:\/\/www.domainedependruc.com\/wp-content\/uploads\/2020\/11\/vacances-brest.jpg\" alt=\"\" class=\"normal\" \/><\/div><div class=\"call-to-action_contenu\"><div class=\"call-to-action_titre\">CAMPING BREST<\/div><\/div><\/a><\/li><\/ul><\/div><\/section>","protected":false},"excerpt":{"rendered":"","protected":false},"author":1,"featured_media":12989,"parent":0,"menu_order":0,"comment_status":"closed","ping_status":"closed","template":"","meta":{"_acf_changed":false,"footnotes":""},"class_list":["post-14147","page","type-page","status-publish","has-post-thumbnail","hentry"],"acf":[],"yoast_head":"<!-- This site is optimized with the Yoast SEO plugin v25.3 - https:\/\/yoast.com\/wordpress\/plugins\/seo\/ -->\n<title>4-Sterne-Campingplatz in der Bretagne | Mobilheimvermietung in der Bretagne | Zelt<\/title>\n<meta name=\"robots\" content=\"index, follow, max-snippet:-1, max-image-preview:large, max-video-preview:-1\" \/>\n<link rel=\"canonical\" href=\"https:\/\/www.domainedependruc.com\/de\/campingplatz-bretagne\/\" \/>\n<meta property=\"og:locale\" content=\"de_DE\" \/>\n<meta property=\"og:type\" content=\"article\" \/>\n<meta property=\"og:title\" content=\"4-Sterne-Campingplatz in der Bretagne | Mobilheimvermietung in der Bretagne | Zelt\" \/>\n<meta property=\"og:url\" content=\"https:\/\/www.domainedependruc.com\/de\/campingplatz-bretagne\/\" \/>\n<meta property=\"og:site_name\" content=\"Domaine de Pendruc\" \/>\n<meta property=\"article:modified_time\" content=\"2025-12-05T10:58:30+00:00\" \/>\n<meta property=\"og:image\" content=\"https:\/\/www.domainedependruc.com\/wp-content\/uploads\/2020\/10\/camping-bretagne.jpg\" \/>\n\t<meta property=\"og:image:width\" content=\"1900\" \/>\n\t<meta property=\"og:image:height\" content=\"1000\" \/>\n\t<meta property=\"og:image:type\" content=\"image\/jpeg\" \/>\n<meta name=\"twitter:card\" content=\"summary_large_image\" \/>\n<meta name=\"twitter:label1\" content=\"Gesch\u00e4tzte Lesezeit\" \/>\n\t<meta name=\"twitter:data1\" content=\"1\u00a0Minute\" \/>\n<script type=\"application\/ld+json\" class=\"yoast-schema-graph\">{\"@context\":\"https:\/\/schema.org\",\"@graph\":[{\"@type\":\"WebPage\",\"@id\":\"https:\/\/www.domainedependruc.com\/de\/campingplatz-bretagne\/\",\"url\":\"https:\/\/www.domainedependruc.com\/de\/campingplatz-bretagne\/\",\"name\":\"4-Sterne-Campingplatz in der Bretagne | Mobilheimvermietung in der Bretagne | Zelt\",\"isPartOf\":{\"@id\":\"https:\/\/www.domainedependruc.com\/de\/#website\"},\"primaryImageOfPage\":{\"@id\":\"https:\/\/www.domainedependruc.com\/de\/campingplatz-bretagne\/#primaryimage\"},\"image\":{\"@id\":\"https:\/\/www.domainedependruc.com\/de\/campingplatz-bretagne\/#primaryimage\"},\"thumbnailUrl\":\"https:\/\/www.domainedependruc.com\/wp-content\/uploads\/2020\/10\/camping-bretagne.jpg\",\"datePublished\":\"2022-11-29T13:36:40+00:00\",\"dateModified\":\"2025-12-05T10:58:30+00:00\",\"breadcrumb\":{\"@id\":\"https:\/\/www.domainedependruc.com\/de\/campingplatz-bretagne\/#breadcrumb\"},\"inLanguage\":\"de\",\"potentialAction\":[{\"@type\":\"ReadAction\",\"target\":[\"https:\/\/www.domainedependruc.com\/de\/campingplatz-bretagne\/\"]}]},{\"@type\":\"ImageObject\",\"inLanguage\":\"de\",\"@id\":\"https:\/\/www.domainedependruc.com\/de\/campingplatz-bretagne\/#primaryimage\",\"url\":\"https:\/\/www.domainedependruc.com\/wp-content\/uploads\/2020\/10\/camping-bretagne.jpg\",\"contentUrl\":\"https:\/\/www.domainedependruc.com\/wp-content\/uploads\/2020\/10\/camping-bretagne.jpg\",\"width\":1900,\"height\":1000},{\"@type\":\"BreadcrumbList\",\"@id\":\"https:\/\/www.domainedependruc.com\/de\/campingplatz-bretagne\/#breadcrumb\",\"itemListElement\":[{\"@type\":\"ListItem\",\"position\":1,\"name\":\"Campingplatz Concarneau \u2013 S\u00fcdliches Finist\u00e8re\",\"item\":\"https:\/\/www.domainedependruc.com\/de\/\"},{\"@type\":\"ListItem\",\"position\":2,\"name\":\"CAMPING BRETAGNE\"}]},{\"@type\":\"WebSite\",\"@id\":\"https:\/\/www.domainedependruc.com\/de\/#website\",\"url\":\"https:\/\/www.domainedependruc.com\/de\/\",\"name\":\"Domaine de Pendruc\",\"description\":\"\",\"potentialAction\":[{\"@type\":\"SearchAction\",\"target\":{\"@type\":\"EntryPoint\",\"urlTemplate\":\"https:\/\/www.domainedependruc.com\/de\/?s={search_term_string}\"},\"query-input\":{\"@type\":\"PropertyValueSpecification\",\"valueRequired\":true,\"valueName\":\"search_term_string\"}}],\"inLanguage\":\"de\"}]}<\/script>\n<!-- \/ Yoast SEO plugin. -->","yoast_head_json":{"title":"4-Sterne-Campingplatz in der Bretagne | Mobilheimvermietung in der Bretagne | Zelt","robots":{"index":"index","follow":"follow","max-snippet":"max-snippet:-1","max-image-preview":"max-image-preview:large","max-video-preview":"max-video-preview:-1"},"canonical":"https:\/\/www.domainedependruc.com\/de\/campingplatz-bretagne\/","og_locale":"de_DE","og_type":"article","og_title":"4-Sterne-Campingplatz in der Bretagne | Mobilheimvermietung in der Bretagne | Zelt","og_url":"https:\/\/www.domainedependruc.com\/de\/campingplatz-bretagne\/","og_site_name":"Domaine de Pendruc","article_modified_time":"2025-12-05T10:58:30+00:00","og_image":[{"width":1900,"height":1000,"url":"https:\/\/www.domainedependruc.com\/wp-content\/uploads\/2020\/10\/camping-bretagne.jpg","type":"image\/jpeg"}],"twitter_card":"summary_large_image","twitter_misc":{"Gesch\u00e4tzte Lesezeit":"1\u00a0Minute"},"schema":{"@context":"https:\/\/schema.org","@graph":[{"@type":"WebPage","@id":"https:\/\/www.domainedependruc.com\/de\/campingplatz-bretagne\/","url":"https:\/\/www.domainedependruc.com\/de\/campingplatz-bretagne\/","name":"4-Sterne-Campingplatz in der Bretagne | Mobilheimvermietung in der Bretagne | Zelt","isPartOf":{"@id":"https:\/\/www.domainedependruc.com\/de\/#website"},"primaryImageOfPage":{"@id":"https:\/\/www.domainedependruc.com\/de\/campingplatz-bretagne\/#primaryimage"},"image":{"@id":"https:\/\/www.domainedependruc.com\/de\/campingplatz-bretagne\/#primaryimage"},"thumbnailUrl":"https:\/\/www.domainedependruc.com\/wp-content\/uploads\/2020\/10\/camping-bretagne.jpg","datePublished":"2022-11-29T13:36:40+00:00","dateModified":"2025-12-05T10:58:30+00:00","breadcrumb":{"@id":"https:\/\/www.domainedependruc.com\/de\/campingplatz-bretagne\/#breadcrumb"},"inLanguage":"de","potentialAction":[{"@type":"ReadAction","target":["https:\/\/www.domainedependruc.com\/de\/campingplatz-bretagne\/"]}]},{"@type":"ImageObject","inLanguage":"de","@id":"https:\/\/www.domainedependruc.com\/de\/campingplatz-bretagne\/#primaryimage","url":"https:\/\/www.domainedependruc.com\/wp-content\/uploads\/2020\/10\/camping-bretagne.jpg","contentUrl":"https:\/\/www.domainedependruc.com\/wp-content\/uploads\/2020\/10\/camping-bretagne.jpg","width":1900,"height":1000},{"@type":"BreadcrumbList","@id":"https:\/\/www.domainedependruc.com\/de\/campingplatz-bretagne\/#breadcrumb","itemListElement":[{"@type":"ListItem","position":1,"name":"Campingplatz Concarneau \u2013 S\u00fcdliches Finist\u00e8re","item":"https:\/\/www.domainedependruc.com\/de\/"},{"@type":"ListItem","position":2,"name":"CAMPING BRETAGNE"}]},{"@type":"WebSite","@id":"https:\/\/www.domainedependruc.com\/de\/#website","url":"https:\/\/www.domainedependruc.com\/de\/","name":"Domaine de Pendruc","description":"","potentialAction":[{"@type":"SearchAction","target":{"@type":"EntryPoint","urlTemplate":"https:\/\/www.domainedependruc.com\/de\/?s={search_term_string}"},"query-input":{"@type":"PropertyValueSpecification","valueRequired":true,"valueName":"search_term_string"}}],"inLanguage":"de"}]}},"_links":{"self":[{"href":"https:\/\/www.domainedependruc.com\/de\/wp-json\/wp\/v2\/pages\/14147"}],"collection":[{"href":"https:\/\/www.domainedependruc.com\/de\/wp-json\/wp\/v2\/pages"}],"about":[{"href":"https:\/\/www.domainedependruc.com\/de\/wp-json\/wp\/v2\/types\/page"}],"author":[{"embeddable":true,"href":"https:\/\/www.domainedependruc.com\/de\/wp-json\/wp\/v2\/users\/1"}],"replies":[{"embeddable":true,"href":"https:\/\/www.domainedependruc.com\/de\/wp-json\/wp\/v2\/comments?post=14147"}],"version-history":[{"count":11,"href":"https:\/\/www.domainedependruc.com\/de\/wp-json\/wp\/v2\/pages\/14147\/revisions"}],"predecessor-version":[{"id":14720,"href":"https:\/\/www.domainedependruc.com\/de\/wp-json\/wp\/v2\/pages\/14147\/revisions\/14720"}],"wp:featuredmedia":[{"embeddable":true,"href":"https:\/\/www.domainedependruc.com\/de\/wp-json\/wp\/v2\/media\/12989"}],"wp:attachment":[{"href":"https:\/\/www.domainedependruc.com\/de\/wp-json\/wp\/v2\/media?parent=14147"}],"curies":[{"name":"wp","href":"https:\/\/api.w.org\/{rel}","templated":true}]}}