{"id":14144,"date":"2021-02-11T16:21:31","date_gmt":"2021-02-11T15:21:31","guid":{"rendered":"https:\/\/www.domainedependruc.com\/camping-4-etoiles\/"},"modified":"2025-12-04T15:40:23","modified_gmt":"2025-12-04T14:40:23","slug":"4-sterne-campingplatz","status":"publish","type":"page","link":"https:\/\/www.domainedependruc.com\/de\/4-sterne-campingplatz\/","title":{"rendered":"Camping : Les services"},"content":{"rendered":"<section id=\"section-5fad1bd6d65e6\"\" class=\"section first-home bg-white p-b-0\" \/><div class=\"container extralarge\"><h1 class=\"element section-title center\">De diensten op camping Tr\u00e9gunc<\/h1><div class=\"element bloc-text justify \">\n\t<p style=\"text-align: center;\"><strong class=\"bold color1\">Das gesamte Team<\/strong> der Domaine de Pendruc steht Ihnen gerne zur Verf\u00fcgung, damit Sie einen m\u00f6glichst <strong class=\"bold color1\">angenehmen Aufenthalt<\/strong> in der Bretagne verbringen k\u00f6nnen!<\/p>\n<\/div><\/div><\/section>\n\n<section id=\"section-5fad1bd6d6914\"\" class=\"section bg-white p-b-0\" \/><div class=\"container full\"><div class=\"colonnes-wrap valign-top stretch\"><div class=\"element colonne w-40 p-8 bg-color4 valign-middle\"><h2 class=\"element section-title left\">DE RECEPTI<\/h2><div class=\"element bloc-text justify \">\n\t<p>Entdecken Sie das gesamte touristische Angebot unserer Region. Wir stehen Ihnen gerne zur Verf\u00fcgung, um Ihnen bei der Erkundung <strong class=\"bold color1\">unserer Region<\/strong> oder der Auswahl <strong class=\"bold color1\">Ihrer Aktivit\u00e4ten<\/strong> behilflich zu sein.<\/p>\n<p>Die Rezeption ist im Juli und August t\u00e4glich von 9 bis 13 Uhr und von 14 bis 19 Uhr ge\u00f6ffnet.<\/p>\n<p>Zu Ihrer Verf\u00fcgung stehen:<\/p>\n<ul>\n<li>Fahrradverleih f\u00fcr einen ganzen oder halben Tag, Kinderanh\u00e4nger und Kindersitze (Verleih von Helmen und Schl\u00f6ssern)<\/li>\n<li>Verleih von Babyausstattung: Bett (ohne Matratze), Hochstuhl, Badewanne<\/li>\n<li>Vermietung von Bettw\u00e4sche und Handt\u00fcchern (Handt\u00fccher &amp; Badematten) \u2013 diese sollten vor der Ankunft bestellt werden.<\/li>\n<li>Verleih von Haartrocknern und B\u00fcgeleisen<\/li>\n<li>Briefmarken Frankreich und international<\/li>\n<li>M\u00fcnze f\u00fcr Waschmaschine und Trockner<\/li>\n<li>Lagerung von Eis zum Einfrieren<\/li>\n<li>WLAN-Zugangskarten (kostenpflichtig \/ 100 % Abdeckung)<\/li>\n<li>Ankunft und Versand von Postsendungen<\/li>\n<li>Bootsfahrkarten f\u00fcr die Gl\u00e9nan-Inseln<\/li>\n<li>Ladestationen f\u00fcr Elektrofahrzeuge (kostenpflichtiger Service)<\/li>\n<\/ul>\n<\/div><\/div><div class=\"element colonne w-60 p-0\"><div class=\"element images\"><div class=\"image\"><img decoding=\"async\" src=\"https:\/\/www.domainedependruc.com\/wp-content\/uploads\/2025\/01\/ef97e3f2-35c9-40ac-a2ec-b830c9d0d3e5-e1736429990461-100x54.jpeg\" data-src=\"https:\/\/www.domainedependruc.com\/wp-content\/uploads\/2025\/01\/ef97e3f2-35c9-40ac-a2ec-b830c9d0d3e5-e1736429990461.jpeg\" alt=\"terrasse\" class=\"images_image\" \/><\/div><\/div><div class=\"element bloc-text center p-5\">\n\t<h2>EIN SERVICE-BEREICH F\u00dcR WOHNMOBILE<\/h2>\n<p>Dieser Bereich wurde f\u00fcr unsere Urlauber eingerichtet, damit sie ihre Abw\u00e4sser entsorgen und Wasser auff\u00fcllen k\u00f6nnen. Er steht auch durchreisenden Wohnmobilisten zur Verf\u00fcgung (kostenpflichtiger Service).<\/p>\n<\/div><div class=\"element images\"><div class=\"image\"><img decoding=\"async\" src=\"https:\/\/www.domainedependruc.com\/wp-content\/uploads\/2022\/02\/IMGL9038-Modifier-e1644310541874-100x42.jpg\" data-src=\"https:\/\/www.domainedependruc.com\/wp-content\/uploads\/2022\/02\/IMGL9038-Modifier-e1644310541874.jpg\" alt=\"aire de camping car\" class=\"images_image\" \/><\/div><\/div><\/div><\/div><\/div><\/section>\n\n<section id=\"section-5fad115c7e657\"\" class=\"section bg-white p-t-0 p-b-0\" \/><div class=\"container full\"><div class=\"colonnes-wrap valign-top stretch\"><div class=\"element colonne w-60 p-0\"><div class=\"element images\"><div class=\"image\"><img decoding=\"async\" src=\"https:\/\/www.domainedependruc.com\/wp-content\/uploads\/2021\/02\/vienoisserie-1-100x53.jpg\" data-src=\"https:\/\/www.domainedependruc.com\/wp-content\/uploads\/2021\/02\/vienoisserie-1.jpg\" alt=\"restaurant viennoiserie tregunc\" class=\"images_image\" \/><\/div><\/div><\/div><div class=\"element colonne w-40 p-8 bg-color4 valign-middle\"><h2 class=\"element section-title justify\">DIE SNACKBAR<\/h2><div class=\"element bloc-text justify \">\n\t<p>In der Hochsaison t\u00e4glich von 8 bis 23 Uhr durchgehend ge\u00f6ffnet.<\/p>\n<ul>\n<li>Brot und Backwaren werden vor Ort gebacken, ohne dass eine Bestellung erforderlich ist.<\/li>\n<li>Zeitungen<\/li>\n<li>Eiscreme<\/li>\n<li>Snacks, Grillgerichte und Pizza zum Verzehr vor Ort oder zum Mitnehmen<\/li>\n<\/ul>\n<p>Au\u00dferhalb der Saison sind Brot und Backwaren, Brath\u00e4hnchen und Pizza auf Bestellung erh\u00e4ltlich.<\/p>\n<\/div><\/div><\/div><\/div><\/section>\n\n<section id=\"section-5fad1bd6d6c79\"\" class=\"section bg-white p-t-0 p-b-0\" \/><div class=\"container full\"><div class=\"accordeon\"><div class=\"slide \"><div class=\"slide_image\"><img decoding=\"async\" src=\"https:\/\/www.domainedependruc.com\/wp-content\/uploads\/2021\/02\/piscine-100x88.jpg\" data-src=\"https:\/\/www.domainedependruc.com\/wp-content\/uploads\/2021\/02\/piscine.jpg\" alt=\"piscine\" class=\"\" \/><\/div><\/div><div class=\"slide \"><div class=\"slide_image\"><img decoding=\"async\" src=\"https:\/\/www.domainedependruc.com\/wp-content\/uploads\/2020\/11\/restaurant-bretagne-100x88.jpg\" data-src=\"https:\/\/www.domainedependruc.com\/wp-content\/uploads\/2020\/11\/restaurant-bretagne.jpg\" alt=\"restaurant bretagne\" class=\"\" \/><\/div><\/div><div class=\"slide \"><div class=\"slide_image\"><img decoding=\"async\" src=\"https:\/\/www.domainedependruc.com\/wp-content\/uploads\/2022\/06\/A56I2613-RRR-100x67.jpg\" data-src=\"https:\/\/www.domainedependruc.com\/wp-content\/uploads\/2022\/06\/A56I2613-RRR.jpg\" alt=\"\" class=\"\" \/><\/div><\/div><div class=\"slide \"><div class=\"slide_image\"><img decoding=\"async\" src=\"https:\/\/www.domainedependruc.com\/wp-content\/uploads\/2022\/06\/A56I2628-RRR-100x67.jpg\" data-src=\"https:\/\/www.domainedependruc.com\/wp-content\/uploads\/2022\/06\/A56I2628-RRR.jpg\" alt=\"\" class=\"\" \/><\/div><\/div><div class=\"slide \"><div class=\"slide_image\"><img decoding=\"async\" src=\"https:\/\/www.domainedependruc.com\/wp-content\/uploads\/2022\/02\/IMGL9024-e1644315320685-100x90.jpg\" data-src=\"https:\/\/www.domainedependruc.com\/wp-content\/uploads\/2022\/02\/IMGL9024-e1644315352564.jpg\" alt=\"\" class=\"\" \/><\/div><\/div><\/div><\/div><\/section>\n\n<section id=\"section-aaa\"\" class=\"section bg-white p-t-0 p-b-0\" \/><div class=\"container full\"><div class=\"colonnes-wrap valign-top stretch\"><div class=\"element colonne w-40 p-8 bg-color4 valign-middle\"><h2 class=\"element section-title justify\">AUSSTATTUN<\/h2><div class=\"element bloc-text justify \">\n\t<p>Die Einrichtungen des <a href=\"https:\/\/www.domainedependruc.com\/de\/\">Campingplatzes in der N\u00e4he von Concarneau<\/a> sind f\u00fcr die ganze Familie konzipiert:<\/p>\n<ul>\n<li>Wasserpark: Au\u00dfenbecken mit Rutschen und Planschbecken, Hallenbad mit Massaged\u00fcsen und Planschbecken<\/li>\n<li>Multisportplatz<\/li>\n<li>Bouleplatz<\/li>\n<li>Spielpl\u00e4tze<\/li>\n<li>Miniclub in der Saison f\u00fcr Kinder von 5 bis 12 Jahren<\/li>\n<li>Jugendbereich<\/li>\n<li>Outdoor-Fitnessbereich<\/li>\n<li>Waschsalon<\/li>\n<li>Ladestationen f\u00fcr Elektrofahrzeuge (kostenpflichtiger Service)<\/li>\n<\/ul>\n<\/div><\/div><div class=\"element colonne w-60 p-0\"><div class=\"element images\"><div class=\"image\"><img decoding=\"async\" src=\"https:\/\/www.domainedependruc.com\/wp-content\/uploads\/2021\/02\/activite-petanque-finistere-100x40.jpg\" data-src=\"https:\/\/www.domainedependruc.com\/wp-content\/uploads\/2021\/02\/activite-petanque-finistere.jpg\" alt=\"petanque\" class=\"images_image\" \/><\/div><\/div><div class=\"element bloc-text center p-5\">\n\t<h2 class=\"section-title center\">UNSERE ANIMATIONEN<\/h2>\n<p>Unsere Animationen im Juli\/August sorgen f\u00fcr Abwechslung f\u00fcr die ganze Familie! Das Programm h\u00e4ngt an der Rezeption aus. Unsere Animateure stehen Ihnen gerne zur Verf\u00fcgung und sind f\u00fcr Sie da, damit Sie unvergessliche Urlaubserinnerungen mit nach Hause nehmen k\u00f6nnen!<\/p>\n<\/div><\/div><\/div><\/div><\/section>\n\n<section id=\"section-5fad1bd6d725e\"\" class=\"section first-home bg-white\" \/><div class=\"container extralarge\"><div class=\"element section-title center\">Unsere Dienstleistungen auf dem Campingplatz<\/div><ul class=\"liste-de-page\"><li class=\"element call-to-action carre call-to-action--style-1 call-to-action--normal\"><a href=\"https:\/\/www.domainedependruc.com\/de\/familiencampingplatz-im-sudlichen-finistere\/\"  class=\"call-to-action_link\" title=\"Mehr erfahren \u00fcber les animations\"><div class=\"call-to-action_image\"><img decoding=\"async\" src=\"https:\/\/www.domainedependruc.com\/wp-content\/uploads\/2020\/11\/animations-finistere-sud-100x56.jpg\" data-src=\"https:\/\/www.domainedependruc.com\/wp-content\/uploads\/2020\/11\/animations-finistere-sud.jpg\" alt=\"animations Finist\u00e8re-sud\" class=\"normal\" \/><\/div><div class=\"call-to-action_contenu\"><div class=\"call-to-action_titre\">Les animations<\/div><\/div><\/a><\/li><li class=\"element call-to-action carre call-to-action--style-1 call-to-action--normal call-to-action--style-1 call-to-action--normal\"><a href=\"https:\/\/www.domainedependruc.com\/de\/campingplatz-restaurant-finistere-sud\/\"  class=\"call-to-action_link\" title=\"Mehr erfahren \u00fcber le restaurant\"><div class=\"call-to-action_image\"><img decoding=\"async\" src=\"https:\/\/www.domainedependruc.com\/wp-content\/uploads\/2022\/06\/1442-RRR-100x67.jpg\" data-src=\"https:\/\/www.domainedependruc.com\/wp-content\/uploads\/2022\/06\/1442-RRR.jpg\" alt=\"\" class=\"normal\" \/><\/div><div class=\"call-to-action_contenu\"><div class=\"call-to-action_titre\">Le restaurant<\/div><\/div><\/a><\/li><li class=\"element call-to-action carre call-to-action--style-1 call-to-action--normal call-to-action--style-1 call-to-action--normal call-to-action--style-1 call-to-action--normal\"><a href=\"https:\/\/www.domainedependruc.com\/de\/campingplatz-flower-bretagne\/\"  class=\"call-to-action_link\" title=\"Mehr erfahren \u00fcber flower camping\"><div class=\"call-to-action_image\"><img decoding=\"async\" src=\"https:\/\/www.domainedependruc.com\/wp-content\/uploads\/2020\/11\/4-etoiles-bretagne-100x56.jpg\" data-src=\"https:\/\/www.domainedependruc.com\/wp-content\/uploads\/2020\/11\/4-etoiles-bretagne.jpg\" alt=\"4 Etoiles bretagne\" class=\"normal\" \/><\/div><div class=\"call-to-action_contenu\"><div class=\"call-to-action_titre\">Flower camping<\/div><\/div><\/a><\/li><\/ul><\/div><\/section>","protected":false},"excerpt":{"rendered":"","protected":false},"author":13,"featured_media":13432,"parent":0,"menu_order":0,"comment_status":"closed","ping_status":"closed","template":"","meta":{"_acf_changed":false,"footnotes":""},"class_list":["post-14144","page","type-page","status-publish","has-post-thumbnail","hentry"],"acf":[],"yoast_head":"<!-- This site is optimized with the Yoast SEO plugin v25.3 - https:\/\/yoast.com\/wordpress\/plugins\/seo\/ -->\n<title>Entdecken Sie die Dienstleistungen auf dem Campingplatz | Dienstleistungen auf dem Campingplatz in Tr\u00e9gunc<\/title>\n<meta name=\"robots\" content=\"index, follow, max-snippet:-1, max-image-preview:large, max-video-preview:-1\" \/>\n<link rel=\"canonical\" href=\"https:\/\/www.domainedependruc.com\/de\/4-sterne-campingplatz\/\" \/>\n<meta property=\"og:locale\" content=\"de_DE\" \/>\n<meta property=\"og:type\" content=\"article\" \/>\n<meta property=\"og:title\" content=\"Entdecken Sie die Dienstleistungen auf dem Campingplatz | Dienstleistungen auf dem Campingplatz in Tr\u00e9gunc\" \/>\n<meta property=\"og:url\" content=\"https:\/\/www.domainedependruc.com\/de\/4-sterne-campingplatz\/\" \/>\n<meta property=\"og:site_name\" content=\"Domaine de Pendruc\" \/>\n<meta property=\"article:modified_time\" content=\"2025-12-04T14:40:23+00:00\" \/>\n<meta property=\"og:image\" content=\"https:\/\/www.domainedependruc.com\/wp-content\/uploads\/2021\/02\/service.jpg\" \/>\n\t<meta property=\"og:image:width\" content=\"1905\" \/>\n\t<meta property=\"og:image:height\" content=\"500\" \/>\n\t<meta property=\"og:image:type\" content=\"image\/jpeg\" \/>\n<meta name=\"twitter:card\" content=\"summary_large_image\" \/>\n<script type=\"application\/ld+json\" class=\"yoast-schema-graph\">{\"@context\":\"https:\/\/schema.org\",\"@graph\":[{\"@type\":\"WebPage\",\"@id\":\"https:\/\/www.domainedependruc.com\/de\/4-sterne-campingplatz\/\",\"url\":\"https:\/\/www.domainedependruc.com\/de\/4-sterne-campingplatz\/\",\"name\":\"Entdecken Sie die Dienstleistungen auf dem Campingplatz | Dienstleistungen auf dem Campingplatz in Tr\u00e9gunc\",\"isPartOf\":{\"@id\":\"https:\/\/www.domainedependruc.com\/de\/#website\"},\"primaryImageOfPage\":{\"@id\":\"https:\/\/www.domainedependruc.com\/de\/4-sterne-campingplatz\/#primaryimage\"},\"image\":{\"@id\":\"https:\/\/www.domainedependruc.com\/de\/4-sterne-campingplatz\/#primaryimage\"},\"thumbnailUrl\":\"https:\/\/www.domainedependruc.com\/wp-content\/uploads\/2021\/02\/service.jpg\",\"datePublished\":\"2021-02-11T15:21:31+00:00\",\"dateModified\":\"2025-12-04T14:40:23+00:00\",\"breadcrumb\":{\"@id\":\"https:\/\/www.domainedependruc.com\/de\/4-sterne-campingplatz\/#breadcrumb\"},\"inLanguage\":\"de\",\"potentialAction\":[{\"@type\":\"ReadAction\",\"target\":[\"https:\/\/www.domainedependruc.com\/de\/4-sterne-campingplatz\/\"]}]},{\"@type\":\"ImageObject\",\"inLanguage\":\"de\",\"@id\":\"https:\/\/www.domainedependruc.com\/de\/4-sterne-campingplatz\/#primaryimage\",\"url\":\"https:\/\/www.domainedependruc.com\/wp-content\/uploads\/2021\/02\/service.jpg\",\"contentUrl\":\"https:\/\/www.domainedependruc.com\/wp-content\/uploads\/2021\/02\/service.jpg\",\"width\":1905,\"height\":500},{\"@type\":\"BreadcrumbList\",\"@id\":\"https:\/\/www.domainedependruc.com\/de\/4-sterne-campingplatz\/#breadcrumb\",\"itemListElement\":[{\"@type\":\"ListItem\",\"position\":1,\"name\":\"Campingplatz Concarneau \u2013 S\u00fcdliches Finist\u00e8re\",\"item\":\"https:\/\/www.domainedependruc.com\/de\/\"},{\"@type\":\"ListItem\",\"position\":2,\"name\":\"Dienstleistungen\"}]},{\"@type\":\"WebSite\",\"@id\":\"https:\/\/www.domainedependruc.com\/de\/#website\",\"url\":\"https:\/\/www.domainedependruc.com\/de\/\",\"name\":\"Domaine de Pendruc\",\"description\":\"\",\"potentialAction\":[{\"@type\":\"SearchAction\",\"target\":{\"@type\":\"EntryPoint\",\"urlTemplate\":\"https:\/\/www.domainedependruc.com\/de\/?s={search_term_string}\"},\"query-input\":{\"@type\":\"PropertyValueSpecification\",\"valueRequired\":true,\"valueName\":\"search_term_string\"}}],\"inLanguage\":\"de\"}]}<\/script>\n<!-- \/ Yoast SEO plugin. -->","yoast_head_json":{"title":"Entdecken Sie die Dienstleistungen auf dem Campingplatz | Dienstleistungen auf dem Campingplatz in Tr\u00e9gunc","robots":{"index":"index","follow":"follow","max-snippet":"max-snippet:-1","max-image-preview":"max-image-preview:large","max-video-preview":"max-video-preview:-1"},"canonical":"https:\/\/www.domainedependruc.com\/de\/4-sterne-campingplatz\/","og_locale":"de_DE","og_type":"article","og_title":"Entdecken Sie die Dienstleistungen auf dem Campingplatz | Dienstleistungen auf dem Campingplatz in Tr\u00e9gunc","og_url":"https:\/\/www.domainedependruc.com\/de\/4-sterne-campingplatz\/","og_site_name":"Domaine de Pendruc","article_modified_time":"2025-12-04T14:40:23+00:00","og_image":[{"width":1905,"height":500,"url":"https:\/\/www.domainedependruc.com\/wp-content\/uploads\/2021\/02\/service.jpg","type":"image\/jpeg"}],"twitter_card":"summary_large_image","schema":{"@context":"https:\/\/schema.org","@graph":[{"@type":"WebPage","@id":"https:\/\/www.domainedependruc.com\/de\/4-sterne-campingplatz\/","url":"https:\/\/www.domainedependruc.com\/de\/4-sterne-campingplatz\/","name":"Entdecken Sie die Dienstleistungen auf dem Campingplatz | Dienstleistungen auf dem Campingplatz in Tr\u00e9gunc","isPartOf":{"@id":"https:\/\/www.domainedependruc.com\/de\/#website"},"primaryImageOfPage":{"@id":"https:\/\/www.domainedependruc.com\/de\/4-sterne-campingplatz\/#primaryimage"},"image":{"@id":"https:\/\/www.domainedependruc.com\/de\/4-sterne-campingplatz\/#primaryimage"},"thumbnailUrl":"https:\/\/www.domainedependruc.com\/wp-content\/uploads\/2021\/02\/service.jpg","datePublished":"2021-02-11T15:21:31+00:00","dateModified":"2025-12-04T14:40:23+00:00","breadcrumb":{"@id":"https:\/\/www.domainedependruc.com\/de\/4-sterne-campingplatz\/#breadcrumb"},"inLanguage":"de","potentialAction":[{"@type":"ReadAction","target":["https:\/\/www.domainedependruc.com\/de\/4-sterne-campingplatz\/"]}]},{"@type":"ImageObject","inLanguage":"de","@id":"https:\/\/www.domainedependruc.com\/de\/4-sterne-campingplatz\/#primaryimage","url":"https:\/\/www.domainedependruc.com\/wp-content\/uploads\/2021\/02\/service.jpg","contentUrl":"https:\/\/www.domainedependruc.com\/wp-content\/uploads\/2021\/02\/service.jpg","width":1905,"height":500},{"@type":"BreadcrumbList","@id":"https:\/\/www.domainedependruc.com\/de\/4-sterne-campingplatz\/#breadcrumb","itemListElement":[{"@type":"ListItem","position":1,"name":"Campingplatz Concarneau \u2013 S\u00fcdliches Finist\u00e8re","item":"https:\/\/www.domainedependruc.com\/de\/"},{"@type":"ListItem","position":2,"name":"Dienstleistungen"}]},{"@type":"WebSite","@id":"https:\/\/www.domainedependruc.com\/de\/#website","url":"https:\/\/www.domainedependruc.com\/de\/","name":"Domaine de Pendruc","description":"","potentialAction":[{"@type":"SearchAction","target":{"@type":"EntryPoint","urlTemplate":"https:\/\/www.domainedependruc.com\/de\/?s={search_term_string}"},"query-input":{"@type":"PropertyValueSpecification","valueRequired":true,"valueName":"search_term_string"}}],"inLanguage":"de"}]}},"_links":{"self":[{"href":"https:\/\/www.domainedependruc.com\/de\/wp-json\/wp\/v2\/pages\/14144"}],"collection":[{"href":"https:\/\/www.domainedependruc.com\/de\/wp-json\/wp\/v2\/pages"}],"about":[{"href":"https:\/\/www.domainedependruc.com\/de\/wp-json\/wp\/v2\/types\/page"}],"author":[{"embeddable":true,"href":"https:\/\/www.domainedependruc.com\/de\/wp-json\/wp\/v2\/users\/13"}],"replies":[{"embeddable":true,"href":"https:\/\/www.domainedependruc.com\/de\/wp-json\/wp\/v2\/comments?post=14144"}],"version-history":[{"count":4,"href":"https:\/\/www.domainedependruc.com\/de\/wp-json\/wp\/v2\/pages\/14144\/revisions"}],"predecessor-version":[{"id":14196,"href":"https:\/\/www.domainedependruc.com\/de\/wp-json\/wp\/v2\/pages\/14144\/revisions\/14196"}],"wp:featuredmedia":[{"embeddable":true,"href":"https:\/\/www.domainedependruc.com\/de\/wp-json\/wp\/v2\/media\/13432"}],"wp:attachment":[{"href":"https:\/\/www.domainedependruc.com\/de\/wp-json\/wp\/v2\/media?parent=14144"}],"curies":[{"name":"wp","href":"https:\/\/api.w.org\/{rel}","templated":true}]}}