{"id":14140,"date":"2016-09-06T11:25:55","date_gmt":"2016-09-06T09:25:55","guid":{"rendered":"https:\/\/www.domainedependruc.com\/camping-restaurant-finistere-sud\/"},"modified":"2025-12-04T15:39:32","modified_gmt":"2025-12-04T14:39:32","slug":"campingplatz-restaurant-finistere-sud","status":"publish","type":"page","link":"https:\/\/www.domainedependruc.com\/de\/campingplatz-restaurant-finistere-sud\/","title":{"rendered":"Camping : Bar \/ Restaurant"},"content":{"rendered":"<section id=\"section-5fad1bd6d65e6\"\" class=\"section first-home bg-white p-b-0\" \/><div class=\"container extralarge\"><h1 class=\"element section-title center\">Campingplatz mit Restaurant in Tr\u00e9gunc<\/h1><\/div><\/section>\n\n<section id=\"section-5fad1bd6d6914\"\" class=\"section bg-white p-b-0\" \/><div class=\"container full\"><div class=\"colonnes-wrap valign-top stretch\"><div class=\"element colonne w-40 p-8 bg-color4 valign-middle\"><h2 class=\"element section-title left\">Die Dienstleistungen des Restaurants im s\u00fcdlichen Finist\u00e8r<\/h2><div class=\"element bloc-text justify \">\n\t<p>W\u00e4hrend Ihres Aufenthalts auf der Domaine de Pendruc, einem <a href=\"https:\/\/www.domainedependruc.com\/de\/\">Campingplatz in Concarneau<\/a> im s\u00fcdlichen Finist\u00e8re, profitieren Sie von besten Serviceleistungen, um unvergessliche Momente mit Ihren Kindern oder Freunden zu verbringen.<\/p>\n<p>Nehmen Sie Platz in unserem Bar-Restaurant und genie\u00dfen Sie die <strong class=\"bold color1\">gem\u00fctliche Atmosph\u00e4re<\/strong>, die dort herrscht.<\/p>\n<p>Unsere Teams empfangen Sie im Juli und August mit <strong class=\"bold color1\">guter Laune<\/strong> zu Ihren Mahlzeiten oder einfach nur auf einen Drink.<br \/>\nIm April, Mai, Juni und September k\u00f6nnen Sie mittags und abends Pizza und Brath\u00e4hnchen zum Mitnehmen bestellen.<\/p>\n<\/div><\/div><div class=\"element colonne w-60 p-0\"><div class=\"element images\"><div class=\"image\"><img decoding=\"async\" src=\"https:\/\/www.domainedependruc.com\/wp-content\/uploads\/2020\/11\/restaurant-burger-tregunc-100x42.jpg\" data-src=\"https:\/\/www.domainedependruc.com\/wp-content\/uploads\/2020\/11\/restaurant-burger-tregunc.jpg\" alt=\"restaurant burger tregunc\" class=\"images_image\" \/><\/div><\/div><div class=\"element bloc-text center bg-color5 p-x-10 m-0 p-y-5\">\n\t<p>Im Juli und August bieten wir Ihnen ab 8 Uhr morgens <strong class=\"bold color1\">frisches Brot und Geb\u00e4ck<\/strong> an, ohne dass Sie eine Bestellung aufgeben m\u00fcssen.<\/p>\n<p>Machen Sie es sich bequem, wir k\u00f6nnen Ihnen auch <strong class=\"bold color1\">Ihr Fr\u00fchst\u00fcck<\/strong> zubereiten!<\/p>\n<p>Im April, Mai, Juni und September werden jeden Morgen ab 8:30 Uhr frisches Brot und Backwaren auf Bestellung angeboten.<\/p>\n<\/div><\/div><\/div><\/div><\/section>\n\n<section id=\"section-5fad1bd6d6c79\"\" class=\"section bg-white p-t-0 p-b-0\" \/><div class=\"container full\"><div class=\"accordeon\"><div class=\"slide \"><div class=\"slide_image\"><img decoding=\"async\" src=\"https:\/\/www.domainedependruc.com\/wp-content\/uploads\/2022\/06\/IMGL1481-100x67.jpg\" data-src=\"https:\/\/www.domainedependruc.com\/wp-content\/uploads\/2022\/06\/IMGL1481.jpg\" alt=\"\" class=\"\" \/><\/div><\/div><div class=\"slide \"><div class=\"slide_image\"><img decoding=\"async\" src=\"https:\/\/www.domainedependruc.com\/wp-content\/uploads\/2020\/11\/plat-moule-tregunc-100x88.jpg\" data-src=\"https:\/\/www.domainedependruc.com\/wp-content\/uploads\/2020\/11\/plat-moule-tregunc.jpg\" alt=\"plat moule tregunc\" class=\"\" \/><\/div><\/div><div class=\"slide \"><div class=\"slide_image\"><img decoding=\"async\" src=\"https:\/\/www.domainedependruc.com\/wp-content\/uploads\/2022\/06\/1442-RRR-100x67.jpg\" data-src=\"https:\/\/www.domainedependruc.com\/wp-content\/uploads\/2022\/06\/1442-RRR.jpg\" alt=\"\" class=\"\" \/><\/div><\/div><div class=\"slide \"><div class=\"slide_image\"><img decoding=\"async\" src=\"https:\/\/www.domainedependruc.com\/wp-content\/uploads\/2024\/10\/image00024-100x75.jpeg\" data-src=\"https:\/\/www.domainedependruc.com\/wp-content\/uploads\/2024\/10\/image00024-scaled.jpeg\" alt=\"\" class=\"\" \/><\/div><\/div><\/div><\/div><\/section>\n\n<section id=\"section-5fad115c7e657\"\" class=\"section bg-white p-t-0 p-b-0\" \/><div class=\"container full\"><div class=\"colonnes-wrap valign-top stretch\"><div class=\"element colonne w-60 p-0\"><div class=\"element images\"><div class=\"image\"><img decoding=\"async\" src=\"https:\/\/www.domainedependruc.com\/wp-content\/uploads\/2020\/11\/restaurant-vienoisserie-tregunc-100x39.jpg\" data-src=\"https:\/\/www.domainedependruc.com\/wp-content\/uploads\/2020\/11\/restaurant-vienoisserie-tregunc.jpg\" alt=\"restaurant viennoiserie tregunc\" class=\"images_image\" \/><\/div><\/div><div class=\"element images\"><div class=\"image\"><img decoding=\"async\" src=\"https:\/\/www.domainedependruc.com\/wp-content\/uploads\/2022\/06\/A56I2405-100x67.jpg\" data-src=\"https:\/\/www.domainedependruc.com\/wp-content\/uploads\/2022\/06\/A56I2405.jpg\" alt=\"\" class=\"images_image\" \/><\/div><\/div><\/div><div class=\"element colonne w-40 p-8 bg-color4 valign-middle\"><h2 class=\"element section-title justify\">Entdecken Sie die Speisekarte unseres Restaurants in Tr\u00e9gun<\/h2><div class=\"element bloc-text justify \">\n\t<p><strong class=\"bold color1\">Auf der Speisekarte unseres Restaurants<\/strong> stehen Fleischgerichte, Burger, Pizza, Cr\u00eapes und Eis!<\/p>\n<p>Sie k\u00f6nnen vor Ort essen oder <strong class=\"bold color1\">Ihre Pizzen mitnehmen<\/strong>. W\u00e4hrend Ihres Campingurlaubs im s\u00fcdlichen Finist\u00e8re m\u00fcssen Sie nicht mehr kochen, Sie k\u00f6nnen auch <strong class=\"bold color1\">ein Brath\u00e4hnchen<\/strong> zum Mittag- oder Abendessen bestellen!<\/p>\n<p>Mit ihrer Pergola gegen\u00fcber dem Spielplatz ist die Bar der <strong class=\"bold color1\">perfekte Ort<\/strong> f\u00fcr einen <strong class=\"bold color1\">geselligen Moment<\/strong> mit der Familie oder Freunden, um etwas zu trinken oder eine Partie Billard oder Tischfu\u00dfball zu spielen.<\/p>\n<\/div><\/div><\/div><\/div><\/section>\n\n<section id=\"section-5fad1bd6d725e\"\" class=\"section first-home bg-white\" \/><div class=\"container extralarge\"><div class=\"element section-title center\">Unsere Dienstleistungen und Restaurants in der Umgebung<\/div><ul class=\"liste-de-page\"><\/ul><\/div><\/section>","protected":false},"excerpt":{"rendered":"","protected":false},"author":1,"featured_media":13668,"parent":0,"menu_order":0,"comment_status":"closed","ping_status":"closed","template":"","meta":{"_acf_changed":false,"footnotes":""},"class_list":["post-14140","page","type-page","status-publish","has-post-thumbnail","hentry"],"acf":[],"yoast_head":"<!-- This site is optimized with the Yoast SEO plugin v25.3 - https:\/\/yoast.com\/wordpress\/plugins\/seo\/ -->\n<title>Restaurant Tr\u00e9gunc | Entdecken Sie unser Restaurant in Tr\u00e9gunc, im S\u00fcden des Departements Finist\u00e8re<\/title>\n<meta name=\"description\" content=\"En savoir plus que le restaurant du camping Domaine de Pendruc en Bretagne dans le Finist\u00e8re Sud\" \/>\n<meta name=\"robots\" content=\"index, follow, max-snippet:-1, max-image-preview:large, max-video-preview:-1\" \/>\n<link rel=\"canonical\" href=\"https:\/\/www.domainedependruc.com\/de\/campingplatz-restaurant-finistere-sud\/\" \/>\n<meta property=\"og:locale\" content=\"de_DE\" \/>\n<meta property=\"og:type\" content=\"article\" \/>\n<meta property=\"og:title\" content=\"Restaurant Tr\u00e9gunc | Entdecken Sie unser Restaurant in Tr\u00e9gunc, im S\u00fcden des Departements Finist\u00e8re\" \/>\n<meta property=\"og:description\" content=\"En savoir plus que le restaurant du camping Domaine de Pendruc en Bretagne dans le Finist\u00e8re Sud\" \/>\n<meta property=\"og:url\" content=\"https:\/\/www.domainedependruc.com\/de\/campingplatz-restaurant-finistere-sud\/\" \/>\n<meta property=\"og:site_name\" content=\"Domaine de Pendruc\" \/>\n<meta property=\"article:modified_time\" content=\"2025-12-04T14:39:32+00:00\" \/>\n<meta property=\"og:image\" content=\"https:\/\/www.domainedependruc.com\/wp-content\/uploads\/2022\/06\/A56I2613-RRR-1.jpg\" \/>\n\t<meta property=\"og:image:width\" content=\"1250\" \/>\n\t<meta property=\"og:image:height\" content=\"834\" \/>\n\t<meta property=\"og:image:type\" content=\"image\/jpeg\" \/>\n<meta name=\"twitter:card\" content=\"summary_large_image\" \/>\n<script type=\"application\/ld+json\" class=\"yoast-schema-graph\">{\"@context\":\"https:\/\/schema.org\",\"@graph\":[{\"@type\":\"WebPage\",\"@id\":\"https:\/\/www.domainedependruc.com\/de\/campingplatz-restaurant-finistere-sud\/\",\"url\":\"https:\/\/www.domainedependruc.com\/de\/campingplatz-restaurant-finistere-sud\/\",\"name\":\"Restaurant Tr\u00e9gunc | Entdecken Sie unser Restaurant in Tr\u00e9gunc, im S\u00fcden des Departements Finist\u00e8re\",\"isPartOf\":{\"@id\":\"https:\/\/www.domainedependruc.com\/de\/#website\"},\"primaryImageOfPage\":{\"@id\":\"https:\/\/www.domainedependruc.com\/de\/campingplatz-restaurant-finistere-sud\/#primaryimage\"},\"image\":{\"@id\":\"https:\/\/www.domainedependruc.com\/de\/campingplatz-restaurant-finistere-sud\/#primaryimage\"},\"thumbnailUrl\":\"https:\/\/www.domainedependruc.com\/wp-content\/uploads\/2022\/06\/A56I2613-RRR-1.jpg\",\"datePublished\":\"2016-09-06T09:25:55+00:00\",\"dateModified\":\"2025-12-04T14:39:32+00:00\",\"description\":\"En savoir plus que le restaurant du camping Domaine de Pendruc en Bretagne dans le Finist\u00e8re Sud\",\"breadcrumb\":{\"@id\":\"https:\/\/www.domainedependruc.com\/de\/campingplatz-restaurant-finistere-sud\/#breadcrumb\"},\"inLanguage\":\"de\",\"potentialAction\":[{\"@type\":\"ReadAction\",\"target\":[\"https:\/\/www.domainedependruc.com\/de\/campingplatz-restaurant-finistere-sud\/\"]}]},{\"@type\":\"ImageObject\",\"inLanguage\":\"de\",\"@id\":\"https:\/\/www.domainedependruc.com\/de\/campingplatz-restaurant-finistere-sud\/#primaryimage\",\"url\":\"https:\/\/www.domainedependruc.com\/wp-content\/uploads\/2022\/06\/A56I2613-RRR-1.jpg\",\"contentUrl\":\"https:\/\/www.domainedependruc.com\/wp-content\/uploads\/2022\/06\/A56I2613-RRR-1.jpg\",\"width\":1250,\"height\":834},{\"@type\":\"BreadcrumbList\",\"@id\":\"https:\/\/www.domainedependruc.com\/de\/campingplatz-restaurant-finistere-sud\/#breadcrumb\",\"itemListElement\":[{\"@type\":\"ListItem\",\"position\":1,\"name\":\"Campingplatz Concarneau \u2013 S\u00fcdliches Finist\u00e8re\",\"item\":\"https:\/\/www.domainedependruc.com\/de\/\"},{\"@type\":\"ListItem\",\"position\":2,\"name\":\"Restaurant Tregunc\"}]},{\"@type\":\"WebSite\",\"@id\":\"https:\/\/www.domainedependruc.com\/de\/#website\",\"url\":\"https:\/\/www.domainedependruc.com\/de\/\",\"name\":\"Domaine de Pendruc\",\"description\":\"\",\"potentialAction\":[{\"@type\":\"SearchAction\",\"target\":{\"@type\":\"EntryPoint\",\"urlTemplate\":\"https:\/\/www.domainedependruc.com\/de\/?s={search_term_string}\"},\"query-input\":{\"@type\":\"PropertyValueSpecification\",\"valueRequired\":true,\"valueName\":\"search_term_string\"}}],\"inLanguage\":\"de\"}]}<\/script>\n<!-- \/ Yoast SEO plugin. -->","yoast_head_json":{"title":"Restaurant Tr\u00e9gunc | Entdecken Sie unser Restaurant in Tr\u00e9gunc, im S\u00fcden des Departements Finist\u00e8re","description":"En savoir plus que le restaurant du camping Domaine de Pendruc en Bretagne dans le Finist\u00e8re Sud","robots":{"index":"index","follow":"follow","max-snippet":"max-snippet:-1","max-image-preview":"max-image-preview:large","max-video-preview":"max-video-preview:-1"},"canonical":"https:\/\/www.domainedependruc.com\/de\/campingplatz-restaurant-finistere-sud\/","og_locale":"de_DE","og_type":"article","og_title":"Restaurant Tr\u00e9gunc | Entdecken Sie unser Restaurant in Tr\u00e9gunc, im S\u00fcden des Departements Finist\u00e8re","og_description":"En savoir plus que le restaurant du camping Domaine de Pendruc en Bretagne dans le Finist\u00e8re Sud","og_url":"https:\/\/www.domainedependruc.com\/de\/campingplatz-restaurant-finistere-sud\/","og_site_name":"Domaine de Pendruc","article_modified_time":"2025-12-04T14:39:32+00:00","og_image":[{"width":1250,"height":834,"url":"https:\/\/www.domainedependruc.com\/wp-content\/uploads\/2022\/06\/A56I2613-RRR-1.jpg","type":"image\/jpeg"}],"twitter_card":"summary_large_image","schema":{"@context":"https:\/\/schema.org","@graph":[{"@type":"WebPage","@id":"https:\/\/www.domainedependruc.com\/de\/campingplatz-restaurant-finistere-sud\/","url":"https:\/\/www.domainedependruc.com\/de\/campingplatz-restaurant-finistere-sud\/","name":"Restaurant Tr\u00e9gunc | Entdecken Sie unser Restaurant in Tr\u00e9gunc, im S\u00fcden des Departements Finist\u00e8re","isPartOf":{"@id":"https:\/\/www.domainedependruc.com\/de\/#website"},"primaryImageOfPage":{"@id":"https:\/\/www.domainedependruc.com\/de\/campingplatz-restaurant-finistere-sud\/#primaryimage"},"image":{"@id":"https:\/\/www.domainedependruc.com\/de\/campingplatz-restaurant-finistere-sud\/#primaryimage"},"thumbnailUrl":"https:\/\/www.domainedependruc.com\/wp-content\/uploads\/2022\/06\/A56I2613-RRR-1.jpg","datePublished":"2016-09-06T09:25:55+00:00","dateModified":"2025-12-04T14:39:32+00:00","description":"En savoir plus que le restaurant du camping Domaine de Pendruc en Bretagne dans le Finist\u00e8re Sud","breadcrumb":{"@id":"https:\/\/www.domainedependruc.com\/de\/campingplatz-restaurant-finistere-sud\/#breadcrumb"},"inLanguage":"de","potentialAction":[{"@type":"ReadAction","target":["https:\/\/www.domainedependruc.com\/de\/campingplatz-restaurant-finistere-sud\/"]}]},{"@type":"ImageObject","inLanguage":"de","@id":"https:\/\/www.domainedependruc.com\/de\/campingplatz-restaurant-finistere-sud\/#primaryimage","url":"https:\/\/www.domainedependruc.com\/wp-content\/uploads\/2022\/06\/A56I2613-RRR-1.jpg","contentUrl":"https:\/\/www.domainedependruc.com\/wp-content\/uploads\/2022\/06\/A56I2613-RRR-1.jpg","width":1250,"height":834},{"@type":"BreadcrumbList","@id":"https:\/\/www.domainedependruc.com\/de\/campingplatz-restaurant-finistere-sud\/#breadcrumb","itemListElement":[{"@type":"ListItem","position":1,"name":"Campingplatz Concarneau \u2013 S\u00fcdliches Finist\u00e8re","item":"https:\/\/www.domainedependruc.com\/de\/"},{"@type":"ListItem","position":2,"name":"Restaurant Tregunc"}]},{"@type":"WebSite","@id":"https:\/\/www.domainedependruc.com\/de\/#website","url":"https:\/\/www.domainedependruc.com\/de\/","name":"Domaine de Pendruc","description":"","potentialAction":[{"@type":"SearchAction","target":{"@type":"EntryPoint","urlTemplate":"https:\/\/www.domainedependruc.com\/de\/?s={search_term_string}"},"query-input":{"@type":"PropertyValueSpecification","valueRequired":true,"valueName":"search_term_string"}}],"inLanguage":"de"}]}},"_links":{"self":[{"href":"https:\/\/www.domainedependruc.com\/de\/wp-json\/wp\/v2\/pages\/14140"}],"collection":[{"href":"https:\/\/www.domainedependruc.com\/de\/wp-json\/wp\/v2\/pages"}],"about":[{"href":"https:\/\/www.domainedependruc.com\/de\/wp-json\/wp\/v2\/types\/page"}],"author":[{"embeddable":true,"href":"https:\/\/www.domainedependruc.com\/de\/wp-json\/wp\/v2\/users\/1"}],"replies":[{"embeddable":true,"href":"https:\/\/www.domainedependruc.com\/de\/wp-json\/wp\/v2\/comments?post=14140"}],"version-history":[{"count":2,"href":"https:\/\/www.domainedependruc.com\/de\/wp-json\/wp\/v2\/pages\/14140\/revisions"}],"predecessor-version":[{"id":14190,"href":"https:\/\/www.domainedependruc.com\/de\/wp-json\/wp\/v2\/pages\/14140\/revisions\/14190"}],"wp:featuredmedia":[{"embeddable":true,"href":"https:\/\/www.domainedependruc.com\/de\/wp-json\/wp\/v2\/media\/13668"}],"wp:attachment":[{"href":"https:\/\/www.domainedependruc.com\/de\/wp-json\/wp\/v2\/media?parent=14140"}],"curies":[{"name":"wp","href":"https:\/\/api.w.org\/{rel}","templated":true}]}}