{"id":14133,"date":"2016-09-06T11:26:14","date_gmt":"2016-09-06T09:26:14","guid":{"rendered":"https:\/\/www.domainedependruc.com\/camping-familial-finistere-sud\/"},"modified":"2025-12-04T15:34:03","modified_gmt":"2025-12-04T14:34:03","slug":"familiencampingplatz-im-sudlichen-finistere","status":"publish","type":"page","link":"https:\/\/www.domainedependruc.com\/de\/familiencampingplatz-im-sudlichen-finistere\/","title":{"rendered":"Camping : Animations"},"content":{"rendered":"<section id=\"section-5fad1bd6d65e6\"\" class=\"section first-home bg-white p-b-0\" \/><div class=\"container extralarge\"><h1 class=\"element section-title center\">Campen Sie mit der Familie im S\u00fcden des Departements Finist\u00e8re<\/h1><div class=\"element bloc-text center center\">\n\t<ctv-stays ><\/ctv-stays><\/div><div class=\"element bloc-text center center\">\n\t<iframe width=\"100%\" height=\"600\" src=\"https:\/\/www.youtube.com\/embed\/5h0fR3mpnn8?controls=0\" title=\"YouTube video player\" frameborder=\"0\" allow=\"accelerometer; autoplay; clipboard-write; encrypted-media; gyroscope; picture-in-picture\" allowfullscreen><\/iframe><\/div><\/div><\/section>\n\n<section id=\"section-5fad1bd6d6914\"\" class=\"section bg-white p-b-0\" \/><div class=\"container full\"><div class=\"colonnes-wrap valign-top stretch\"><div class=\"element colonne w-40 p-8 bg-color4 valign-middle\"><h2 class=\"element section-title left\">Unser Miniclub f\u00fcr Kinde<\/h2><div class=\"element bloc-text justify \">\n\t<p>Der Miniclub hei\u00dft kleine Urlauber von 5 bis 12 Jahren in den Sommerferien willkommen.<\/p>\n<p>Vom 7. Juli bis zum 29. August ist der <strong class=\"bold color1\">Kinderclub<\/strong> montags bis freitags von 10 bis 12 Uhr und von 14:30 bis 16:30 Uhr ge\u00f6ffnet und sorgt f\u00fcr <strong class=\"bold color1\">unvergessliche Tage<\/strong> auf unserem <a href=\"https:\/\/www.domainedependruc.com\/de\/\">Campingplatz in Concarneau<\/a>!<\/p>\n<p><strong class=\"bold color1\">Auf dem Programm<\/strong> stehen Spiele im Freien, handwerkliche und k\u00fcnstlerische Aktivit\u00e4ten, Gruppenspiele, Sandburgenwettbewerbe, Wettbewerbe f\u00fcr \u201eNachwuchsk\u00fcnstler\u201c, Schminkworkshops und Mini-Sportturniere&#8230;<\/p>\n<p>Zweimal pro Woche treffen sich die Kinder am Nachmittag zu einem <strong class=\"bold color1\">gro\u00dfen Spiel<\/strong>: Schatzsuche, Olympiade oder Orientierungslauf.<br \/>\nAn einem Abend in der Woche ist ein Abend f\u00fcr unsere kleinen Urlauber reserviert: Auf dem Programm stehen Zauberei, M\u00e4rchen oder eine Clownshow!<\/p>\n<\/div><h2 class=\"element section-title left\">Abende f\u00fcr die ganze Famili<\/h2><div class=\"element bloc-text justify \">\n\t<p>Auf dem 4-Sterne-Campingplatz Domaine de Pendruc im s\u00fcdlichen Finist\u00e8re sind Geselligkeit, Gel\u00e4chter und gute Laune garantiert! <strong class=\"bold color1\">Unser Konzept: Unterhaltung, die pr\u00e4sent, aber nicht aufdringlich ist<\/strong>.<\/p>\n<p>In der Saison vom 7. Juli bis zum 29. August, von Sonntag bis Freitag (bis 23 Uhr) treffen sich die Camper zu den <strong class=\"bold color1\">Animationsveranstaltungen des Campingplatzes<\/strong>: Themenabende mit Tanz, Quiz, Blind-Tests, Karaoke, Konzerte &#8230;<\/p>\n<\/div><\/div><div class=\"element colonne w-60 p-0\"><div class=\"element images\"><div class=\"image\"><img decoding=\"async\" src=\"https:\/\/www.domainedependruc.com\/wp-content\/uploads\/2020\/11\/soirees-camping-100x44.jpg\" data-src=\"https:\/\/www.domainedependruc.com\/wp-content\/uploads\/2020\/11\/soirees-camping.jpg\" alt=\"soir\u00e9es camping\" class=\"images_image\" \/><\/div><\/div><div class=\"element bloc-text center bg-color5 p-x-10 m-0 p-y-5\">\n\t<h2>Sportveranstaltungen auf dem Campingplatz<\/h2>\n<p>Sportbegeisterte kommen mit dem <strong class=\"bold color1\">Multisport- oder Bouleplatz<\/strong>, dem Beachvolleyballfeld, den Tischtennisplatten, Wasserballspielen usw. ebenfalls auf ihre Kosten.<\/p>\n<p><strong class=\"bold color1\">BOGENSCHIESSEN<\/strong>: Probieren Sie unter Anleitung unseres Animateurs das Bogenschie\u00dfen aus. Vom 7. Juli bis zum 29. August treten jeden Tag unter der Woche kleine und gro\u00dfe Robin Hoods vor die Zielscheiben, damit der <strong class=\"bold color1\">Beste gewinnt<\/strong>!<\/p>\n<\/div><\/div><\/div><\/div><\/section>\n\n<section id=\"section-5fad115c7e657\"\" class=\"section bg-white p-t-0 p-b-0\" \/><div class=\"container full\"><div class=\"colonnes-wrap valign-top stretch\"><div class=\"element colonne w-60 p-0\"><div class=\"element images\"><div class=\"image\"><img decoding=\"async\" src=\"https:\/\/www.domainedependruc.com\/wp-content\/uploads\/2022\/06\/IMGL1457-100x67.jpg\" data-src=\"https:\/\/www.domainedependruc.com\/wp-content\/uploads\/2022\/06\/IMGL1457.jpg\" alt=\"\" class=\"images_image\" \/><\/div><\/div><\/div><div class=\"element colonne w-40 p-8 bg-color4 valign-middle\"><h2 class=\"element section-title left\">Spiel- und Sportpl\u00e4tz<\/h2><div class=\"element bloc-text justify \">\n\t<p>Der Campingplatz im S\u00fcden des Departements Finist\u00e8re bietet Ihnen einen <strong class=\"bold color1\">abwechslungsreichen und aktiven Urlaub<\/strong> dank seiner zahlreichen Sport- und Freizeiteinrichtungen wie Fu\u00dfball- und Basketballplatz, Beachvolleyballplatz und Fitnessger\u00e4ten!<\/p>\n<p><strong class=\"bold color1\">GROSSER SPIELPLATZ<\/strong>: Ein neuer Spielplatz aus Naturholz, der mit Federwippen die Kleinsten begeistert, aber auch den Gr\u00f6\u00dferen mit Herausforderungen wie einem Hindernisparcours viel Spa\u00df bietet. Der neue Spielplatz wird Ihren Kindern gefallen! Es gibt noch mehr zu entdecken: eine H\u00fctte f\u00fcr die Kleinen, einen Spieltisch, eine Kletterh\u00fctte f\u00fcr die Gro\u00dfen mit einer R\u00f6hrenrutsche&#8230; Spa\u00df ist garantiert.<\/p>\n<\/div><\/div><\/div><div class=\"accordeon\"><div class=\"slide \"><div class=\"slide_image\"><img decoding=\"async\" src=\"https:\/\/www.domainedependruc.com\/wp-content\/uploads\/2023\/07\/0010_A56I1363-1-100x67.jpg\" data-src=\"https:\/\/www.domainedependruc.com\/wp-content\/uploads\/2023\/07\/0010_A56I1363-1.jpg\" alt=\"\" class=\"\" \/><\/div><\/div><div class=\"slide \"><div class=\"slide_image\"><img decoding=\"async\" src=\"https:\/\/www.domainedependruc.com\/wp-content\/uploads\/2023\/07\/0001_A56I1179-100x67.jpg\" data-src=\"https:\/\/www.domainedependruc.com\/wp-content\/uploads\/2023\/07\/0001_A56I1179.jpg\" alt=\"\" class=\"\" \/><\/div><\/div><div class=\"slide \"><div class=\"slide_image\"><img decoding=\"async\" src=\"https:\/\/www.domainedependruc.com\/wp-content\/uploads\/2023\/07\/0011_A56I1365-1-100x67.jpg\" data-src=\"https:\/\/www.domainedependruc.com\/wp-content\/uploads\/2023\/07\/0011_A56I1365-1.jpg\" alt=\"\" class=\"\" \/><\/div><\/div><div class=\"slide \"><div class=\"slide_image\"><img decoding=\"async\" src=\"https:\/\/www.domainedependruc.com\/wp-content\/uploads\/2022\/07\/pendruc-city-stade-100x67.jpg\" data-src=\"https:\/\/www.domainedependruc.com\/wp-content\/uploads\/2022\/07\/pendruc-city-stade.jpg\" alt=\"pendruc-city-stade\" class=\"\" \/><\/div><\/div><\/div><\/div><\/section>\n\n<section id=\"section-5fad1bd6d6c79\"\" class=\"section bg-white p-t-0 p-b-0\" \/><div class=\"container full\"><div class=\"colonnes-wrap valign-middle \"><div class=\"element colonne w-20 p-0\"><div class=\"element images\"><div class=\"image\"><img decoding=\"async\" src=\"https:\/\/www.domainedependruc.com\/wp-content\/uploads\/2020\/11\/activites-fitness-finistere-80x100.jpg\" data-src=\"https:\/\/www.domainedependruc.com\/wp-content\/uploads\/2020\/11\/activites-fitness-finistere.jpg\" alt=\"activit\u00e9s fitness Finist\u00e8re\" class=\"images_image\" \/><\/div><\/div><\/div><div class=\"element colonne w-60 p-x-4\"><h2 class=\"element section-title center color1\">Sportveranstaltungen im s\u00fcdlichen Finist\u00e8r<\/h2><div class=\"element bloc-text center \">\n\t<p>Die <strong class=\"bold color1\">Sportaktivit\u00e4ten<\/strong> in der Domaine de Pendruc sind f\u00fcr jeden geeignet. Die Animateure des Campingplatzes bieten Ihnen eine <strong class=\"bold color1\">gro\u00dfe Auswahl an Aktivit\u00e4ten<\/strong>, die f\u00fcr alle zug\u00e4nglich sind (vom 5. Juli bis 29. August). Am fr\u00fchen Morgen l\u00e4dt unser Animateur Sie zu einem Jogginglauf auf dem K\u00fcstenweg ein. Auf dem Programm stehen auch <strong class=\"bold color1\">Fitness<\/strong> und <strong class=\"bold color1\">Zumba<\/strong> f\u00fcr die besonders Sportlichen!<\/p>\n<p><strong class=\"bold color1\">\u00dcBERRASCHUNGSAKTIVIT\u00c4T<\/strong>: Entdecken Sie zwischen dem 9. Juli und dem 29. August einmal pro Woche <strong class=\"bold color1\">die \u00dcberraschung der Woche<\/strong>, eine Einf\u00fchrung ins <strong class=\"bold color1\">Meerjungfrauen-Schwimmen<\/strong>, <strong class=\"bold color1\">Ventrigliss<\/strong>, aufblasbare Spiele &#8230; Lassen Sie sich mit Ihrer Familie verf\u00fchren!<\/p>\n<p><strong class=\"bold color1\">AKTIVIT\u00c4T \u201eWANDERN\u201d<\/strong>: Ziehen Sie Ihre Wanderschuhe an und folgen Sie dem Wanderf\u00fchrer! Entdecken Sie die K\u00fcstenwege und kleinen Weiler in unmittelbarer N\u00e4he des Campingplatzes: den <strong class=\"bold color1\">K\u00fcstenwanderweg GR34<\/strong>, den Moros, bretonische Kapellen, Waschh\u00e4user und Kalvarienberge&#8230;<\/p>\n<p>Vom Campingplatz aus werden im Juli und August zweist\u00fcndige oder ganzt\u00e4gige Wanderungen in der Gruppe mit Picknick organisiert&#8230;<\/p>\n<p><strong class=\"bold color1\">WASSERGYMNASTIK<\/strong>: Die Wassergymnastikkurse finden vom 5. Juli bis zum 29. August montags bis freitags vormittags statt. Treffen Sie sich im <a href=\"https:\/\/www.domainedependruc.com\/de\/campingplatz-schwimmbad-finistere-sud\/\">beheizten Schwimmbad des Campingplatzes Finist\u00e8re Sud<\/a> zu einer Muskelaufw\u00e4rm\u00fcbung mit einem Animateur, der Sie f\u00fcr den ganzen Tag fit macht. Geben Sie Ihre <strong class=\"bold color1\">Kinder im Miniclub<\/strong> ab und kommen Sie zum Entspannen an den Pool!<\/p>\n<\/div><\/div><div class=\"element colonne w-20 p-0\"><div class=\"element images\"><div class=\"image\"><img decoding=\"async\" src=\"https:\/\/www.domainedependruc.com\/wp-content\/uploads\/2022\/02\/A56I6970-e1644317289317-81x100.jpg\" data-src=\"https:\/\/www.domainedependruc.com\/wp-content\/uploads\/2022\/02\/A56I6970-e1644317289317.jpg\" alt=\"aquagym Finist\u00e8re\" class=\"images_image\" \/><\/div><\/div><\/div><\/div><\/div><\/section>\n\n<section id=\"section-toboggans\"\" class=\"section bg-white p-t-0 p-b-0\" \/><div class=\"container full\"><div class=\"colonnes-wrap valign-middle \"><div class=\"element colonne w-20 p-0\"><div class=\"element images\"><div class=\"image\"><img decoding=\"async\" src=\"https:\/\/www.domainedependruc.com\/wp-content\/uploads\/2023\/03\/sirene-2022-100x100.jpg\" data-src=\"https:\/\/www.domainedependruc.com\/wp-content\/uploads\/2023\/03\/sirene-2022.jpg\" alt=\"Animation sir\u00e8ne\" class=\"images_image\" \/><\/div><\/div><\/div><div class=\"element colonne w-60 p-x-4\"><h2 class=\"element section-title center color1\">Fitnessbereich in Tr\u00e9gun<\/h2><div class=\"element bloc-text center \">\n\t<p>Der spielerische und sportliche Outdoor-Fitnessbereich hilft Ihnen dabei, w\u00e4hrend Ihres Aufenthalts in Form zu bleiben!<\/p>\n<p>Bei freiem Zugang w\u00e4hrend des Tages k\u00f6nnen Sie w\u00e4hrend der \u00d6ffnungszeiten des Miniclubs, wenn Sie uns Ihre Kinder anvertraut haben, oder abends nach dem Strand oder dem Schwimmbad Sport treiben. Sie k\u00f6nnen sich die f\u00fcr Sie ideale Zeit zum Trainieren aussuchen.<\/p>\n<p><strong class=\"bold color1\">Es lebe der Sporturlaub in der Domaine de Pendruc!<\/strong><\/p>\n<p><strong class=\"bold color1\">LA TYROLIENNE<\/strong>: Die Kinder treffen sich neben dem Multisportplatz, um sich in die L\u00fcfte zu schwingen! Ein Grund mehr, den Campingurlaub zu lieben!<\/p>\n<\/div><\/div><div class=\"element colonne w-20 p-0\"><div class=\"element images\"><div class=\"image\"><img decoding=\"async\" src=\"https:\/\/www.domainedependruc.com\/wp-content\/uploads\/2020\/11\/tir-a-larc-finistere-100x98.jpg\" data-src=\"https:\/\/www.domainedependruc.com\/wp-content\/uploads\/2020\/11\/tir-a-larc-finistere.jpg\" alt=\"tir a l'arc Finist\u00e8re\" class=\"images_image\" \/><\/div><\/div><\/div><\/div><\/div><\/section>\n\n<section id=\"section-5fad1bd6d725e\"\" class=\"section first-home bg-white\" \/><div class=\"container extralarge\"><div class=\"element section-title center\">Genie\u00dfen Sie Momente mit der Familie<\/div><ul class=\"liste-de-page\"><li class=\"element call-to-action carre call-to-action--style-1 call-to-action--normal\"><a href=\"https:\/\/www.domainedependruc.com\/de\/campingplatz-schwimmbad-finistere-sud\/\"  class=\"call-to-action_link\" title=\"Mehr erfahren \u00fcber la piscine\"><div class=\"call-to-action_image\"><img decoding=\"async\" src=\"https:\/\/www.domainedependruc.com\/wp-content\/uploads\/2020\/11\/camping-piscine-finistere-sud-100x56.jpg\" data-src=\"https:\/\/www.domainedependruc.com\/wp-content\/uploads\/2020\/11\/camping-piscine-finistere-sud.jpg\" alt=\"camping piscine finistere sud\" class=\"normal\" \/><\/div><div class=\"call-to-action_contenu\"><div class=\"call-to-action_titre\">La Piscine<\/div><\/div><\/a><\/li><li class=\"element call-to-action carre call-to-action--style-1 call-to-action--normal call-to-action--style-1 call-to-action--normal\"><a href=\"https:\/\/www.domainedependruc.com\/de\/campingplatz-restaurant-finistere-sud\/\"  class=\"call-to-action_link\" title=\"Mehr erfahren \u00fcber le restaurant\"><div class=\"call-to-action_image\"><img decoding=\"async\" src=\"https:\/\/www.domainedependruc.com\/wp-content\/uploads\/2022\/06\/1442-RRR-100x67.jpg\" data-src=\"https:\/\/www.domainedependruc.com\/wp-content\/uploads\/2022\/06\/1442-RRR.jpg\" alt=\"\" class=\"normal\" \/><\/div><div class=\"call-to-action_contenu\"><div class=\"call-to-action_titre\">Le restaurant<\/div><\/div><\/a><\/li><\/ul><\/div><\/section>","protected":false},"excerpt":{"rendered":"","protected":false},"author":1,"featured_media":13123,"parent":0,"menu_order":0,"comment_status":"closed","ping_status":"closed","template":"","meta":{"_acf_changed":false,"footnotes":""},"class_list":["post-14133","page","type-page","status-publish","has-post-thumbnail","hentry"],"acf":[],"yoast_head":"<!-- This site is optimized with the Yoast SEO plugin v25.3 - https:\/\/yoast.com\/wordpress\/plugins\/seo\/ -->\n<title>Familiencampingplatz im s\u00fcdlichen Finist\u00e8re | Urlaub mit der Familie in Concarneau<\/title>\n<meta name=\"robots\" content=\"index, follow, max-snippet:-1, max-image-preview:large, max-video-preview:-1\" \/>\n<link rel=\"canonical\" href=\"https:\/\/www.domainedependruc.com\/de\/familiencampingplatz-im-sudlichen-finistere\/\" \/>\n<meta property=\"og:locale\" content=\"de_DE\" \/>\n<meta property=\"og:type\" content=\"article\" \/>\n<meta property=\"og:title\" content=\"Familiencampingplatz im s\u00fcdlichen Finist\u00e8re | Urlaub mit der Familie in Concarneau\" \/>\n<meta property=\"og:url\" content=\"https:\/\/www.domainedependruc.com\/de\/familiencampingplatz-im-sudlichen-finistere\/\" \/>\n<meta property=\"og:site_name\" content=\"Domaine de Pendruc\" \/>\n<meta property=\"article:modified_time\" content=\"2025-12-04T14:34:03+00:00\" \/>\n<meta property=\"og:image\" content=\"https:\/\/www.domainedependruc.com\/wp-content\/uploads\/2020\/11\/camping-animations-finistere-sud.jpg\" \/>\n\t<meta property=\"og:image:width\" content=\"1903\" \/>\n\t<meta property=\"og:image:height\" content=\"498\" \/>\n\t<meta property=\"og:image:type\" content=\"image\/jpeg\" \/>\n<meta name=\"twitter:card\" content=\"summary_large_image\" \/>\n<script type=\"application\/ld+json\" class=\"yoast-schema-graph\">{\"@context\":\"https:\/\/schema.org\",\"@graph\":[{\"@type\":\"WebPage\",\"@id\":\"https:\/\/www.domainedependruc.com\/de\/familiencampingplatz-im-sudlichen-finistere\/\",\"url\":\"https:\/\/www.domainedependruc.com\/de\/familiencampingplatz-im-sudlichen-finistere\/\",\"name\":\"Familiencampingplatz im s\u00fcdlichen Finist\u00e8re | Urlaub mit der Familie in Concarneau\",\"isPartOf\":{\"@id\":\"https:\/\/www.domainedependruc.com\/de\/#website\"},\"primaryImageOfPage\":{\"@id\":\"https:\/\/www.domainedependruc.com\/de\/familiencampingplatz-im-sudlichen-finistere\/#primaryimage\"},\"image\":{\"@id\":\"https:\/\/www.domainedependruc.com\/de\/familiencampingplatz-im-sudlichen-finistere\/#primaryimage\"},\"thumbnailUrl\":\"https:\/\/www.domainedependruc.com\/wp-content\/uploads\/2020\/11\/camping-animations-finistere-sud.jpg\",\"datePublished\":\"2016-09-06T09:26:14+00:00\",\"dateModified\":\"2025-12-04T14:34:03+00:00\",\"breadcrumb\":{\"@id\":\"https:\/\/www.domainedependruc.com\/de\/familiencampingplatz-im-sudlichen-finistere\/#breadcrumb\"},\"inLanguage\":\"de\",\"potentialAction\":[{\"@type\":\"ReadAction\",\"target\":[\"https:\/\/www.domainedependruc.com\/de\/familiencampingplatz-im-sudlichen-finistere\/\"]}]},{\"@type\":\"ImageObject\",\"inLanguage\":\"de\",\"@id\":\"https:\/\/www.domainedependruc.com\/de\/familiencampingplatz-im-sudlichen-finistere\/#primaryimage\",\"url\":\"https:\/\/www.domainedependruc.com\/wp-content\/uploads\/2020\/11\/camping-animations-finistere-sud.jpg\",\"contentUrl\":\"https:\/\/www.domainedependruc.com\/wp-content\/uploads\/2020\/11\/camping-animations-finistere-sud.jpg\",\"width\":1903,\"height\":498},{\"@type\":\"BreadcrumbList\",\"@id\":\"https:\/\/www.domainedependruc.com\/de\/familiencampingplatz-im-sudlichen-finistere\/#breadcrumb\",\"itemListElement\":[{\"@type\":\"ListItem\",\"position\":1,\"name\":\"Campingplatz Concarneau \u2013 S\u00fcdliches Finist\u00e8re\",\"item\":\"https:\/\/www.domainedependruc.com\/de\/\"},{\"@type\":\"ListItem\",\"position\":2,\"name\":\"Camping mit der Familie im Finist\u00e8re\"}]},{\"@type\":\"WebSite\",\"@id\":\"https:\/\/www.domainedependruc.com\/de\/#website\",\"url\":\"https:\/\/www.domainedependruc.com\/de\/\",\"name\":\"Domaine de Pendruc\",\"description\":\"\",\"potentialAction\":[{\"@type\":\"SearchAction\",\"target\":{\"@type\":\"EntryPoint\",\"urlTemplate\":\"https:\/\/www.domainedependruc.com\/de\/?s={search_term_string}\"},\"query-input\":{\"@type\":\"PropertyValueSpecification\",\"valueRequired\":true,\"valueName\":\"search_term_string\"}}],\"inLanguage\":\"de\"}]}<\/script>\n<!-- \/ Yoast SEO plugin. -->","yoast_head_json":{"title":"Familiencampingplatz im s\u00fcdlichen Finist\u00e8re | Urlaub mit der Familie in Concarneau","robots":{"index":"index","follow":"follow","max-snippet":"max-snippet:-1","max-image-preview":"max-image-preview:large","max-video-preview":"max-video-preview:-1"},"canonical":"https:\/\/www.domainedependruc.com\/de\/familiencampingplatz-im-sudlichen-finistere\/","og_locale":"de_DE","og_type":"article","og_title":"Familiencampingplatz im s\u00fcdlichen Finist\u00e8re | Urlaub mit der Familie in Concarneau","og_url":"https:\/\/www.domainedependruc.com\/de\/familiencampingplatz-im-sudlichen-finistere\/","og_site_name":"Domaine de Pendruc","article_modified_time":"2025-12-04T14:34:03+00:00","og_image":[{"width":1903,"height":498,"url":"https:\/\/www.domainedependruc.com\/wp-content\/uploads\/2020\/11\/camping-animations-finistere-sud.jpg","type":"image\/jpeg"}],"twitter_card":"summary_large_image","schema":{"@context":"https:\/\/schema.org","@graph":[{"@type":"WebPage","@id":"https:\/\/www.domainedependruc.com\/de\/familiencampingplatz-im-sudlichen-finistere\/","url":"https:\/\/www.domainedependruc.com\/de\/familiencampingplatz-im-sudlichen-finistere\/","name":"Familiencampingplatz im s\u00fcdlichen Finist\u00e8re | Urlaub mit der Familie in Concarneau","isPartOf":{"@id":"https:\/\/www.domainedependruc.com\/de\/#website"},"primaryImageOfPage":{"@id":"https:\/\/www.domainedependruc.com\/de\/familiencampingplatz-im-sudlichen-finistere\/#primaryimage"},"image":{"@id":"https:\/\/www.domainedependruc.com\/de\/familiencampingplatz-im-sudlichen-finistere\/#primaryimage"},"thumbnailUrl":"https:\/\/www.domainedependruc.com\/wp-content\/uploads\/2020\/11\/camping-animations-finistere-sud.jpg","datePublished":"2016-09-06T09:26:14+00:00","dateModified":"2025-12-04T14:34:03+00:00","breadcrumb":{"@id":"https:\/\/www.domainedependruc.com\/de\/familiencampingplatz-im-sudlichen-finistere\/#breadcrumb"},"inLanguage":"de","potentialAction":[{"@type":"ReadAction","target":["https:\/\/www.domainedependruc.com\/de\/familiencampingplatz-im-sudlichen-finistere\/"]}]},{"@type":"ImageObject","inLanguage":"de","@id":"https:\/\/www.domainedependruc.com\/de\/familiencampingplatz-im-sudlichen-finistere\/#primaryimage","url":"https:\/\/www.domainedependruc.com\/wp-content\/uploads\/2020\/11\/camping-animations-finistere-sud.jpg","contentUrl":"https:\/\/www.domainedependruc.com\/wp-content\/uploads\/2020\/11\/camping-animations-finistere-sud.jpg","width":1903,"height":498},{"@type":"BreadcrumbList","@id":"https:\/\/www.domainedependruc.com\/de\/familiencampingplatz-im-sudlichen-finistere\/#breadcrumb","itemListElement":[{"@type":"ListItem","position":1,"name":"Campingplatz Concarneau \u2013 S\u00fcdliches Finist\u00e8re","item":"https:\/\/www.domainedependruc.com\/de\/"},{"@type":"ListItem","position":2,"name":"Camping mit der Familie im Finist\u00e8re"}]},{"@type":"WebSite","@id":"https:\/\/www.domainedependruc.com\/de\/#website","url":"https:\/\/www.domainedependruc.com\/de\/","name":"Domaine de Pendruc","description":"","potentialAction":[{"@type":"SearchAction","target":{"@type":"EntryPoint","urlTemplate":"https:\/\/www.domainedependruc.com\/de\/?s={search_term_string}"},"query-input":{"@type":"PropertyValueSpecification","valueRequired":true,"valueName":"search_term_string"}}],"inLanguage":"de"}]}},"_links":{"self":[{"href":"https:\/\/www.domainedependruc.com\/de\/wp-json\/wp\/v2\/pages\/14133"}],"collection":[{"href":"https:\/\/www.domainedependruc.com\/de\/wp-json\/wp\/v2\/pages"}],"about":[{"href":"https:\/\/www.domainedependruc.com\/de\/wp-json\/wp\/v2\/types\/page"}],"author":[{"embeddable":true,"href":"https:\/\/www.domainedependruc.com\/de\/wp-json\/wp\/v2\/users\/1"}],"replies":[{"embeddable":true,"href":"https:\/\/www.domainedependruc.com\/de\/wp-json\/wp\/v2\/comments?post=14133"}],"version-history":[{"count":4,"href":"https:\/\/www.domainedependruc.com\/de\/wp-json\/wp\/v2\/pages\/14133\/revisions"}],"predecessor-version":[{"id":14186,"href":"https:\/\/www.domainedependruc.com\/de\/wp-json\/wp\/v2\/pages\/14133\/revisions\/14186"}],"wp:featuredmedia":[{"embeddable":true,"href":"https:\/\/www.domainedependruc.com\/de\/wp-json\/wp\/v2\/media\/13123"}],"wp:attachment":[{"href":"https:\/\/www.domainedependruc.com\/de\/wp-json\/wp\/v2\/media?parent=14133"}],"curies":[{"name":"wp","href":"https:\/\/api.w.org\/{rel}","templated":true}]}}