{"id":14131,"date":"2016-09-06T11:32:55","date_gmt":"2016-09-06T09:32:55","guid":{"rendered":"https:\/\/www.domainedependruc.com\/camping-bord-de-mer-finistere-sud\/"},"modified":"2026-01-20T14:54:14","modified_gmt":"2026-01-20T13:54:14","slug":"camping-am-meer-concarneau","status":"publish","type":"page","link":"https:\/\/www.domainedependruc.com\/de\/camping-am-meer-concarneau\/","title":{"rendered":"Bord de mer"},"content":{"rendered":"<section id=\"section-5fad1bd6d65e6\"\" class=\"section first-home bg-white p-b-0\" \/><div class=\"container extralarge\"><h1 class=\"element section-title center\">Camping direkt am Meer in Concarneau: Ihr 4-Sterne-Urlaub im s\u00fcdlichen Finist\u00e8re<\/h1><\/div><\/section>\n\n<section id=\"section-5fad1bd6d6914\"\" class=\"section bg-white p-b-0\" \/><div class=\"container full\"><div class=\"colonnes-wrap valign-top stretch\"><div class=\"element colonne w-40 p-8 bg-color4 valign-middle\"><div class=\"element bloc-text justify \">\n\t<p style=\"text-align: center;\">Lust auf Urlaub zwischen Ozean und Natur in der Bretagne? Entscheiden Sie sich f\u00fcr einen <a href=\"https:\/\/www.domainedependruc.com\/de\/\">Campingplatz in Concarneau<\/a> mit idealer Lage, um den S\u00fcden des Finist\u00e8re zu entdecken. Nur 1 Kilometer vom Meer entfernt und wenige Kilometer von der ber\u00fchmten Ville Close von Concarneau gelegen, empf\u00e4ngt Sie das Domaine de Pendruc in einer nat\u00fcrlichen und ruhigen Umgebung. Dieser 4-Sterne-Campingplatz ist der perfekte Ausgangspunkt f\u00fcr einen Urlaub mit der Familie, als Paar oder mit Freunden \u2013 eine gelungene Mischung aus Entspannung am Meer, modernem Komfort und bretonischen Entdeckungen.<\/p>\n<p style=\"text-align: center;\">Bei uns steht jeder Aufenthalt im Zeichen von Wohlbefinden, Geselligkeit und Erholung \u2013 f\u00fcr unvergessliche Ferien im <b>camping am meer concarneau<\/b>.<\/p>\n<\/div><\/div><div class=\"element colonne w-60 p-0\"><div class=\"element images\"><div class=\"image\"><img decoding=\"async\" src=\"https:\/\/www.domainedependruc.com\/wp-content\/uploads\/2020\/11\/plage-pendruc-finistere-100x37.jpg\" data-src=\"https:\/\/www.domainedependruc.com\/wp-content\/uploads\/2020\/11\/plage-pendruc-finistere.jpg\" alt=\"plage pendruc finistere\" class=\"images_image\" \/><\/div><\/div><div class=\"element bloc-text center bg-color5 p-x-10 m-0 p-y-5\">\n\t<h2>Ein Campingplatz im Finist\u00e8re, nur 1 km vom Meer entfernt<\/h2>\n<p>Ein Aufenthalt auf unserem 4-Sterne-Campingplatz in Concarneau bedeutet, sich f\u00fcr eine privilegierte Lage im s\u00fcdlichen Finist\u00e8re zu entscheiden \u2013 nur 1.000 Meter von feinen Sandstr\u00e4nden entfernt. In wenigen Minuten zu Fu\u00df oder mit dem Fahrrad erreichen Sie die bretonische K\u00fcste und genie\u00dfen die vielf\u00e4ltigen Freuden des Ozeans: Baden, Entspannen, Muschelsammeln oder Spazierg\u00e4nge auf den K\u00fcstenwegen.<\/p>\n<p>Die N\u00e4he zum Meer bietet echten Alltagskomfort, der besonders von Familien gesch\u00e4tzt wird. Zwischen wilden Buchten und weitl\u00e4ufigen Str\u00e4nden l\u00e4dt die nat\u00fcrliche Umgebung gleicherma\u00dfen zur Entspannung wie zur Erholung ein \u2013 im Rhythmus der Gezeiten und der frischen Meeresluft.<\/p>\n<\/div><\/div><\/div><\/div><\/section>\n\n<section id=\"section-5fad1bd6d6c79\"\" class=\"section bg-white p-t-0 p-b-0\" \/><div class=\"container full\"><div class=\"colonnes-wrap valign-middle \"><div class=\"element colonne w-20 p-0\"><div class=\"element images\"><div class=\"image\"><img decoding=\"async\" src=\"https:\/\/www.domainedependruc.com\/wp-content\/uploads\/2020\/11\/emplacement-bord-de-mer-finistere-90x100.jpg\" data-src=\"https:\/\/www.domainedependruc.com\/wp-content\/uploads\/2020\/11\/emplacement-bord-de-mer-finistere.jpg\" alt=\"emplacement bord de mer finistere\" class=\"images_image\" \/><\/div><\/div><\/div><div class=\"element colonne w-60 p-x-4\"><h2 class=\"element section-title center color1\">Komfortable Unterk\u00fcnfte f\u00fcr Ihren Campingurlaub in Concarneau<\/h2><div class=\"element bloc-text center \">\n\t<p>Um allen Urlaubsw\u00fcnschen gerecht zu werden, bietet unser Campingplatz eine gro\u00dfe Auswahl an modernen und vollst\u00e4ndig ausgestatteten Unterk\u00fcnften. Ob als Paar, mit der Familie oder mit Freunden \u2013 hier finden Sie die passende Unterkunft f\u00fcr einen komfortablen Aufenthalt im s\u00fcdlichen Finist\u00e8re.<\/p>\n<p><a href=\"https:\/\/www.domainedependruc.com\/de\/standort-mobilheim-finistere-sud\/\">Unsere mobilheim mieten in Concarneau<\/a> bietet Platz f\u00fcr 2 bis 8 Personen und verf\u00fcgt \u00fcber eine voll ausgestattete K\u00fcche, einen gem\u00fctlichen Wohnbereich, einen Fernseher sowie \u2013 je nach Modell \u2013 ein oder zwei Badezimmer. Die Kategorien Komfort und Premium \u00fcberzeugen durch hochwertige Ausstattung, darunter eine \u00fcberdachte Terrasse, Gartenm\u00f6bel und angenehm gestaltete Au\u00dfenbereiche.<\/p>\n<p>Dar\u00fcber hinaus bietet unser Campingplatz au\u00dfergew\u00f6hnliche <a href=\"https:\/\/www.domainedependruc.com\/de\/zeltvermietung-im-sudlichen-finistere\/\">ungew\u00f6hnliche vermietung concarneau in Concarneau<\/a>, die Komfort, Privatsph\u00e4re und ein intensives Naturerlebnis in der bretonischen Landschaft vereinen. Jedes Detail ist darauf ausgelegt, Ihren Urlaub in ein echtes Wohlf\u00fchlerlebnis zu verwandeln.<\/p>\n<p>Liebhaber des klassischen Campings sch\u00e4tzen die gro\u00dfz\u00fcgigen und sorgf\u00e4ltig angelegten Stellpl\u00e4tze des Gel\u00e4ndes. Zelte, Wohnwagen und Wohnmobile finden hier Platz auf sch\u00f6nen, begr\u00fcnten Parzellen, die durch Hecken voneinander abgegrenzt sind und Privatsph\u00e4re sowie Komfort nur 1 km vom Ozean entfernt bieten.<\/p>\n<\/div><\/div><div class=\"element colonne w-20 p-0\"><div class=\"element images\"><div class=\"image\"><img decoding=\"async\" src=\"https:\/\/www.domainedependruc.com\/wp-content\/uploads\/2020\/11\/camping-caravaning-plage-finistere-90x100.jpg\" data-src=\"https:\/\/www.domainedependruc.com\/wp-content\/uploads\/2020\/11\/camping-caravaning-plage-finistere.jpg\" alt=\"camping caravaning plage finistere\" class=\"images_image\" \/><\/div><\/div><\/div><\/div><\/div><\/section>\n\n<section id=\"section-5fad115c7e657\"\" class=\"section bg-white p-t-0 p-b-0\" \/><div class=\"container full\"><div class=\"colonnes-wrap valign-top stretch\"><div class=\"element colonne w-60 p-0\"><div class=\"element images\"><div class=\"image\"><img decoding=\"async\" src=\"https:\/\/www.domainedependruc.com\/wp-content\/uploads\/2020\/11\/camping-plage-finistere-100x33.jpg\" data-src=\"https:\/\/www.domainedependruc.com\/wp-content\/uploads\/2020\/11\/camping-plage-finistere.jpg\" alt=\"camping plage finistere\" class=\"images_image\" \/><\/div><\/div><div class=\"element bloc-text center bg-color5 p-x-10 m-0 p-y-5\">\n\t<h2>Ein vielseitiger Wasserbereich f\u00fcr Urlaub mit den F\u00fc\u00dfen im Wasser<\/h2>\n<p>Ein Aufenthalt auf einem <strong>campingplatz direkt am Meer in Concarneau<\/strong> bedeutet Urlaub, bei dem das Wasser im Mittelpunkt steht. Im Domaine de Pendruc erwartet Sie ein gro\u00dfz\u00fcgiger, beheizter Wasserbereich, der f\u00fcr die ganze Familie konzipiert ist. Dieser <a href=\"https:\/\/www.domainedependruc.com\/de\/campingplatz-schwimmbad-finistere-sud\/\">Campingplatz mit Schwimmbad in Concarneau<\/a> verf\u00fcgt \u00fcber ein beheiztes Hallenbad mit 28 \u00b0C \u2013 ideal zum Baden bei jedem Wetter \u2013 sowie \u00fcber ein saisonal beheiztes Freibad, um die sonnigen Tage im s\u00fcdlichen Finist\u00e8re in vollen Z\u00fcgen zu genie\u00dfen.<\/p>\n<p>Wer den Nervenkitzel liebt, wird die Wasserrutschen mit Pentagliss und Loopingrutsche zu sch\u00e4tzen wissen, w\u00e4hrend sich die j\u00fcngsten G\u00e4ste im sicheren, spielerischen Planschbecken vergn\u00fcgen. F\u00fcr entspannte Momente laden das Solarium und der Balneobereich zu einer wohltuenden Auszeit ein \u2013 perfekt nach einem Strandtag oder einem Spaziergang entlang der bretonischen K\u00fcste.<\/p>\n<p>Bei uns wechseln Sie ganz nach Lust und Laune zwischen Ozean und Pool und erleben einen Urlaub voller Spa\u00df, Entspannung und gemeinsamer Erinnerungen.<\/p>\n<\/div><\/div><div class=\"element colonne w-40 p-8 bg-color4 valign-middle\"><h2 class=\"element section-title left\">Animationen und Aktivit\u00e4ten f\u00fcr die ganze Familie auf unserem Campingplatz im s\u00fcdlichen Finist\u00e8re<\/h2><div class=\"element bloc-text justify \">\n\t<p>Verbringen Sie Ihren Familienurlaub auf einem <strong>campingplatz Sud Finistere<\/strong>, wo Animationen und Geselligkeit Ihren Urlaubstag bestimmen. Auf unserem <strong>campingplatz direkt am Meer in Concarneau<\/strong> genie\u00dfen Gro\u00df und Klein ein abwechslungsreiches Programm, das echte gemeinsame Momente erm\u00f6glicht, ohne dabei aufdringlich zu sein.<\/p>\n<p>Im Sommer empf\u00e4ngt der <strong>Miniclub Kinder von 5 bis 12 Jahren<\/strong> mit spielerischen und kreativen Aktivit\u00e4ten: Outdoor-Spiele, Bastelworkshops, Schatzsuchen, Olympiaden oder speziell f\u00fcr Kinder gestaltete Shows. W\u00e4hrenddessen k\u00f6nnen sich die Eltern entspannen oder an den angebotenen sportlichen Aktivit\u00e4ten teilnehmen.<\/p>\n<p>Der Tag klingt in einer herzlichen Atmosph\u00e4re mit abwechslungsreichen Abendveranstaltungen aus: Quizabende, Karaoke, Konzerte oder Tanzabende bringen die ganze Familie in bester Stimmung zusammen. Sportbegeisterte kommen ebenfalls auf ihre Kosten \u2013 mit Multisportplatz, Beachvolleyball, Boule, Tischtennis, Wassergymnastik, Fitness oder gef\u00fchrten Wanderungen auf dem GR34. Spielpl\u00e4tze, eine Seilrutsche und ein Fitnessbereich runden das Angebot ab und sorgen f\u00fcr aktive und fr\u00f6hliche Ferien in der Bretagne.<\/p>\n<\/div><\/div><\/div><\/div><\/section>\n\n<section id=\"section-696f8904632dd\"\" class=\"section bg-white p-b-0\" \/><div class=\"container full\"><div class=\"colonnes-wrap valign-top stretch\"><div class=\"element colonne w-40 p-8 bg-color4 valign-middle\"><div class=\"element bloc-text justify \">\n\t<h2>Umfassende Services f\u00fcr einen rundum komfortablen Aufenthalt auf unserem Campingplatz am Meer<\/h2>\n<p>W\u00e4hrend Ihres Aufenthalts auf unserem Campingplatz im Finist\u00e8re ist alles darauf ausgerichtet, Ihnen einen entspannten, geselligen und sorgenfreien Urlaub in der N\u00e4he von Concarneau zu erm\u00f6glichen. Im Juli und August l\u00e4dt die Bar-Restaurant des Campingplatzes mit ihrer gem\u00fctlichen Atmosph\u00e4re zu Mahlzeiten oder einem geselligen Getr\u00e4nk ein. Die Speisekarte begeistert die ganze Familie mit Burgern, Pizzen, Fleischgerichten, Cr\u00eapes und Eis \u2013 vor Ort oder zum Mitnehmen. Au\u00dferhalb der Saison werden Pizzen und Grillh\u00e4hnchen mittags und abends auf Vorbestellung angeboten.<\/p>\n<p>Jeden Morgen erleichtert Ihnen unser <strong>Campingplatz direkt am Meer in Concarneau<\/strong> den Alltag mit frischem Brot und Geb\u00e4ck: in der Hochsaison ab 8 Uhr ohne Vorbestellung, in der Nebensaison auf Bestellung. Die Rezeption unterst\u00fctzt Sie bei der Organisation Ihres Aufenthalts und stellt Ihnen zahlreiche Services zur Verf\u00fcgung:<\/p>\n<ul>\n<li>Fahrradverleih, Kinderanh\u00e4nger und Babysitze<\/li>\n<li>Verleih von Babyausstattung sowie Bettw\u00e4sche und Handt\u00fcchern<\/li>\n<li>Waschsalon, WLAN (kostenpflichtig), Postservice (Annahme und Versand)<\/li>\n<li>Ticketverkauf f\u00fcr die Gl\u00e9nan-Inseln<\/li>\n<li>Ladestationen f\u00fcr Elektrofahrzeuge<\/li>\n<\/ul>\n<p>Ein Servicebereich f\u00fcr Wohnmobile sowie familienfreundliche Einrichtungen erg\u00e4nzen das Angebot dieses Campingplatzes im s\u00fcdlichen Finist\u00e8re \u2013 f\u00fcr einen komfortablen Urlaub in der Bretagne.<\/p>\n<\/div><\/div><div class=\"element colonne w-60 p-0\"><div class=\"element images\"><div class=\"image\"><img decoding=\"async\" src=\"https:\/\/www.domainedependruc.com\/wp-content\/uploads\/2025\/11\/camping-a-1kms-de-la-plage-en-bretagne-100x67.jpg\" data-src=\"https:\/\/www.domainedependruc.com\/wp-content\/uploads\/2025\/11\/camping-a-1kms-de-la-plage-en-bretagne.jpg\" alt=\" pendruc finistere\" class=\"images_image\" \/><\/div><\/div><div class=\"element bloc-text center bg-color5 p-x-10 m-0 p-y-5\">\n\t<h2>Was kann man rund um unseren Campingplatz am Meer bei Concarneau unternehmen?<\/h2>\n<p>Ein Aufenthalt auf unserem <strong>Campingplatz direkt am Meer in Concarneau<\/strong> bedeutet, eine privilegierte Lage zu genie\u00dfen, um die Highlights des s\u00fcdlichen <strong>Finist\u00e8re zu entdecken<\/strong>. Zwischen Ozean, Kulturerbe und unber\u00fchrter Natur mangelt es rund um Concarneau nicht an Ausflugsideen \u2013 kulturelle Entdeckungen und Naturerlebnisse liegen nur wenige Minuten vom Campingplatz entfernt.<\/p>\n<ul>\n<li>Durch die Ville Close von Concarneau und den lebhaften Fischerhafen schlendern<\/li>\n<li>Die feinen Sandstr\u00e4nde und wilden Buchten in der Umgebung genie\u00dfen<\/li>\n<li>Auf dem K\u00fcstenwanderweg GR34 wandern, der in der N\u00e4he des Campingplatzes zug\u00e4nglich ist<\/li>\n<li>Die Galerien und Landschaften von Pont-Aven entdecken<\/li>\n<li>Zu einem Ausflug zu den Gl\u00e9nan-Inseln mit ihrem t\u00fcrkisfarbenen Wasser aufbrechen<\/li>\n<li>Die Halbinsel Crozon mit ihren spektakul\u00e4ren Panoramen erkunden<\/li>\n<li>Wassersportarten ausprobieren: Stand-up-Paddling, Kajak, Segeln oder Tauchen<\/li>\n<\/ul>\n<p>Zwischen Entdeckungen, Entspannung und weiten Naturr\u00e4umen wird Ihr Aufenthalt rund um unseren Campingplatz zu einer echten Einladung, den s\u00fcdlichen Finist\u00e8re im Rhythmus des Ozeans und ganz nach Ihren W\u00fcnschen zu erleben.<\/p>\n<p>Ob Sie Erholung, Aktivit\u00e4ten oder einfaches Nichtstun suchen \u2013 <strong>Mobilheimvermietung im sudlichen Finistere<\/strong> auf unserem <strong>Campingplatz direkt am Meer in Concarneau<\/strong> garantiert Ihnen einen komfortablen Urlaub nahe am Ozean, voller Entdeckungen und unvergesslicher Erlebnisse.<\/p>\n<\/div><\/div><\/div><\/div><\/section>\n\n<section id=\"section-620245fee7110\"\" class=\"section bg-white p-t-0 p-b-0\" \/><div class=\"container full\"><div class=\"accordeon\"><div class=\"slide \"><div class=\"slide_image\"><img decoding=\"async\" src=\"https:\/\/www.domainedependruc.com\/wp-content\/uploads\/2022\/02\/IMGL9052-1-100x67.jpg\" data-src=\"https:\/\/www.domainedependruc.com\/wp-content\/uploads\/2022\/02\/IMGL9052-1-e1644315565127.jpg\" alt=\"\" class=\"\" \/><\/div><\/div><div class=\"slide \"><div class=\"slide_image\"><img decoding=\"async\" src=\"https:\/\/www.domainedependruc.com\/wp-content\/uploads\/2022\/02\/A56I7333-Modifier-100x67.jpg\" data-src=\"https:\/\/www.domainedependruc.com\/wp-content\/uploads\/2022\/02\/A56I7333-Modifier-e1644315546325.jpg\" alt=\"\" class=\"\" \/><\/div><\/div><div class=\"slide \"><div class=\"slide_image\"><img decoding=\"async\" src=\"https:\/\/www.domainedependruc.com\/wp-content\/uploads\/2022\/02\/IMGL9061-100x67.jpg\" data-src=\"https:\/\/www.domainedependruc.com\/wp-content\/uploads\/2022\/02\/IMGL9061-e1644315523515.jpg\" alt=\"\" class=\"\" \/><\/div><\/div><\/div><\/div><\/section>\n\n<section id=\"section-5fad1bd6d725e\"\" class=\"section first-home bg-white\" \/><div class=\"container extralarge\"><div class=\"element section-title center\">Entdecken Sie die K\u00fcste vom Campingplatz aus<\/div><ul class=\"liste-de-page\"><\/ul><\/div><\/section>","protected":false},"excerpt":{"rendered":"","protected":false},"author":1,"featured_media":13000,"parent":0,"menu_order":0,"comment_status":"closed","ping_status":"closed","template":"","meta":{"_acf_changed":false,"footnotes":""},"class_list":["post-14131","page","type-page","status-publish","has-post-thumbnail","hentry"],"acf":[],"yoast_head":"<!-- This site is optimized with the Yoast SEO plugin v25.3 - https:\/\/yoast.com\/wordpress\/plugins\/seo\/ -->\n<title>Camping am meer concarneau: Camping am Meer im s\u00fcdlichen Finist\u00e8re<\/title>\n<meta name=\"description\" content=\"Buchen Sie Ihren Badeurlaub in Concarneau: Komfort, Swimmingpool, Unterhaltung und Entdeckungen in der S\u00fcdbretagne.\" \/>\n<meta name=\"robots\" content=\"index, follow, max-snippet:-1, max-image-preview:large, max-video-preview:-1\" \/>\n<link rel=\"canonical\" href=\"https:\/\/www.domainedependruc.com\/de\/camping-am-meer-concarneau\/\" \/>\n<meta property=\"og:locale\" content=\"de_DE\" \/>\n<meta property=\"og:type\" content=\"article\" \/>\n<meta property=\"og:title\" content=\"Camping am meer concarneau: Camping am Meer im s\u00fcdlichen Finist\u00e8re\" \/>\n<meta property=\"og:description\" content=\"Buchen Sie Ihren Badeurlaub in Concarneau: Komfort, Swimmingpool, Unterhaltung und Entdeckungen in der S\u00fcdbretagne.\" \/>\n<meta property=\"og:url\" content=\"https:\/\/www.domainedependruc.com\/de\/camping-am-meer-concarneau\/\" \/>\n<meta property=\"og:site_name\" content=\"Domaine de Pendruc\" \/>\n<meta property=\"article:modified_time\" content=\"2026-01-20T13:54:14+00:00\" \/>\n<meta property=\"og:image\" content=\"https:\/\/www.domainedependruc.com\/wp-content\/uploads\/2020\/11\/bord-de-mer-finistere.jpg\" \/>\n\t<meta property=\"og:image:width\" content=\"1903\" \/>\n\t<meta property=\"og:image:height\" content=\"501\" \/>\n\t<meta property=\"og:image:type\" content=\"image\/jpeg\" \/>\n<meta name=\"twitter:card\" content=\"summary_large_image\" \/>\n<meta name=\"twitter:label1\" content=\"Gesch\u00e4tzte Lesezeit\" \/>\n\t<meta name=\"twitter:data1\" content=\"1\u00a0Minute\" \/>\n<script type=\"application\/ld+json\" class=\"yoast-schema-graph\">{\"@context\":\"https:\/\/schema.org\",\"@graph\":[{\"@type\":\"WebPage\",\"@id\":\"https:\/\/www.domainedependruc.com\/de\/camping-am-meer-concarneau\/\",\"url\":\"https:\/\/www.domainedependruc.com\/de\/camping-am-meer-concarneau\/\",\"name\":\"Camping am meer concarneau: Camping am Meer im s\u00fcdlichen Finist\u00e8re\",\"isPartOf\":{\"@id\":\"https:\/\/www.domainedependruc.com\/de\/#website\"},\"primaryImageOfPage\":{\"@id\":\"https:\/\/www.domainedependruc.com\/de\/camping-am-meer-concarneau\/#primaryimage\"},\"image\":{\"@id\":\"https:\/\/www.domainedependruc.com\/de\/camping-am-meer-concarneau\/#primaryimage\"},\"thumbnailUrl\":\"https:\/\/www.domainedependruc.com\/wp-content\/uploads\/2020\/11\/bord-de-mer-finistere.jpg\",\"datePublished\":\"2016-09-06T09:32:55+00:00\",\"dateModified\":\"2026-01-20T13:54:14+00:00\",\"description\":\"Buchen Sie Ihren Badeurlaub in Concarneau: Komfort, Swimmingpool, Unterhaltung und Entdeckungen in der S\u00fcdbretagne.\",\"breadcrumb\":{\"@id\":\"https:\/\/www.domainedependruc.com\/de\/camping-am-meer-concarneau\/#breadcrumb\"},\"inLanguage\":\"de\",\"potentialAction\":[{\"@type\":\"ReadAction\",\"target\":[\"https:\/\/www.domainedependruc.com\/de\/camping-am-meer-concarneau\/\"]}]},{\"@type\":\"ImageObject\",\"inLanguage\":\"de\",\"@id\":\"https:\/\/www.domainedependruc.com\/de\/camping-am-meer-concarneau\/#primaryimage\",\"url\":\"https:\/\/www.domainedependruc.com\/wp-content\/uploads\/2020\/11\/bord-de-mer-finistere.jpg\",\"contentUrl\":\"https:\/\/www.domainedependruc.com\/wp-content\/uploads\/2020\/11\/bord-de-mer-finistere.jpg\",\"width\":1903,\"height\":501},{\"@type\":\"BreadcrumbList\",\"@id\":\"https:\/\/www.domainedependruc.com\/de\/camping-am-meer-concarneau\/#breadcrumb\",\"itemListElement\":[{\"@type\":\"ListItem\",\"position\":1,\"name\":\"Campingplatz Concarneau \u2013 S\u00fcdliches Finist\u00e8re\",\"item\":\"https:\/\/www.domainedependruc.com\/de\/\"},{\"@type\":\"ListItem\",\"position\":2,\"name\":\"Camping am meer concarneau\"}]},{\"@type\":\"WebSite\",\"@id\":\"https:\/\/www.domainedependruc.com\/de\/#website\",\"url\":\"https:\/\/www.domainedependruc.com\/de\/\",\"name\":\"Domaine de Pendruc\",\"description\":\"\",\"potentialAction\":[{\"@type\":\"SearchAction\",\"target\":{\"@type\":\"EntryPoint\",\"urlTemplate\":\"https:\/\/www.domainedependruc.com\/de\/?s={search_term_string}\"},\"query-input\":{\"@type\":\"PropertyValueSpecification\",\"valueRequired\":true,\"valueName\":\"search_term_string\"}}],\"inLanguage\":\"de\"}]}<\/script>\n<!-- \/ Yoast SEO plugin. -->","yoast_head_json":{"title":"Camping am meer concarneau: Camping am Meer im s\u00fcdlichen Finist\u00e8re","description":"Buchen Sie Ihren Badeurlaub in Concarneau: Komfort, Swimmingpool, Unterhaltung und Entdeckungen in der S\u00fcdbretagne.","robots":{"index":"index","follow":"follow","max-snippet":"max-snippet:-1","max-image-preview":"max-image-preview:large","max-video-preview":"max-video-preview:-1"},"canonical":"https:\/\/www.domainedependruc.com\/de\/camping-am-meer-concarneau\/","og_locale":"de_DE","og_type":"article","og_title":"Camping am meer concarneau: Camping am Meer im s\u00fcdlichen Finist\u00e8re","og_description":"Buchen Sie Ihren Badeurlaub in Concarneau: Komfort, Swimmingpool, Unterhaltung und Entdeckungen in der S\u00fcdbretagne.","og_url":"https:\/\/www.domainedependruc.com\/de\/camping-am-meer-concarneau\/","og_site_name":"Domaine de Pendruc","article_modified_time":"2026-01-20T13:54:14+00:00","og_image":[{"width":1903,"height":501,"url":"https:\/\/www.domainedependruc.com\/wp-content\/uploads\/2020\/11\/bord-de-mer-finistere.jpg","type":"image\/jpeg"}],"twitter_card":"summary_large_image","twitter_misc":{"Gesch\u00e4tzte Lesezeit":"1\u00a0Minute"},"schema":{"@context":"https:\/\/schema.org","@graph":[{"@type":"WebPage","@id":"https:\/\/www.domainedependruc.com\/de\/camping-am-meer-concarneau\/","url":"https:\/\/www.domainedependruc.com\/de\/camping-am-meer-concarneau\/","name":"Camping am meer concarneau: Camping am Meer im s\u00fcdlichen Finist\u00e8re","isPartOf":{"@id":"https:\/\/www.domainedependruc.com\/de\/#website"},"primaryImageOfPage":{"@id":"https:\/\/www.domainedependruc.com\/de\/camping-am-meer-concarneau\/#primaryimage"},"image":{"@id":"https:\/\/www.domainedependruc.com\/de\/camping-am-meer-concarneau\/#primaryimage"},"thumbnailUrl":"https:\/\/www.domainedependruc.com\/wp-content\/uploads\/2020\/11\/bord-de-mer-finistere.jpg","datePublished":"2016-09-06T09:32:55+00:00","dateModified":"2026-01-20T13:54:14+00:00","description":"Buchen Sie Ihren Badeurlaub in Concarneau: Komfort, Swimmingpool, Unterhaltung und Entdeckungen in der S\u00fcdbretagne.","breadcrumb":{"@id":"https:\/\/www.domainedependruc.com\/de\/camping-am-meer-concarneau\/#breadcrumb"},"inLanguage":"de","potentialAction":[{"@type":"ReadAction","target":["https:\/\/www.domainedependruc.com\/de\/camping-am-meer-concarneau\/"]}]},{"@type":"ImageObject","inLanguage":"de","@id":"https:\/\/www.domainedependruc.com\/de\/camping-am-meer-concarneau\/#primaryimage","url":"https:\/\/www.domainedependruc.com\/wp-content\/uploads\/2020\/11\/bord-de-mer-finistere.jpg","contentUrl":"https:\/\/www.domainedependruc.com\/wp-content\/uploads\/2020\/11\/bord-de-mer-finistere.jpg","width":1903,"height":501},{"@type":"BreadcrumbList","@id":"https:\/\/www.domainedependruc.com\/de\/camping-am-meer-concarneau\/#breadcrumb","itemListElement":[{"@type":"ListItem","position":1,"name":"Campingplatz Concarneau \u2013 S\u00fcdliches Finist\u00e8re","item":"https:\/\/www.domainedependruc.com\/de\/"},{"@type":"ListItem","position":2,"name":"Camping am meer concarneau"}]},{"@type":"WebSite","@id":"https:\/\/www.domainedependruc.com\/de\/#website","url":"https:\/\/www.domainedependruc.com\/de\/","name":"Domaine de Pendruc","description":"","potentialAction":[{"@type":"SearchAction","target":{"@type":"EntryPoint","urlTemplate":"https:\/\/www.domainedependruc.com\/de\/?s={search_term_string}"},"query-input":{"@type":"PropertyValueSpecification","valueRequired":true,"valueName":"search_term_string"}}],"inLanguage":"de"}]}},"_links":{"self":[{"href":"https:\/\/www.domainedependruc.com\/de\/wp-json\/wp\/v2\/pages\/14131"}],"collection":[{"href":"https:\/\/www.domainedependruc.com\/de\/wp-json\/wp\/v2\/pages"}],"about":[{"href":"https:\/\/www.domainedependruc.com\/de\/wp-json\/wp\/v2\/types\/page"}],"author":[{"embeddable":true,"href":"https:\/\/www.domainedependruc.com\/de\/wp-json\/wp\/v2\/users\/1"}],"replies":[{"embeddable":true,"href":"https:\/\/www.domainedependruc.com\/de\/wp-json\/wp\/v2\/comments?post=14131"}],"version-history":[{"count":24,"href":"https:\/\/www.domainedependruc.com\/de\/wp-json\/wp\/v2\/pages\/14131\/revisions"}],"predecessor-version":[{"id":14539,"href":"https:\/\/www.domainedependruc.com\/de\/wp-json\/wp\/v2\/pages\/14131\/revisions\/14539"}],"wp:featuredmedia":[{"embeddable":true,"href":"https:\/\/www.domainedependruc.com\/de\/wp-json\/wp\/v2\/media\/13000"}],"wp:attachment":[{"href":"https:\/\/www.domainedependruc.com\/de\/wp-json\/wp\/v2\/media?parent=14131"}],"curies":[{"name":"wp","href":"https:\/\/api.w.org\/{rel}","templated":true}]}}